{"id":6752,"date":"2020-01-24T14:24:29","date_gmt":"2020-01-24T13:24:29","guid":{"rendered":"https:\/\/www.wcloc.com\/?page_id=6752"},"modified":"2023-01-25T12:47:50","modified_gmt":"2023-01-25T11:47:50","slug":"politica-de-cookies","status":"publish","type":"page","link":"https:\/\/www.wcloc.com\/pt-pt\/politica-de-cookies","title":{"rendered":"Politica de cookies"},"content":{"rendered":"<p>Este site usa cookies &#8211; pequenos arquivos de texto colocados no seu computador para ajudar o site a proporcionar uma melhor experi\u00eancia ao usu\u00e1rio. Em geral, os cookies s\u00e3o usados para armazenar as prefer\u00eancias do usu\u00e1rio e fornecer dados de rastreamento anonimizados para aplicativos de terceiros, como o Google Analytics.<br \/>\nOs cookies melhorar\u00e3o a sua experi\u00eancia de navega\u00e7\u00e3o.<br \/>\nNo entanto, voc\u00ea pode preferir desativar os cookies neste site e em outros.<br \/>\nA maneira mais eficaz \u00e9 desativar os cookies no seu navegador.<\/p>\n<p>Aceitar ou recusar cookies<\/p>\n<p>Voc\u00ea tem v\u00e1rias maneiras de gerenciar cookies.<\/p>\n<ol>\n<li><strong>Na configura\u00e7\u00e3o do seu navegador da Internet <\/strong><br \/>\nvoc\u00ea pode optar por desativar esses cookies a qualquer momento. O seu navegador tamb\u00e9m pode ser configurado para notific\u00e1-lo sobre os cookies armazenados no seu computador e solicitar que voc\u00ea os aceite ou n\u00e3o. Voc\u00ea pode aceitar ou recusar cookies caso a caso ou recus\u00e1-los sistematicamente de uma vez por todas. Lembramos que \u00e9 prov\u00e1vel que a configura\u00e7\u00e3o modifique as suas condi\u00e7\u00f5es de acesso aos nossos servi\u00e7os que exigem o uso de cookies. Para gerenciar os cookies o mais pr\u00f3ximo poss\u00edvel das suas expectativas, convidamo-lo a configurar o seu navegador levando em considera\u00e7\u00e3o o objetivo de cookies, como mencionado acima. Veja como controlar ou impedir que os cookies sejam salvos. A configura\u00e7\u00e3o de cada navegador \u00e9 diferente. \u00c9 descrito no menu de ajuda do seu navegador, que permitir\u00e1 que voc\u00ea saiba como modificar as suas prefer\u00eancias em rela\u00e7\u00e3o aos cookies.<\/li>\n<li><strong>Voc\u00ea pode desativar os cookies seguindo as instru\u00e7\u00f5es a seguir:<\/strong>\n<ul>\n<li>Se voc\u00ea usar o navegador Internet Explorer\n<ol>\n<li>No Internet Explorer, clique no bot\u00e3o Ferramentas e Op\u00e7\u00f5es da Internet.<\/li>\n<li>Na guia Geral, no Hist\u00f3rico de navega\u00e7\u00e3o, clique em Configura\u00e7\u00f5es.<\/li>\n<li>Clique no bot\u00e3o Exibir arquivos.<\/li>\n<li>Clique no cabe\u00e7alho da coluna Nome para classificar todos os arquivos em ordem alfab\u00e9tica e procure pela lista at\u00e9 ver os arquivos come\u00e7ando com &#8220;Cookie&#8221;. (todos os cookies t\u00eam esse prefixo e geralmente cont\u00eam o nome do site que criou o cookie).<\/li>\n<li>Selecione os cookies incluindo o nome &#8220;WCLOC&#8221; e exclua-os.<br \/>\nFeche a janela que cont\u00e9m a lista de arquivos e clique duas vezes em OK para voltar ao Internet Explorer.<\/li>\n<\/ol>\n<\/li>\n<li>Se voc\u00ea usa o navegador Firefox\n<ol>\n<li>V\u00e1 para a guia &#8220;Ferramentas&#8221; do navegador e selecione o menu &#8220;Op\u00e7\u00f5es&#8221;<\/li>\n<li>Na janela exibida, escolha &#8220;Privacidade&#8221; e clique em &#8220;Exibir cookies&#8221;<\/li>\n<li>Localize os arquivos que cont\u00eam o nome &#8220;WCLOC&#8221; Selecione-os e exclua-os.<\/li>\n<\/ol>\n<\/li>\n<li>Se voc\u00ea usa o navegador Safari\n<ol>\n<li>No seu navegador, escolha o menu Editar&gt; Prefer\u00eancias.<\/li>\n<li>Clique em Seguran\u00e7a.<\/li>\n<li>Clique em Mostrar cookies.<\/li>\n<li>Selecione os cookies que cont\u00eam o nome &#8220;WCLOC&#8221; e clique em Excluir ou em Excluir tudo.<\/li>\n<li>Ap\u00f3s excluir os cookies, clique em Conclu\u00eddo.<\/li>\n<\/ol>\n<\/li>\n<li>Se voc\u00ea usa o navegador Google Chrome\n<ol>\n<li>Clique no \u00edcone no menu Ferramentas.<\/li>\n<li>Selecione Op\u00e7\u00f5es.<\/li>\n<li>Clique em Op\u00e7\u00f5es avan\u00e7adas e v\u00e1 para a sec\u00e7\u00e3o &#8220;Confidencialidade&#8221;.<\/li>\n<li>Clique no bot\u00e3o Mostrar cookies.<\/li>\n<li>Localize os arquivos que cont\u00eam o nome &#8220;WCLOC&#8221;. Selecione-os e exclua-os.<\/li>\n<li>Clique em &#8220;Fechar&#8221; para voltar ao seu navegador.<\/li>\n<\/ol>\n<\/li>\n<\/ul>\n<\/li>\n<li><strong>Configura\u00e7\u00e3o na sua plataforma de gerenciamento de cookies<\/strong><br \/>\nVoc\u00ea pode gerenciar os seus cookies, acedendo \u00e0s plataformas de gerenciamento de cookies oferecidas por profissionais de publicidade.<br \/>\nPara saber mais sobre cookies e o seu gerenciamento, visite <a href=\"http:\/\/www.cnil.fr\" target=\"_blank\" rel=\"noopener noreferrer\">www.cnil.fr<\/a> ou clique na op\u00e7\u00e3o &#8220;Ajuda&#8221; no menu do seu navegador.<\/li>\n<\/ol>\n","protected":false},"excerpt":{"rendered":"Este site usa cookies &#8211; pequenos arquivos de texto colocados no seu computador para ajudar o site a proporcionar uma melhor experi\u00eancia ao usu\u00e1rio. Em geral, os cookies s\u00e3o usados para armazenar as prefer\u00eancias do usu\u00e1rio e fornecer dados de rastreamento anonimizados para aplicativos de terceiros, como o Google Analytics. Os cookies melhorar\u00e3o a sua [&hellip;]","protected":false},"author":1,"featured_media":0,"parent":0,"menu_order":0,"comment_status":"closed","ping_status":"closed","template":"","meta":{"_acf_changed":false,"footnotes":""},"class_list":["post-6752","page","type-page","status-publish","hentry"],"acf":[],"yoast_head":"<!-- This site is optimized with the Yoast SEO plugin v27.5 - https:\/\/yoast.com\/product\/yoast-seo-wordpress\/ -->\n<title>Politica de cookies - WC Loc<\/title>\n<meta name=\"description\" content=\"Politica de cookies do site da WC Loc, grupo destinado a todas as atividades que usam o aluguerde equipamentos sanit\u00e1rios m\u00f3veis.\" \/>\n<meta name=\"robots\" content=\"index, follow, max-snippet:-1, max-image-preview:large, max-video-preview:-1\" \/>\n<link rel=\"canonical\" href=\"https:\/\/www.wcloc.com\/pt-pt\/politica-de-cookies\" \/>\n<meta property=\"og:locale\" content=\"pt_PT\" \/>\n<meta property=\"og:type\" content=\"article\" \/>\n<meta property=\"og:title\" content=\"Politica de cookies - WC Loc\" \/>\n<meta property=\"og:description\" content=\"Politica de cookies do site da WC Loc, grupo destinado a todas as atividades que usam o aluguerde equipamentos sanit\u00e1rios m\u00f3veis.\" \/>\n<meta property=\"og:url\" content=\"https:\/\/www.wcloc.com\/pt-pt\/politica-de-cookies\" \/>\n<meta property=\"og:site_name\" content=\"WC Loc\" \/>\n<meta property=\"article:modified_time\" content=\"2023-01-25T11:47:50+00:00\" \/>\n<meta name=\"twitter:card\" content=\"summary_large_image\" \/>\n<meta name=\"twitter:label1\" content=\"Tempo estimado de leitura\" \/>\n\t<meta name=\"twitter:data1\" content=\"3 minutos\" \/>\n<script type=\"application\/ld+json\" class=\"yoast-schema-graph\">{\"@context\":\"https:\\\/\\\/schema.org\",\"@graph\":[{\"@type\":\"WebPage\",\"@id\":\"https:\\\/\\\/www.wcloc.com\\\/pt-pt\\\/politica-de-cookies\",\"url\":\"https:\\\/\\\/www.wcloc.com\\\/pt-pt\\\/politica-de-cookies\",\"name\":\"Politica de cookies - WC Loc\",\"isPartOf\":{\"@id\":\"https:\\\/\\\/www.wcloc.com\\\/pt-pt#website\"},\"datePublished\":\"2020-01-24T13:24:29+00:00\",\"dateModified\":\"2023-01-25T11:47:50+00:00\",\"description\":\"Politica de cookies do site da WC Loc, grupo destinado a todas as atividades que usam o aluguerde equipamentos sanit\u00e1rios m\u00f3veis.\",\"inLanguage\":\"pt-PT\",\"potentialAction\":[{\"@type\":\"ReadAction\",\"target\":[\"https:\\\/\\\/www.wcloc.com\\\/pt-pt\\\/politica-de-cookies\"]}]},{\"@type\":\"WebSite\",\"@id\":\"https:\\\/\\\/www.wcloc.com\\\/pt-pt#website\",\"url\":\"https:\\\/\\\/www.wcloc.com\\\/pt-pt\",\"name\":\"WC Loc\",\"description\":\"Un site utilisant Les sites de platform.enygea.fr\",\"publisher\":{\"@id\":\"https:\\\/\\\/www.wcloc.com\\\/pt-pt#organization\"},\"potentialAction\":[{\"@type\":\"SearchAction\",\"target\":{\"@type\":\"EntryPoint\",\"urlTemplate\":\"https:\\\/\\\/www.wcloc.com\\\/pt-pt?s={search_term_string}\"},\"query-input\":{\"@type\":\"PropertyValueSpecification\",\"valueRequired\":true,\"valueName\":\"search_term_string\"}}],\"inLanguage\":\"pt-PT\"},{\"@type\":\"Organization\",\"@id\":\"https:\\\/\\\/www.wcloc.com\\\/pt-pt#organization\",\"name\":\"WC Loc\",\"url\":\"https:\\\/\\\/www.wcloc.com\\\/pt-pt\",\"logo\":{\"@type\":\"ImageObject\",\"inLanguage\":\"pt-PT\",\"@id\":\"https:\\\/\\\/www.wcloc.com\\\/pt-pt#\\\/schema\\\/logo\\\/image\\\/\",\"url\":\"https:\\\/\\\/www.wcloc.com\\\/wp-content\\\/uploads\\\/2023\\\/04\\\/logo.png\",\"contentUrl\":\"https:\\\/\\\/www.wcloc.com\\\/wp-content\\\/uploads\\\/2023\\\/04\\\/logo.png\",\"width\":291,\"height\":71,\"caption\":\"WC Loc\"},\"image\":{\"@id\":\"https:\\\/\\\/www.wcloc.com\\\/pt-pt#\\\/schema\\\/logo\\\/image\\\/\"}}]}<\/script>\n<!-- \/ Yoast SEO plugin. -->","yoast_head_json":{"title":"Politica de cookies - WC Loc","description":"Politica de cookies do site da WC Loc, grupo destinado a todas as atividades que usam o aluguerde equipamentos sanit\u00e1rios m\u00f3veis.","robots":{"index":"index","follow":"follow","max-snippet":"max-snippet:-1","max-image-preview":"max-image-preview:large","max-video-preview":"max-video-preview:-1"},"canonical":"https:\/\/www.wcloc.com\/pt-pt\/politica-de-cookies","og_locale":"pt_PT","og_type":"article","og_title":"Politica de cookies - WC Loc","og_description":"Politica de cookies do site da WC Loc, grupo destinado a todas as atividades que usam o aluguerde equipamentos sanit\u00e1rios m\u00f3veis.","og_url":"https:\/\/www.wcloc.com\/pt-pt\/politica-de-cookies","og_site_name":"WC Loc","article_modified_time":"2023-01-25T11:47:50+00:00","twitter_card":"summary_large_image","twitter_misc":{"Tempo estimado de leitura":"3 minutos"},"schema":{"@context":"https:\/\/schema.org","@graph":[{"@type":"WebPage","@id":"https:\/\/www.wcloc.com\/pt-pt\/politica-de-cookies","url":"https:\/\/www.wcloc.com\/pt-pt\/politica-de-cookies","name":"Politica de cookies - WC Loc","isPartOf":{"@id":"https:\/\/www.wcloc.com\/pt-pt#website"},"datePublished":"2020-01-24T13:24:29+00:00","dateModified":"2023-01-25T11:47:50+00:00","description":"Politica de cookies do site da WC Loc, grupo destinado a todas as atividades que usam o aluguerde equipamentos sanit\u00e1rios m\u00f3veis.","inLanguage":"pt-PT","potentialAction":[{"@type":"ReadAction","target":["https:\/\/www.wcloc.com\/pt-pt\/politica-de-cookies"]}]},{"@type":"WebSite","@id":"https:\/\/www.wcloc.com\/pt-pt#website","url":"https:\/\/www.wcloc.com\/pt-pt","name":"WC Loc","description":"Un site utilisant Les sites de platform.enygea.fr","publisher":{"@id":"https:\/\/www.wcloc.com\/pt-pt#organization"},"potentialAction":[{"@type":"SearchAction","target":{"@type":"EntryPoint","urlTemplate":"https:\/\/www.wcloc.com\/pt-pt?s={search_term_string}"},"query-input":{"@type":"PropertyValueSpecification","valueRequired":true,"valueName":"search_term_string"}}],"inLanguage":"pt-PT"},{"@type":"Organization","@id":"https:\/\/www.wcloc.com\/pt-pt#organization","name":"WC Loc","url":"https:\/\/www.wcloc.com\/pt-pt","logo":{"@type":"ImageObject","inLanguage":"pt-PT","@id":"https:\/\/www.wcloc.com\/pt-pt#\/schema\/logo\/image\/","url":"https:\/\/www.wcloc.com\/wp-content\/uploads\/2023\/04\/logo.png","contentUrl":"https:\/\/www.wcloc.com\/wp-content\/uploads\/2023\/04\/logo.png","width":291,"height":71,"caption":"WC Loc"},"image":{"@id":"https:\/\/www.wcloc.com\/pt-pt#\/schema\/logo\/image\/"}}]}},"_links":{"self":[{"href":"https:\/\/www.wcloc.com\/pt-pt\/wp-json\/wp\/v2\/pages\/6752","targetHints":{"allow":["GET"]}}],"collection":[{"href":"https:\/\/www.wcloc.com\/pt-pt\/wp-json\/wp\/v2\/pages"}],"about":[{"href":"https:\/\/www.wcloc.com\/pt-pt\/wp-json\/wp\/v2\/types\/page"}],"author":[{"embeddable":true,"href":"https:\/\/www.wcloc.com\/pt-pt\/wp-json\/wp\/v2\/users\/1"}],"replies":[{"embeddable":true,"href":"https:\/\/www.wcloc.com\/pt-pt\/wp-json\/wp\/v2\/comments?post=6752"}],"version-history":[{"count":2,"href":"https:\/\/www.wcloc.com\/pt-pt\/wp-json\/wp\/v2\/pages\/6752\/revisions"}],"predecessor-version":[{"id":7337,"href":"https:\/\/www.wcloc.com\/pt-pt\/wp-json\/wp\/v2\/pages\/6752\/revisions\/7337"}],"wp:attachment":[{"href":"https:\/\/www.wcloc.com\/pt-pt\/wp-json\/wp\/v2\/media?parent=6752"}],"curies":[{"name":"wp","href":"https:\/\/api.w.org\/{rel}","templated":true}]}}