{"id":6748,"date":"2020-01-24T14:13:13","date_gmt":"2020-01-24T13:13:13","guid":{"rendered":"https:\/\/www.wcloc.com\/?page_id=6748"},"modified":"2020-05-04T11:22:33","modified_gmt":"2020-05-04T09:22:33","slug":"advertencias-legais","status":"publish","type":"page","link":"https:\/\/www.wcloc.com\/pt-pt\/advertencias-legais","title":{"rendered":"Avisos legais"},"content":{"rendered":"<p>WCLoc o especialista em aluguel de sanit\u00e1rios port\u00e1teis<br \/>\nO grupo WC LOC \u00e9 destinado a todas as actividades econ\u00f3micas que usam o aluguer de equipamentos sanit\u00e1rios m\u00f3veis ou tempor\u00e1rios.<\/p>\n<ol>\n<li><strong>INFORMA\u00c7\u00c3O JUR\u00cdDICA<\/strong>\n<ol>\n<li>PROPRIET\u00c1RIO E EDITOR DO WEBSITE<br \/>\nO site \u00e9 publicado pela empresa WC LOC SAS (doravante denominado &#8220;WC LOC&#8221;):<br \/>\nWC LOC<br \/>\nSociedade por A\u00e7\u00f5es Simplificada com capital de \u20ac 270.000<br \/>\nRue de la bleue du nord &#8211; BP 90265 &#8211; 59306 Valenciennes Cedex<br \/>\nSIRET: 387 867 765 00027 &#8211; c\u00f3digo APE-NAF: 714B<br \/>\nTel: 03 27 27 27 27 &#8211; Fax: 03 27 27 10 69<\/li>\n<li>DIRETOR DE PUBLICA\u00c7\u00c3O<br \/>\nO diretor de publica\u00e7\u00e3o e reda\u00e7\u00e3o do site \u00e9 o Sr. Herv\u00e9 Montagne, presidente da WC LOC.<\/li>\n<li>HOSPEDAGEM DO SITE<br \/>\nO site \u00e9 hospedado por OSTIN<br \/>\n74 rue Blanche, 75009 Paris<br \/>\nSAS com um capital de 2000 \u20ac<br \/>\nRCS: Paris B 799 214 069<br \/>\nN\u00famero intracomunit\u00e1rio de IVA: FR02799214069<br \/>\nTel: 01 80 87 81 26<br \/>\nE-mail: informatique@ostin.fr<\/li>\n<li>REALIZA\u00c7\u00c3O DO SITE<br \/>\nO site \u00e9 desenvolvido pela ag\u00eancia mil920, sociedade de responsabilidade limitada, com um capital de \u20ac 10.000,00, localizado na 5, rue de Lorraine &#8211; 51170 BASLIEUX LES FISMES (RCS Reims &#8211; 529 668 147) &#8211; Tel.: 03 26 03 75 43) em nome do WC LOC.<\/li>\n<\/ol>\n<\/li>\n<li><strong>PROPRIEDADE INTELECTUAL<\/strong>\n<ol>\n<li>MARCAS, LOGOTIPOS, NOMES COMERCIAIS, NOMES DE DOM\u00cdNIO :<br \/>\nAs marcas, logotipos, acr\u00f4nimos, nomes corporativos, nomes comerciais, sinais e \/ ou nome de dom\u00ednio da WC LOC e \/ ou de seus parceiros comerciais mencionados no site constituem sinais distintos que n\u00e3o podem ser usados sem autoriza\u00e7\u00e3o pr\u00e9via expressa. do seu titular. Qualquer uso, reprodu\u00e7\u00e3o, representa\u00e7\u00e3o, imita\u00e7\u00e3o, modifica\u00e7\u00e3o total ou parcial desses sinais distintivos \u00e9, portanto, proibido e constitui viola\u00e7\u00e3o de marca registrada, em aplica\u00e7\u00e3o do disposto no Livro 7 do C\u00f3digo de Propriedade Intelectual e compromete a responsabilidade civil de seu autor, por aplica\u00e7\u00e3o do disposto no artigo 1382 do C\u00f3digo Civil.<\/li>\n<li>DIREITOS AUTORAIS (FOTOGRAFIAS, IMAGENS, SONS) :<br \/>\nO site \u00e9 propriedade total da WC LOC, detentora ou concession\u00e1ria dos direitos de propriedade intelectual a ele associados. De fato, a estrutura geral do site (carta gr\u00e1fica), bem como seu conte\u00fado (textos, slogans, imagens, fotografias, sons, v\u00eddeos etc.) s\u00e3o de propriedade da WC LOC ou de terceiros autorizados a us\u00e1-los e s\u00e3o protegidos por t\u00edtulo de direitos autorais. Assim, qualquer representa\u00e7\u00e3o, reprodu\u00e7\u00e3o, modifica\u00e7\u00e3o, distor\u00e7\u00e3o e \/ ou explora\u00e7\u00e3o total ou parcial do site e \/ ou seu conte\u00fado, por qualquer processo e por qualquer meio, sem a pr\u00e9via autoriza\u00e7\u00e3o expressa da WC LOC \u00e9 proibido e constitui para esse fim atos de viola\u00e7\u00e3o de direitos autorais, pela aplica\u00e7\u00e3o do disposto no Livro 1 do C\u00f3digo de Propriedade Intelectual e envolve a responsabilidade criminal e civil do Usu\u00e1rio com base na viola\u00e7\u00e3o de direitos autorais.<\/li>\n<li>BASES DE DADOS<br \/>\nDe acordo com as disposi\u00e7\u00f5es do artigo 341-1 do C\u00f3digo de Propriedade Intelectual, os Usu\u00e1rios do Site (doravante &#8220;os Usu\u00e1rios&#8221;) reconhecem os direitos dispon\u00edveis ao WC LOC sobre a totalidade ou parte dos bancos de dados acess\u00edveis no Website, na qualidade de produtor. Assim, qualquer extra\u00e7\u00e3o, uso, armazenamento, reprodu\u00e7\u00e3o, representa\u00e7\u00e3o ou preserva\u00e7\u00e3o, direta ou indireta, parcial ou total, inclusive na mem\u00f3ria tempor\u00e1ria ou, substancialmente qualitativa ou quantitativamente o conte\u00fado de um ou mais dos bancos de dados do WC LOC, cometido por um dos processos mencionados acima \u00e9 estritamente proibido, inclusive por m\u00eddia n\u00e3o autorizada pela WC LOC.<\/li>\n<li>LINKS DE HIPERTEXTO<br \/>\nO estabelecimento de qualquer link de hipertexto para todo ou parte do site \u00e9 estritamente proibido sem o consentimento pr\u00e9vio por escrito da WC LOC. A WC LOC n\u00e3o pode ser responsabilizada pelo conte\u00fado, dados, produtos e v\u00e1rias informa\u00e7\u00f5es oferecidas pelos sites aos quais os links de hipertexto s\u00e3o feitos. Em particular, a WC LOC isenta-se de toda a responsabilidade por sites cujos dados n\u00e3o estejam em conformidade com as disposi\u00e7\u00f5es legais e regulamentares atuais.<\/li>\n<\/ol>\n<\/li>\n<li><strong>CONFIDENCIALIDADE &#8211; DADOS PESSOAIS<\/strong><br \/>\nA WC LOC \u00e9 respons\u00e1vel pelo processamento de dados pessoais que podem ser coletados atrav\u00e9s do Site. Todas as informa\u00e7\u00f5es pessoais transmitidas pelo usu\u00e1rio do site est\u00e3o sujeitas \u00e0s disposi\u00e7\u00f5es da Lei n\u00ba 78-17 de 6 de janeiro de 1978, referente ao processamento de dados, arquivos e liberdades, conhecido como processamento de dados e liberdades, e \u00e0s leis e textos subseq\u00fcentes que os modificaram.<br \/>\nCaso o usu\u00e1rio precise de comunicar os seus dados pessoais, a WC LOC :<br \/>\n&#8211; compromete-se a utilizar os referidos dados apenas para poder responder a quaisquer pedidos de informa\u00e7\u00e3o, e<br \/>\n&#8211; reserva-se o direito de lhe enviar novas mensagens, oferecer-lhe ofertas e isso, a menos que expressamente recusado por ele. O processamento de dados pessoais implementados pela WCLOC por meio do seu site tem os seguintes objetivos :<br \/>\n( i) o estabelecimento de estat\u00edsticas gerais sobre o tr\u00e1fego de sites,<br \/>\n(ii) responder \u00e0s expectativas, perguntas e necessidades expressas pelos usu\u00e1rios do seu site,<br \/>\n(iii) gerenciamento de clientes da WC LOC, incluindo clientes em potencial,<br \/>\n(iv) gest\u00e3o da rela\u00e7\u00e3o contratual, (v) prospec\u00e7\u00e3o comercial ou marketing direto de produtos e servi\u00e7os cuja promo\u00e7\u00e3o seja realizada pela WC LOC e esta, com o consentimento expresso e pr\u00e9vio do (s) Usu\u00e1rio (s) em quest\u00e3o. &#8221; compromete-se a tomar todas as medidas razo\u00e1veis para garantir a seguran\u00e7a e a confidencialidade dos dados pessoais dos Usu\u00e1rios do Site e garantir que eles sejam acess\u00edveis apenas ao pessoal autorizado do WC LOC. A WC LOC tamb\u00e9m se compromete a n\u00e3o fornecer, vender ou alugar a terceiros os dados pessoais dos Usu\u00e1rios do Site, a menos que uma disposi\u00e7\u00e3o legal ou regulamentar ou uma autoridade judicial exijam que isso seja feito.<br \/>\nAs mensagens de email e os endere\u00e7os de email enviados ao WC LOC s\u00e3o mantidos apenas pelo tempo necess\u00e1rio para process\u00e1-los.De acordo com o disposto nos artigos 38, 39, 40 da lei N \u00b0 78-17 de 6 de janeiro de 1978 denominada Computa\u00e7\u00e3o e Liberdades modificadas pela lei n \u00b0 2004-801 de 6 de agosto de 2004, o Usu\u00e1rio tem a qualquer momento direito de acesso, oposi\u00e7\u00e3o, retifica\u00e7\u00e3o e exclus\u00e3o de dados pessoais a seu respeito e coletados pela WC LOC.Para isso, o Usu\u00e1rio pode enviar uma carta simples para a WC LOC nos detalhes de contato estabelecidos no artigo 1.1 destas Avisos Legais ou por telefone no +33 (0) 3 27 27 27.<\/li>\n<li><strong>RESPONSABILIDADE<\/strong><br \/>\nA WC LOC informa ao Usu\u00e1rio que o servi\u00e7o de aluguer de equipamentos sanit\u00e1rios oferecidos no Site est\u00e1 sujeito \u00e0s Condi\u00e7\u00f5es Gerais para Aluguer de equipamentos sanit\u00e1rios, dispon\u00edveis no Site, clicando no link a seguir:<br \/>\nhttps:\/\/www.wcloc.pt\/pdf\/CONDI\u00c7\u00d5ES_DE_ALUGUER_WC_LOC.pdf&#8212;- A esse respeito, todas as fotografias e documentos que ilustram os materiais e produtos oferecidos no site n\u00e3o s\u00e3o contratuais e n\u00e3o assumem a responsabilidade da WC LOC ou qualquer uma de suas subsidi\u00e1rias.<br \/>\nA WC LOC ou suas subsidi\u00e1rias n\u00e3o podem ser responsabilizadas por qualquer dano indireto, como perda de lucros, mercado ou chance, devido ao uso do Site. Qualquer informa\u00e7\u00e3o sobre a WC LOC, de qualquer natureza qualquer que seja, acess\u00edvel na Internet fora deste site, ser\u00e1 de fato transmitido sem a autoriza\u00e7\u00e3o da WC LOC e, portanto, n\u00e3o poder\u00e1 ser responsabilizado.<br \/>\nA WC LOC est\u00e1 vinculada apenas a uma simples obriga\u00e7\u00e3o de meios relativos \u00e0s informa\u00e7\u00f5es acess\u00edveis no site, que n\u00e3o s\u00e3o necessariamente completas, exaustivas, precisas ou atualizadas.<br \/>\nA WC LOC, portanto, declina toda a responsabilidade e n\u00e3o pode ser responsabilizado pela interpreta\u00e7\u00e3o das informa\u00e7\u00f5es contidas no site, nem pelas consequ\u00eancias de seu uso. Embora todos os cuidados tomados em sua realiza\u00e7\u00e3o e precis\u00e3o, este site n\u00e3o pode n\u00e3o constitui um documento contratual e n\u00e3o pode constituir a base de uma a\u00e7\u00e3o legal. A WC LOC n\u00e3o pode ser responsabilizada por erros, omiss\u00f5es ou incapacidade de acesso ao Site. O acesso e uso do Site pelo Usu\u00e1rio \u00e9 da sua exclusiva responsabilidade.<\/li>\n<li><strong>MODIFICA\u00c7\u00d5ES<\/strong><br \/>\nEsses avisos legais podem ser modificados e \/ ou adaptados a qualquer momento. Portanto, o usu\u00e1rio \u00e9 convidado a consult\u00e1-los regularmente.<\/li>\n<li><strong>LEI APLIC\u00c1VEL E JURISDI\u00c7\u00c3O COMPETENTE<\/strong><br \/>\nEsses avisos legais s\u00e3o regidos pela lei portuguesa. Qualquer disputa relacionada \u00e0 validade, \u00e0 interpreta\u00e7\u00e3o de qualquer das disposi\u00e7\u00f5es desses avisos legais est\u00e1 sujeita \u00e0 jurisdi\u00e7\u00e3o exclusiva dos tribunais portugueses.<\/li>\n<\/ol>\n","protected":false},"excerpt":{"rendered":"WCLoc o especialista em aluguel de sanit\u00e1rios port\u00e1teis O grupo WC LOC \u00e9 destinado a todas as actividades econ\u00f3micas que usam o aluguer de equipamentos sanit\u00e1rios m\u00f3veis ou tempor\u00e1rios. INFORMA\u00c7\u00c3O JUR\u00cdDICA PROPRIET\u00c1RIO E EDITOR DO WEBSITE O site \u00e9 publicado pela empresa WC LOC SAS (doravante denominado &#8220;WC LOC&#8221;): WC LOC Sociedade por A\u00e7\u00f5es Simplificada [&hellip;]","protected":false},"author":1,"featured_media":0,"parent":0,"menu_order":0,"comment_status":"closed","ping_status":"closed","template":"","meta":{"_acf_changed":false,"footnotes":""},"class_list":["post-6748","page","type-page","status-publish","hentry"],"acf":[],"yoast_head":"<!-- This site is optimized with the Yoast SEO plugin v27.4 - https:\/\/yoast.com\/product\/yoast-seo-wordpress\/ -->\n<title>Avisos legais - WC Loc<\/title>\n<meta name=\"robots\" content=\"index, follow, max-snippet:-1, max-image-preview:large, max-video-preview:-1\" \/>\n<link rel=\"canonical\" href=\"https:\/\/www.wcloc.com\/pt-pt\/advertencias-legais\" \/>\n<meta property=\"og:locale\" content=\"pt_PT\" \/>\n<meta property=\"og:type\" content=\"article\" \/>\n<meta property=\"og:title\" content=\"Avisos legais - WC Loc\" \/>\n<meta property=\"og:description\" content=\"WCLoc o especialista em aluguel de sanit\u00e1rios port\u00e1teis O grupo WC LOC \u00e9 destinado a todas as actividades econ\u00f3micas que usam o aluguer de equipamentos sanit\u00e1rios m\u00f3veis ou tempor\u00e1rios. INFORMA\u00c7\u00c3O JUR\u00cdDICA PROPRIET\u00c1RIO E EDITOR DO WEBSITE O site \u00e9 publicado pela empresa WC LOC SAS (doravante denominado &#8220;WC LOC&#8221;): WC LOC Sociedade por A\u00e7\u00f5es Simplificada [&hellip;]\" \/>\n<meta property=\"og:url\" content=\"https:\/\/www.wcloc.com\/pt-pt\/advertencias-legais\" \/>\n<meta property=\"og:site_name\" content=\"WC Loc\" \/>\n<meta property=\"article:modified_time\" content=\"2020-05-04T09:22:33+00:00\" \/>\n<meta property=\"og:image\" content=\"https:\/\/www.wcloc.com\/wp-content\/uploads\/2020\/05\/wcloc_portugal.jpg\" \/>\n\t<meta property=\"og:image:width\" content=\"900\" \/>\n\t<meta property=\"og:image:height\" content=\"600\" \/>\n\t<meta property=\"og:image:type\" content=\"image\/jpeg\" \/>\n<meta name=\"twitter:card\" content=\"summary_large_image\" \/>\n<meta name=\"twitter:image\" content=\"https:\/\/www.wcloc.com\/wp-content\/uploads\/2020\/05\/wcloc_portugal.jpg\" \/>\n<meta name=\"twitter:label1\" content=\"Tempo estimado de leitura\" \/>\n\t<meta name=\"twitter:data1\" content=\"7 minutos\" \/>\n<script type=\"application\/ld+json\" class=\"yoast-schema-graph\">{\"@context\":\"https:\\\/\\\/schema.org\",\"@graph\":[{\"@type\":\"WebPage\",\"@id\":\"https:\\\/\\\/www.wcloc.com\\\/pt-pt\\\/advertencias-legais\",\"url\":\"https:\\\/\\\/www.wcloc.com\\\/pt-pt\\\/advertencias-legais\",\"name\":\"Avisos legais - WC Loc\",\"isPartOf\":{\"@id\":\"https:\\\/\\\/www.wcloc.com\\\/pt-pt#website\"},\"datePublished\":\"2020-01-24T13:13:13+00:00\",\"dateModified\":\"2020-05-04T09:22:33+00:00\",\"inLanguage\":\"pt-PT\",\"potentialAction\":[{\"@type\":\"ReadAction\",\"target\":[\"https:\\\/\\\/www.wcloc.com\\\/pt-pt\\\/advertencias-legais\"]}]},{\"@type\":\"WebSite\",\"@id\":\"https:\\\/\\\/www.wcloc.com\\\/pt-pt#website\",\"url\":\"https:\\\/\\\/www.wcloc.com\\\/pt-pt\",\"name\":\"WC Loc\",\"description\":\"Un site utilisant Les sites de platform.enygea.fr\",\"publisher\":{\"@id\":\"https:\\\/\\\/www.wcloc.com\\\/pt-pt#organization\"},\"potentialAction\":[{\"@type\":\"SearchAction\",\"target\":{\"@type\":\"EntryPoint\",\"urlTemplate\":\"https:\\\/\\\/www.wcloc.com\\\/pt-pt?s={search_term_string}\"},\"query-input\":{\"@type\":\"PropertyValueSpecification\",\"valueRequired\":true,\"valueName\":\"search_term_string\"}}],\"inLanguage\":\"pt-PT\"},{\"@type\":\"Organization\",\"@id\":\"https:\\\/\\\/www.wcloc.com\\\/pt-pt#organization\",\"name\":\"WC Loc\",\"url\":\"https:\\\/\\\/www.wcloc.com\\\/pt-pt\",\"logo\":{\"@type\":\"ImageObject\",\"inLanguage\":\"pt-PT\",\"@id\":\"https:\\\/\\\/www.wcloc.com\\\/pt-pt#\\\/schema\\\/logo\\\/image\\\/\",\"url\":\"https:\\\/\\\/www.wcloc.com\\\/wp-content\\\/uploads\\\/2023\\\/04\\\/logo.png\",\"contentUrl\":\"https:\\\/\\\/www.wcloc.com\\\/wp-content\\\/uploads\\\/2023\\\/04\\\/logo.png\",\"width\":291,\"height\":71,\"caption\":\"WC Loc\"},\"image\":{\"@id\":\"https:\\\/\\\/www.wcloc.com\\\/pt-pt#\\\/schema\\\/logo\\\/image\\\/\"}}]}<\/script>\n<!-- \/ Yoast SEO plugin. -->","yoast_head_json":{"title":"Avisos legais - WC Loc","robots":{"index":"index","follow":"follow","max-snippet":"max-snippet:-1","max-image-preview":"max-image-preview:large","max-video-preview":"max-video-preview:-1"},"canonical":"https:\/\/www.wcloc.com\/pt-pt\/advertencias-legais","og_locale":"pt_PT","og_type":"article","og_title":"Avisos legais - WC Loc","og_description":"WCLoc o especialista em aluguel de sanit\u00e1rios port\u00e1teis O grupo WC LOC \u00e9 destinado a todas as actividades econ\u00f3micas que usam o aluguer de equipamentos sanit\u00e1rios m\u00f3veis ou tempor\u00e1rios. INFORMA\u00c7\u00c3O JUR\u00cdDICA PROPRIET\u00c1RIO E EDITOR DO WEBSITE O site \u00e9 publicado pela empresa WC LOC SAS (doravante denominado &#8220;WC LOC&#8221;): WC LOC Sociedade por A\u00e7\u00f5es Simplificada [&hellip;]","og_url":"https:\/\/www.wcloc.com\/pt-pt\/advertencias-legais","og_site_name":"WC Loc","article_modified_time":"2020-05-04T09:22:33+00:00","og_image":[{"width":900,"height":600,"url":"https:\/\/www.wcloc.com\/wp-content\/uploads\/2020\/05\/wcloc_portugal.jpg","type":"image\/jpeg"}],"twitter_card":"summary_large_image","twitter_image":"https:\/\/www.wcloc.com\/wp-content\/uploads\/2020\/05\/wcloc_portugal.jpg","twitter_misc":{"Tempo estimado de leitura":"7 minutos"},"schema":{"@context":"https:\/\/schema.org","@graph":[{"@type":"WebPage","@id":"https:\/\/www.wcloc.com\/pt-pt\/advertencias-legais","url":"https:\/\/www.wcloc.com\/pt-pt\/advertencias-legais","name":"Avisos legais - WC Loc","isPartOf":{"@id":"https:\/\/www.wcloc.com\/pt-pt#website"},"datePublished":"2020-01-24T13:13:13+00:00","dateModified":"2020-05-04T09:22:33+00:00","inLanguage":"pt-PT","potentialAction":[{"@type":"ReadAction","target":["https:\/\/www.wcloc.com\/pt-pt\/advertencias-legais"]}]},{"@type":"WebSite","@id":"https:\/\/www.wcloc.com\/pt-pt#website","url":"https:\/\/www.wcloc.com\/pt-pt","name":"WC Loc","description":"Un site utilisant Les sites de platform.enygea.fr","publisher":{"@id":"https:\/\/www.wcloc.com\/pt-pt#organization"},"potentialAction":[{"@type":"SearchAction","target":{"@type":"EntryPoint","urlTemplate":"https:\/\/www.wcloc.com\/pt-pt?s={search_term_string}"},"query-input":{"@type":"PropertyValueSpecification","valueRequired":true,"valueName":"search_term_string"}}],"inLanguage":"pt-PT"},{"@type":"Organization","@id":"https:\/\/www.wcloc.com\/pt-pt#organization","name":"WC Loc","url":"https:\/\/www.wcloc.com\/pt-pt","logo":{"@type":"ImageObject","inLanguage":"pt-PT","@id":"https:\/\/www.wcloc.com\/pt-pt#\/schema\/logo\/image\/","url":"https:\/\/www.wcloc.com\/wp-content\/uploads\/2023\/04\/logo.png","contentUrl":"https:\/\/www.wcloc.com\/wp-content\/uploads\/2023\/04\/logo.png","width":291,"height":71,"caption":"WC Loc"},"image":{"@id":"https:\/\/www.wcloc.com\/pt-pt#\/schema\/logo\/image\/"}}]}},"_links":{"self":[{"href":"https:\/\/www.wcloc.com\/pt-pt\/wp-json\/wp\/v2\/pages\/6748","targetHints":{"allow":["GET"]}}],"collection":[{"href":"https:\/\/www.wcloc.com\/pt-pt\/wp-json\/wp\/v2\/pages"}],"about":[{"href":"https:\/\/www.wcloc.com\/pt-pt\/wp-json\/wp\/v2\/types\/page"}],"author":[{"embeddable":true,"href":"https:\/\/www.wcloc.com\/pt-pt\/wp-json\/wp\/v2\/users\/1"}],"replies":[{"embeddable":true,"href":"https:\/\/www.wcloc.com\/pt-pt\/wp-json\/wp\/v2\/comments?post=6748"}],"version-history":[{"count":6,"href":"https:\/\/www.wcloc.com\/pt-pt\/wp-json\/wp\/v2\/pages\/6748\/revisions"}],"predecessor-version":[{"id":9186,"href":"https:\/\/www.wcloc.com\/pt-pt\/wp-json\/wp\/v2\/pages\/6748\/revisions\/9186"}],"wp:attachment":[{"href":"https:\/\/www.wcloc.com\/pt-pt\/wp-json\/wp\/v2\/media?parent=6748"}],"curies":[{"name":"wp","href":"https:\/\/api.w.org\/{rel}","templated":true}]}}