{"id":6626,"date":"2019-06-17T18:15:29","date_gmt":"2019-06-17T16:15:29","guid":{"rendered":"https:\/\/www.wcloc.com\/demande-devis\/"},"modified":"2025-05-02T12:54:07","modified_gmt":"2025-05-02T10:54:07","slug":"aplicacao-orcamento","status":"publish","type":"page","link":"https:\/\/www.wcloc.com\/pt-pt\/aplicacao-orcamento","title":{"rendered":"Orcamento"},"content":{"rendered":"","protected":false},"excerpt":{"rendered":"","protected":false},"author":2,"featured_media":0,"parent":0,"menu_order":0,"comment_status":"closed","ping_status":"closed","template":"template-devis.php","meta":{"_acf_changed":false,"footnotes":""},"class_list":["post-6626","page","type-page","status-publish","hentry"],"acf":[],"yoast_head":"<!-- This site is optimized with the Yoast SEO plugin v27.5 - https:\/\/yoast.com\/product\/yoast-seo-wordpress\/ -->\n<title>WC Port\u00e1til Pre\u00e7o | Pe\u00e7a Or\u00e7amento R\u00e1pido - WC Loc<\/title>\n<meta name=\"description\" content=\"Descubra o melhor pre\u00e7o para WC port\u00e1til. Pe\u00e7a j\u00e1 o seu or\u00e7amento personalizado com resposta em 24h. Simples, r\u00e1pido e sem compromisso.\" \/>\n<meta name=\"robots\" content=\"index, follow, max-snippet:-1, max-image-preview:large, max-video-preview:-1\" \/>\n<link rel=\"canonical\" href=\"https:\/\/www.wcloc.com\/pt-pt\/aplicacao-orcamento\" \/>\n<meta property=\"og:locale\" content=\"pt_PT\" \/>\n<meta property=\"og:type\" content=\"article\" \/>\n<meta property=\"og:title\" content=\"WC Port\u00e1til Pre\u00e7o | Pe\u00e7a Or\u00e7amento R\u00e1pido - WC Loc\" \/>\n<meta property=\"og:description\" content=\"Descubra o melhor pre\u00e7o para WC port\u00e1til. Pe\u00e7a j\u00e1 o seu or\u00e7amento personalizado com resposta em 24h. Simples, r\u00e1pido e sem compromisso.\" \/>\n<meta property=\"og:url\" content=\"https:\/\/www.wcloc.com\/pt-pt\/aplicacao-orcamento\" \/>\n<meta property=\"og:site_name\" content=\"WC Loc\" \/>\n<meta property=\"article:modified_time\" content=\"2025-05-02T10:54:07+00:00\" \/>\n<meta property=\"og:image\" content=\"https:\/\/www.wcloc.com\/wp-content\/uploads\/2020\/05\/wcloc_portugal.jpg\" \/>\n\t<meta property=\"og:image:width\" content=\"900\" \/>\n\t<meta property=\"og:image:height\" content=\"600\" \/>\n\t<meta property=\"og:image:type\" content=\"image\/jpeg\" \/>\n<meta name=\"twitter:card\" content=\"summary_large_image\" \/>\n<meta name=\"twitter:image\" content=\"https:\/\/www.wcloc.com\/wp-content\/uploads\/2020\/05\/wcloc_portugal.jpg\" \/>\n<script type=\"application\/ld+json\" class=\"yoast-schema-graph\">{\"@context\":\"https:\\\/\\\/schema.org\",\"@graph\":[{\"@type\":\"WebPage\",\"@id\":\"https:\\\/\\\/www.wcloc.com\\\/pt-pt\\\/aplicacao-orcamento\",\"url\":\"https:\\\/\\\/www.wcloc.com\\\/pt-pt\\\/aplicacao-orcamento\",\"name\":\"WC Port\u00e1til Pre\u00e7o | Pe\u00e7a Or\u00e7amento R\u00e1pido - WC Loc\",\"isPartOf\":{\"@id\":\"https:\\\/\\\/www.wcloc.com\\\/pt-pt#website\"},\"datePublished\":\"2019-06-17T16:15:29+00:00\",\"dateModified\":\"2025-05-02T10:54:07+00:00\",\"description\":\"Descubra o melhor pre\u00e7o para WC port\u00e1til. Pe\u00e7a j\u00e1 o seu or\u00e7amento personalizado com resposta em 24h. Simples, r\u00e1pido e sem compromisso.\",\"inLanguage\":\"pt-PT\",\"potentialAction\":[{\"@type\":\"ReadAction\",\"target\":[\"https:\\\/\\\/www.wcloc.com\\\/pt-pt\\\/aplicacao-orcamento\"]}]},{\"@type\":\"WebSite\",\"@id\":\"https:\\\/\\\/www.wcloc.com\\\/pt-pt#website\",\"url\":\"https:\\\/\\\/www.wcloc.com\\\/pt-pt\",\"name\":\"WC Loc\",\"description\":\"Un site utilisant Les sites de platform.enygea.fr\",\"publisher\":{\"@id\":\"https:\\\/\\\/www.wcloc.com\\\/pt-pt#organization\"},\"potentialAction\":[{\"@type\":\"SearchAction\",\"target\":{\"@type\":\"EntryPoint\",\"urlTemplate\":\"https:\\\/\\\/www.wcloc.com\\\/pt-pt?s={search_term_string}\"},\"query-input\":{\"@type\":\"PropertyValueSpecification\",\"valueRequired\":true,\"valueName\":\"search_term_string\"}}],\"inLanguage\":\"pt-PT\"},{\"@type\":\"Organization\",\"@id\":\"https:\\\/\\\/www.wcloc.com\\\/pt-pt#organization\",\"name\":\"WC Loc\",\"url\":\"https:\\\/\\\/www.wcloc.com\\\/pt-pt\",\"logo\":{\"@type\":\"ImageObject\",\"inLanguage\":\"pt-PT\",\"@id\":\"https:\\\/\\\/www.wcloc.com\\\/pt-pt#\\\/schema\\\/logo\\\/image\\\/\",\"url\":\"https:\\\/\\\/www.wcloc.com\\\/wp-content\\\/uploads\\\/2023\\\/04\\\/logo.png\",\"contentUrl\":\"https:\\\/\\\/www.wcloc.com\\\/wp-content\\\/uploads\\\/2023\\\/04\\\/logo.png\",\"width\":291,\"height\":71,\"caption\":\"WC Loc\"},\"image\":{\"@id\":\"https:\\\/\\\/www.wcloc.com\\\/pt-pt#\\\/schema\\\/logo\\\/image\\\/\"}}]}<\/script>\n<!-- \/ Yoast SEO plugin. -->","yoast_head_json":{"title":"WC Port\u00e1til Pre\u00e7o | Pe\u00e7a Or\u00e7amento R\u00e1pido - WC Loc","description":"Descubra o melhor pre\u00e7o para WC port\u00e1til. Pe\u00e7a j\u00e1 o seu or\u00e7amento personalizado com resposta em 24h. Simples, r\u00e1pido e sem compromisso.","robots":{"index":"index","follow":"follow","max-snippet":"max-snippet:-1","max-image-preview":"max-image-preview:large","max-video-preview":"max-video-preview:-1"},"canonical":"https:\/\/www.wcloc.com\/pt-pt\/aplicacao-orcamento","og_locale":"pt_PT","og_type":"article","og_title":"WC Port\u00e1til Pre\u00e7o | Pe\u00e7a Or\u00e7amento R\u00e1pido - WC Loc","og_description":"Descubra o melhor pre\u00e7o para WC port\u00e1til. Pe\u00e7a j\u00e1 o seu or\u00e7amento personalizado com resposta em 24h. Simples, r\u00e1pido e sem compromisso.","og_url":"https:\/\/www.wcloc.com\/pt-pt\/aplicacao-orcamento","og_site_name":"WC Loc","article_modified_time":"2025-05-02T10:54:07+00:00","og_image":[{"width":900,"height":600,"url":"https:\/\/www.wcloc.com\/wp-content\/uploads\/2020\/05\/wcloc_portugal.jpg","type":"image\/jpeg"}],"twitter_card":"summary_large_image","twitter_image":"https:\/\/www.wcloc.com\/wp-content\/uploads\/2020\/05\/wcloc_portugal.jpg","schema":{"@context":"https:\/\/schema.org","@graph":[{"@type":"WebPage","@id":"https:\/\/www.wcloc.com\/pt-pt\/aplicacao-orcamento","url":"https:\/\/www.wcloc.com\/pt-pt\/aplicacao-orcamento","name":"WC Port\u00e1til Pre\u00e7o | Pe\u00e7a Or\u00e7amento R\u00e1pido - WC Loc","isPartOf":{"@id":"https:\/\/www.wcloc.com\/pt-pt#website"},"datePublished":"2019-06-17T16:15:29+00:00","dateModified":"2025-05-02T10:54:07+00:00","description":"Descubra o melhor pre\u00e7o para WC port\u00e1til. Pe\u00e7a j\u00e1 o seu or\u00e7amento personalizado com resposta em 24h. Simples, r\u00e1pido e sem compromisso.","inLanguage":"pt-PT","potentialAction":[{"@type":"ReadAction","target":["https:\/\/www.wcloc.com\/pt-pt\/aplicacao-orcamento"]}]},{"@type":"WebSite","@id":"https:\/\/www.wcloc.com\/pt-pt#website","url":"https:\/\/www.wcloc.com\/pt-pt","name":"WC Loc","description":"Un site utilisant Les sites de platform.enygea.fr","publisher":{"@id":"https:\/\/www.wcloc.com\/pt-pt#organization"},"potentialAction":[{"@type":"SearchAction","target":{"@type":"EntryPoint","urlTemplate":"https:\/\/www.wcloc.com\/pt-pt?s={search_term_string}"},"query-input":{"@type":"PropertyValueSpecification","valueRequired":true,"valueName":"search_term_string"}}],"inLanguage":"pt-PT"},{"@type":"Organization","@id":"https:\/\/www.wcloc.com\/pt-pt#organization","name":"WC Loc","url":"https:\/\/www.wcloc.com\/pt-pt","logo":{"@type":"ImageObject","inLanguage":"pt-PT","@id":"https:\/\/www.wcloc.com\/pt-pt#\/schema\/logo\/image\/","url":"https:\/\/www.wcloc.com\/wp-content\/uploads\/2023\/04\/logo.png","contentUrl":"https:\/\/www.wcloc.com\/wp-content\/uploads\/2023\/04\/logo.png","width":291,"height":71,"caption":"WC Loc"},"image":{"@id":"https:\/\/www.wcloc.com\/pt-pt#\/schema\/logo\/image\/"}}]}},"_links":{"self":[{"href":"https:\/\/www.wcloc.com\/pt-pt\/wp-json\/wp\/v2\/pages\/6626","targetHints":{"allow":["GET"]}}],"collection":[{"href":"https:\/\/www.wcloc.com\/pt-pt\/wp-json\/wp\/v2\/pages"}],"about":[{"href":"https:\/\/www.wcloc.com\/pt-pt\/wp-json\/wp\/v2\/types\/page"}],"author":[{"embeddable":true,"href":"https:\/\/www.wcloc.com\/pt-pt\/wp-json\/wp\/v2\/users\/2"}],"replies":[{"embeddable":true,"href":"https:\/\/www.wcloc.com\/pt-pt\/wp-json\/wp\/v2\/comments?post=6626"}],"version-history":[{"count":4,"href":"https:\/\/www.wcloc.com\/pt-pt\/wp-json\/wp\/v2\/pages\/6626\/revisions"}],"predecessor-version":[{"id":128250,"href":"https:\/\/www.wcloc.com\/pt-pt\/wp-json\/wp\/v2\/pages\/6626\/revisions\/128250"}],"wp:attachment":[{"href":"https:\/\/www.wcloc.com\/pt-pt\/wp-json\/wp\/v2\/media?parent=6626"}],"curies":[{"name":"wp","href":"https:\/\/api.w.org\/{rel}","templated":true}]}}