{"id":6583,"date":"2020-01-08T11:00:28","date_gmt":"2020-01-08T10:00:28","guid":{"rendered":"https:\/\/www.wcloc.com\/?page_id=6583"},"modified":"2026-04-02T16:45:05","modified_gmt":"2026-04-02T14:45:05","slug":"inicio","status":"publish","type":"page","link":"https:\/\/www.wcloc.com\/pt-pt","title":{"rendered":"P\u00e1gina inicial"},"content":{"rendered":"","protected":false},"excerpt":{"rendered":"","protected":false},"author":1,"featured_media":0,"parent":0,"menu_order":0,"comment_status":"closed","ping_status":"closed","template":"","meta":{"_acf_changed":false,"footnotes":""},"class_list":["post-6583","page","type-page","status-publish","hentry"],"acf":[],"yoast_head":"<!-- This site is optimized with the Yoast SEO plugin v27.4 - https:\/\/yoast.com\/product\/yoast-seo-wordpress\/ -->\n<title>Sanit\u00e1rio Port\u00e1til - WC Port\u00e1til - WC Loc<\/title>\n<meta name=\"description\" content=\"Alugue o seu sanit\u00e1rio port\u00e1til ou wc port\u00e1til com a WC Loc. Solu\u00e7\u00f5es higi\u00e9nicas, aut\u00f3nomas e sustent\u00e1veis para obras, eventos e festivais em todo o pa\u00eds.\" \/>\n<meta name=\"robots\" content=\"index, follow, max-snippet:-1, max-image-preview:large, max-video-preview:-1\" \/>\n<link rel=\"canonical\" href=\"https:\/\/www.wcloc.com\/pt-pt\" \/>\n<meta property=\"og:locale\" content=\"pt_PT\" \/>\n<meta property=\"og:type\" content=\"article\" \/>\n<meta property=\"og:title\" content=\"O especialista em sanit\u00e1rios port\u00e1teis\" \/>\n<meta property=\"og:description\" content=\"Qualquer que sejam os seus prazos e restri\u00e7\u00f5es de terreno, a WC Loc aconselha-o com toda a compet\u00eancia , e adapta-se a todas as suas necessidades para vos entregar, instalar, fomentar,esvaziar e retirar os seus sanit\u00e1rios de obra (os mais resistentes do mercado)\" \/>\n<meta property=\"og:url\" content=\"https:\/\/www.wcloc.com\/pt-pt\" \/>\n<meta property=\"og:site_name\" content=\"WC Loc\" \/>\n<meta property=\"article:modified_time\" content=\"2026-04-02T14:45:05+00:00\" \/>\n<meta property=\"og:image\" content=\"https:\/\/www.wcloc.com\/wp-content\/uploads\/2020\/05\/wcloc_portugal.jpg\" \/>\n\t<meta property=\"og:image:width\" content=\"900\" \/>\n\t<meta property=\"og:image:height\" content=\"600\" \/>\n\t<meta property=\"og:image:type\" content=\"image\/jpeg\" \/>\n<meta name=\"twitter:card\" content=\"summary_large_image\" \/>\n<meta name=\"twitter:title\" content=\"O especialista em sanit\u00e1rios port\u00e1teis\" \/>\n<meta name=\"twitter:description\" content=\"Qualquer que sejam os seus prazos e restri\u00e7\u00f5es de terreno, a WC Loc aconselha-o com toda a compet\u00eancia , e adapta-se a todas as suas necessidades para vos entregar, instalar, fomentar,esvaziar e retirar os seus sanit\u00e1rios de obra (os mais resistentes do mercado)\" \/>\n<meta name=\"twitter:image\" content=\"https:\/\/www.wcloc.com\/wp-content\/uploads\/2020\/05\/wcloc_portugal.jpg\" \/>\n<script type=\"application\/ld+json\" class=\"yoast-schema-graph\">{\"@context\":\"https:\\\/\\\/schema.org\",\"@graph\":[{\"@type\":\"WebPage\",\"@id\":\"https:\\\/\\\/www.wcloc.com\\\/pt-pt\",\"url\":\"https:\\\/\\\/www.wcloc.com\\\/pt-pt\",\"name\":\"Sanit\u00e1rio Port\u00e1til - WC Port\u00e1til - WC Loc\",\"isPartOf\":{\"@id\":\"https:\\\/\\\/www.wcloc.com\\\/pt-pt#website\"},\"datePublished\":\"2020-01-08T10:00:28+00:00\",\"dateModified\":\"2026-04-02T14:45:05+00:00\",\"description\":\"Alugue o seu sanit\u00e1rio port\u00e1til ou wc port\u00e1til com a WC Loc. Solu\u00e7\u00f5es higi\u00e9nicas, aut\u00f3nomas e sustent\u00e1veis para obras, eventos e festivais em todo o pa\u00eds.\",\"inLanguage\":\"pt-PT\",\"potentialAction\":[{\"@type\":\"ReadAction\",\"target\":[\"https:\\\/\\\/www.wcloc.com\\\/pt-pt\"]}]},{\"@type\":\"WebSite\",\"@id\":\"https:\\\/\\\/www.wcloc.com\\\/pt-pt#website\",\"url\":\"https:\\\/\\\/www.wcloc.com\\\/pt-pt\",\"name\":\"WC Loc\",\"description\":\"Un site utilisant Les sites de platform.enygea.fr\",\"publisher\":{\"@id\":\"https:\\\/\\\/www.wcloc.com\\\/pt-pt#organization\"},\"potentialAction\":[{\"@type\":\"SearchAction\",\"target\":{\"@type\":\"EntryPoint\",\"urlTemplate\":\"https:\\\/\\\/www.wcloc.com\\\/pt-pt?s={search_term_string}\"},\"query-input\":{\"@type\":\"PropertyValueSpecification\",\"valueRequired\":true,\"valueName\":\"search_term_string\"}}],\"inLanguage\":\"pt-PT\"},{\"@type\":\"Organization\",\"@id\":\"https:\\\/\\\/www.wcloc.com\\\/pt-pt#organization\",\"name\":\"WC Loc\",\"url\":\"https:\\\/\\\/www.wcloc.com\\\/pt-pt\",\"logo\":{\"@type\":\"ImageObject\",\"inLanguage\":\"pt-PT\",\"@id\":\"https:\\\/\\\/www.wcloc.com\\\/pt-pt#\\\/schema\\\/logo\\\/image\\\/\",\"url\":\"https:\\\/\\\/www.wcloc.com\\\/wp-content\\\/uploads\\\/2023\\\/04\\\/logo.png\",\"contentUrl\":\"https:\\\/\\\/www.wcloc.com\\\/wp-content\\\/uploads\\\/2023\\\/04\\\/logo.png\",\"width\":291,\"height\":71,\"caption\":\"WC Loc\"},\"image\":{\"@id\":\"https:\\\/\\\/www.wcloc.com\\\/pt-pt#\\\/schema\\\/logo\\\/image\\\/\"}}]}<\/script>\n<!-- \/ Yoast SEO plugin. -->","yoast_head_json":{"title":"Sanit\u00e1rio Port\u00e1til - WC Port\u00e1til - WC Loc","description":"Alugue o seu sanit\u00e1rio port\u00e1til ou wc port\u00e1til com a WC Loc. Solu\u00e7\u00f5es higi\u00e9nicas, aut\u00f3nomas e sustent\u00e1veis para obras, eventos e festivais em todo o pa\u00eds.","robots":{"index":"index","follow":"follow","max-snippet":"max-snippet:-1","max-image-preview":"max-image-preview:large","max-video-preview":"max-video-preview:-1"},"canonical":"https:\/\/www.wcloc.com\/pt-pt","og_locale":"pt_PT","og_type":"article","og_title":"O especialista em sanit\u00e1rios port\u00e1teis","og_description":"Qualquer que sejam os seus prazos e restri\u00e7\u00f5es de terreno, a WC Loc aconselha-o com toda a compet\u00eancia , e adapta-se a todas as suas necessidades para vos entregar, instalar, fomentar,esvaziar e retirar os seus sanit\u00e1rios de obra (os mais resistentes do mercado)","og_url":"https:\/\/www.wcloc.com\/pt-pt","og_site_name":"WC Loc","article_modified_time":"2026-04-02T14:45:05+00:00","og_image":[{"width":900,"height":600,"url":"https:\/\/www.wcloc.com\/wp-content\/uploads\/2020\/05\/wcloc_portugal.jpg","type":"image\/jpeg"}],"twitter_card":"summary_large_image","twitter_title":"O especialista em sanit\u00e1rios port\u00e1teis","twitter_description":"Qualquer que sejam os seus prazos e restri\u00e7\u00f5es de terreno, a WC Loc aconselha-o com toda a compet\u00eancia , e adapta-se a todas as suas necessidades para vos entregar, instalar, fomentar,esvaziar e retirar os seus sanit\u00e1rios de obra (os mais resistentes do mercado)","twitter_image":"https:\/\/www.wcloc.com\/wp-content\/uploads\/2020\/05\/wcloc_portugal.jpg","schema":{"@context":"https:\/\/schema.org","@graph":[{"@type":"WebPage","@id":"https:\/\/www.wcloc.com\/pt-pt","url":"https:\/\/www.wcloc.com\/pt-pt","name":"Sanit\u00e1rio Port\u00e1til - WC Port\u00e1til - WC Loc","isPartOf":{"@id":"https:\/\/www.wcloc.com\/pt-pt#website"},"datePublished":"2020-01-08T10:00:28+00:00","dateModified":"2026-04-02T14:45:05+00:00","description":"Alugue o seu sanit\u00e1rio port\u00e1til ou wc port\u00e1til com a WC Loc. Solu\u00e7\u00f5es higi\u00e9nicas, aut\u00f3nomas e sustent\u00e1veis para obras, eventos e festivais em todo o pa\u00eds.","inLanguage":"pt-PT","potentialAction":[{"@type":"ReadAction","target":["https:\/\/www.wcloc.com\/pt-pt"]}]},{"@type":"WebSite","@id":"https:\/\/www.wcloc.com\/pt-pt#website","url":"https:\/\/www.wcloc.com\/pt-pt","name":"WC Loc","description":"Un site utilisant Les sites de platform.enygea.fr","publisher":{"@id":"https:\/\/www.wcloc.com\/pt-pt#organization"},"potentialAction":[{"@type":"SearchAction","target":{"@type":"EntryPoint","urlTemplate":"https:\/\/www.wcloc.com\/pt-pt?s={search_term_string}"},"query-input":{"@type":"PropertyValueSpecification","valueRequired":true,"valueName":"search_term_string"}}],"inLanguage":"pt-PT"},{"@type":"Organization","@id":"https:\/\/www.wcloc.com\/pt-pt#organization","name":"WC Loc","url":"https:\/\/www.wcloc.com\/pt-pt","logo":{"@type":"ImageObject","inLanguage":"pt-PT","@id":"https:\/\/www.wcloc.com\/pt-pt#\/schema\/logo\/image\/","url":"https:\/\/www.wcloc.com\/wp-content\/uploads\/2023\/04\/logo.png","contentUrl":"https:\/\/www.wcloc.com\/wp-content\/uploads\/2023\/04\/logo.png","width":291,"height":71,"caption":"WC Loc"},"image":{"@id":"https:\/\/www.wcloc.com\/pt-pt#\/schema\/logo\/image\/"}}]}},"_links":{"self":[{"href":"https:\/\/www.wcloc.com\/pt-pt\/wp-json\/wp\/v2\/pages\/6583","targetHints":{"allow":["GET"]}}],"collection":[{"href":"https:\/\/www.wcloc.com\/pt-pt\/wp-json\/wp\/v2\/pages"}],"about":[{"href":"https:\/\/www.wcloc.com\/pt-pt\/wp-json\/wp\/v2\/types\/page"}],"author":[{"embeddable":true,"href":"https:\/\/www.wcloc.com\/pt-pt\/wp-json\/wp\/v2\/users\/1"}],"replies":[{"embeddable":true,"href":"https:\/\/www.wcloc.com\/pt-pt\/wp-json\/wp\/v2\/comments?post=6583"}],"version-history":[{"count":3,"href":"https:\/\/www.wcloc.com\/pt-pt\/wp-json\/wp\/v2\/pages\/6583\/revisions"}],"predecessor-version":[{"id":145973,"href":"https:\/\/www.wcloc.com\/pt-pt\/wp-json\/wp\/v2\/pages\/6583\/revisions\/145973"}],"wp:attachment":[{"href":"https:\/\/www.wcloc.com\/pt-pt\/wp-json\/wp\/v2\/media?parent=6583"}],"curies":[{"name":"wp","href":"https:\/\/api.w.org\/{rel}","templated":true}]}}