{"id":6567,"date":"2020-01-03T15:59:59","date_gmt":"2020-01-03T14:59:59","guid":{"rendered":"https:\/\/www.wcloc.com\/?page_id=6567"},"modified":"2026-04-22T14:12:44","modified_gmt":"2026-04-22T12:12:44","slug":"os-nossos-servicos","status":"publish","type":"page","link":"https:\/\/www.wcloc.com\/pt-pt\/os-nossos-servicos","title":{"rendered":"Os nossos servi\u00e7os"},"content":{"rendered":"","protected":false},"excerpt":{"rendered":"","protected":false},"author":1,"featured_media":0,"parent":0,"menu_order":0,"comment_status":"closed","ping_status":"closed","template":"template-services.php","meta":{"_acf_changed":false,"footnotes":""},"class_list":["post-6567","page","type-page","status-publish","hentry"],"acf":[],"yoast_head":"<!-- This site is optimized with the Yoast SEO plugin v27.5 - https:\/\/yoast.com\/product\/yoast-seo-wordpress\/ -->\n<title>Aluguer de WC Port\u00e1teis | Servi\u00e7o Sanit\u00e1rio WC Loc<\/title>\n<meta name=\"description\" content=\"WC port\u00e1teis: aluguer, manuten\u00e7\u00e3o e apoio t\u00e9cnico. Saiba mais sobre servi\u00e7o sanit\u00e1rio, pre\u00e7os e solu\u00e7\u00f5es para eventos e obras com a WC Loc.\" \/>\n<meta name=\"robots\" content=\"index, follow, max-snippet:-1, max-image-preview:large, max-video-preview:-1\" \/>\n<link rel=\"canonical\" href=\"https:\/\/www.wcloc.com\/pt-pt\/os-nossos-servicos\" \/>\n<meta property=\"og:locale\" content=\"pt_PT\" \/>\n<meta property=\"og:type\" content=\"article\" \/>\n<meta property=\"og:title\" content=\"Aluguer de WC Port\u00e1teis | Servi\u00e7o Sanit\u00e1rio WC Loc\" \/>\n<meta property=\"og:description\" content=\"WC port\u00e1teis: aluguer, manuten\u00e7\u00e3o e apoio t\u00e9cnico. Saiba mais sobre servi\u00e7o sanit\u00e1rio, pre\u00e7os e solu\u00e7\u00f5es para eventos e obras com a WC Loc.\" \/>\n<meta property=\"og:url\" content=\"https:\/\/www.wcloc.com\/pt-pt\/os-nossos-servicos\" \/>\n<meta property=\"og:site_name\" content=\"WC Loc\" \/>\n<meta property=\"article:modified_time\" content=\"2026-04-22T12:12:44+00:00\" \/>\n<meta property=\"og:image\" content=\"https:\/\/www.wcloc.com\/wp-content\/uploads\/2020\/05\/wcloc_portugal.jpg\" \/>\n\t<meta property=\"og:image:width\" content=\"900\" \/>\n\t<meta property=\"og:image:height\" content=\"600\" \/>\n\t<meta property=\"og:image:type\" content=\"image\/jpeg\" \/>\n<meta name=\"twitter:card\" content=\"summary_large_image\" \/>\n<meta name=\"twitter:image\" content=\"https:\/\/www.wcloc.com\/wp-content\/uploads\/2020\/05\/wcloc_portugal.jpg\" \/>\n<script type=\"application\/ld+json\" class=\"yoast-schema-graph\">{\"@context\":\"https:\\\/\\\/schema.org\",\"@graph\":[{\"@type\":\"WebPage\",\"@id\":\"https:\\\/\\\/www.wcloc.com\\\/pt-pt\\\/os-nossos-servicos\",\"url\":\"https:\\\/\\\/www.wcloc.com\\\/pt-pt\\\/os-nossos-servicos\",\"name\":\"Aluguer de WC Port\u00e1teis | Servi\u00e7o Sanit\u00e1rio WC Loc\",\"isPartOf\":{\"@id\":\"https:\\\/\\\/www.wcloc.com\\\/pt-pt#website\"},\"datePublished\":\"2020-01-03T14:59:59+00:00\",\"dateModified\":\"2026-04-22T12:12:44+00:00\",\"description\":\"WC port\u00e1teis: aluguer, manuten\u00e7\u00e3o e apoio t\u00e9cnico. Saiba mais sobre servi\u00e7o sanit\u00e1rio, pre\u00e7os e solu\u00e7\u00f5es para eventos e obras com a WC Loc.\",\"inLanguage\":\"pt-PT\",\"potentialAction\":[{\"@type\":\"ReadAction\",\"target\":[\"https:\\\/\\\/www.wcloc.com\\\/pt-pt\\\/os-nossos-servicos\"]}]},{\"@type\":\"WebSite\",\"@id\":\"https:\\\/\\\/www.wcloc.com\\\/pt-pt#website\",\"url\":\"https:\\\/\\\/www.wcloc.com\\\/pt-pt\",\"name\":\"WC Loc\",\"description\":\"Un site utilisant Les sites de platform.enygea.fr\",\"publisher\":{\"@id\":\"https:\\\/\\\/www.wcloc.com\\\/pt-pt#organization\"},\"potentialAction\":[{\"@type\":\"SearchAction\",\"target\":{\"@type\":\"EntryPoint\",\"urlTemplate\":\"https:\\\/\\\/www.wcloc.com\\\/pt-pt?s={search_term_string}\"},\"query-input\":{\"@type\":\"PropertyValueSpecification\",\"valueRequired\":true,\"valueName\":\"search_term_string\"}}],\"inLanguage\":\"pt-PT\"},{\"@type\":\"Organization\",\"@id\":\"https:\\\/\\\/www.wcloc.com\\\/pt-pt#organization\",\"name\":\"WC Loc\",\"url\":\"https:\\\/\\\/www.wcloc.com\\\/pt-pt\",\"logo\":{\"@type\":\"ImageObject\",\"inLanguage\":\"pt-PT\",\"@id\":\"https:\\\/\\\/www.wcloc.com\\\/pt-pt#\\\/schema\\\/logo\\\/image\\\/\",\"url\":\"https:\\\/\\\/www.wcloc.com\\\/wp-content\\\/uploads\\\/2023\\\/04\\\/logo.png\",\"contentUrl\":\"https:\\\/\\\/www.wcloc.com\\\/wp-content\\\/uploads\\\/2023\\\/04\\\/logo.png\",\"width\":291,\"height\":71,\"caption\":\"WC Loc\"},\"image\":{\"@id\":\"https:\\\/\\\/www.wcloc.com\\\/pt-pt#\\\/schema\\\/logo\\\/image\\\/\"}}]}<\/script>\n<!-- \/ Yoast SEO plugin. -->","yoast_head_json":{"title":"Aluguer de WC Port\u00e1teis | Servi\u00e7o Sanit\u00e1rio WC Loc","description":"WC port\u00e1teis: aluguer, manuten\u00e7\u00e3o e apoio t\u00e9cnico. Saiba mais sobre servi\u00e7o sanit\u00e1rio, pre\u00e7os e solu\u00e7\u00f5es para eventos e obras com a WC Loc.","robots":{"index":"index","follow":"follow","max-snippet":"max-snippet:-1","max-image-preview":"max-image-preview:large","max-video-preview":"max-video-preview:-1"},"canonical":"https:\/\/www.wcloc.com\/pt-pt\/os-nossos-servicos","og_locale":"pt_PT","og_type":"article","og_title":"Aluguer de WC Port\u00e1teis | Servi\u00e7o Sanit\u00e1rio WC Loc","og_description":"WC port\u00e1teis: aluguer, manuten\u00e7\u00e3o e apoio t\u00e9cnico. Saiba mais sobre servi\u00e7o sanit\u00e1rio, pre\u00e7os e solu\u00e7\u00f5es para eventos e obras com a WC Loc.","og_url":"https:\/\/www.wcloc.com\/pt-pt\/os-nossos-servicos","og_site_name":"WC Loc","article_modified_time":"2026-04-22T12:12:44+00:00","og_image":[{"width":900,"height":600,"url":"https:\/\/www.wcloc.com\/wp-content\/uploads\/2020\/05\/wcloc_portugal.jpg","type":"image\/jpeg"}],"twitter_card":"summary_large_image","twitter_image":"https:\/\/www.wcloc.com\/wp-content\/uploads\/2020\/05\/wcloc_portugal.jpg","schema":{"@context":"https:\/\/schema.org","@graph":[{"@type":"WebPage","@id":"https:\/\/www.wcloc.com\/pt-pt\/os-nossos-servicos","url":"https:\/\/www.wcloc.com\/pt-pt\/os-nossos-servicos","name":"Aluguer de WC Port\u00e1teis | Servi\u00e7o Sanit\u00e1rio WC Loc","isPartOf":{"@id":"https:\/\/www.wcloc.com\/pt-pt#website"},"datePublished":"2020-01-03T14:59:59+00:00","dateModified":"2026-04-22T12:12:44+00:00","description":"WC port\u00e1teis: aluguer, manuten\u00e7\u00e3o e apoio t\u00e9cnico. Saiba mais sobre servi\u00e7o sanit\u00e1rio, pre\u00e7os e solu\u00e7\u00f5es para eventos e obras com a WC Loc.","inLanguage":"pt-PT","potentialAction":[{"@type":"ReadAction","target":["https:\/\/www.wcloc.com\/pt-pt\/os-nossos-servicos"]}]},{"@type":"WebSite","@id":"https:\/\/www.wcloc.com\/pt-pt#website","url":"https:\/\/www.wcloc.com\/pt-pt","name":"WC Loc","description":"Un site utilisant Les sites de platform.enygea.fr","publisher":{"@id":"https:\/\/www.wcloc.com\/pt-pt#organization"},"potentialAction":[{"@type":"SearchAction","target":{"@type":"EntryPoint","urlTemplate":"https:\/\/www.wcloc.com\/pt-pt?s={search_term_string}"},"query-input":{"@type":"PropertyValueSpecification","valueRequired":true,"valueName":"search_term_string"}}],"inLanguage":"pt-PT"},{"@type":"Organization","@id":"https:\/\/www.wcloc.com\/pt-pt#organization","name":"WC Loc","url":"https:\/\/www.wcloc.com\/pt-pt","logo":{"@type":"ImageObject","inLanguage":"pt-PT","@id":"https:\/\/www.wcloc.com\/pt-pt#\/schema\/logo\/image\/","url":"https:\/\/www.wcloc.com\/wp-content\/uploads\/2023\/04\/logo.png","contentUrl":"https:\/\/www.wcloc.com\/wp-content\/uploads\/2023\/04\/logo.png","width":291,"height":71,"caption":"WC Loc"},"image":{"@id":"https:\/\/www.wcloc.com\/pt-pt#\/schema\/logo\/image\/"}}]}},"_links":{"self":[{"href":"https:\/\/www.wcloc.com\/pt-pt\/wp-json\/wp\/v2\/pages\/6567","targetHints":{"allow":["GET"]}}],"collection":[{"href":"https:\/\/www.wcloc.com\/pt-pt\/wp-json\/wp\/v2\/pages"}],"about":[{"href":"https:\/\/www.wcloc.com\/pt-pt\/wp-json\/wp\/v2\/types\/page"}],"author":[{"embeddable":true,"href":"https:\/\/www.wcloc.com\/pt-pt\/wp-json\/wp\/v2\/users\/1"}],"replies":[{"embeddable":true,"href":"https:\/\/www.wcloc.com\/pt-pt\/wp-json\/wp\/v2\/comments?post=6567"}],"version-history":[{"count":3,"href":"https:\/\/www.wcloc.com\/pt-pt\/wp-json\/wp\/v2\/pages\/6567\/revisions"}],"predecessor-version":[{"id":147306,"href":"https:\/\/www.wcloc.com\/pt-pt\/wp-json\/wp\/v2\/pages\/6567\/revisions\/147306"}],"wp:attachment":[{"href":"https:\/\/www.wcloc.com\/pt-pt\/wp-json\/wp\/v2\/media?parent=6567"}],"curies":[{"name":"wp","href":"https:\/\/api.w.org\/{rel}","templated":true}]}}