{"id":36339,"date":"2021-05-28T17:10:05","date_gmt":"2021-05-28T15:10:05","guid":{"rendered":"https:\/\/www.wcloc.com\/mariage-en-plein-air-louez-vos-sanitaires-avec-wc-loc"},"modified":"2026-04-09T16:35:15","modified_gmt":"2026-04-09T14:35:15","slug":"aluguer-sanitarios-casamento","status":"publish","type":"page","link":"https:\/\/www.wcloc.com\/pt-pt\/aluguer-sanitarios-casamento","title":{"rendered":"Casamentos ao ar livre? Diga &#8216;Sim&#8217; \u00e0 WC Loc"},"content":{"rendered":"<p style=\"text-align: center\">Se o seu casamento vai ser ao ar livre, rodeado pela natureza, voc\u00ea veio ao lugar certo! A WC Loc, especialista no aluguer de sanit\u00e1rios port\u00e1teis, est\u00e1 \u00e0 sua disposi\u00e7\u00e3o para o apoiar na organiza\u00e7\u00e3o do seu casamento, gra\u00e7as a solu\u00e7\u00f5es de higiene adaptadas e personaliz\u00e1veis!<\/p>\n<h2 style=\"text-align: center\">Um casamento ao ar livre, um casamento de sonhos fora do normal<\/h2>\n<p style=\"text-align: center\">Intimo, memor\u00e1vel \u200b\u200b&#8230; Casamentos ao ar livre s\u00e3o um sonho, com certeza! Mas tamb\u00e9m podem envolver algumas restri\u00e7\u00f5es, dada a originalidade dos lugares onde voc\u00ea quer se casar.<\/p>\n<h3 style=\"text-align: center\">WC Loc, um convidado de honra<\/h3>\n<p style=\"text-align: center\">Para todos os seus eventos, a WC Loc \u00e9 o seu parceiro de confian\u00e7a para aliviar as necessidades mais<br \/>\nurgentes dos seus convidados! H\u00e1 muitos anos presentes, nas suas celebra\u00e7\u00f5es mais \u00edntimas, colocamos ao seu servi\u00e7o todo o nosso know-how para levar o conforto e a higiene onde quiser, com o nosso vasto leque de op\u00e7\u00f5es de <strong>WC port\u00e1til para casamentos<\/strong> que temos dispon\u00edveis para o seu <strong>casamento ao ar livre<\/strong>.<\/p>\n<p style=\"text-align: center\">Sem a nossa experi\u00eancia e o nosso compromisso ecol\u00f3gico, muitos casamentos n\u00e3o iriam al\u00e9m dos sal\u00f5es de festas e n\u00e3o se atreveriam a arriscar em <strong>casamentos ao ar livre<\/strong> com paisagens deslumbrantes <strong>no campo, zonas vin\u00edcolas, praias<\/strong> desertas ou na montanha!<\/p>\n<p style=\"text-align: center\">Pode ainda contar com o nosso aconselhamento organizacional, para escolher, de acordo com o tema do seu casamento e n\u00famero de convidados, a melhor solu\u00e7\u00e3o de higiene m\u00f3vel, em quantidade e qualidade, e com a instala\u00e7\u00e3o mais pr\u00e1tica de acordo com as caracter\u00edsticas do seu local, com a necess\u00e1ria privacidade e discri\u00e7\u00e3o.<\/p>\n<p style=\"text-align: center\">Sem a WC Loc, n\u00e3o seria poss\u00edvel planear um deslumbrante <strong>casamento ao ar livre<\/strong>, no meio do nada, em plena comunh\u00e3o com a natureza, garantindo solu\u00e7\u00f5es de higiene com <strong>WC\u2019s port\u00e1teis para casamentos<\/strong> e <a href=\"https:\/\/www.wcloc.com\/pt-pt\/c\/eventos\/equipamentos-adicionais-eventos\">lavat\u00f3rios port\u00e1teis<\/a> para os seus convidados.<\/p>\n<p style=\"text-align: center\"><a class=\"button button-double\" href=\"https:\/\/www.wcloc.com\/pt-pt\/aplicacao-orcamento\">Pe\u00e7a-nos um or\u00e7amento<\/a><\/p>\n<section class=\"groupe_contenus container\">\n<article>\n<figure><img decoding=\"async\" src=\"https:\/\/www.wcloc.com\/wp-content\/uploads\/2021\/05\/cabine-speciale-mariage.png\" alt=\"location cabine wc mariage\" \/><\/figure>\n<div class=\"more\">\n<h4 class=\"title\">Solu\u00e7\u00f5es personaliz\u00e1veis<\/h4>\n<p>Projetados exclusivamente para casamentos, onde n\u00e3o existe esgoto, os sanit\u00e1rios WC Loc s\u00e3o <strong>elegantes<\/strong> e <strong>personaliz\u00e1veis<\/strong>, aos quais voc\u00ea pode adicionar o motivo ou tema do seu casamento. Uma solu\u00e7\u00e3o amiga do ambiente com um servi\u00e7o de qualidade \u00edmpar, que inclui a entrega, todas as solu\u00e7\u00f5es log\u00edsticas, a manuten\u00e7\u00e3o, a recolha dos equipamentos e tamb\u00e9m a elimina\u00e7\u00e3o necess\u00e1ria e adequada dos dejetos no final do seu casamento.<\/p>\n<p>Quer sejam os nossos colaboradores qualificados, que est\u00e3o <strong>dispon\u00edveis<\/strong> e aptos para lhe oferecer uma instala\u00e7\u00e3o sanit\u00e1ria, que corresponda em todos os aspetos \u00e0s suas necessidades, ou as nossas equipas locais que cuidam de tudo diretamente no local do seu casamento para o seu <strong>conforto<\/strong> e <strong>tranquilidade absoluta<\/strong>, todos t\u00eam a preocupa\u00e7\u00e3o de satisfaz\u00ea-lo, oferecendo uma instala\u00e7\u00e3o e um servi\u00e7o de qualidade &#8230; o nosso bom humor como b\u00f3nus!<\/p>\n<p>Ent\u00e3o o logo WC Loc <img decoding=\"async\" class=\"alignnone size-full wp-image-907\" src=\"https:\/\/www.wcloc.com\/wp-content\/uploads\/sites\/7\/2019\/07\/coeur.png\" alt=\"\" width=\"26\" height=\"26\" \/> assume o seu significado completo.<\/p>\n<p>&nbsp;<\/p>\n<\/div>\n<\/article>\n<article>\n<figure><img decoding=\"async\" src=\"https:\/\/www.wcloc.com\/wp-content\/uploads\/2021\/06\/materiels-mariage.png\" alt=\"Toilettes s\u00e8ches mariage WC Loc\" \/><\/figure>\n<div class=\"more\">\n<h4 class=\"title\">Cabine pequena para proteger a natureza<\/h4>\n<p>Charmosas cabanas de madeira &#8220;sanit\u00e1rios secos&#8221; &#8211; secos porque funcionam sem \u00e1gua &#8211; d\u00e3o uma nostalgia <strong>rom\u00e2ntica<\/strong> e <strong>elegante<\/strong> aos casamentos ao ar livre. Encaixam-se de forma discreta e harmoniosa em ambientes ao ar livre, seja em paisagens buc\u00f3licas, selvagens ou montanhosas.<\/p>\n<p><a class=\"button button-vert\" href=\"https:\/\/www.wcloc.com\/pt-pt\/c\/eventos\/sanitarios-secos-eventos\" target=\"_blank\" rel=\"noopener\">Descubra a gama sanit\u00e1rios secos<\/a><\/p>\n<\/div>\n<\/article>\n<article>\n<figure><img decoding=\"async\" src=\"https:\/\/www.wcloc.com\/wp-content\/uploads\/2021\/06\/materiels-mariage-1.png\" alt=\"Urinoirs f\u00e9minin Madame Pee WC loc\" \/><\/figure>\n<div class=\"more\">\n<h4 class=\"title\">Rock&#8217;n Pipi para todos<\/h4>\n<p>Voc\u00ea consegue imaginar um casamento dois em um, que celebre o amor e honre a sua alma do rock&#8217;n&#8217;roll? Convide-nos tamb\u00e9m para esta festa, porque temos o que precisa, incluindo urin\u00f3is para eles e para elas o <strong>urinol feminino MadamePee<\/strong>, exclusivo da WC Loc, para n\u00e3o sair da pista por muito tempo.<\/p>\n<p><a class=\"button button-vert\" href=\"https:\/\/www.wcloc.com\/pt-pt\/p\/urinol-feminino-madame-pee-evento\" target=\"_blank\" rel=\"noopener\">Saiba mais sobre Madame Pee<\/a><\/p>\n<\/div>\n<\/article>\n<article>\n<figure><img decoding=\"async\" src=\"https:\/\/www.wcloc.com\/wp-content\/uploads\/2021\/05\/4.png\" alt=\"location sanitaires sous vide mariage\" \/><\/figure>\n<div class=\"more\">\n<h4 class=\"title\">Modernidade e design para grandes eventos<\/h4>\n<p>Verde por dentro e por fora, o sistema de sanit\u00e1rio modular a v\u00e1cuo POP UP 3 tem um visual pop e casual. Eles parecem-se com pe\u00e7as de lego e s\u00e3o organizados de forma modular e padronizada. Equipados com <strong>tecnologia de v\u00e1cuo<\/strong>, estes sanit\u00e1rios s\u00e3o ideais para grandes rece\u00e7\u00f5es que <strong>n\u00e3o possuem esgoto<\/strong>. Esta tecnologia tamb\u00e9m \u00e9 uma refer\u00eancia em termos de higiene porque o seu sistema de aspira\u00e7\u00e3o n\u00e3o deixa cheiros e n\u00e3o necessita de esvaziamento interm\u00e9dio. Com apenas <strong>0,5L de \u00e1gua por descarg<\/strong>a, em compara\u00e7\u00e3o com 8L de \u00e1gua para uma descarga tradicional, o nosso POP UP \u00e9 uma solu\u00e7\u00e3o com baixo impacto ecol\u00f3gico!<\/p>\n<p><a class=\"button button-vert\" href=\"https:\/\/www.wcloc.com\/pt-pt\/p\/rack-pop-3-wc-sob-vacuo-evento\" target=\"_blank\" rel=\"noopener\">Descubra o Pop Up<\/a><\/p>\n<\/div>\n<\/article>\n<article>\n<figure><img decoding=\"async\" src=\"https:\/\/www.wcloc.com\/wp-content\/uploads\/2021\/06\/materiels-mariage-2.png\" alt=\"location caravane sanitaires wc mariage\" \/><\/figure>\n<div class=\"more\">\n<h4 class=\"title\">Quando o romance e a eleg\u00e2ncia lideram<\/h4>\n<p>Ah, os rom\u00e2nticos! Os rom\u00e2nticos apreciam os detalhes e a personaliza\u00e7\u00e3o, a privacidade e a comodidade, a eleg\u00e2ncia e a<strong> exclusividade<\/strong>.<br \/>\nSem problema. Temos <strong>caravanas aut\u00f3nomas<\/strong>,de entrada dupla, acabamentos contempor\u00e2neos e requintados, com tecnologia a v\u00e1cuo, de baixo impacto ambiental \u2013 menos de 1L\/autoclismo \u2013, que podem ser totalmente decoradas e personalizadas com os motivos do casamento, ou inspirando-se neles. O Modelo Exclusive \u00e9 uma s\u00e9ria possibilidade<\/p>\n<p><a class=\"button button-vert\" href=\"https:\/\/www.wcloc.com\/pt-pt\/p\/caravana-20-pes-privilegio-sob-vacuo-evento\" target=\"_blank\" rel=\"noopener\">Descubra a nossa gama de caravanas<\/a><\/p>\n<\/div>\n<\/article>\n<\/section>\n<h2 style=\"text-align: center\">Os nossos compromissos por um mundo mais limpo e mais verde!<\/h2>\n<p style=\"text-align: center\">Respeitadores do meio ambiente, a maioria dos nossos sanit\u00e1rios, e urin\u00f3is s\u00e3o 100% recicl\u00e1veis \u200b\u200be resultam da transforma\u00e7\u00e3o de materiais reciclados. Os sanit\u00e1rios WC Loc nasceram de preocupa\u00e7\u00f5es ambientais s\u00e9rias. Isto tamb\u00e9m \u00e9 evidente na escolha da tecnologia para os nossos equipamentos: sanit\u00e1rios secos, tecnologia de v\u00e1cuo, sanit\u00e1rios aut\u00f3nomos, etc. Fazemos tudo o que est\u00e1 ao nosso alcance para criar solu\u00e7\u00f5es<strong> higi\u00e9nicas, acess\u00edveis e com baixo impacto ambiental.<\/strong><\/p>\n<p style=\"text-align: center\">Na WC Loc, todos os produtos sanit\u00e1rios e de higiene n<strong>\u00e3o s\u00e3o poluentes<\/strong> e garantem um grau de<strong> biodegradabilidade acima de 90%<\/strong>. Somos, portanto, os parceiros naturais para casamentos ao ar livre.<\/p>\n<div class=\"container\"><\/div>\n<h2 style=\"text-align: center\">Reserve agora os sanit\u00e1rios para o seu casamento!<\/h2>\n<p>&nbsp;<\/p>\n<p style=\"text-align: center\"><a class=\"button button-double\" href=\"https:\/\/www.wcloc.com\/pt-pt\/aplicacao-orcamento\">Solicite um or\u00e7amento gratuito<\/a><\/p>\n","protected":false},"excerpt":{"rendered":"Se o seu casamento vai ser ao ar livre, rodeado pela natureza, voc\u00ea veio ao lugar certo! A WC Loc, especialista no aluguer de sanit\u00e1rios port\u00e1teis, est\u00e1 \u00e0 sua disposi\u00e7\u00e3o para o apoiar na organiza\u00e7\u00e3o do seu casamento, gra\u00e7as a solu\u00e7\u00f5es de higiene adaptadas e personaliz\u00e1veis! Um casamento ao ar livre, um casamento de sonhos [&hellip;]","protected":false},"author":7,"featured_media":0,"parent":0,"menu_order":0,"comment_status":"closed","ping_status":"closed","template":"","meta":{"_acf_changed":false,"footnotes":""},"class_list":["post-36339","page","type-page","status-publish","hentry"],"acf":[],"yoast_head":"<!-- This site is optimized with the Yoast SEO plugin v27.4 - https:\/\/yoast.com\/product\/yoast-seo-wordpress\/ -->\n<title>Casamentos ao ar livre? Diga &#039;Sim&#039; \u00e0 WC Loc - WC Loc<\/title>\n<meta name=\"description\" content=\"O seu casamento vai ser ao ar livre? Escolha o seu WC Port\u00e1til para casamentos com a WC Loc. Solicite j\u00e1 oseu or\u00e7amento!\" \/>\n<meta name=\"robots\" content=\"index, follow, max-snippet:-1, max-image-preview:large, max-video-preview:-1\" \/>\n<link rel=\"canonical\" href=\"https:\/\/www.wcloc.com\/pt-pt\/aluguer-sanitarios-casamento\" \/>\n<meta property=\"og:locale\" content=\"pt_PT\" \/>\n<meta property=\"og:type\" content=\"article\" \/>\n<meta property=\"og:title\" content=\"Casamentos ao ar livre? Diga &#039;Sim&#039; \u00e0 WC Loc - WC Loc\" \/>\n<meta property=\"og:description\" content=\"O seu casamento vai ser ao ar livre? Escolha o seu WC Port\u00e1til para casamentos com a WC Loc. Solicite j\u00e1 oseu or\u00e7amento!\" \/>\n<meta property=\"og:url\" content=\"https:\/\/www.wcloc.com\/pt-pt\/aluguer-sanitarios-casamento\" \/>\n<meta property=\"og:site_name\" content=\"WC Loc\" \/>\n<meta property=\"article:modified_time\" content=\"2026-04-09T14:35:15+00:00\" \/>\n<meta property=\"og:image\" content=\"https:\/\/www.wcloc.com\/wp-content\/uploads\/2021\/05\/cabine-speciale-mariage.png\" \/>\n<meta name=\"twitter:card\" content=\"summary_large_image\" \/>\n<meta name=\"twitter:label1\" content=\"Tempo estimado de leitura\" \/>\n\t<meta name=\"twitter:data1\" content=\"6 minutos\" \/>\n<script type=\"application\/ld+json\" class=\"yoast-schema-graph\">{\"@context\":\"https:\\\/\\\/schema.org\",\"@graph\":[{\"@type\":\"WebPage\",\"@id\":\"https:\\\/\\\/www.wcloc.com\\\/pt-pt\\\/aluguer-sanitarios-casamento\",\"url\":\"https:\\\/\\\/www.wcloc.com\\\/pt-pt\\\/aluguer-sanitarios-casamento\",\"name\":\"Casamentos ao ar livre? Diga 'Sim' \u00e0 WC Loc - WC Loc\",\"isPartOf\":{\"@id\":\"https:\\\/\\\/www.wcloc.com\\\/pt-pt#website\"},\"primaryImageOfPage\":{\"@id\":\"https:\\\/\\\/www.wcloc.com\\\/pt-pt\\\/aluguer-sanitarios-casamento#primaryimage\"},\"image\":{\"@id\":\"https:\\\/\\\/www.wcloc.com\\\/pt-pt\\\/aluguer-sanitarios-casamento#primaryimage\"},\"thumbnailUrl\":\"https:\\\/\\\/www.wcloc.com\\\/wp-content\\\/uploads\\\/2021\\\/05\\\/cabine-speciale-mariage.png\",\"datePublished\":\"2021-05-28T15:10:05+00:00\",\"dateModified\":\"2026-04-09T14:35:15+00:00\",\"description\":\"O seu casamento vai ser ao ar livre? Escolha o seu WC Port\u00e1til para casamentos com a WC Loc. Solicite j\u00e1 oseu or\u00e7amento!\",\"inLanguage\":\"pt-PT\",\"potentialAction\":[{\"@type\":\"ReadAction\",\"target\":[\"https:\\\/\\\/www.wcloc.com\\\/pt-pt\\\/aluguer-sanitarios-casamento\"]}]},{\"@type\":\"ImageObject\",\"inLanguage\":\"pt-PT\",\"@id\":\"https:\\\/\\\/www.wcloc.com\\\/pt-pt\\\/aluguer-sanitarios-casamento#primaryimage\",\"url\":\"https:\\\/\\\/www.wcloc.com\\\/wp-content\\\/uploads\\\/2021\\\/05\\\/cabine-speciale-mariage.png\",\"contentUrl\":\"https:\\\/\\\/www.wcloc.com\\\/wp-content\\\/uploads\\\/2021\\\/05\\\/cabine-speciale-mariage.png\"},{\"@type\":\"WebSite\",\"@id\":\"https:\\\/\\\/www.wcloc.com\\\/pt-pt#website\",\"url\":\"https:\\\/\\\/www.wcloc.com\\\/pt-pt\",\"name\":\"WC Loc\",\"description\":\"Un site utilisant Les sites de platform.enygea.fr\",\"publisher\":{\"@id\":\"https:\\\/\\\/www.wcloc.com\\\/pt-pt#organization\"},\"potentialAction\":[{\"@type\":\"SearchAction\",\"target\":{\"@type\":\"EntryPoint\",\"urlTemplate\":\"https:\\\/\\\/www.wcloc.com\\\/pt-pt?s={search_term_string}\"},\"query-input\":{\"@type\":\"PropertyValueSpecification\",\"valueRequired\":true,\"valueName\":\"search_term_string\"}}],\"inLanguage\":\"pt-PT\"},{\"@type\":\"Organization\",\"@id\":\"https:\\\/\\\/www.wcloc.com\\\/pt-pt#organization\",\"name\":\"WC Loc\",\"url\":\"https:\\\/\\\/www.wcloc.com\\\/pt-pt\",\"logo\":{\"@type\":\"ImageObject\",\"inLanguage\":\"pt-PT\",\"@id\":\"https:\\\/\\\/www.wcloc.com\\\/pt-pt#\\\/schema\\\/logo\\\/image\\\/\",\"url\":\"https:\\\/\\\/www.wcloc.com\\\/wp-content\\\/uploads\\\/2023\\\/04\\\/logo.png\",\"contentUrl\":\"https:\\\/\\\/www.wcloc.com\\\/wp-content\\\/uploads\\\/2023\\\/04\\\/logo.png\",\"width\":291,\"height\":71,\"caption\":\"WC Loc\"},\"image\":{\"@id\":\"https:\\\/\\\/www.wcloc.com\\\/pt-pt#\\\/schema\\\/logo\\\/image\\\/\"}}]}<\/script>\n<!-- \/ Yoast SEO plugin. -->","yoast_head_json":{"title":"Casamentos ao ar livre? Diga 'Sim' \u00e0 WC Loc - WC Loc","description":"O seu casamento vai ser ao ar livre? Escolha o seu WC Port\u00e1til para casamentos com a WC Loc. Solicite j\u00e1 oseu or\u00e7amento!","robots":{"index":"index","follow":"follow","max-snippet":"max-snippet:-1","max-image-preview":"max-image-preview:large","max-video-preview":"max-video-preview:-1"},"canonical":"https:\/\/www.wcloc.com\/pt-pt\/aluguer-sanitarios-casamento","og_locale":"pt_PT","og_type":"article","og_title":"Casamentos ao ar livre? Diga 'Sim' \u00e0 WC Loc - WC Loc","og_description":"O seu casamento vai ser ao ar livre? Escolha o seu WC Port\u00e1til para casamentos com a WC Loc. Solicite j\u00e1 oseu or\u00e7amento!","og_url":"https:\/\/www.wcloc.com\/pt-pt\/aluguer-sanitarios-casamento","og_site_name":"WC Loc","article_modified_time":"2026-04-09T14:35:15+00:00","og_image":[{"url":"https:\/\/www.wcloc.com\/wp-content\/uploads\/2021\/05\/cabine-speciale-mariage.png","type":"","width":"","height":""}],"twitter_card":"summary_large_image","twitter_misc":{"Tempo estimado de leitura":"6 minutos"},"schema":{"@context":"https:\/\/schema.org","@graph":[{"@type":"WebPage","@id":"https:\/\/www.wcloc.com\/pt-pt\/aluguer-sanitarios-casamento","url":"https:\/\/www.wcloc.com\/pt-pt\/aluguer-sanitarios-casamento","name":"Casamentos ao ar livre? Diga 'Sim' \u00e0 WC Loc - WC Loc","isPartOf":{"@id":"https:\/\/www.wcloc.com\/pt-pt#website"},"primaryImageOfPage":{"@id":"https:\/\/www.wcloc.com\/pt-pt\/aluguer-sanitarios-casamento#primaryimage"},"image":{"@id":"https:\/\/www.wcloc.com\/pt-pt\/aluguer-sanitarios-casamento#primaryimage"},"thumbnailUrl":"https:\/\/www.wcloc.com\/wp-content\/uploads\/2021\/05\/cabine-speciale-mariage.png","datePublished":"2021-05-28T15:10:05+00:00","dateModified":"2026-04-09T14:35:15+00:00","description":"O seu casamento vai ser ao ar livre? Escolha o seu WC Port\u00e1til para casamentos com a WC Loc. Solicite j\u00e1 oseu or\u00e7amento!","inLanguage":"pt-PT","potentialAction":[{"@type":"ReadAction","target":["https:\/\/www.wcloc.com\/pt-pt\/aluguer-sanitarios-casamento"]}]},{"@type":"ImageObject","inLanguage":"pt-PT","@id":"https:\/\/www.wcloc.com\/pt-pt\/aluguer-sanitarios-casamento#primaryimage","url":"https:\/\/www.wcloc.com\/wp-content\/uploads\/2021\/05\/cabine-speciale-mariage.png","contentUrl":"https:\/\/www.wcloc.com\/wp-content\/uploads\/2021\/05\/cabine-speciale-mariage.png"},{"@type":"WebSite","@id":"https:\/\/www.wcloc.com\/pt-pt#website","url":"https:\/\/www.wcloc.com\/pt-pt","name":"WC Loc","description":"Un site utilisant Les sites de platform.enygea.fr","publisher":{"@id":"https:\/\/www.wcloc.com\/pt-pt#organization"},"potentialAction":[{"@type":"SearchAction","target":{"@type":"EntryPoint","urlTemplate":"https:\/\/www.wcloc.com\/pt-pt?s={search_term_string}"},"query-input":{"@type":"PropertyValueSpecification","valueRequired":true,"valueName":"search_term_string"}}],"inLanguage":"pt-PT"},{"@type":"Organization","@id":"https:\/\/www.wcloc.com\/pt-pt#organization","name":"WC Loc","url":"https:\/\/www.wcloc.com\/pt-pt","logo":{"@type":"ImageObject","inLanguage":"pt-PT","@id":"https:\/\/www.wcloc.com\/pt-pt#\/schema\/logo\/image\/","url":"https:\/\/www.wcloc.com\/wp-content\/uploads\/2023\/04\/logo.png","contentUrl":"https:\/\/www.wcloc.com\/wp-content\/uploads\/2023\/04\/logo.png","width":291,"height":71,"caption":"WC Loc"},"image":{"@id":"https:\/\/www.wcloc.com\/pt-pt#\/schema\/logo\/image\/"}}]}},"_links":{"self":[{"href":"https:\/\/www.wcloc.com\/pt-pt\/wp-json\/wp\/v2\/pages\/36339","targetHints":{"allow":["GET"]}}],"collection":[{"href":"https:\/\/www.wcloc.com\/pt-pt\/wp-json\/wp\/v2\/pages"}],"about":[{"href":"https:\/\/www.wcloc.com\/pt-pt\/wp-json\/wp\/v2\/types\/page"}],"author":[{"embeddable":true,"href":"https:\/\/www.wcloc.com\/pt-pt\/wp-json\/wp\/v2\/users\/7"}],"replies":[{"embeddable":true,"href":"https:\/\/www.wcloc.com\/pt-pt\/wp-json\/wp\/v2\/comments?post=36339"}],"version-history":[{"count":4,"href":"https:\/\/www.wcloc.com\/pt-pt\/wp-json\/wp\/v2\/pages\/36339\/revisions"}],"predecessor-version":[{"id":39578,"href":"https:\/\/www.wcloc.com\/pt-pt\/wp-json\/wp\/v2\/pages\/36339\/revisions\/39578"}],"wp:attachment":[{"href":"https:\/\/www.wcloc.com\/pt-pt\/wp-json\/wp\/v2\/media?parent=36339"}],"curies":[{"name":"wp","href":"https:\/\/api.w.org\/{rel}","templated":true}]}}