{"id":30959,"date":"2021-10-07T11:38:56","date_gmt":"2021-10-07T09:38:56","guid":{"rendered":"https:\/\/www.wcloc.com\/?page_id=30959"},"modified":"2023-07-21T18:08:20","modified_gmt":"2023-07-21T16:08:20","slug":"perguntas-frequentes-obra","status":"publish","type":"page","link":"https:\/\/www.wcloc.com\/pt-pt\/perguntas-frequentes-obra","title":{"rendered":"Perguntas frequentes obra"},"content":{"rendered":"","protected":false},"excerpt":{"rendered":"","protected":false},"author":7,"featured_media":0,"parent":0,"menu_order":0,"comment_status":"closed","ping_status":"closed","template":"template-espace.php","meta":{"_acf_changed":false,"footnotes":""},"class_list":["post-30959","page","type-page","status-publish","hentry"],"acf":[],"yoast_head":"<!-- This site is optimized with the Yoast SEO plugin v27.3 - https:\/\/yoast.com\/product\/yoast-seo-wordpress\/ -->\n<title>WC para Obras: Como funciona? - WC Loc<\/title>\n<meta name=\"description\" content=\"Encontre j\u00e1 a resposta \u00e0s perguntas mais frequentes em rela\u00e7\u00e3o aos nossos servi\u00e7os de aluguer de WC paraObras. Saiba tudo e contacte-nos!\" \/>\n<meta name=\"robots\" content=\"index, follow, max-snippet:-1, max-image-preview:large, max-video-preview:-1\" \/>\n<link rel=\"canonical\" href=\"https:\/\/www.wcloc.com\/pt-pt\/perguntas-frequentes-obra\" \/>\n<meta property=\"og:locale\" content=\"pt_PT\" \/>\n<meta property=\"og:type\" content=\"article\" \/>\n<meta property=\"og:title\" content=\"WC para Obras: Como funciona? - WC Loc\" \/>\n<meta property=\"og:description\" content=\"Encontre j\u00e1 a resposta \u00e0s perguntas mais frequentes em rela\u00e7\u00e3o aos nossos servi\u00e7os de aluguer de WC paraObras. Saiba tudo e contacte-nos!\" \/>\n<meta property=\"og:url\" content=\"https:\/\/www.wcloc.com\/pt-pt\/perguntas-frequentes-obra\" \/>\n<meta property=\"og:site_name\" content=\"WC Loc\" \/>\n<meta property=\"article:modified_time\" content=\"2023-07-21T16:08:20+00:00\" \/>\n<meta name=\"twitter:card\" content=\"summary_large_image\" \/>\n<script type=\"application\/ld+json\" class=\"yoast-schema-graph\">{\"@context\":\"https:\\\/\\\/schema.org\",\"@graph\":[{\"@type\":\"WebPage\",\"@id\":\"https:\\\/\\\/www.wcloc.com\\\/pt-pt\\\/perguntas-frequentes-obra\",\"url\":\"https:\\\/\\\/www.wcloc.com\\\/pt-pt\\\/perguntas-frequentes-obra\",\"name\":\"WC para Obras: Como funciona? - WC Loc\",\"isPartOf\":{\"@id\":\"https:\\\/\\\/www.wcloc.com\\\/pt-pt#website\"},\"datePublished\":\"2021-10-07T09:38:56+00:00\",\"dateModified\":\"2023-07-21T16:08:20+00:00\",\"description\":\"Encontre j\u00e1 a resposta \u00e0s perguntas mais frequentes em rela\u00e7\u00e3o aos nossos servi\u00e7os de aluguer de WC paraObras. Saiba tudo e contacte-nos!\",\"inLanguage\":\"pt-PT\",\"potentialAction\":[{\"@type\":\"ReadAction\",\"target\":[\"https:\\\/\\\/www.wcloc.com\\\/pt-pt\\\/perguntas-frequentes-obra\"]}]},{\"@type\":\"WebSite\",\"@id\":\"https:\\\/\\\/www.wcloc.com\\\/pt-pt#website\",\"url\":\"https:\\\/\\\/www.wcloc.com\\\/pt-pt\",\"name\":\"WC Loc\",\"description\":\"Un site utilisant Les sites de platform.enygea.fr\",\"publisher\":{\"@id\":\"https:\\\/\\\/www.wcloc.com\\\/pt-pt#organization\"},\"potentialAction\":[{\"@type\":\"SearchAction\",\"target\":{\"@type\":\"EntryPoint\",\"urlTemplate\":\"https:\\\/\\\/www.wcloc.com\\\/pt-pt?s={search_term_string}\"},\"query-input\":{\"@type\":\"PropertyValueSpecification\",\"valueRequired\":true,\"valueName\":\"search_term_string\"}}],\"inLanguage\":\"pt-PT\"},{\"@type\":\"Organization\",\"@id\":\"https:\\\/\\\/www.wcloc.com\\\/pt-pt#organization\",\"name\":\"WC Loc\",\"url\":\"https:\\\/\\\/www.wcloc.com\\\/pt-pt\",\"logo\":{\"@type\":\"ImageObject\",\"inLanguage\":\"pt-PT\",\"@id\":\"https:\\\/\\\/www.wcloc.com\\\/pt-pt#\\\/schema\\\/logo\\\/image\\\/\",\"url\":\"https:\\\/\\\/www.wcloc.com\\\/wp-content\\\/uploads\\\/2023\\\/04\\\/logo.png\",\"contentUrl\":\"https:\\\/\\\/www.wcloc.com\\\/wp-content\\\/uploads\\\/2023\\\/04\\\/logo.png\",\"width\":291,\"height\":71,\"caption\":\"WC Loc\"},\"image\":{\"@id\":\"https:\\\/\\\/www.wcloc.com\\\/pt-pt#\\\/schema\\\/logo\\\/image\\\/\"}}]}<\/script>\n<!-- \/ Yoast SEO plugin. -->","yoast_head_json":{"title":"WC para Obras: Como funciona? - WC Loc","description":"Encontre j\u00e1 a resposta \u00e0s perguntas mais frequentes em rela\u00e7\u00e3o aos nossos servi\u00e7os de aluguer de WC paraObras. Saiba tudo e contacte-nos!","robots":{"index":"index","follow":"follow","max-snippet":"max-snippet:-1","max-image-preview":"max-image-preview:large","max-video-preview":"max-video-preview:-1"},"canonical":"https:\/\/www.wcloc.com\/pt-pt\/perguntas-frequentes-obra","og_locale":"pt_PT","og_type":"article","og_title":"WC para Obras: Como funciona? - WC Loc","og_description":"Encontre j\u00e1 a resposta \u00e0s perguntas mais frequentes em rela\u00e7\u00e3o aos nossos servi\u00e7os de aluguer de WC paraObras. Saiba tudo e contacte-nos!","og_url":"https:\/\/www.wcloc.com\/pt-pt\/perguntas-frequentes-obra","og_site_name":"WC Loc","article_modified_time":"2023-07-21T16:08:20+00:00","twitter_card":"summary_large_image","schema":{"@context":"https:\/\/schema.org","@graph":[{"@type":"WebPage","@id":"https:\/\/www.wcloc.com\/pt-pt\/perguntas-frequentes-obra","url":"https:\/\/www.wcloc.com\/pt-pt\/perguntas-frequentes-obra","name":"WC para Obras: Como funciona? - WC Loc","isPartOf":{"@id":"https:\/\/www.wcloc.com\/pt-pt#website"},"datePublished":"2021-10-07T09:38:56+00:00","dateModified":"2023-07-21T16:08:20+00:00","description":"Encontre j\u00e1 a resposta \u00e0s perguntas mais frequentes em rela\u00e7\u00e3o aos nossos servi\u00e7os de aluguer de WC paraObras. Saiba tudo e contacte-nos!","inLanguage":"pt-PT","potentialAction":[{"@type":"ReadAction","target":["https:\/\/www.wcloc.com\/pt-pt\/perguntas-frequentes-obra"]}]},{"@type":"WebSite","@id":"https:\/\/www.wcloc.com\/pt-pt#website","url":"https:\/\/www.wcloc.com\/pt-pt","name":"WC Loc","description":"Un site utilisant Les sites de platform.enygea.fr","publisher":{"@id":"https:\/\/www.wcloc.com\/pt-pt#organization"},"potentialAction":[{"@type":"SearchAction","target":{"@type":"EntryPoint","urlTemplate":"https:\/\/www.wcloc.com\/pt-pt?s={search_term_string}"},"query-input":{"@type":"PropertyValueSpecification","valueRequired":true,"valueName":"search_term_string"}}],"inLanguage":"pt-PT"},{"@type":"Organization","@id":"https:\/\/www.wcloc.com\/pt-pt#organization","name":"WC Loc","url":"https:\/\/www.wcloc.com\/pt-pt","logo":{"@type":"ImageObject","inLanguage":"pt-PT","@id":"https:\/\/www.wcloc.com\/pt-pt#\/schema\/logo\/image\/","url":"https:\/\/www.wcloc.com\/wp-content\/uploads\/2023\/04\/logo.png","contentUrl":"https:\/\/www.wcloc.com\/wp-content\/uploads\/2023\/04\/logo.png","width":291,"height":71,"caption":"WC Loc"},"image":{"@id":"https:\/\/www.wcloc.com\/pt-pt#\/schema\/logo\/image\/"}}]}},"_links":{"self":[{"href":"https:\/\/www.wcloc.com\/pt-pt\/wp-json\/wp\/v2\/pages\/30959","targetHints":{"allow":["GET"]}}],"collection":[{"href":"https:\/\/www.wcloc.com\/pt-pt\/wp-json\/wp\/v2\/pages"}],"about":[{"href":"https:\/\/www.wcloc.com\/pt-pt\/wp-json\/wp\/v2\/types\/page"}],"author":[{"embeddable":true,"href":"https:\/\/www.wcloc.com\/pt-pt\/wp-json\/wp\/v2\/users\/7"}],"replies":[{"embeddable":true,"href":"https:\/\/www.wcloc.com\/pt-pt\/wp-json\/wp\/v2\/comments?post=30959"}],"version-history":[{"count":3,"href":"https:\/\/www.wcloc.com\/pt-pt\/wp-json\/wp\/v2\/pages\/30959\/revisions"}],"predecessor-version":[{"id":91337,"href":"https:\/\/www.wcloc.com\/pt-pt\/wp-json\/wp\/v2\/pages\/30959\/revisions\/91337"}],"wp:attachment":[{"href":"https:\/\/www.wcloc.com\/pt-pt\/wp-json\/wp\/v2\/media?parent=30959"}],"curies":[{"name":"wp","href":"https:\/\/api.w.org\/{rel}","templated":true}]}}