{"id":133646,"date":"2025-08-27T13:03:18","date_gmt":"2025-08-27T11:03:18","guid":{"rendered":"https:\/\/www.wcloc.com\/?page_id=133646"},"modified":"2025-09-25T18:02:49","modified_gmt":"2025-09-25T16:02:49","slug":"motorista","status":"publish","type":"page","link":"https:\/\/www.wcloc.com\/pt-pt\/wc-loc-recruta\/motorista","title":{"rendered":"Junte-se a n\u00f3s como Motorista-Operador de Sanit\u00e1rios"},"content":{"rendered":"<p data-start=\"1872\" data-end=\"1936\">Na WC Loc Portugal, acreditamos que cada detalhe conta para oferecer aos nossos clientes um servi\u00e7o de qualidade.<br \/>\nEstamos \u00e0 procura de um Motorista \/ Operador de Sanit\u00e1rios M\u00f3veis que queira assumir este desafio com o mesmo profissionalismo e foco no cliente que nos distingue.<\/p>\n<h3><strong>\ud83d\udd27 As suas principais responsabilidades<\/strong><\/h3>\n<ul>\n<li>&#8211; Conduzir ve\u00edculos de servi\u00e7o (ligeiros ou pesados) para transporte e assist\u00eancia de sanit\u00e1rios m\u00f3veis<\/li>\n<li>&#8211; Realizar opera\u00e7\u00f5es de bombagem, aspira\u00e7\u00e3o e esvaziamento de tanques de \u00e1guas residuais<\/li>\n<li>&#8211; Entregar e recolher sanit\u00e1rios e outros equipamentos destinados a aluguer<\/li>\n<li>&#8211; Explicar aos utilizadores as instru\u00e7\u00f5es de uso dos equipamentos alugados<\/li>\n<li>&#8211; Participar nos controlos e an\u00e1lises de materiais, de acordo com os procedimentos internos<\/li>\n<li>&#8211; Assegurar a limpeza e desinfe\u00e7\u00e3o dos equipamentos alugados e a alugar<\/li>\n<li>&#8211; Transportar os efluentes at\u00e9 aos locais de tratamento autorizados<\/li>\n<li>&#8211; Manter os ve\u00edculos e materiais em boas condi\u00e7\u00f5es de higiene, funcionamento e seguran\u00e7a<\/li>\n<li>&#8211; Cumprir todas as normas de qualidade, ambiente e protocolos operacionais<\/li>\n<\/ul>\n<h3>\ud83d\udc64 O perfil que procuramos<\/h3>\n<ul>\n<li>&#8211; Din\u00e2mico(a), respons\u00e1vel e com esp\u00edrito de equipa<\/li>\n<li>&#8211; Experi\u00eancia anterior em fun\u00e7\u00f5es semelhantes valorizada<\/li>\n<li>&#8211; Carta de condu\u00e7\u00e3o adequada (ligeiros e\/ou pesados)<\/li>\n<li>&#8211; Vontade de se envolver numa fun\u00e7\u00e3o essencial para o bom funcionamento de eventos e obras<\/li>\n<\/ul>\n<h3><strong>\ud83c\udfaf<\/strong><strong> O que oferecemos<\/strong><\/h3>\n<ul>\n<li>&#8211; Entrada imediata<\/li>\n<li>&#8211; Per\u00edodo de forma\u00e7\u00e3o<\/li>\n<li>&#8211; Sal\u00e1rio base e subs\u00eddio de alimenta\u00e7\u00e3o<\/li>\n<li>&#8211; Autonomia e flexibilidade no seu dia a dia<\/li>\n<li>&#8211; Empresa em expans\u00e3o<\/li>\n<li>&#8211; Equipa jovem e din\u00e2mica<\/li>\n<li>&#8211; Ambiente de trabalho colaborativo e valoriza\u00e7\u00e3o do seu empenho<\/li>\n<\/ul>\n<h4><span style=\"text-decoration: underline\">Local de trabalho:<\/span><\/h4>\n<p>Procuramos motoristas para os nossos centros em Aveiro, Santo Tirso, Grande Porto e para a Regi\u00e3o de Set\u00fabal (estaleiro Moita).<\/p>\n<p>&nbsp;<\/p>\n<h2 style=\"text-align: center\">Interessado numa nova experi\u00eancia?<\/h2>\n<h2 style=\"text-align: center\">Envia-nos o teu CV atrav\u00e9s do formul\u00e1rio abaixo.<\/h2>\n<h1 style=\"text-align: center\">\u2193<\/h1>\n\n<div class=\"wpcf7 no-js\" id=\"wpcf7-f13771-o1\" lang=\"fr-FR\" dir=\"ltr\" data-wpcf7-id=\"13771\">\n<div class=\"screen-reader-response\"><p role=\"status\" aria-live=\"polite\" aria-atomic=\"true\"><\/p> <ul><\/ul><\/div>\n<form action=\"\/pt-pt\/wp-json\/wp\/v2\/pages\/133646#wpcf7-f13771-o1\" method=\"post\" class=\"wpcf7-form init\" aria-label=\"Formulaire de contact\" enctype=\"multipart\/form-data\" novalidate=\"novalidate\" data-status=\"init\">\n<fieldset class=\"hidden-fields-container\"><input type=\"hidden\" name=\"_wpcf7\" value=\"13771\" \/><input type=\"hidden\" name=\"_wpcf7_version\" value=\"6.1.5\" \/><input type=\"hidden\" name=\"_wpcf7_locale\" value=\"fr_FR\" \/><input type=\"hidden\" name=\"_wpcf7_unit_tag\" value=\"wpcf7-f13771-o1\" \/><input type=\"hidden\" name=\"_wpcf7_container_post\" value=\"0\" \/><input type=\"hidden\" name=\"_wpcf7_posted_data_hash\" value=\"\" \/><input type=\"hidden\" name=\"_wpcf7cf_hidden_group_fields\" value=\"[]\" \/><input type=\"hidden\" name=\"_wpcf7cf_hidden_groups\" value=\"[]\" \/><input type=\"hidden\" name=\"_wpcf7cf_visible_groups\" value=\"[]\" \/><input type=\"hidden\" name=\"_wpcf7cf_repeaters\" value=\"[]\" \/><input type=\"hidden\" name=\"_wpcf7cf_steps\" value=\"{}\" \/><input type=\"hidden\" name=\"_wpcf7cf_options\" value=\"{&quot;form_id&quot;:13771,&quot;conditions&quot;:[],&quot;settings&quot;:{&quot;animation&quot;:&quot;yes&quot;,&quot;animation_intime&quot;:200,&quot;animation_outtime&quot;:200,&quot;conditions_ui&quot;:&quot;normal&quot;,&quot;notice_dismissed&quot;:false,&quot;notice_dismissed_rollback-cf7-5.3.2&quot;:true,&quot;notice_dismissed_rollback-cf7-5.8.3&quot;:true,&quot;notice_dismissed_rollback-cf7-5.8.6&quot;:true,&quot;notice_dismissed_rollback-cf7-5.8.7&quot;:true,&quot;notice_dismissed_rollback-cf7-5.9.5&quot;:true,&quot;notice_dismissed_rollback-cf7-5.9.6&quot;:true}}\" \/><input type=\"hidden\" name=\"_wpcf7_recaptcha_response\" value=\"\" \/>\n<\/fieldset>\n<div class=\"content\">\n\t<p><span class=\"wpcf7-form-control-wrap\" data-name=\"nom\"><input size=\"40\" maxlength=\"400\" class=\"wpcf7-form-control wpcf7-text wpcf7-validates-as-required\" aria-required=\"true\" aria-invalid=\"false\" placeholder=\"Apelido*\" value=\"\" type=\"text\" name=\"nom\" \/><\/span><span class=\"wpcf7-form-control-wrap\" data-name=\"prenom\"><input size=\"40\" maxlength=\"400\" class=\"wpcf7-form-control wpcf7-text wpcf7-validates-as-required\" aria-required=\"true\" aria-invalid=\"false\" placeholder=\"Nome*\" value=\"\" type=\"text\" name=\"prenom\" \/><\/span><span class=\"wpcf7-form-control-wrap\" data-name=\"tel\"><input size=\"40\" maxlength=\"400\" class=\"wpcf7-form-control wpcf7-tel wpcf7-validates-as-required wpcf7-text wpcf7-validates-as-tel\" aria-required=\"true\" aria-invalid=\"false\" placeholder=\"Telefone*\" value=\"\" type=\"tel\" name=\"tel\" \/><\/span><span class=\"wpcf7-form-control-wrap\" data-name=\"mail\"><input size=\"40\" maxlength=\"400\" class=\"wpcf7-form-control wpcf7-email wpcf7-validates-as-required wpcf7-text wpcf7-validates-as-email\" aria-required=\"true\" aria-invalid=\"false\" placeholder=\"Email*\" value=\"\" type=\"email\" name=\"mail\" \/><\/span><span class=\"wpcf7-form-control-wrap\" data-name=\"message\"><textarea cols=\"40\" rows=\"10\" maxlength=\"2000\" class=\"wpcf7-form-control wpcf7-textarea\" aria-invalid=\"false\" placeholder=\"Mensagem\" name=\"message\"><\/textarea><\/span><span class=\"wpcf7-form-control-wrap\" data-name=\"accept\"><span class=\"wpcf7-form-control wpcf7-checkbox\"><span class=\"wpcf7-list-item first last\"><label><input type=\"checkbox\" name=\"accept[]\" value=\"Concordo em receber informa\u00e7\u00f5es do WC Loc\" \/><span class=\"wpcf7-list-item-label\">Concordo em receber informa\u00e7\u00f5es do WC Loc<\/span><\/label><\/span><\/span><\/span>\n\t<\/p>\n\t<p class=\"marges\"><label for=\"cv\">CV*<\/label><br \/>\nAnexo um arquivo pdf ou Word<br \/>\n<span class=\"wpcf7-form-control-wrap\" data-name=\"cv\"><input size=\"40\" class=\"wpcf7-form-control wpcf7-file wpcf7-validates-as-required\" id=\"cv\" accept=\".*,.txt,application\/pdf\" aria-required=\"true\" aria-invalid=\"false\" type=\"file\" name=\"cv\" \/><\/span>\n\t<\/p>\n\t<p class=\"center\"><button id='submit' class='wpcf7-form-control wpcf7-submit button button-white button-double'>Envio !<\/button>\n\t<\/p>\n<\/div>\n<p><small>*Campo obrigat\u00f3rio<\/small>\n<\/p><div class=\"wpcf7-response-output\" aria-hidden=\"true\"><\/div>\n<\/form>\n<\/div>\n\n","protected":false},"excerpt":{"rendered":"Na WC Loc Portugal, acreditamos que cada detalhe conta para oferecer aos nossos clientes um servi\u00e7o de qualidade. Estamos \u00e0 procura de um Motorista \/ Operador de Sanit\u00e1rios M\u00f3veis que queira assumir este desafio com o mesmo profissionalismo e foco no cliente que nos distingue. \ud83d\udd27 As suas principais responsabilidades &#8211; Conduzir ve\u00edculos de servi\u00e7o [&hellip;]","protected":false},"author":64,"featured_media":0,"parent":13768,"menu_order":0,"comment_status":"closed","ping_status":"closed","template":"","meta":{"_acf_changed":false,"footnotes":""},"class_list":["post-133646","page","type-page","status-publish","hentry"],"acf":[],"yoast_head":"<!-- This site is optimized with the Yoast SEO plugin v27.4 - https:\/\/yoast.com\/product\/yoast-seo-wordpress\/ -->\n<title>Junte-se a n\u00f3s como Motorista-Operador de Sanit\u00e1rios - WC Loc<\/title>\n<meta name=\"robots\" content=\"index, follow, max-snippet:-1, max-image-preview:large, max-video-preview:-1\" \/>\n<link rel=\"canonical\" href=\"https:\/\/www.wcloc.com\/pt-pt\/wc-loc-recruta\/motorista\" \/>\n<meta property=\"og:locale\" content=\"pt_PT\" \/>\n<meta property=\"og:type\" content=\"article\" \/>\n<meta property=\"og:title\" content=\"Junte-se a n\u00f3s como Motorista-Operador de Sanit\u00e1rios - WC Loc\" \/>\n<meta property=\"og:description\" content=\"Na WC Loc Portugal, acreditamos que cada detalhe conta para oferecer aos nossos clientes um servi\u00e7o de qualidade. Estamos \u00e0 procura de um Motorista \/ Operador de Sanit\u00e1rios M\u00f3veis que queira assumir este desafio com o mesmo profissionalismo e foco no cliente que nos distingue. \ud83d\udd27 As suas principais responsabilidades &#8211; Conduzir ve\u00edculos de servi\u00e7o [&hellip;]\" \/>\n<meta property=\"og:url\" content=\"https:\/\/www.wcloc.com\/pt-pt\/wc-loc-recruta\/motorista\" \/>\n<meta property=\"og:site_name\" content=\"WC Loc\" \/>\n<meta property=\"article:modified_time\" content=\"2025-09-25T16:02:49+00:00\" \/>\n<meta name=\"twitter:card\" content=\"summary_large_image\" \/>\n<meta name=\"twitter:label1\" content=\"Tempo estimado de leitura\" \/>\n\t<meta name=\"twitter:data1\" content=\"2 minutos\" \/>\n<script type=\"application\/ld+json\" class=\"yoast-schema-graph\">{\"@context\":\"https:\\\/\\\/schema.org\",\"@graph\":[{\"@type\":\"WebPage\",\"@id\":\"https:\\\/\\\/www.wcloc.com\\\/pt-pt\\\/wc-loc-recruta\\\/motorista\",\"url\":\"https:\\\/\\\/www.wcloc.com\\\/pt-pt\\\/wc-loc-recruta\\\/motorista\",\"name\":\"Junte-se a n\u00f3s como Motorista-Operador de Sanit\u00e1rios - WC Loc\",\"isPartOf\":{\"@id\":\"https:\\\/\\\/www.wcloc.com\\\/pt-pt#website\"},\"datePublished\":\"2025-08-27T11:03:18+00:00\",\"dateModified\":\"2025-09-25T16:02:49+00:00\",\"breadcrumb\":{\"@id\":\"https:\\\/\\\/www.wcloc.com\\\/pt-pt\\\/wc-loc-recruta\\\/motorista#breadcrumb\"},\"inLanguage\":\"pt-PT\",\"potentialAction\":[{\"@type\":\"ReadAction\",\"target\":[\"https:\\\/\\\/www.wcloc.com\\\/pt-pt\\\/wc-loc-recruta\\\/motorista\"]}]},{\"@type\":\"BreadcrumbList\",\"@id\":\"https:\\\/\\\/www.wcloc.com\\\/pt-pt\\\/wc-loc-recruta\\\/motorista#breadcrumb\",\"itemListElement\":[{\"@type\":\"ListItem\",\"position\":1,\"name\":\"Recrutamento\",\"item\":\"https:\\\/\\\/www.wcloc.com\\\/pt-pt\\\/wc-loc-recruta\"},{\"@type\":\"ListItem\",\"position\":2,\"name\":\"Junte-se a n\u00f3s como Motorista-Operador de Sanit\u00e1rios\"}]},{\"@type\":\"WebSite\",\"@id\":\"https:\\\/\\\/www.wcloc.com\\\/pt-pt#website\",\"url\":\"https:\\\/\\\/www.wcloc.com\\\/pt-pt\",\"name\":\"WC Loc\",\"description\":\"Un site utilisant Les sites de platform.enygea.fr\",\"publisher\":{\"@id\":\"https:\\\/\\\/www.wcloc.com\\\/pt-pt#organization\"},\"potentialAction\":[{\"@type\":\"SearchAction\",\"target\":{\"@type\":\"EntryPoint\",\"urlTemplate\":\"https:\\\/\\\/www.wcloc.com\\\/pt-pt?s={search_term_string}\"},\"query-input\":{\"@type\":\"PropertyValueSpecification\",\"valueRequired\":true,\"valueName\":\"search_term_string\"}}],\"inLanguage\":\"pt-PT\"},{\"@type\":\"Organization\",\"@id\":\"https:\\\/\\\/www.wcloc.com\\\/pt-pt#organization\",\"name\":\"WC Loc\",\"url\":\"https:\\\/\\\/www.wcloc.com\\\/pt-pt\",\"logo\":{\"@type\":\"ImageObject\",\"inLanguage\":\"pt-PT\",\"@id\":\"https:\\\/\\\/www.wcloc.com\\\/pt-pt#\\\/schema\\\/logo\\\/image\\\/\",\"url\":\"https:\\\/\\\/www.wcloc.com\\\/wp-content\\\/uploads\\\/2023\\\/04\\\/logo.png\",\"contentUrl\":\"https:\\\/\\\/www.wcloc.com\\\/wp-content\\\/uploads\\\/2023\\\/04\\\/logo.png\",\"width\":291,\"height\":71,\"caption\":\"WC Loc\"},\"image\":{\"@id\":\"https:\\\/\\\/www.wcloc.com\\\/pt-pt#\\\/schema\\\/logo\\\/image\\\/\"}}]}<\/script>\n<!-- \/ Yoast SEO plugin. -->","yoast_head_json":{"title":"Junte-se a n\u00f3s como Motorista-Operador de Sanit\u00e1rios - WC Loc","robots":{"index":"index","follow":"follow","max-snippet":"max-snippet:-1","max-image-preview":"max-image-preview:large","max-video-preview":"max-video-preview:-1"},"canonical":"https:\/\/www.wcloc.com\/pt-pt\/wc-loc-recruta\/motorista","og_locale":"pt_PT","og_type":"article","og_title":"Junte-se a n\u00f3s como Motorista-Operador de Sanit\u00e1rios - WC Loc","og_description":"Na WC Loc Portugal, acreditamos que cada detalhe conta para oferecer aos nossos clientes um servi\u00e7o de qualidade. Estamos \u00e0 procura de um Motorista \/ Operador de Sanit\u00e1rios M\u00f3veis que queira assumir este desafio com o mesmo profissionalismo e foco no cliente que nos distingue. \ud83d\udd27 As suas principais responsabilidades &#8211; Conduzir ve\u00edculos de servi\u00e7o [&hellip;]","og_url":"https:\/\/www.wcloc.com\/pt-pt\/wc-loc-recruta\/motorista","og_site_name":"WC Loc","article_modified_time":"2025-09-25T16:02:49+00:00","twitter_card":"summary_large_image","twitter_misc":{"Tempo estimado de leitura":"2 minutos"},"schema":{"@context":"https:\/\/schema.org","@graph":[{"@type":"WebPage","@id":"https:\/\/www.wcloc.com\/pt-pt\/wc-loc-recruta\/motorista","url":"https:\/\/www.wcloc.com\/pt-pt\/wc-loc-recruta\/motorista","name":"Junte-se a n\u00f3s como Motorista-Operador de Sanit\u00e1rios - WC Loc","isPartOf":{"@id":"https:\/\/www.wcloc.com\/pt-pt#website"},"datePublished":"2025-08-27T11:03:18+00:00","dateModified":"2025-09-25T16:02:49+00:00","breadcrumb":{"@id":"https:\/\/www.wcloc.com\/pt-pt\/wc-loc-recruta\/motorista#breadcrumb"},"inLanguage":"pt-PT","potentialAction":[{"@type":"ReadAction","target":["https:\/\/www.wcloc.com\/pt-pt\/wc-loc-recruta\/motorista"]}]},{"@type":"BreadcrumbList","@id":"https:\/\/www.wcloc.com\/pt-pt\/wc-loc-recruta\/motorista#breadcrumb","itemListElement":[{"@type":"ListItem","position":1,"name":"Recrutamento","item":"https:\/\/www.wcloc.com\/pt-pt\/wc-loc-recruta"},{"@type":"ListItem","position":2,"name":"Junte-se a n\u00f3s como Motorista-Operador de Sanit\u00e1rios"}]},{"@type":"WebSite","@id":"https:\/\/www.wcloc.com\/pt-pt#website","url":"https:\/\/www.wcloc.com\/pt-pt","name":"WC Loc","description":"Un site utilisant Les sites de platform.enygea.fr","publisher":{"@id":"https:\/\/www.wcloc.com\/pt-pt#organization"},"potentialAction":[{"@type":"SearchAction","target":{"@type":"EntryPoint","urlTemplate":"https:\/\/www.wcloc.com\/pt-pt?s={search_term_string}"},"query-input":{"@type":"PropertyValueSpecification","valueRequired":true,"valueName":"search_term_string"}}],"inLanguage":"pt-PT"},{"@type":"Organization","@id":"https:\/\/www.wcloc.com\/pt-pt#organization","name":"WC Loc","url":"https:\/\/www.wcloc.com\/pt-pt","logo":{"@type":"ImageObject","inLanguage":"pt-PT","@id":"https:\/\/www.wcloc.com\/pt-pt#\/schema\/logo\/image\/","url":"https:\/\/www.wcloc.com\/wp-content\/uploads\/2023\/04\/logo.png","contentUrl":"https:\/\/www.wcloc.com\/wp-content\/uploads\/2023\/04\/logo.png","width":291,"height":71,"caption":"WC Loc"},"image":{"@id":"https:\/\/www.wcloc.com\/pt-pt#\/schema\/logo\/image\/"}}]}},"_links":{"self":[{"href":"https:\/\/www.wcloc.com\/pt-pt\/wp-json\/wp\/v2\/pages\/133646","targetHints":{"allow":["GET"]}}],"collection":[{"href":"https:\/\/www.wcloc.com\/pt-pt\/wp-json\/wp\/v2\/pages"}],"about":[{"href":"https:\/\/www.wcloc.com\/pt-pt\/wp-json\/wp\/v2\/types\/page"}],"author":[{"embeddable":true,"href":"https:\/\/www.wcloc.com\/pt-pt\/wp-json\/wp\/v2\/users\/64"}],"replies":[{"embeddable":true,"href":"https:\/\/www.wcloc.com\/pt-pt\/wp-json\/wp\/v2\/comments?post=133646"}],"version-history":[{"count":4,"href":"https:\/\/www.wcloc.com\/pt-pt\/wp-json\/wp\/v2\/pages\/133646\/revisions"}],"predecessor-version":[{"id":136933,"href":"https:\/\/www.wcloc.com\/pt-pt\/wp-json\/wp\/v2\/pages\/133646\/revisions\/136933"}],"up":[{"embeddable":true,"href":"https:\/\/www.wcloc.com\/pt-pt\/wp-json\/wp\/v2\/pages\/13768"}],"wp:attachment":[{"href":"https:\/\/www.wcloc.com\/pt-pt\/wp-json\/wp\/v2\/media?parent=133646"}],"curies":[{"name":"wp","href":"https:\/\/api.w.org\/{rel}","templated":true}]}}