{"id":78913,"date":"2019-06-12T11:10:55","date_gmt":"2019-06-12T09:10:55","guid":{"rendered":"https:\/\/www.wcloc.com\/mentions-legales-2"},"modified":"2023-04-26T16:21:25","modified_gmt":"2023-04-26T14:21:25","slug":"wettelijke-vermeldingen","status":"publish","type":"page","link":"https:\/\/www.wcloc.com\/nl\/wettelijke-vermeldingen","title":{"rendered":"Wettelijke vermeldingen"},"content":{"rendered":"<p>WC Loc, de Franse specialist inzake verhuur van mobiele sanitaire installaties<\/p>\n<p>De Groep WC Loc richt zich tot alle economische actoren die mobiele of tijdelijke sanitaire installaties huren.<\/p>\n<ol>\n<li><strong>JURIDISCHE GEGEVENS<\/strong>\n<ol>\n<li>EIGENAAR EN UITGEVER VAN DE WEBSITE<br \/>\nDe website wordt uitgegeven door de onderneming WC LOC SAS (hierna &#8216;WC LOC&#8217;):<br \/>\nWC LOC<br \/>\nVereenvoudigde aandelenvennootschap met een kapitaal van \u20ac 270.000<br \/>\nRue de la Bleue du Nord \u2013 PB 90265 \u2013 59306 Valenciennes Cedex<br \/>\nSIRET-nummer: 387 867 765 00027 \u2013 APE\/NAF-code: 714B<br \/>\nTel: 03 27 27 27 27 \u2013 Fax: 03 27 27 10 69<\/li>\n<li>HOOFDREDACTEUR VAN DE PUBLICATIE<br \/>\nDe hoofdredacteur van de website is de heer Herv\u00e9 Montagne, voorzitter van WC LOC.<\/li>\n<li>HOSTING VAN DE WEBSITE<br \/>\nDe website wordt gehost door de onderneming <strong><a href=\"https:\/\/www.ostin.fr\/\" target=\"_blank\" rel=\"noopener noreferrer\">OSTIN<\/a><\/strong><br \/>\n74 rue Blanche, 75009 Parijs<br \/>\nVereenvoudigde aandelenvennootschap met een kapitaal van \u20ac 2.000<br \/>\nHandelsregister: Parijs B 799 214 069<br \/>\nIntracommunautair btw-nummer: FR02799214069<br \/>\nTel.: 01 80 87 81 24<br \/>\nE-mail: contact@ostin.fr<\/li>\n<li>BOUW VAN DE WEBSITE<br \/>\nDe website werd ontwikkeld door <strong><a href=\"https:\/\/www.ostin-digital.fr\/\" target=\"_blank\" rel=\"noopener noreferrer\">Ostin digital<\/a><\/strong>.<\/li>\n<\/ol>\n<\/li>\n<li><strong>INTELLECTUELE EIGENDOM<\/strong>\n<ol>\n<li>MERKEN, LOGO\u2019S, HANDELSNAMEN, DOMEINNAMEN:<br \/>\nDe merken, logo\u2019s, letterwoorden, firmanamen, handelsnamen, emblemen en\/of domeinnamen van WC LOC en\/of zijn handelspartners die op de website worden vermeld, vormen onderscheidende tekens. Ze mogen dan ook niet worden gebruikt zonder de uitdrukkelijke en voorafgaande toestemming van hun rechthebbende. Elke vorm van gebruik, reproductie, voorstelling, imitatie of wijziging, hetzij geheel of gedeeltelijk, van deze onderscheidende tekens is bijgevolg verboden en geldt als merkvervalsing op grond van de bepalingen van Boek 7 van het Wetboek inzake Intellectuele Eigendom, en leidt tot burgerrechtelijke aansprakelijkheid wegens onrechtmatige daad in hoofde van de pleger, conform de bepalingen van artikel 1382 van het Burgerlijk Wetboek.<\/li>\n<li>AUTEURSRECHTEN (FOTO\u2019S, AFBEELDINGEN, GELUIDEN):<br \/>\nDe website is volledig en integraal eigendom van WC LOC, titularis of concessiehouder van de hiermee verbonden intellectuele-eigendomsrechten. De algemene structuur van de website (grafisch charter) net als de inhoud ervan (teksten, slogans, afbeeldingen, foto\u2019s, geluiden filmpjes &#8230;), zijn eigendom van WC LOC of van derden die werden gemachtigd om deze te gebruiken, en worden beschermd op grond van het auteursrecht. Elke voorstelling, weergave, wijziging, verdraaiing en\/of exploitatie, hetzij geheel of gedeeltelijk, van de website en\/of zijn inhoud, met behulp van eender welk proced\u00e9 en op welke drager dan ook, zonder de uitdrukkelijke en voorafgaande toestemming van WC LOC, is bijgevolg verboden en geldt met dit doel als een inbreuk op het auteursrecht op grond van de bepalingen van Boek 1 van het Wetboek inzake Intellectuele Eigendom, en leidt tot strafrechtelijke en burgerlijke aansprakelijkheid in hoofde van de gebruiker wegens inbreuken op het auteursrecht.<\/li>\n<li>DATABANKEN<br \/>\nConform de bepalingen van artikel 341-1 van het Wetboek inzake Intellectuele Eigendom erkennen de gebruikers van de website (hierna \u2018de gebruikers\u2019) de rechten van WC LOC op de totaliteit of een deel van de databanken die op de website toegankelijk zijn, vanwege zijn hoedanigheid van producent. Het opvragen, gebruiken, stockeren, reproduceren, weergeven of bewaren, hetzij rechtstreeks of onrechtstreeks, hetzij geheel of gedeeltelijk, inclusief in een buffergeheugen of tijdelijk geheugen, van een in kwalitatief of kwantitatief opzicht substantieel deel van de inhoud van een of meer databanken van WC LOC, door middel van een van de hierboven bedoelde proced\u00e9s, is ten strengste verboden, inclusief met een niet door WC LOC toegestaan medium.<\/li>\n<li>HYPERLINKS<br \/>\nHet is ten strengste verboden eender welke hyperlink naar de volledige website of naar een deel ervan te plaatsen, behalve met de voorafgaande en schriftelijke toestemming van WC LOC. WC LOC kan niet aansprakelijk worden gesteld voor de inhoud, de gegevens, de producten en de informatie die wordt\/worden aangeboden via de websites waarnaar hyperlinks geplaatst zijn. Meer in het bijzonder wijst WC LOC elke aansprakelijkheid af voor de websites waarvan de gegevens niet in overeenstemming zijn met de bepalingen van de geldende wet- en regelgeving.<\/li>\n<\/ol>\n<\/li>\n<li><strong>VERTROUWELIJKHEID \u2013 PERSOONSGEGEVENS<\/strong><br \/>\nWC LOC is verantwoordelijk voor de verwerking van de persoonsgegevens die via de website kunnen worden verzameld. Alle persoonsgegevens die de gebruiker van de website verstrekt, zijn onderworpen aan de bepalingen van Wet Nr. 78-17 van 6 januari 1978 betreffende de Informatica, de Bestanden en de Vrijheden \u2013 de zogenaamde \u2018Wet aangaande Informatica en Vrijheden\u2019 \u2013 en aan de latere wetten en reglementen tot wijziging hiervan.<br \/>\nIndien de gebruiker zijn persoonsgegevens dient mee te delen:<br \/>\n\u2013 verbindt WC LOC zich ertoe om deze gegevens slechts te gebruiken om zijn eventuele vragen om informatie te beantwoorden; en<br \/>\n\u2013 behoudt WC LOC zich de mogelijkheid voor om de gebruiker nieuwe berichten te sturen om hem offertes aan te bieden, en dit behoudens uitdrukkelijke weigering van laatstgenoemde. De verwerking van de persoonsgegevens door WC LOC via zijn website gebeurt met de volgende doeleinden: (i) de opstelling van algemene statistieken over het verkeer op de website,<br \/>\n(ii) antwoorden op de verwachtingen, vragen en behoeften die de gebruikers van de website formuleren,<br \/>\n(iii) het klantenbeheer van WC LOC, inclusief het beheer van prospects,<br \/>\n(iv) het beheer van de contractuele relatie,<br \/>\n(v) activiteiten op het vlak van commerci\u00eble prospectie of direct marketing voor producten en diensten waarvan de promotie door WC LOC wordt gevoerd, en dit met de uitdrukkelijke en voorafgaande toestemming van de betreffende gebruiker(s). WC LOC verbindt zich ertoe alle redelijke stappen te ondernemen om de veiligheid en vertrouwelijkheid van de persoonsgegevens van de gebruikers van de website te verzekeren, en erop toe te zien dat ze slechts toegankelijk zijn voor het personeel van WC LOC dat hiertoe gemachtigd is. WC LOC verbindt zich er ook toe om de persoonsgegevens van de gebruikers van de website niet te verstrekken, te verkopen of te verhuren aan derden, tenzij het hiertoe door de wet- of regelgeving of door een gerechtelijke overheid wordt verplicht. De elektronische berichten en de elektronische adressen die naar WC LOC worden verstuurd, worden slechts bewaard gedurende de periode die nodig is voor hun verwerking. Conform de bepalingen van artikels 38, 39 en 40 van Wet nr. 78-17 van 6 januari 1978 \u2013 de zogenaamde \u2018Wet aangaande Informatica en Vrijheden\u2019 \u2013 gewijzigd door Wet nr. 2004-801 van 6 augustus 2004, beschikt de gebruiker op elk moment over een recht op inzage in, bezwaar tegen, rechtzetting van en schrapping van de persoonsgegevens die op hem betrekking hebben en die door WC LOC werden verzameld. Hiertoe kan de gebruiker een gewone brief richten aan WC LOC met de adresgegevens die vermeld staan in artikel 1.1 van deze wettelijke vermeldingen of bellen naar het nummer +33 (0)3 27 27 27.<\/li>\n<li><strong>AANSPRAKELIJKHEID<\/strong><br \/>\nWC LOC deelt de gebruiker mee dat de dienstverlening bestaande uit de verhuur van bedrijfsmateriaal dat op de website wordt aangeboden, onderworpen is aan de Algemene Voorwaarden voor de Verhuur van Bedrijfsmateriaal. Die zijn op de website te raadplegen via de volgende link:<br \/>\nhttps:\/\/www.wcloc.fr\/pdf\/CONDITIONS_DE_LOCATION_WC_LOC.pdf. De foto\u2019s en documenten ter illustratie van het materiaal en de producten die op de website worden aangeboden, hebben geen contractuele waarde en zijn niet bindend voor WC LOC of eender welke van zijn dochterondernemingen.<br \/>\nWC LOC en zijn dochterondernemingen kunnen niet aansprakelijk worden gesteld voor enige onrechtstreekse schade zoals winstderving, verlies van een contract of verlies van een kans, vanwege het gebruik van de website. Alle informatie aangaande WC LOC, van welke aard dan ook, die buiten deze website op het internet toegankelijk is, werd de facto overgemaakt zonder de toestemming van WC LOC en kan bijgevolg geen aanleiding geven tot enige aansprakelijkheid in hoofde van WC LOC.<br \/>\nWC LOC is slechts gebonden door een loutere inspanningsverbintenis voor wat betreft de informatie die op de website te vinden is, welke informatie niet noodzakelijk volledig, exhaustief, nauwkeurig of up-to-date is.<br \/>\nWC LOC wijst bijgevolg elke aansprakelijkheid af en kan niet aansprakelijk worden gesteld voor de interpretatie van de informatie op de website, noch voor de gevolgen van het gebruik ervan. Ondanks alle zorg die aan de opstelling en juistheid ervan werd besteed, vormt deze website geen contractueel document en kan hij niet worden gebruikt als grond voor enige rechtsvordering. WC LOC kan niet aansprakelijk worden gesteld wegens fouten, weglatingen of de onmogelijkheid om zich toegang te verschaffen tot de website. De gebruiker raadpleegt en gebruikt de website uitsluitend op zijn eigen verantwoordelijkheid.<\/li>\n<li><strong>WIJZIGING<\/strong><br \/>\nDeze wettelijke vermeldingen kunnen op elk moment worden gewijzigd en\/of aangepast. De gebruiker wordt bijgevolg verzocht om ze regelmatig te raadplegen.<\/li>\n<li><strong>TOEPASSELIJK RECHT EN BEVOEGDE RECHTBANKEN<\/strong><br \/>\nDeze wettelijke vermeldingen zijn onderworpen aan het Franse recht. Elk geschil aangaande de geldigheid of de interpretatie van eender welke van de bepalingen van deze wettelijke vermeldingen, behoort tot de exclusieve bevoegdheid van de Franse rechtbanken.<\/li>\n<\/ol>\n","protected":false},"excerpt":{"rendered":"WC Loc, de Franse specialist inzake verhuur van mobiele sanitaire installaties De Groep WC Loc richt zich tot alle economische actoren die mobiele of tijdelijke sanitaire installaties huren. JURIDISCHE GEGEVENS EIGENAAR EN UITGEVER VAN DE WEBSITE De website wordt uitgegeven door de onderneming WC LOC SAS (hierna &#8216;WC LOC&#8217;): WC LOC Vereenvoudigde aandelenvennootschap met een [&hellip;]","protected":false},"author":2,"featured_media":0,"parent":0,"menu_order":0,"comment_status":"closed","ping_status":"closed","template":"","meta":{"_acf_changed":false,"footnotes":""},"class_list":["post-78913","page","type-page","status-publish","hentry"],"acf":[],"yoast_head":"<!-- This site is optimized with the Yoast SEO plugin v27.4 - https:\/\/yoast.com\/product\/yoast-seo-wordpress\/ -->\n<title>Wettelijke vermeldingen - WC Loc<\/title>\n<meta name=\"description\" content=\"D\u00e9couvrez les mentions l\u00e9gales et informations g\u00e9n\u00e9rales du site wcloc. Wc Loc, votre expert en location de WC et sanitaires mobiles !\" \/>\n<meta name=\"robots\" content=\"index, follow, max-snippet:-1, max-image-preview:large, max-video-preview:-1\" \/>\n<link rel=\"canonical\" href=\"https:\/\/www.wcloc.com\/nl\/wettelijke-vermeldingen\" \/>\n<meta property=\"og:locale\" content=\"nl_NL\" \/>\n<meta property=\"og:type\" content=\"article\" \/>\n<meta property=\"og:title\" content=\"Wettelijke vermeldingen - WC Loc\" \/>\n<meta property=\"og:description\" content=\"D\u00e9couvrez les mentions l\u00e9gales et informations g\u00e9n\u00e9rales du site wcloc. Wc Loc, votre expert en location de WC et sanitaires mobiles !\" \/>\n<meta property=\"og:url\" content=\"https:\/\/www.wcloc.com\/nl\/wettelijke-vermeldingen\" \/>\n<meta property=\"og:site_name\" content=\"WC Loc\" \/>\n<meta property=\"article:modified_time\" content=\"2023-04-26T14:21:25+00:00\" \/>\n<meta name=\"twitter:card\" content=\"summary_large_image\" \/>\n<meta name=\"twitter:label1\" content=\"Geschatte leestijd\" \/>\n\t<meta name=\"twitter:data1\" content=\"7 minuten\" \/>\n<script type=\"application\/ld+json\" class=\"yoast-schema-graph\">{\"@context\":\"https:\\\/\\\/schema.org\",\"@graph\":[{\"@type\":\"WebPage\",\"@id\":\"https:\\\/\\\/www.wcloc.com\\\/nl\\\/wettelijke-vermeldingen\",\"url\":\"https:\\\/\\\/www.wcloc.com\\\/nl\\\/wettelijke-vermeldingen\",\"name\":\"Wettelijke vermeldingen - WC Loc\",\"isPartOf\":{\"@id\":\"https:\\\/\\\/www.wcloc.com\\\/nl#website\"},\"datePublished\":\"2019-06-12T09:10:55+00:00\",\"dateModified\":\"2023-04-26T14:21:25+00:00\",\"description\":\"D\u00e9couvrez les mentions l\u00e9gales et informations g\u00e9n\u00e9rales du site wcloc. Wc Loc, votre expert en location de WC et sanitaires mobiles !\",\"inLanguage\":\"nl-NL\",\"potentialAction\":[{\"@type\":\"ReadAction\",\"target\":[\"https:\\\/\\\/www.wcloc.com\\\/nl\\\/wettelijke-vermeldingen\"]}]},{\"@type\":\"WebSite\",\"@id\":\"https:\\\/\\\/www.wcloc.com\\\/nl#website\",\"url\":\"https:\\\/\\\/www.wcloc.com\\\/nl\",\"name\":\"WC Loc\",\"description\":\"Un site utilisant Les sites de platform.enygea.fr\",\"publisher\":{\"@id\":\"https:\\\/\\\/www.wcloc.com\\\/nl#organization\"},\"potentialAction\":[{\"@type\":\"SearchAction\",\"target\":{\"@type\":\"EntryPoint\",\"urlTemplate\":\"https:\\\/\\\/www.wcloc.com\\\/nl?s={search_term_string}\"},\"query-input\":{\"@type\":\"PropertyValueSpecification\",\"valueRequired\":true,\"valueName\":\"search_term_string\"}}],\"inLanguage\":\"nl-NL\"},{\"@type\":\"Organization\",\"@id\":\"https:\\\/\\\/www.wcloc.com\\\/nl#organization\",\"name\":\"WC Loc\",\"url\":\"https:\\\/\\\/www.wcloc.com\\\/nl\",\"logo\":{\"@type\":\"ImageObject\",\"inLanguage\":\"nl-NL\",\"@id\":\"https:\\\/\\\/www.wcloc.com\\\/nl#\\\/schema\\\/logo\\\/image\\\/\",\"url\":\"https:\\\/\\\/www.wcloc.com\\\/wp-content\\\/uploads\\\/2023\\\/04\\\/logo.png\",\"contentUrl\":\"https:\\\/\\\/www.wcloc.com\\\/wp-content\\\/uploads\\\/2023\\\/04\\\/logo.png\",\"width\":291,\"height\":71,\"caption\":\"WC Loc\"},\"image\":{\"@id\":\"https:\\\/\\\/www.wcloc.com\\\/nl#\\\/schema\\\/logo\\\/image\\\/\"}}]}<\/script>\n<!-- \/ Yoast SEO plugin. -->","yoast_head_json":{"title":"Wettelijke vermeldingen - WC Loc","description":"D\u00e9couvrez les mentions l\u00e9gales et informations g\u00e9n\u00e9rales du site wcloc. Wc Loc, votre expert en location de WC et sanitaires mobiles !","robots":{"index":"index","follow":"follow","max-snippet":"max-snippet:-1","max-image-preview":"max-image-preview:large","max-video-preview":"max-video-preview:-1"},"canonical":"https:\/\/www.wcloc.com\/nl\/wettelijke-vermeldingen","og_locale":"nl_NL","og_type":"article","og_title":"Wettelijke vermeldingen - WC Loc","og_description":"D\u00e9couvrez les mentions l\u00e9gales et informations g\u00e9n\u00e9rales du site wcloc. Wc Loc, votre expert en location de WC et sanitaires mobiles !","og_url":"https:\/\/www.wcloc.com\/nl\/wettelijke-vermeldingen","og_site_name":"WC Loc","article_modified_time":"2023-04-26T14:21:25+00:00","twitter_card":"summary_large_image","twitter_misc":{"Geschatte leestijd":"7 minuten"},"schema":{"@context":"https:\/\/schema.org","@graph":[{"@type":"WebPage","@id":"https:\/\/www.wcloc.com\/nl\/wettelijke-vermeldingen","url":"https:\/\/www.wcloc.com\/nl\/wettelijke-vermeldingen","name":"Wettelijke vermeldingen - WC Loc","isPartOf":{"@id":"https:\/\/www.wcloc.com\/nl#website"},"datePublished":"2019-06-12T09:10:55+00:00","dateModified":"2023-04-26T14:21:25+00:00","description":"D\u00e9couvrez les mentions l\u00e9gales et informations g\u00e9n\u00e9rales du site wcloc. Wc Loc, votre expert en location de WC et sanitaires mobiles !","inLanguage":"nl-NL","potentialAction":[{"@type":"ReadAction","target":["https:\/\/www.wcloc.com\/nl\/wettelijke-vermeldingen"]}]},{"@type":"WebSite","@id":"https:\/\/www.wcloc.com\/nl#website","url":"https:\/\/www.wcloc.com\/nl","name":"WC Loc","description":"Un site utilisant Les sites de platform.enygea.fr","publisher":{"@id":"https:\/\/www.wcloc.com\/nl#organization"},"potentialAction":[{"@type":"SearchAction","target":{"@type":"EntryPoint","urlTemplate":"https:\/\/www.wcloc.com\/nl?s={search_term_string}"},"query-input":{"@type":"PropertyValueSpecification","valueRequired":true,"valueName":"search_term_string"}}],"inLanguage":"nl-NL"},{"@type":"Organization","@id":"https:\/\/www.wcloc.com\/nl#organization","name":"WC Loc","url":"https:\/\/www.wcloc.com\/nl","logo":{"@type":"ImageObject","inLanguage":"nl-NL","@id":"https:\/\/www.wcloc.com\/nl#\/schema\/logo\/image\/","url":"https:\/\/www.wcloc.com\/wp-content\/uploads\/2023\/04\/logo.png","contentUrl":"https:\/\/www.wcloc.com\/wp-content\/uploads\/2023\/04\/logo.png","width":291,"height":71,"caption":"WC Loc"},"image":{"@id":"https:\/\/www.wcloc.com\/nl#\/schema\/logo\/image\/"}}]}},"_links":{"self":[{"href":"https:\/\/www.wcloc.com\/nl\/wp-json\/wp\/v2\/pages\/78913","targetHints":{"allow":["GET"]}}],"collection":[{"href":"https:\/\/www.wcloc.com\/nl\/wp-json\/wp\/v2\/pages"}],"about":[{"href":"https:\/\/www.wcloc.com\/nl\/wp-json\/wp\/v2\/types\/page"}],"author":[{"embeddable":true,"href":"https:\/\/www.wcloc.com\/nl\/wp-json\/wp\/v2\/users\/2"}],"replies":[{"embeddable":true,"href":"https:\/\/www.wcloc.com\/nl\/wp-json\/wp\/v2\/comments?post=78913"}],"version-history":[{"count":3,"href":"https:\/\/www.wcloc.com\/nl\/wp-json\/wp\/v2\/pages\/78913\/revisions"}],"predecessor-version":[{"id":79263,"href":"https:\/\/www.wcloc.com\/nl\/wp-json\/wp\/v2\/pages\/78913\/revisions\/79263"}],"wp:attachment":[{"href":"https:\/\/www.wcloc.com\/nl\/wp-json\/wp\/v2\/media?parent=78913"}],"curies":[{"name":"wp","href":"https:\/\/api.w.org\/{rel}","templated":true}]}}