{"id":74826,"date":"2019-06-12T11:10:55","date_gmt":"2019-06-12T09:10:55","guid":{"rendered":"https:\/\/www.wcloc.com\/mentions-legales-2"},"modified":"2023-05-30T10:10:41","modified_gmt":"2023-05-30T08:10:41","slug":"note-legali","status":"publish","type":"page","link":"https:\/\/www.wcloc.com\/it\/note-legali","title":{"rendered":"Note legali"},"content":{"rendered":"<p>Il Gruppo WC LOC si rivolge a tutti gli attori economici che utilizzano il noleggio di attrezzature sanitarie mobili o temporanee.<\/p>\n<ol>\n<li><strong>INFORMAZIONI LEGALI<\/strong>\n<ol>\n<li style=\"list-style-type: none\"><\/li>\n<\/ol>\n<ol>\n<li>PROPRIETARIO ED EDITORE DEL SITO WEB<br \/>\nIl Sito Web \u00e8 pubblicato dalla societ\u00e0 WC LOC Italia S.r.l. (di seguito denominata \u00ab WC LOC \u00bb) :<br \/>\nSede Legale: via Cascina Nuova 1 &#8211; 20084 &#8211; Lacchiarella (MI)<br \/>\nC.F. 01010760492 &#8211; P.I. 06131761006 &#8211; Capitale Sociale: \u20ac 1.500.000 i.v.<br \/>\nTel : +39 02 84 00 00 01 &#8211; Fax : +39 02 87 37 00 34 &#8211; Email: <a href=\"mailto:info@wcloc.it\">info@wcloc.it<\/a><\/li>\n<li>HOSTING DEL SITO WEB<br \/>\nL&#8217;hosting del Sito Web \u00e8 fornito dalla societ\u00e0 <strong><a href=\"https:\/\/www.ostin.fr\/\" target=\"_blank\" rel=\"noopener noreferrer\">OSTIN<\/a><\/strong><br \/>\n74 rue Blanche, 75009 Paris<br \/>\nSAS con capitale di 2000 \u20ac<br \/>\nRCS : Paris B 799\u00a0214\u00a0069<br \/>\nN\u00b0 TVA intracommunautaire :\u00a0FR02799214069<br \/>\nTel : 01 80 87 81 24<br \/>\nEmail : contact@ostin.fr<\/li>\n<li>REALIZZAZIONE DEL SITO WEB<br \/>\nIl Sito \u00e8 sviluppato da <strong><a href=\"https:\/\/www.ostin-digital.fr\/\" target=\"_blank\" rel=\"noopener noreferrer\">Ostin digital<\/a><\/strong>.<\/li>\n<\/ol>\n<\/li>\n<li><strong>PROPRIETA&#8217; INTELLETUALE<\/strong>\n<ol>\n<li>MARCHI, LOGHI, NOMI COMMERCIALI, NOMI A DOMINIO:<br \/>\nI marchi, loghi, sigle, denominazioni sociali, nomi commerciali, segni e\/o nomi a dominio di WC LOC e\/o dei suoi partner commerciali menzionati sul Sito costituiscono segni distintivi che non possono essere utilizzati senza l&#8217;espressa autorizzazione preventiva del loro titolare. Qualsiasi uso, riproduzione, rappresentazione, imitazione, modifica totale o parziale di questi segni distintivi \u00e8 pertanto vietata e costituisce violazione del marchio, ai sensi delle disposizioni\u00a0 di cui al D. Lgs. n.30\/2005 e successive modifiche.<\/li>\n<li>COPYRIGHT (fotografie, immagini, suoni):<br \/>\nIl Sito \u00e8 di piena e completa propriet\u00e0 di WC LOC, titolare o licenziatario dei diritti di propriet\u00e0 intellettuale ad esso connessi. Infatti, la struttura generale del sito web (carta grafica) e il suo contenuto (testi, slogan, immagini, fotografie, suoni, video, ecc.) sono di propriet\u00e0 di WC LOC o di terzi autorizzati a utilizzarli e sono protetti da copyright. Pertanto, qualsiasi rappresentazione, riproduzione, modifica, distorsione e\/o sfruttamento totale o parziale del Sito Web e\/o del suo contenuto, con qualsiasi processo e su qualsiasi supporto, senza l&#8217;espressa autorizzazione preventiva di WC LOC, \u00e8 vietata e costituisce a tal fine atti di violazione del diritto d&#8217;autore, in applicazione delle disposizioni di cui alla L. n. 633\/1941 \u00a0e successive modifiche nonch\u00e9 dei D. Lgs. nn. 154\/1997 e 68\/2003.<\/li>\n<li>BANCHE DATI<br \/>\nIn conformit\u00e0 con le disposizioni di cui alla L. n. 633\/1941, cos\u00ec come modificata dal D. Lgs. 169\/1999<strong>,<\/strong> gli utenti del sito Web (di seguito &#8220;Utenti&#8221;) riconoscono i diritti a disposizione di WC LOC su tutte o parte delle banche dati accessibili sul sito Web, in qualit\u00e0 di produttore. Pertanto, qualsiasi estrazione, utilizzo, memorizzazione, riproduzione, rappresentazione o conservazione, diretta o indiretta, parziale o totale, anche in buffer o memoria temporanea, qualitativamente o quantitativamente sostanziale del contenuto di uno o pi\u00f9 database di WC LOC, commessa da uno qualsiasi dei processi di cui sopra \u00e8 severamente vietata, anche da parte di supporti non autorizzati da WC LOC.<\/li>\n<li>COLLEGAMENTI IPERTESTUALI<br \/>\nLa creazione di qualsiasi collegamento ipertestuale a tutto o parte del sito Web \u00e8 severamente vietata, salvo previo consenso scritto di WC LOC. WC LOC non pu\u00f2 essere ritenuta responsabile per il contenuto, i dati, i prodotti e le varie informazioni offerte attraverso i siti Web a cui vengono effettuati collegamenti ipertestuali. In particolare, WC LOC declina ogni responsabilit\u00e0 relativa ai siti web i cui dati non sono conformi alle disposizioni legali e regolamentari vigenti.<\/li>\n<\/ol>\n<\/li>\n<li><strong>RISERVATEZZA \u2013 DATI PERSONALI<\/strong><br \/>\nWC LOC \u00e8 responsabile del trattamento dei dati personali che possono essere raccolti attraverso il sito web. Tutte le informazioni personali trasmesse dall&#8217;utente del sito Web sono soggette alle disposizioni della legge n. 78-17 del 6 gennaio 1978 relativa all&#8217;elaborazione dei dati, ai file e alle libert\u00e0 nota come Informatique et Libert\u00e9s e alle successive leggi e testi che l&#8217;hanno modificata.<br \/>\nNel caso in cui l&#8217;Utente dovesse essere tenuto a comunicare i propri dati personali, WC LOC:<br \/>\n&#8211; si impegna ad utilizzare tali dati solo per poter rispondere ad eventuali richieste di informazioni, e \u2013 si riserva il diritto di inviargli nuovi messaggi, di proporre offerte e<br \/>\n&#8211; si riserva il diritto di inviargli nuovi messaggi, di proporre offerte e<br \/>\nci\u00f2, salvo espressa rifiuto da parte sua. Il trattamento dei dati personali attuato da WC LOC tramite il proprio Sito Web persegue le seguenti finalit\u00e0:(i) l&#8217;elaborazione di statistiche generali sul traffico del Sito Web,<br \/>\n(ii) l&#8217;elaborazione di statistiche generali sul traffico del Sito Web,<br \/>\n(iii) rispondere alle aspettative, alle domande e alle esigenze espresse dagli Utenti del proprio Sito Web,<br \/>\n(iv) gestione del rapporto contrattuale,<br \/>\n(v) prospezione commerciale o marketing diretto di prodotti e servizi promossi da WC LOC con l&#8217;esplicito consenso preventivo dell&#8217;Utente o degli Utenti interessati. WC LOC si impegna a prendere tutte le misure ragionevoli per garantire la sicurezza e la riservatezza dei dati personali degli utenti del sito Web e per garantire che siano accessibili solo al personale autorizzato di WC LOC. WC LOC si impegna inoltre a non cedere, vendere o affittare a terzi i dati personali degli Utenti del Sito Web, a meno che una disposizione legale o regolamentare o un&#8217;autorit\u00e0 giudiziaria non lo obblighino a farlo. I messaggi e-mail e gli indirizzi e-mail inviati a WC LOC vengono conservati solo per il tempo necessario al loro trattamento. In conformit\u00e0 con le disposizioni degli articoli 13,14,15, 16,17,18, 19, 21 del Regolamento Europeo n. 679\/2016 l&#8217;utente ha in qualsiasi momento un diritto di accesso, opposizione, rettifica e cancellazione dei dati personali che lo riguardano e raccolti da WC LOC. Per fare ci\u00f2, l&#8217;Utente pu\u00f2 inviare una semplice lettera a WC LOC ai dettagli di contatto indicati nell&#8217;articolo 1.1 del presente Avviso legale, telefonicamente al numero +39 02 84 00 00 01 o inviando un\u2019email a <a href=\"mailto:privacy@wcloc.it\">privacy@wcloc.it<\/a>.<\/li>\n<li><strong>RESPONSABILITA&#8217;<\/strong><br \/>\nWC LOC non \u00e8 responsabile, in nessun caso, per danni di qualsiasi tipo che possano causare, a titolo esemplificativo: errori o omissioni nei contenuti, mancanza di disponibilit\u00e0 del portale o trasmissione di virus o programmi dannosi o dannosi nei contenuti, nonostante abbia adottato tutte le misure tecnologiche necessarie per evitarlo. A questo proposito, tutte le fotografie e i documenti che illustrano i materiali e i prodotti offerti sul sito Web non sono contrattuali e non possono impegnare la responsabilit\u00e0 di WC LOC o di una delle sue filiali.<br \/>\nWC LOC o le sue filiali non possono essere ritenute responsabili per eventuali danni indiretti, come perdita di profitti, un mercato o fortuna, dovuti all&#8217;uso del sito Web. Qualsiasi informazione relativa a WC LOC, di qualsiasi natura, accessibile sulla rete Internet al di fuori di questo sito Web, sar\u00e0 stata trasmessa senza l&#8217;autorizzazione di WC LOC e non pu\u00f2 quindi impegnare la sua responsabilit\u00e0.<br \/>\nWC LOC \u00e8 vincolata solo da un semplice obbligo di mezzi relativi alle informazioni accessibili sul sito Web, che non sono necessariamente complete, esaustive, precise o aggiornate.<br \/>\nWC LOC declina pertanto ogni responsabilit\u00e0 e non pu\u00f2 essere ritenuta responsabile per l&#8217;interpretazione delle informazioni contenute nel Sito, n\u00e9 per le conseguenze del loro utilizzo. Nonostante tutta la cura posta nella sua realizzazione e accuratezza, questo sito Web non pu\u00f2 costituire un documento contrattuale e non pu\u00f2 costituire la base di un&#8217;azione legale. WC LOC non pu\u00f2 incorrere in alcuna responsabilit\u00e0 a causa di errori, omissioni o impossibilit\u00e0 di accedere al sito Web. L&#8217;accesso e l&#8217;utilizzo del sito Web da parte dell&#8217;utente avviene sotto la sua esclusiva responsabilit\u00e0.<\/li>\n<li><strong>MODIFICA<\/strong><br \/>\nIl presente avviso legale pu\u00f2 essere modificato e\/o adattato in qualsiasi momento. L&#8217;Utente \u00e8 pertanto invitato a consultarli regolarmente.<\/li>\n<li><strong>LEGGE APPLICABILE E FORO COMPETENTE<\/strong><br \/>\nIl presente avviso legale \u00e8 regolato dalla legge italiana. Qualsiasi controversia relativa alla validit\u00e0, all&#8217;interpretazione di una qualsiasi delle disposizioni del presente avviso legale \u00e8 soggetta alla giurisdizione esclusiva dei tribunali italiani.<\/li>\n<\/ol>\n","protected":false},"excerpt":{"rendered":"Il Gruppo WC LOC si rivolge a tutti gli attori economici che utilizzano il noleggio di attrezzature sanitarie mobili o temporanee. INFORMAZIONI LEGALI PROPRIETARIO ED EDITORE DEL SITO WEB Il Sito Web \u00e8 pubblicato dalla societ\u00e0 WC LOC Italia S.r.l. (di seguito denominata \u00ab WC LOC \u00bb) : Sede Legale: via Cascina Nuova 1 &#8211; [&hellip;]","protected":false},"author":2,"featured_media":0,"parent":0,"menu_order":0,"comment_status":"closed","ping_status":"closed","template":"","meta":{"_acf_changed":false,"footnotes":""},"class_list":["post-74826","page","type-page","status-publish","hentry"],"acf":[],"yoast_head":"<!-- This site is optimized with the Yoast SEO plugin v27.4 - https:\/\/yoast.com\/product\/yoast-seo-wordpress\/ -->\n<title>Note legali - WC Loc Italia<\/title>\n<meta name=\"description\" content=\"Scopri le note legali e le informazioni generali del sito WC Loc Italia. WC Loc: il tuo esperto nel noleggio di bagni mobili!\" \/>\n<meta name=\"robots\" content=\"index, follow, max-snippet:-1, max-image-preview:large, max-video-preview:-1\" \/>\n<link rel=\"canonical\" href=\"https:\/\/www.wcloc.com\/it\/note-legali\" \/>\n<meta property=\"og:locale\" content=\"it_IT\" \/>\n<meta property=\"og:type\" content=\"article\" \/>\n<meta property=\"og:title\" content=\"Note legali - WC Loc Italia\" \/>\n<meta property=\"og:description\" content=\"Scopri le note legali e le informazioni generali del sito WC Loc Italia. WC Loc: il tuo esperto nel noleggio di bagni mobili!\" \/>\n<meta property=\"og:url\" content=\"https:\/\/www.wcloc.com\/it\/note-legali\" \/>\n<meta property=\"og:site_name\" content=\"WC Loc\" \/>\n<meta property=\"article:modified_time\" content=\"2023-05-30T08:10:41+00:00\" \/>\n<meta name=\"twitter:card\" content=\"summary_large_image\" \/>\n<meta name=\"twitter:label1\" content=\"Tempo di lettura stimato\" \/>\n\t<meta name=\"twitter:data1\" content=\"7 minuti\" \/>\n<script type=\"application\/ld+json\" class=\"yoast-schema-graph\">{\"@context\":\"https:\\\/\\\/schema.org\",\"@graph\":[{\"@type\":\"WebPage\",\"@id\":\"https:\\\/\\\/www.wcloc.com\\\/it\\\/note-legali\",\"url\":\"https:\\\/\\\/www.wcloc.com\\\/it\\\/note-legali\",\"name\":\"Note legali - WC Loc Italia\",\"isPartOf\":{\"@id\":\"https:\\\/\\\/www.wcloc.com\\\/it#website\"},\"datePublished\":\"2019-06-12T09:10:55+00:00\",\"dateModified\":\"2023-05-30T08:10:41+00:00\",\"description\":\"Scopri le note legali e le informazioni generali del sito WC Loc Italia. WC Loc: il tuo esperto nel noleggio di bagni mobili!\",\"inLanguage\":\"it-IT\",\"potentialAction\":[{\"@type\":\"ReadAction\",\"target\":[\"https:\\\/\\\/www.wcloc.com\\\/it\\\/note-legali\"]}]},{\"@type\":\"WebSite\",\"@id\":\"https:\\\/\\\/www.wcloc.com\\\/it#website\",\"url\":\"https:\\\/\\\/www.wcloc.com\\\/it\",\"name\":\"WC Loc\",\"description\":\"Un site utilisant Les sites de platform.enygea.fr\",\"publisher\":{\"@id\":\"https:\\\/\\\/www.wcloc.com\\\/it#organization\"},\"potentialAction\":[{\"@type\":\"SearchAction\",\"target\":{\"@type\":\"EntryPoint\",\"urlTemplate\":\"https:\\\/\\\/www.wcloc.com\\\/it?s={search_term_string}\"},\"query-input\":{\"@type\":\"PropertyValueSpecification\",\"valueRequired\":true,\"valueName\":\"search_term_string\"}}],\"inLanguage\":\"it-IT\"},{\"@type\":\"Organization\",\"@id\":\"https:\\\/\\\/www.wcloc.com\\\/it#organization\",\"name\":\"WC Loc\",\"url\":\"https:\\\/\\\/www.wcloc.com\\\/it\",\"logo\":{\"@type\":\"ImageObject\",\"inLanguage\":\"it-IT\",\"@id\":\"https:\\\/\\\/www.wcloc.com\\\/it#\\\/schema\\\/logo\\\/image\\\/\",\"url\":\"https:\\\/\\\/www.wcloc.com\\\/wp-content\\\/uploads\\\/2023\\\/04\\\/logo.png\",\"contentUrl\":\"https:\\\/\\\/www.wcloc.com\\\/wp-content\\\/uploads\\\/2023\\\/04\\\/logo.png\",\"width\":291,\"height\":71,\"caption\":\"WC Loc\"},\"image\":{\"@id\":\"https:\\\/\\\/www.wcloc.com\\\/it#\\\/schema\\\/logo\\\/image\\\/\"}}]}<\/script>\n<!-- \/ Yoast SEO plugin. -->","yoast_head_json":{"title":"Note legali - WC Loc Italia","description":"Scopri le note legali e le informazioni generali del sito WC Loc Italia. WC Loc: il tuo esperto nel noleggio di bagni mobili!","robots":{"index":"index","follow":"follow","max-snippet":"max-snippet:-1","max-image-preview":"max-image-preview:large","max-video-preview":"max-video-preview:-1"},"canonical":"https:\/\/www.wcloc.com\/it\/note-legali","og_locale":"it_IT","og_type":"article","og_title":"Note legali - WC Loc Italia","og_description":"Scopri le note legali e le informazioni generali del sito WC Loc Italia. WC Loc: il tuo esperto nel noleggio di bagni mobili!","og_url":"https:\/\/www.wcloc.com\/it\/note-legali","og_site_name":"WC Loc","article_modified_time":"2023-05-30T08:10:41+00:00","twitter_card":"summary_large_image","twitter_misc":{"Tempo di lettura stimato":"7 minuti"},"schema":{"@context":"https:\/\/schema.org","@graph":[{"@type":"WebPage","@id":"https:\/\/www.wcloc.com\/it\/note-legali","url":"https:\/\/www.wcloc.com\/it\/note-legali","name":"Note legali - WC Loc Italia","isPartOf":{"@id":"https:\/\/www.wcloc.com\/it#website"},"datePublished":"2019-06-12T09:10:55+00:00","dateModified":"2023-05-30T08:10:41+00:00","description":"Scopri le note legali e le informazioni generali del sito WC Loc Italia. WC Loc: il tuo esperto nel noleggio di bagni mobili!","inLanguage":"it-IT","potentialAction":[{"@type":"ReadAction","target":["https:\/\/www.wcloc.com\/it\/note-legali"]}]},{"@type":"WebSite","@id":"https:\/\/www.wcloc.com\/it#website","url":"https:\/\/www.wcloc.com\/it","name":"WC Loc","description":"Un site utilisant Les sites de platform.enygea.fr","publisher":{"@id":"https:\/\/www.wcloc.com\/it#organization"},"potentialAction":[{"@type":"SearchAction","target":{"@type":"EntryPoint","urlTemplate":"https:\/\/www.wcloc.com\/it?s={search_term_string}"},"query-input":{"@type":"PropertyValueSpecification","valueRequired":true,"valueName":"search_term_string"}}],"inLanguage":"it-IT"},{"@type":"Organization","@id":"https:\/\/www.wcloc.com\/it#organization","name":"WC Loc","url":"https:\/\/www.wcloc.com\/it","logo":{"@type":"ImageObject","inLanguage":"it-IT","@id":"https:\/\/www.wcloc.com\/it#\/schema\/logo\/image\/","url":"https:\/\/www.wcloc.com\/wp-content\/uploads\/2023\/04\/logo.png","contentUrl":"https:\/\/www.wcloc.com\/wp-content\/uploads\/2023\/04\/logo.png","width":291,"height":71,"caption":"WC Loc"},"image":{"@id":"https:\/\/www.wcloc.com\/it#\/schema\/logo\/image\/"}}]}},"_links":{"self":[{"href":"https:\/\/www.wcloc.com\/it\/wp-json\/wp\/v2\/pages\/74826","targetHints":{"allow":["GET"]}}],"collection":[{"href":"https:\/\/www.wcloc.com\/it\/wp-json\/wp\/v2\/pages"}],"about":[{"href":"https:\/\/www.wcloc.com\/it\/wp-json\/wp\/v2\/types\/page"}],"author":[{"embeddable":true,"href":"https:\/\/www.wcloc.com\/it\/wp-json\/wp\/v2\/users\/2"}],"replies":[{"embeddable":true,"href":"https:\/\/www.wcloc.com\/it\/wp-json\/wp\/v2\/comments?post=74826"}],"version-history":[{"count":3,"href":"https:\/\/www.wcloc.com\/it\/wp-json\/wp\/v2\/pages\/74826\/revisions"}],"predecessor-version":[{"id":80736,"href":"https:\/\/www.wcloc.com\/it\/wp-json\/wp\/v2\/pages\/74826\/revisions\/80736"}],"wp:attachment":[{"href":"https:\/\/www.wcloc.com\/it\/wp-json\/wp\/v2\/media?parent=74826"}],"curies":[{"name":"wp","href":"https:\/\/api.w.org\/{rel}","templated":true}]}}