{"id":726,"date":"2019-06-12T11:04:03","date_gmt":"2019-06-12T09:04:03","guid":{"rendered":"http:\/\/localhost\/wcloc\/?page_id=20"},"modified":"2024-05-27T12:00:49","modified_gmt":"2024-05-27T10:00:49","slug":"accueil","status":"publish","type":"page","link":"https:\/\/www.wcloc.com\/fr","title":{"rendered":"Accueil"},"content":{"rendered":"","protected":false},"excerpt":{"rendered":"","protected":false},"author":2,"featured_media":0,"parent":0,"menu_order":0,"comment_status":"closed","ping_status":"closed","template":"","meta":{"_acf_changed":false,"footnotes":""},"class_list":["post-726","page","type-page","status-publish","hentry"],"acf":[],"yoast_head":"<!-- This site is optimized with the Yoast SEO plugin v27.6 - https:\/\/yoast.com\/product\/yoast-seo-wordpress\/ -->\n<title>Expert en Location de Toilettes Mobiles | WC Loc<\/title>\n<meta name=\"description\" content=\"WC Loc, l&#039;expert de la location de sanitaires mobiles. Retrouvez notre offre de WC et douches de chantier, ainsi que nos mat\u00e9riels sanitaires sp\u00e9cialement con\u00e7us pour l&#039;\u00e9v\u00e9nementiel !\" \/>\n<meta name=\"robots\" content=\"index, follow, max-snippet:-1, max-image-preview:large, max-video-preview:-1\" \/>\n<link rel=\"canonical\" href=\"https:\/\/www.wcloc.com\/fr\" \/>\n<meta property=\"og:locale\" content=\"fr_FR\" \/>\n<meta property=\"og:type\" content=\"article\" \/>\n<meta property=\"og:title\" content=\"WC Loc L\u2019expert en location de sanitaires mobiles\" \/>\n<meta property=\"og:description\" content=\"Quels que soient vos d\u00e9lais ou contraintes terrain, WC Loc vous conseille avec expertise et s\u2019adapte \u00e0 tous vos besoins pour vous livrer, installer, entretenir, vidanger et retirer vos toilettes de chantier (parmi les plus r\u00e9sistants du march\u00e9 !).\" \/>\n<meta property=\"og:url\" content=\"https:\/\/www.wcloc.com\/fr\" \/>\n<meta property=\"og:site_name\" content=\"WC Loc\" \/>\n<meta property=\"article:modified_time\" content=\"2024-05-27T10:00:49+00:00\" \/>\n<meta name=\"twitter:card\" content=\"summary_large_image\" \/>\n<meta name=\"twitter:title\" content=\"WC Loc L\u2019expert en location de sanitaires mobiles\" \/>\n<meta name=\"twitter:description\" content=\"Quels que soient vos d\u00e9lais ou contraintes terrain, WC Loc vous conseille avec expertise et s\u2019adapte \u00e0 tous vos besoins pour vous livrer, installer, entretenir, vidanger et retirer vos toilettes de chantier (parmi les plus r\u00e9sistants du march\u00e9 !).\" \/>\n<script type=\"application\/ld+json\" class=\"yoast-schema-graph\">{\"@context\":\"https:\\\/\\\/schema.org\",\"@graph\":[{\"@type\":\"WebPage\",\"@id\":\"https:\\\/\\\/www.wcloc.com\\\/fr\",\"url\":\"https:\\\/\\\/www.wcloc.com\\\/fr\",\"name\":\"Expert en Location de Toilettes Mobiles | WC Loc\",\"isPartOf\":{\"@id\":\"https:\\\/\\\/www.wcloc.com\\\/fr\\\/#website\"},\"datePublished\":\"2019-06-12T09:04:03+00:00\",\"dateModified\":\"2024-05-27T10:00:49+00:00\",\"description\":\"WC Loc, l'expert de la location de sanitaires mobiles. Retrouvez notre offre de WC et douches de chantier, ainsi que nos mat\u00e9riels sanitaires sp\u00e9cialement con\u00e7us pour l'\u00e9v\u00e9nementiel !\",\"inLanguage\":\"fr-FR\",\"potentialAction\":[{\"@type\":\"ReadAction\",\"target\":[\"https:\\\/\\\/www.wcloc.com\\\/fr\"]}]},{\"@type\":\"WebSite\",\"@id\":\"https:\\\/\\\/www.wcloc.com\\\/fr\\\/#website\",\"url\":\"https:\\\/\\\/www.wcloc.com\\\/fr\\\/\",\"name\":\"WC Loc\",\"description\":\"Un site utilisant Les sites de platform.enygea.fr\",\"publisher\":{\"@id\":\"https:\\\/\\\/www.wcloc.com\\\/fr\\\/#organization\"},\"potentialAction\":[{\"@type\":\"SearchAction\",\"target\":{\"@type\":\"EntryPoint\",\"urlTemplate\":\"https:\\\/\\\/www.wcloc.com\\\/fr\\\/?s={search_term_string}\"},\"query-input\":{\"@type\":\"PropertyValueSpecification\",\"valueRequired\":true,\"valueName\":\"search_term_string\"}}],\"inLanguage\":\"fr-FR\"},{\"@type\":\"Organization\",\"@id\":\"https:\\\/\\\/www.wcloc.com\\\/fr\\\/#organization\",\"name\":\"WC Loc\",\"url\":\"https:\\\/\\\/www.wcloc.com\\\/fr\\\/\",\"logo\":{\"@type\":\"ImageObject\",\"inLanguage\":\"fr-FR\",\"@id\":\"https:\\\/\\\/www.wcloc.com\\\/fr\\\/#\\\/schema\\\/logo\\\/image\\\/\",\"url\":\"https:\\\/\\\/www.wcloc.com\\\/wp-content\\\/uploads\\\/2023\\\/04\\\/logo.png\",\"contentUrl\":\"https:\\\/\\\/www.wcloc.com\\\/wp-content\\\/uploads\\\/2023\\\/04\\\/logo.png\",\"width\":291,\"height\":71,\"caption\":\"WC Loc\"},\"image\":{\"@id\":\"https:\\\/\\\/www.wcloc.com\\\/fr\\\/#\\\/schema\\\/logo\\\/image\\\/\"}}]}<\/script>\n<!-- \/ Yoast SEO plugin. -->","yoast_head_json":{"title":"Expert en Location de Toilettes Mobiles | WC Loc","description":"WC Loc, l'expert de la location de sanitaires mobiles. Retrouvez notre offre de WC et douches de chantier, ainsi que nos mat\u00e9riels sanitaires sp\u00e9cialement con\u00e7us pour l'\u00e9v\u00e9nementiel !","robots":{"index":"index","follow":"follow","max-snippet":"max-snippet:-1","max-image-preview":"max-image-preview:large","max-video-preview":"max-video-preview:-1"},"canonical":"https:\/\/www.wcloc.com\/fr","og_locale":"fr_FR","og_type":"article","og_title":"WC Loc L\u2019expert en location de sanitaires mobiles","og_description":"Quels que soient vos d\u00e9lais ou contraintes terrain, WC Loc vous conseille avec expertise et s\u2019adapte \u00e0 tous vos besoins pour vous livrer, installer, entretenir, vidanger et retirer vos toilettes de chantier (parmi les plus r\u00e9sistants du march\u00e9 !).","og_url":"https:\/\/www.wcloc.com\/fr","og_site_name":"WC Loc","article_modified_time":"2024-05-27T10:00:49+00:00","twitter_card":"summary_large_image","twitter_title":"WC Loc L\u2019expert en location de sanitaires mobiles","twitter_description":"Quels que soient vos d\u00e9lais ou contraintes terrain, WC Loc vous conseille avec expertise et s\u2019adapte \u00e0 tous vos besoins pour vous livrer, installer, entretenir, vidanger et retirer vos toilettes de chantier (parmi les plus r\u00e9sistants du march\u00e9 !).","schema":{"@context":"https:\/\/schema.org","@graph":[{"@type":"WebPage","@id":"https:\/\/www.wcloc.com\/fr","url":"https:\/\/www.wcloc.com\/fr","name":"Expert en Location de Toilettes Mobiles | WC Loc","isPartOf":{"@id":"https:\/\/www.wcloc.com\/fr\/#website"},"datePublished":"2019-06-12T09:04:03+00:00","dateModified":"2024-05-27T10:00:49+00:00","description":"WC Loc, l'expert de la location de sanitaires mobiles. Retrouvez notre offre de WC et douches de chantier, ainsi que nos mat\u00e9riels sanitaires sp\u00e9cialement con\u00e7us pour l'\u00e9v\u00e9nementiel !","inLanguage":"fr-FR","potentialAction":[{"@type":"ReadAction","target":["https:\/\/www.wcloc.com\/fr"]}]},{"@type":"WebSite","@id":"https:\/\/www.wcloc.com\/fr\/#website","url":"https:\/\/www.wcloc.com\/fr\/","name":"WC Loc","description":"Un site utilisant Les sites de platform.enygea.fr","publisher":{"@id":"https:\/\/www.wcloc.com\/fr\/#organization"},"potentialAction":[{"@type":"SearchAction","target":{"@type":"EntryPoint","urlTemplate":"https:\/\/www.wcloc.com\/fr\/?s={search_term_string}"},"query-input":{"@type":"PropertyValueSpecification","valueRequired":true,"valueName":"search_term_string"}}],"inLanguage":"fr-FR"},{"@type":"Organization","@id":"https:\/\/www.wcloc.com\/fr\/#organization","name":"WC Loc","url":"https:\/\/www.wcloc.com\/fr\/","logo":{"@type":"ImageObject","inLanguage":"fr-FR","@id":"https:\/\/www.wcloc.com\/fr\/#\/schema\/logo\/image\/","url":"https:\/\/www.wcloc.com\/wp-content\/uploads\/2023\/04\/logo.png","contentUrl":"https:\/\/www.wcloc.com\/wp-content\/uploads\/2023\/04\/logo.png","width":291,"height":71,"caption":"WC Loc"},"image":{"@id":"https:\/\/www.wcloc.com\/fr\/#\/schema\/logo\/image\/"}}]}},"_links":{"self":[{"href":"https:\/\/www.wcloc.com\/fr\/wp-json\/wp\/v2\/pages\/726","targetHints":{"allow":["GET"]}}],"collection":[{"href":"https:\/\/www.wcloc.com\/fr\/wp-json\/wp\/v2\/pages"}],"about":[{"href":"https:\/\/www.wcloc.com\/fr\/wp-json\/wp\/v2\/types\/page"}],"author":[{"embeddable":true,"href":"https:\/\/www.wcloc.com\/fr\/wp-json\/wp\/v2\/users\/2"}],"replies":[{"embeddable":true,"href":"https:\/\/www.wcloc.com\/fr\/wp-json\/wp\/v2\/comments?post=726"}],"version-history":[{"count":3,"href":"https:\/\/www.wcloc.com\/fr\/wp-json\/wp\/v2\/pages\/726\/revisions"}],"predecessor-version":[{"id":110640,"href":"https:\/\/www.wcloc.com\/fr\/wp-json\/wp\/v2\/pages\/726\/revisions\/110640"}],"wp:attachment":[{"href":"https:\/\/www.wcloc.com\/fr\/wp-json\/wp\/v2\/media?parent=726"}],"curies":[{"name":"wp","href":"https:\/\/api.w.org\/{rel}","templated":true}]}}