{"id":28938,"date":"2021-09-09T16:26:51","date_gmt":"2021-09-09T14:26:51","guid":{"rendered":"https:\/\/www.wcloc.com\/?page_id=28938"},"modified":"2025-05-07T10:24:29","modified_gmt":"2025-05-07T08:24:29","slug":"faq-chantier","status":"publish","type":"page","link":"https:\/\/www.wcloc.com\/fr\/faq-chantier","title":{"rendered":"FAQ Chantier"},"content":{"rendered":"","protected":false},"excerpt":{"rendered":"","protected":false},"author":2,"featured_media":0,"parent":0,"menu_order":0,"comment_status":"closed","ping_status":"closed","template":"template-espace.php","meta":{"_acf_changed":false,"footnotes":""},"class_list":["post-28938","page","type-page","status-publish","hentry"],"acf":[],"yoast_head":"<!-- This site is optimized with the Yoast SEO plugin v27.4 - https:\/\/yoast.com\/product\/yoast-seo-wordpress\/ -->\n<title>FAQ Chantier - WC Loc<\/title>\n<meta name=\"description\" content=\"Notre FAQ r\u00e9pond \u00e0 la plupart des interrogations concernant la location de sanitaires mobiles sur chantier : quantit\u00e9s, r\u00e9glementations...\" \/>\n<meta name=\"robots\" content=\"index, follow, max-snippet:-1, max-image-preview:large, max-video-preview:-1\" \/>\n<link rel=\"canonical\" href=\"https:\/\/www.wcloc.com\/fr\/faq-chantier\" \/>\n<meta property=\"og:locale\" content=\"fr_FR\" \/>\n<meta property=\"og:type\" content=\"article\" \/>\n<meta property=\"og:title\" content=\"FAQ Chantier - WC Loc\" \/>\n<meta property=\"og:description\" content=\"Notre FAQ r\u00e9pond \u00e0 la plupart des interrogations concernant la location de sanitaires mobiles sur chantier : quantit\u00e9s, r\u00e9glementations...\" \/>\n<meta property=\"og:url\" content=\"https:\/\/www.wcloc.com\/fr\/faq-chantier\" \/>\n<meta property=\"og:site_name\" content=\"WC Loc\" \/>\n<meta property=\"article:modified_time\" content=\"2025-05-07T08:24:29+00:00\" \/>\n<meta name=\"twitter:card\" content=\"summary_large_image\" \/>\n<script type=\"application\/ld+json\" class=\"yoast-schema-graph\">{\"@context\":\"https:\\\/\\\/schema.org\",\"@graph\":[{\"@type\":\"WebPage\",\"@id\":\"https:\\\/\\\/www.wcloc.com\\\/fr\\\/faq-chantier\",\"url\":\"https:\\\/\\\/www.wcloc.com\\\/fr\\\/faq-chantier\",\"name\":\"FAQ Chantier - WC Loc\",\"isPartOf\":{\"@id\":\"https:\\\/\\\/www.wcloc.com\\\/fr\\\/#website\"},\"datePublished\":\"2021-09-09T14:26:51+00:00\",\"dateModified\":\"2025-05-07T08:24:29+00:00\",\"description\":\"Notre FAQ r\u00e9pond \u00e0 la plupart des interrogations concernant la location de sanitaires mobiles sur chantier : quantit\u00e9s, r\u00e9glementations...\",\"inLanguage\":\"fr-FR\",\"potentialAction\":[{\"@type\":\"ReadAction\",\"target\":[\"https:\\\/\\\/www.wcloc.com\\\/fr\\\/faq-chantier\"]}]},{\"@type\":\"WebSite\",\"@id\":\"https:\\\/\\\/www.wcloc.com\\\/fr\\\/#website\",\"url\":\"https:\\\/\\\/www.wcloc.com\\\/fr\\\/\",\"name\":\"WC Loc\",\"description\":\"Un site utilisant Les sites de platform.enygea.fr\",\"publisher\":{\"@id\":\"https:\\\/\\\/www.wcloc.com\\\/fr\\\/#organization\"},\"potentialAction\":[{\"@type\":\"SearchAction\",\"target\":{\"@type\":\"EntryPoint\",\"urlTemplate\":\"https:\\\/\\\/www.wcloc.com\\\/fr\\\/?s={search_term_string}\"},\"query-input\":{\"@type\":\"PropertyValueSpecification\",\"valueRequired\":true,\"valueName\":\"search_term_string\"}}],\"inLanguage\":\"fr-FR\"},{\"@type\":\"Organization\",\"@id\":\"https:\\\/\\\/www.wcloc.com\\\/fr\\\/#organization\",\"name\":\"WC Loc\",\"url\":\"https:\\\/\\\/www.wcloc.com\\\/fr\\\/\",\"logo\":{\"@type\":\"ImageObject\",\"inLanguage\":\"fr-FR\",\"@id\":\"https:\\\/\\\/www.wcloc.com\\\/fr\\\/#\\\/schema\\\/logo\\\/image\\\/\",\"url\":\"https:\\\/\\\/www.wcloc.com\\\/wp-content\\\/uploads\\\/2023\\\/04\\\/logo.png\",\"contentUrl\":\"https:\\\/\\\/www.wcloc.com\\\/wp-content\\\/uploads\\\/2023\\\/04\\\/logo.png\",\"width\":291,\"height\":71,\"caption\":\"WC Loc\"},\"image\":{\"@id\":\"https:\\\/\\\/www.wcloc.com\\\/fr\\\/#\\\/schema\\\/logo\\\/image\\\/\"}}]}<\/script>\n<!-- \/ Yoast SEO plugin. -->","yoast_head_json":{"title":"FAQ Chantier - WC Loc","description":"Notre FAQ r\u00e9pond \u00e0 la plupart des interrogations concernant la location de sanitaires mobiles sur chantier : quantit\u00e9s, r\u00e9glementations...","robots":{"index":"index","follow":"follow","max-snippet":"max-snippet:-1","max-image-preview":"max-image-preview:large","max-video-preview":"max-video-preview:-1"},"canonical":"https:\/\/www.wcloc.com\/fr\/faq-chantier","og_locale":"fr_FR","og_type":"article","og_title":"FAQ Chantier - WC Loc","og_description":"Notre FAQ r\u00e9pond \u00e0 la plupart des interrogations concernant la location de sanitaires mobiles sur chantier : quantit\u00e9s, r\u00e9glementations...","og_url":"https:\/\/www.wcloc.com\/fr\/faq-chantier","og_site_name":"WC Loc","article_modified_time":"2025-05-07T08:24:29+00:00","twitter_card":"summary_large_image","schema":{"@context":"https:\/\/schema.org","@graph":[{"@type":"WebPage","@id":"https:\/\/www.wcloc.com\/fr\/faq-chantier","url":"https:\/\/www.wcloc.com\/fr\/faq-chantier","name":"FAQ Chantier - WC Loc","isPartOf":{"@id":"https:\/\/www.wcloc.com\/fr\/#website"},"datePublished":"2021-09-09T14:26:51+00:00","dateModified":"2025-05-07T08:24:29+00:00","description":"Notre FAQ r\u00e9pond \u00e0 la plupart des interrogations concernant la location de sanitaires mobiles sur chantier : quantit\u00e9s, r\u00e9glementations...","inLanguage":"fr-FR","potentialAction":[{"@type":"ReadAction","target":["https:\/\/www.wcloc.com\/fr\/faq-chantier"]}]},{"@type":"WebSite","@id":"https:\/\/www.wcloc.com\/fr\/#website","url":"https:\/\/www.wcloc.com\/fr\/","name":"WC Loc","description":"Un site utilisant Les sites de platform.enygea.fr","publisher":{"@id":"https:\/\/www.wcloc.com\/fr\/#organization"},"potentialAction":[{"@type":"SearchAction","target":{"@type":"EntryPoint","urlTemplate":"https:\/\/www.wcloc.com\/fr\/?s={search_term_string}"},"query-input":{"@type":"PropertyValueSpecification","valueRequired":true,"valueName":"search_term_string"}}],"inLanguage":"fr-FR"},{"@type":"Organization","@id":"https:\/\/www.wcloc.com\/fr\/#organization","name":"WC Loc","url":"https:\/\/www.wcloc.com\/fr\/","logo":{"@type":"ImageObject","inLanguage":"fr-FR","@id":"https:\/\/www.wcloc.com\/fr\/#\/schema\/logo\/image\/","url":"https:\/\/www.wcloc.com\/wp-content\/uploads\/2023\/04\/logo.png","contentUrl":"https:\/\/www.wcloc.com\/wp-content\/uploads\/2023\/04\/logo.png","width":291,"height":71,"caption":"WC Loc"},"image":{"@id":"https:\/\/www.wcloc.com\/fr\/#\/schema\/logo\/image\/"}}]}},"_links":{"self":[{"href":"https:\/\/www.wcloc.com\/fr\/wp-json\/wp\/v2\/pages\/28938","targetHints":{"allow":["GET"]}}],"collection":[{"href":"https:\/\/www.wcloc.com\/fr\/wp-json\/wp\/v2\/pages"}],"about":[{"href":"https:\/\/www.wcloc.com\/fr\/wp-json\/wp\/v2\/types\/page"}],"author":[{"embeddable":true,"href":"https:\/\/www.wcloc.com\/fr\/wp-json\/wp\/v2\/users\/2"}],"replies":[{"embeddable":true,"href":"https:\/\/www.wcloc.com\/fr\/wp-json\/wp\/v2\/comments?post=28938"}],"version-history":[{"count":6,"href":"https:\/\/www.wcloc.com\/fr\/wp-json\/wp\/v2\/pages\/28938\/revisions"}],"predecessor-version":[{"id":128485,"href":"https:\/\/www.wcloc.com\/fr\/wp-json\/wp\/v2\/pages\/28938\/revisions\/128485"}],"wp:attachment":[{"href":"https:\/\/www.wcloc.com\/fr\/wp-json\/wp\/v2\/media?parent=28938"}],"curies":[{"name":"wp","href":"https:\/\/api.w.org\/{rel}","templated":true}]}}