{"id":20214,"date":"2021-05-28T17:10:05","date_gmt":"2021-05-28T15:10:05","guid":{"rendered":"https:\/\/www.wcloc.com\/?page_id=20214"},"modified":"2026-02-02T17:09:42","modified_gmt":"2026-02-02T16:09:42","slug":"location-toilettes-mariage","status":"publish","type":"page","link":"https:\/\/www.wcloc.com\/fr\/event\/location-toilettes-mariage","title":{"rendered":"Mariage en plein air ? Louez vos sanitaires avec WC Loc"},"content":{"rendered":"<p>&nbsp;<\/p>\n<p style=\"text-align: center\">Vo<span style=\"font-weight: 400\">tre mariage a lieu en plein air, en pleine nature, vous \u00eates au bon endroit ! WC Loc, expert en location de sanitaires mobiles, est l\u00e0 pour vous accompagner dans l&rsquo;organisation de votre mariage gr\u00e2ce \u00e0 des solutions d&rsquo;hygi\u00e8ne adapt\u00e9es et personnalisables !<\/span><\/p>\n<h2 style=\"text-align: center\"><strong>Le mariage de plein air, un mariage de r\u00eave<\/strong><\/h2>\n<p style=\"text-align: center\"><span style=\"font-weight: 400\">Insolites, intimistes, m\u00e9morables\u2026 Le mariage en plein air fait r\u00eaver, c&rsquo;est certain ! Mais il peut impliquer \u00e9galement quelques contraintes compte tenu de l&rsquo;originalit\u00e9 des lieux o\u00f9 vous souhaitez vous marier.<\/span><\/p>\n<p style=\"text-align: center\"><a class=\"button button-double\" href=\"https:\/\/www.wcloc.com\/fr\/demande-devis\">Demander un devis gratuit<\/a><\/p>\n<section class=\"groupe_contenus container\">\n<article>\n<figure><a href=\"https:\/\/www.wcloc.com\/fr\/p\/cabine-wc-autonome-evenementielle\"><img decoding=\"async\" class=\"alignnone wp-image-101015\" src=\"https:\/\/www.wcloc.com\/wp-content\/uploads\/2023\/12\/WC-LOC-FR-CAB-ARL-MISE-EN-SITUATION-MARAIGE-300x300.png\" alt=\"WC LOC FR CAB ARL MISE EN SITUATION MARIAGE\" width=\"539\" height=\"496\" srcset=\"https:\/\/www.wcloc.com\/wp-content\/uploads\/2023\/12\/WC-LOC-FR-CAB-ARL-MISE-EN-SITUATION-MARAIGE-539x495.png 539w, https:\/\/www.wcloc.com\/wp-content\/uploads\/2023\/12\/WC-LOC-FR-CAB-ARL-MISE-EN-SITUATION-MARAIGE-258x237.png 258w, https:\/\/www.wcloc.com\/wp-content\/uploads\/2023\/12\/WC-LOC-FR-CAB-ARL-MISE-EN-SITUATION-MARAIGE-98x90.png 98w\" sizes=\"(max-width: 539px) 100vw, 539px\" \/><\/a><\/figure>\n<div class=\"more\">\n<h4 class=\"title\">Main dans la main pour l&rsquo;autonomie<\/h4>\n<p>La cabine autonome WC offre une solution facile \u00e0 installer lors de vos mariages. Vous pourrez la personnaliser gr\u00e2ce \u00e0 nos stickers mariage. Son fonctionnement sans n\u00e9cessit\u00e9 de raccordement offre une flexibilit\u00e9 totale en mati\u00e8re d&#8217;emplacement, permettant la cr\u00e9ation d&rsquo;espaces d\u00e9di\u00e9s sans contraintes. De plus, elle est \u00e9cologique, consommant en moyenne huit fois moins d&rsquo;eau qu&rsquo;une chasse d&rsquo;eau traditionnelle !<\/p>\n<p><a class=\"button button-vert\" href=\"https:\/\/www.wcloc.com\/fr\/c\/event\/location-toilettes-event\">D\u00e9couvrir notre gamme autonome\u00a0<\/a><\/p>\n<\/div>\n<\/article>\n<article>\n<figure><a href=\"https:\/\/www.wcloc.com\/fr\/p\/cabine-speciale-mariage\"><img decoding=\"async\" class=\"alignnone\" src=\"https:\/\/www.wcloc.com\/wp-content\/uploads\/2021\/05\/cabine-speciale-mariage.png\" alt=\"location cabine wc mariage\" width=\"539\" height=\"496\" \/><\/a><\/figure>\n<div class=\"more\">\n<h4 class=\"title\">Des solutions personnalisables<\/h4>\n<p>Con\u00e7ues exclusivement pour les mariages, l\u00e0 o\u00f9 il n&rsquo;y a pas de r\u00e9seau d&rsquo;\u00e9gouts, les toilettes WC Loc sont des \u00e9quipements <strong>\u00e9l\u00e9gants<\/strong> et <strong>personnalisables<\/strong>, auxquels vous pouvez ajouter le motif ou le th\u00e8me de votre mariage. Une solution <strong>\u00e9cologique<\/strong> avec un service d&rsquo;une qualit\u00e9 in\u00e9gal\u00e9e, qui comprend la livraison, toutes les solutions logistiques, la maintenance, le levage du mat\u00e9riel et aussi l&rsquo;\u00e9limination n\u00e9cessaire et appropri\u00e9e des effluents \u00e0 la fin de votre mariage.<\/p>\n<p>Qu\u2019il s\u2019agisse de nos conseillers <strong>disponibles<\/strong> et r\u00e9actifs pour vous proposer une implantation sanitaire correspondant en tout point \u00e0 vos besoins, ou de nos \u00e9quipes de proximit\u00e9 qui s\u2019occupent de tout directement chez vous pour <strong>votre confort<\/strong> et <strong>tranquillit\u00e9 absolue<\/strong>, tous ont \u00e0 coeur de vous satisfaire pleinement en vous offrant une installation et une prestation de qualit\u00e9\u2026 la bonne humeur en prime !<\/p>\n<p>L\u2019embl\u00e8me de WC Loc <img decoding=\"async\" class=\"alignnone size-full wp-image-907\" src=\"https:\/\/www.wcloc.com\/wp-content\/uploads\/sites\/7\/2019\/07\/coeur.png\" alt=\"\" width=\"26\" height=\"26\" \/> prend alors tout son sens.<\/p>\n<p><a class=\"button button-vert\" href=\"https:\/\/www.wcloc.com\/fr\/c\/event\/location-toilettes-event\" target=\"_blank\" rel=\"noopener\">D\u00e9couvrir notre gamme personnalisable<\/a><\/p>\n<\/div>\n<\/article>\n<article>\n<figure><a href=\"https:\/\/www.wcloc.com\/fr\/c\/event\/toilettes-seches-event\"><img decoding=\"async\" class=\"alignnone\" src=\"https:\/\/www.wcloc.com\/wp-content\/uploads\/2021\/06\/materiels-mariage.png\" alt=\"Toilettes s\u00e8ches mariage WC Loc\" width=\"539\" height=\"496\" \/><\/a><\/figure>\n<div class=\"more\">\n<h4 class=\"title\">Petite cabine pour prot\u00e9ger la Nature<\/h4>\n<p>De charmantes cabanes en bois, aux toits \u00e0 pignon, rappelant les latrines ancestrales de campagne. Les toilettes s\u00e8ches &#8211; s\u00e8ches parce qu&rsquo;<strong>elles fonctionnent sans eau<\/strong> &#8211; donnent une nostalgie <strong>romantique et \u00e9l\u00e9gante<\/strong> aux mariages en plein air. Ils s&rsquo;ins\u00e8rent discr\u00e8tement et harmonieusement dans des environnements ext\u00e9rieurs, que ce soit dans des paysages bucoliques, sauvages ou montagneux.<\/p>\n<p><a class=\"button button-vert\" href=\"https:\/\/www.wcloc.com\/fr\/c\/event\/toilettes-seches-event\" target=\"_blank\" rel=\"noopener\">D\u00e9couvrir la gamme toilettes s\u00e8ches<\/a><\/p>\n<\/div>\n<\/article>\n<article>\n<figure><a href=\"https:\/\/www.wcloc.com\/fr\/p\/urinoire-feminine-event\"><img decoding=\"async\" class=\"alignnone\" src=\"https:\/\/www.wcloc.com\/wp-content\/uploads\/2021\/06\/materiels-mariage-1.png\" alt=\"Urinoirs f\u00e9minin Madame Pee WC loc\" width=\"539\" height=\"496\" \/><\/a><\/figure>\n<div class=\"more\">\n<h4 class=\"title\">Rock&rsquo;n Pipi pour tous<\/h4>\n<p>Vous imaginez un mariage deux en un qui c\u00e9l\u00e8bre l&rsquo;amour et honore votre \u00e2me rock&rsquo;n&rsquo;roll ? Invitez-nous \u00e9galement \u00e0 cette f\u00eate, car nous avons ce dont vous avez besoin, y compris des urinoirs pour eux et, pour elles, l&rsquo;<strong>urinoir f\u00e9minin MadamePee<\/strong>, une exclusivit\u00e9 WC Loc, pour ne pas quitter la piste de danse trop longtemps.<\/p>\n<p><a class=\"button button-vert\" href=\"https:\/\/www.wcloc.com\/fr\/p\/urinoire-feminine-event\" target=\"_blank\" rel=\"noopener\">En savoir plus sur Madame Pee<\/a><br \/>\n<a class=\"button button-vert\" href=\"https:\/\/www.wcloc.com\/fr\/p\/cabine-urinoir-mister-pee\" target=\"_blank\" rel=\"noopener\">En savoir plus sur Mister Pee<\/a><\/p>\n<p>&nbsp;<\/p>\n<\/div>\n<\/article>\n<article>\n<figure><a href=\"https:\/\/www.wcloc.com\/fr\/c\/event\/location-sanitaire-evenement-vip-event\"><img decoding=\"async\" class=\"alignnone\" src=\"https:\/\/www.wcloc.com\/wp-content\/uploads\/2023\/11\/Caravne-privilege-mariage-300x300.png\" alt=\"Caravane privilege mariage\" width=\"539\" height=\"496\" \/><\/a><\/figure>\n<div class=\"more\">\n<h4 class=\"title\">Quand Romance et \u00e9l\u00e9gance m\u00e8nent la danse<\/h4>\n<p>Ah, les romantiques\u202f! Les romantiques appr\u00e9cient les d\u00e9tails, l&rsquo;intimit\u00e9 et la commodit\u00e9, l&rsquo;\u00e9l\u00e9gance et l&rsquo;<strong>exclusivit\u00e9<\/strong>.<br \/>\nAucun probl\u00e8me. Nous disposons de caravanes autonomes, double entr\u00e9e, aux finitions contemporaines et raffin\u00e9es, avec technologie sous-vide pour un faible impact environnemental &#8211; moins de 1L \u00e0 chaque chasse d&rsquo;eau. Pens\u00e9e et design\u00e9e par un architecte d&rsquo;int\u00e9rieur, la <strong>caravane exclusive<\/strong> fait chavirer les c\u0153urs avec ses finitions bois et son d\u00e9cor discret et soign\u00e9.<\/p>\n<p><a class=\"button button-vert\" href=\"https:\/\/www.wcloc.com\/fr\/c\/event\/location-sanitaire-evenement-vip-event\" target=\"_blank\" rel=\"noopener\">D\u00e9couvrir notre gamme VIP<\/a><\/p>\n<\/div>\n<\/article>\n<\/section>\n<h2 style=\"text-align: center\">Nos engagements pour un monde plus propre et plus vert !<\/h2>\n<p style=\"text-align: center\">Respectueux de l&rsquo;environnement, la plupart de nos sanitaires, urinoirs et \u00e9viers sont 100% recyclables et r\u00e9sultent de la transformation de mat\u00e9riaux recycl\u00e9s. Les toilettes WC Loc sont n\u00e9es de pr\u00e9occupations environnementales s\u00e9rieuses et assum\u00e9es. Cela se manifeste \u00e9galement dans le choix des technologies de nos mat\u00e9riels : toilettes s\u00e8ches, technologie sous-vide, toilette autonome\u2026 Nous mettons tout en \u0153uvre pour cr\u00e9er des solutions <strong>hygi\u00e9niques, accessibles et \u00e0 faible impact environnemental<\/strong>.<\/p>\n<p style=\"text-align: center\">Chez WC Loc, tous les produits sanitaires et d&rsquo;hygi\u00e8ne sont <strong>non polluants<\/strong> et garantissent un degr\u00e9 de <strong>biod\u00e9gradabilit\u00e9 sup\u00e9rieur \u00e0 l&rsquo;objectif de 90%<\/strong>. Ils sont donc les partenaires naturels des mariages en plein air.<\/p>\n<div class=\"container\">\n<h3 class=\"title\" style=\"text-align: center\">Notre \u00e9co-responsabilit\u00e9 certifi\u00e9e<\/h3>\n<p style=\"text-align: center\">WC Loc est vidangeur agr\u00e9e, respecte la norme NF 16194, et a obtenu la certification<br \/>\nISO 14001, t\u00e9moin de notre engagement p\u00e9renne pour l\u2019Environnement.<\/p>\n<figure><img decoding=\"async\" class=\"aligncenter\" src=\"https:\/\/www.wcloc.com\/wp-content\/uploads\/2019\/07\/iso2.png\" alt=\"\" \/><\/figure>\n<\/div>\n<p>&nbsp;<\/p>\n<h2 style=\"text-align: center\">R\u00e9servez d\u00e8s maintenant les toilettes pour votre mariage !<\/h2>\n<p>&nbsp;<\/p>\n<p style=\"text-align: center\"><a class=\"button button-double\" href=\"https:\/\/www.wcloc.com\/fr\/demande-devis\">Demander un devis gratuit<\/a><\/p>\n","protected":false},"excerpt":{"rendered":"&nbsp; Votre mariage a lieu en plein air, en pleine nature, vous \u00eates au bon endroit ! WC Loc, expert en location de sanitaires mobiles, est l\u00e0 pour vous accompagner dans l&rsquo;organisation de votre mariage gr\u00e2ce \u00e0 des solutions d&rsquo;hygi\u00e8ne adapt\u00e9es et personnalisables ! Le mariage de plein air, un mariage de r\u00eave Insolites, intimistes, [&hellip;]","protected":false},"author":7,"featured_media":0,"parent":136283,"menu_order":0,"comment_status":"closed","ping_status":"closed","template":"","meta":{"_acf_changed":false,"footnotes":""},"class_list":["post-20214","page","type-page","status-publish","hentry"],"acf":[],"yoast_head":"<!-- This site is optimized with the Yoast SEO plugin v27.3 - https:\/\/yoast.com\/product\/yoast-seo-wordpress\/ -->\n<title>Mariage en plein air ? Louez vos sanitaires avec WC Loc - WC Loc<\/title>\n<meta name=\"robots\" content=\"index, follow, max-snippet:-1, max-image-preview:large, max-video-preview:-1\" \/>\n<link rel=\"canonical\" href=\"https:\/\/www.wcloc.com\/fr\/event\/location-toilettes-mariage\" \/>\n<meta property=\"og:locale\" content=\"fr_FR\" \/>\n<meta property=\"og:type\" content=\"article\" \/>\n<meta property=\"og:title\" content=\"Mariage en plein air ? Louez vos sanitaires avec WC Loc - WC Loc\" \/>\n<meta property=\"og:description\" content=\"&nbsp; Votre mariage a lieu en plein air, en pleine nature, vous \u00eates au bon endroit ! WC Loc, expert en location de sanitaires mobiles, est l\u00e0 pour vous accompagner dans l&rsquo;organisation de votre mariage gr\u00e2ce \u00e0 des solutions d&rsquo;hygi\u00e8ne adapt\u00e9es et personnalisables ! Le mariage de plein air, un mariage de r\u00eave Insolites, intimistes, [&hellip;]\" \/>\n<meta property=\"og:url\" content=\"https:\/\/www.wcloc.com\/fr\/event\/location-toilettes-mariage\" \/>\n<meta property=\"og:site_name\" content=\"WC Loc\" \/>\n<meta property=\"article:modified_time\" content=\"2026-02-02T16:09:42+00:00\" \/>\n<meta property=\"og:image\" content=\"https:\/\/www.wcloc.com\/wp-content\/uploads\/2023\/12\/WC-LOC-FR-CAB-ARL-MISE-EN-SITUATION-MARAIGE.png\" \/>\n\t<meta property=\"og:image:width\" content=\"600\" \/>\n\t<meta property=\"og:image:height\" content=\"600\" \/>\n\t<meta property=\"og:image:type\" content=\"image\/png\" \/>\n<meta name=\"twitter:card\" content=\"summary_large_image\" \/>\n<meta name=\"twitter:label1\" content=\"Dur\u00e9e de lecture estim\u00e9e\" \/>\n\t<meta name=\"twitter:data1\" content=\"6 minutes\" \/>\n<script type=\"application\/ld+json\" class=\"yoast-schema-graph\">{\"@context\":\"https:\\\/\\\/schema.org\",\"@graph\":[{\"@type\":\"WebPage\",\"@id\":\"https:\\\/\\\/www.wcloc.com\\\/fr\\\/event\\\/location-toilettes-mariage\",\"url\":\"https:\\\/\\\/www.wcloc.com\\\/fr\\\/event\\\/location-toilettes-mariage\",\"name\":\"Mariage en plein air ? Louez vos sanitaires avec WC Loc - WC Loc\",\"isPartOf\":{\"@id\":\"https:\\\/\\\/www.wcloc.com\\\/fr\\\/#website\"},\"primaryImageOfPage\":{\"@id\":\"https:\\\/\\\/www.wcloc.com\\\/fr\\\/event\\\/location-toilettes-mariage#primaryimage\"},\"image\":{\"@id\":\"https:\\\/\\\/www.wcloc.com\\\/fr\\\/event\\\/location-toilettes-mariage#primaryimage\"},\"thumbnailUrl\":\"https:\\\/\\\/www.wcloc.com\\\/wp-content\\\/uploads\\\/2023\\\/12\\\/WC-LOC-FR-CAB-ARL-MISE-EN-SITUATION-MARAIGE-300x300.png\",\"datePublished\":\"2021-05-28T15:10:05+00:00\",\"dateModified\":\"2026-02-02T16:09:42+00:00\",\"breadcrumb\":{\"@id\":\"https:\\\/\\\/www.wcloc.com\\\/fr\\\/event\\\/location-toilettes-mariage#breadcrumb\"},\"inLanguage\":\"fr-FR\",\"potentialAction\":[{\"@type\":\"ReadAction\",\"target\":[\"https:\\\/\\\/www.wcloc.com\\\/fr\\\/event\\\/location-toilettes-mariage\"]}]},{\"@type\":\"ImageObject\",\"inLanguage\":\"fr-FR\",\"@id\":\"https:\\\/\\\/www.wcloc.com\\\/fr\\\/event\\\/location-toilettes-mariage#primaryimage\",\"url\":\"https:\\\/\\\/www.wcloc.com\\\/wp-content\\\/uploads\\\/2023\\\/12\\\/WC-LOC-FR-CAB-ARL-MISE-EN-SITUATION-MARAIGE-300x300.png\",\"contentUrl\":\"https:\\\/\\\/www.wcloc.com\\\/wp-content\\\/uploads\\\/2023\\\/12\\\/WC-LOC-FR-CAB-ARL-MISE-EN-SITUATION-MARAIGE-300x300.png\"},{\"@type\":\"BreadcrumbList\",\"@id\":\"https:\\\/\\\/www.wcloc.com\\\/fr\\\/event\\\/location-toilettes-mariage#breadcrumb\",\"itemListElement\":[{\"@type\":\"ListItem\",\"position\":1,\"name\":\"Event\",\"item\":\"https:\\\/\\\/www.wcloc.com\\\/fr\\\/event\"},{\"@type\":\"ListItem\",\"position\":2,\"name\":\"Mariage en plein air ? Louez vos sanitaires avec WC Loc\"}]},{\"@type\":\"WebSite\",\"@id\":\"https:\\\/\\\/www.wcloc.com\\\/fr\\\/#website\",\"url\":\"https:\\\/\\\/www.wcloc.com\\\/fr\\\/\",\"name\":\"WC Loc\",\"description\":\"Un site utilisant Les sites de platform.enygea.fr\",\"publisher\":{\"@id\":\"https:\\\/\\\/www.wcloc.com\\\/fr\\\/#organization\"},\"potentialAction\":[{\"@type\":\"SearchAction\",\"target\":{\"@type\":\"EntryPoint\",\"urlTemplate\":\"https:\\\/\\\/www.wcloc.com\\\/fr\\\/?s={search_term_string}\"},\"query-input\":{\"@type\":\"PropertyValueSpecification\",\"valueRequired\":true,\"valueName\":\"search_term_string\"}}],\"inLanguage\":\"fr-FR\"},{\"@type\":\"Organization\",\"@id\":\"https:\\\/\\\/www.wcloc.com\\\/fr\\\/#organization\",\"name\":\"WC Loc\",\"url\":\"https:\\\/\\\/www.wcloc.com\\\/fr\\\/\",\"logo\":{\"@type\":\"ImageObject\",\"inLanguage\":\"fr-FR\",\"@id\":\"https:\\\/\\\/www.wcloc.com\\\/fr\\\/#\\\/schema\\\/logo\\\/image\\\/\",\"url\":\"https:\\\/\\\/www.wcloc.com\\\/wp-content\\\/uploads\\\/2023\\\/04\\\/logo.png\",\"contentUrl\":\"https:\\\/\\\/www.wcloc.com\\\/wp-content\\\/uploads\\\/2023\\\/04\\\/logo.png\",\"width\":291,\"height\":71,\"caption\":\"WC Loc\"},\"image\":{\"@id\":\"https:\\\/\\\/www.wcloc.com\\\/fr\\\/#\\\/schema\\\/logo\\\/image\\\/\"}}]}<\/script>\n<!-- \/ Yoast SEO plugin. -->","yoast_head_json":{"title":"Mariage en plein air ? Louez vos sanitaires avec WC Loc - WC Loc","robots":{"index":"index","follow":"follow","max-snippet":"max-snippet:-1","max-image-preview":"max-image-preview:large","max-video-preview":"max-video-preview:-1"},"canonical":"https:\/\/www.wcloc.com\/fr\/event\/location-toilettes-mariage","og_locale":"fr_FR","og_type":"article","og_title":"Mariage en plein air ? Louez vos sanitaires avec WC Loc - WC Loc","og_description":"&nbsp; Votre mariage a lieu en plein air, en pleine nature, vous \u00eates au bon endroit ! WC Loc, expert en location de sanitaires mobiles, est l\u00e0 pour vous accompagner dans l&rsquo;organisation de votre mariage gr\u00e2ce \u00e0 des solutions d&rsquo;hygi\u00e8ne adapt\u00e9es et personnalisables ! Le mariage de plein air, un mariage de r\u00eave Insolites, intimistes, [&hellip;]","og_url":"https:\/\/www.wcloc.com\/fr\/event\/location-toilettes-mariage","og_site_name":"WC Loc","article_modified_time":"2026-02-02T16:09:42+00:00","og_image":[{"width":600,"height":600,"url":"https:\/\/www.wcloc.com\/wp-content\/uploads\/2023\/12\/WC-LOC-FR-CAB-ARL-MISE-EN-SITUATION-MARAIGE.png","type":"image\/png"}],"twitter_card":"summary_large_image","twitter_misc":{"Dur\u00e9e de lecture estim\u00e9e":"6 minutes"},"schema":{"@context":"https:\/\/schema.org","@graph":[{"@type":"WebPage","@id":"https:\/\/www.wcloc.com\/fr\/event\/location-toilettes-mariage","url":"https:\/\/www.wcloc.com\/fr\/event\/location-toilettes-mariage","name":"Mariage en plein air ? Louez vos sanitaires avec WC Loc - WC Loc","isPartOf":{"@id":"https:\/\/www.wcloc.com\/fr\/#website"},"primaryImageOfPage":{"@id":"https:\/\/www.wcloc.com\/fr\/event\/location-toilettes-mariage#primaryimage"},"image":{"@id":"https:\/\/www.wcloc.com\/fr\/event\/location-toilettes-mariage#primaryimage"},"thumbnailUrl":"https:\/\/www.wcloc.com\/wp-content\/uploads\/2023\/12\/WC-LOC-FR-CAB-ARL-MISE-EN-SITUATION-MARAIGE-300x300.png","datePublished":"2021-05-28T15:10:05+00:00","dateModified":"2026-02-02T16:09:42+00:00","breadcrumb":{"@id":"https:\/\/www.wcloc.com\/fr\/event\/location-toilettes-mariage#breadcrumb"},"inLanguage":"fr-FR","potentialAction":[{"@type":"ReadAction","target":["https:\/\/www.wcloc.com\/fr\/event\/location-toilettes-mariage"]}]},{"@type":"ImageObject","inLanguage":"fr-FR","@id":"https:\/\/www.wcloc.com\/fr\/event\/location-toilettes-mariage#primaryimage","url":"https:\/\/www.wcloc.com\/wp-content\/uploads\/2023\/12\/WC-LOC-FR-CAB-ARL-MISE-EN-SITUATION-MARAIGE-300x300.png","contentUrl":"https:\/\/www.wcloc.com\/wp-content\/uploads\/2023\/12\/WC-LOC-FR-CAB-ARL-MISE-EN-SITUATION-MARAIGE-300x300.png"},{"@type":"BreadcrumbList","@id":"https:\/\/www.wcloc.com\/fr\/event\/location-toilettes-mariage#breadcrumb","itemListElement":[{"@type":"ListItem","position":1,"name":"Event","item":"https:\/\/www.wcloc.com\/fr\/event"},{"@type":"ListItem","position":2,"name":"Mariage en plein air ? Louez vos sanitaires avec WC Loc"}]},{"@type":"WebSite","@id":"https:\/\/www.wcloc.com\/fr\/#website","url":"https:\/\/www.wcloc.com\/fr\/","name":"WC Loc","description":"Un site utilisant Les sites de platform.enygea.fr","publisher":{"@id":"https:\/\/www.wcloc.com\/fr\/#organization"},"potentialAction":[{"@type":"SearchAction","target":{"@type":"EntryPoint","urlTemplate":"https:\/\/www.wcloc.com\/fr\/?s={search_term_string}"},"query-input":{"@type":"PropertyValueSpecification","valueRequired":true,"valueName":"search_term_string"}}],"inLanguage":"fr-FR"},{"@type":"Organization","@id":"https:\/\/www.wcloc.com\/fr\/#organization","name":"WC Loc","url":"https:\/\/www.wcloc.com\/fr\/","logo":{"@type":"ImageObject","inLanguage":"fr-FR","@id":"https:\/\/www.wcloc.com\/fr\/#\/schema\/logo\/image\/","url":"https:\/\/www.wcloc.com\/wp-content\/uploads\/2023\/04\/logo.png","contentUrl":"https:\/\/www.wcloc.com\/wp-content\/uploads\/2023\/04\/logo.png","width":291,"height":71,"caption":"WC Loc"},"image":{"@id":"https:\/\/www.wcloc.com\/fr\/#\/schema\/logo\/image\/"}}]}},"_links":{"self":[{"href":"https:\/\/www.wcloc.com\/fr\/wp-json\/wp\/v2\/pages\/20214","targetHints":{"allow":["GET"]}}],"collection":[{"href":"https:\/\/www.wcloc.com\/fr\/wp-json\/wp\/v2\/pages"}],"about":[{"href":"https:\/\/www.wcloc.com\/fr\/wp-json\/wp\/v2\/types\/page"}],"author":[{"embeddable":true,"href":"https:\/\/www.wcloc.com\/fr\/wp-json\/wp\/v2\/users\/7"}],"replies":[{"embeddable":true,"href":"https:\/\/www.wcloc.com\/fr\/wp-json\/wp\/v2\/comments?post=20214"}],"version-history":[{"count":6,"href":"https:\/\/www.wcloc.com\/fr\/wp-json\/wp\/v2\/pages\/20214\/revisions"}],"predecessor-version":[{"id":142830,"href":"https:\/\/www.wcloc.com\/fr\/wp-json\/wp\/v2\/pages\/20214\/revisions\/142830"}],"up":[{"embeddable":true,"href":"https:\/\/www.wcloc.com\/fr\/wp-json\/wp\/v2\/pages\/136283"}],"wp:attachment":[{"href":"https:\/\/www.wcloc.com\/fr\/wp-json\/wp\/v2\/media?parent=20214"}],"curies":[{"name":"wp","href":"https:\/\/api.w.org\/{rel}","templated":true}]}}