{"id":106447,"date":"2019-06-12T10:48:22","date_gmt":"2019-06-12T08:48:22","guid":{"rendered":"https:\/\/www.wcloc.com\/politique-de-confidentialite"},"modified":"2019-06-12T10:48:22","modified_gmt":"2019-06-12T08:48:22","slug":"politique-de-confidentialite","status":"publish","type":"page","link":"https:\/\/www.wcloc.com\/fr\/politique-de-confidentialite","title":{"rendered":"Politique de confidentialit\u00e9"},"content":{"rendered":"<p>Suite \u00e0 l\u2019entr\u00e9e en vigueur de la l\u00e9gislation europ\u00e9enne RGPD, les entit\u00e9s du groupe ENYGEA vous informent de mani\u00e8re transparente sur l\u2019utilisation qui est faite de vos donn\u00e9es personnelles.<\/p>\n<h3>1\/ Donn\u00e9es-prospects, demande de renseignements, de devis et de rappel<\/h3>\n<p>Des donn\u00e9es et renseignements sur nos clients potentiels sont collect\u00e9s et enregistr\u00e9s par ENYGEA, WC LOC, PSV, MOOV&amp;COOK, WATERLAB, SWITTEC et BASESCLEAN qui sont les responsables de traitement conjoints. La finalit\u00e9 de cette collecte d\u2019information (identit\u00e9, coordonn\u00e9es de contact, fonction, int\u00e9r\u00eat pour une gamme, messages et r\u00e9ponses associ\u00e9es) est la gestion de la relation prospects (parfois dans un cadre de devis group\u00e9s \u00e9ventuels entre plusieurs entit\u00e9s du groupe). Seuls le service-client et le personnel en agence en relation avec les prospects sont habilit\u00e9s \u00e0 avoir acc\u00e8s aux donn\u00e9es communiqu\u00e9es ou enregistr\u00e9es. La dur\u00e9e maximale de conservation des donn\u00e9es est fix\u00e9e \u00e0 3 ans apr\u00e8s inactivit\u00e9 de la relation-prospect. La base juridique de l\u2019utilisation et du traitement des donn\u00e9es \u00e0 caract\u00e8re personnel de nos prospects peut reposer sur le consentement des interlocuteurs concern\u00e9s ou l\u2019int\u00e9r\u00eat l\u00e9gitime des clients potentiels ou notre int\u00e9r\u00eat l\u00e9gitime en tant que loueurs de biens et prestataires. Nous signalons que nous transf\u00e9rons des donn\u00e9es-prospects aux autres entit\u00e9s du groupe ENYGEA. Nous signalons aussi que nous sommes susceptibles d\u2019enrichir nos donn\u00e9es-prospects via des bases de donn\u00e9es B2B tierces de partenaires et des informations publiques notamment de r\u00e9seaux professionnels.<\/p>\n<h3>2\/ Donn\u00e9es des clients et des interlocuteurs \u00e0 livrer<\/h3>\n<p>Des informations personnelles sur nos acheteurs et loueurs ainsi que leurs interlocuteurs \u00e9ventuels sont enregistr\u00e9es par ENYGEA ou WC LOC ou PSV ou MOOV&amp;COOK ou WATERLAB ou SWITTEC ou BASESCLEAN qui est le responsable de traitement en fonction de l\u2019entit\u00e9 qui facture le client. La finalit\u00e9 de cette collecte et stockage de donn\u00e9es personnelles (identit\u00e9, coordonn\u00e9es de contact, fonction professionnelle \u00e9ventuelle, historiques de commandes et des \u00e9changes commerciaux, pi\u00e8ces comptables nominatives, pi\u00e8ces justificatives \u00e9ventuelles d\u2019assurances) est la gestion de la relation client, le support-client, l\u2019ex\u00e9cution des services et la facturation associ\u00e9e ainsi que l\u2019optimisation des moyens et des ressources communes aux entit\u00e9s du groupe ENYGEA pour fournir ses services. Seuls la Direction et le personnel en relation avec les clients peuvent acc\u00e9der aux donn\u00e9es n\u00e9cessaires. La dur\u00e9e maximale de conservation des donn\u00e9es personnelles est fix\u00e9e \u00e0 5 ans apr\u00e8s la fin de la prestation pour les interlocuteurs \u00e0 livrer et \u00e0 5 ans apr\u00e8s la relation commerciale pour les donn\u00e9es des acheteurs ainsi qu\u2019\u00e0 10 ans pour les pi\u00e8ces comptables nominatives.<br \/>\nLa base juridique de l\u2019utilisation et du traitement des donn\u00e9es \u00e0 caract\u00e8re personnel peut reposer sur :<br \/>\n&#8211; l\u2019ex\u00e9cution d\u2019une relation commerciale ou de sous-traitance mat\u00e9rialis\u00e9e par un accord de commande ;<br \/>\n&#8211; ou l\u2019ex\u00e9cution de conditions de vente et de locations applicables ;<br \/>\n&#8211; ou notre int\u00e9r\u00eat l\u00e9gitime en tant que loueur et prestataire ;<br \/>\n&#8211; ou l\u2019int\u00e9r\u00eat l\u00e9gitime des interlocuteurs concern\u00e9s ;<br \/>\n&#8211; ou l\u2019ex\u00e9cution de toute l\u00e9gislation applicable.<br \/>\nNous signalons que nous sommes susceptibles d\u2019enrichir nos donn\u00e9es clients avec des informations publiques (par exemple du registre du commerce). Nous signalons le transfert des donn\u00e9es clients et interlocuteurs \u00e0 livrer entre diff\u00e9rentes entit\u00e9s du groupe ENYGEA. Nous signalons aussi le transfert de nos donn\u00e9es clients et interlocuteurs \u00e0 livrer \u00e0 des prestataires de livraison ou de nettoyage.<\/p>\n<h3>3\/ Enqu\u00eates de satisfaction<\/h3>\n<p>Un syst\u00e8me de questionnaire sur la satisfaction des prospects ou clients du groupe Enygea a \u00e9t\u00e9 mis en place par ENYGEA, WC LOC, PSV, MOOV&amp;COOK, WATERLAB, SWITTEC et BASESCLEAN qui sont les responsables de traitement conjoints. La finalit\u00e9 de cette collecte d\u2019information (identit\u00e9, coordonn\u00e9es de contact, r\u00e9ponses sur la satisfaction, donn\u00e9es de segmentation, consentements et preuves de consentement associ\u00e9s) est la gestion de l\u2019am\u00e9lioration de nos services commercialis\u00e9s parfois de mani\u00e8re mutualis\u00e9e entre les entit\u00e9s du groupe Enygea ainsi que le recueil de consentements et d\u2019avis \u00e9ventuels. Seuls les managers des soci\u00e9t\u00e9s concern\u00e9es, le service Marketing et la Direction Groupe ainsi que tout le personnel en relation avec les clients et les prospects sont habilit\u00e9s \u00e0 avoir acc\u00e8s aux donn\u00e9es communiqu\u00e9es ou enregistr\u00e9es. La dur\u00e9e maximale de conservation des donn\u00e9es est fix\u00e9e \u00e0 3 ans. La base juridique de l\u2019utilisation et du traitement des donn\u00e9es \u00e0 caract\u00e8re personnel de nos enqu\u00eates de satisfaction peut reposer sur le consentement des interlocuteurs concern\u00e9s ou notre int\u00e9r\u00eat l\u00e9gitime en tant que loueurs de biens et prestataires. Nous signalons que nous transf\u00e9rons des donn\u00e9es de nos enqu\u00eates aux autres entit\u00e9s du groupe ENYGEA.<\/p>\n<h3>4\/ Annuaire et r\u00e9pertoire des contacts-partenaires<\/h3>\n<p>Un syst\u00e8me de listing-partenaire (potentiel ou actif) a \u00e9t\u00e9 mis en place par ENYGEA, WC LOC, PSV, MOOV&amp;COOK, WATERLAB, SWITTEC et BASESCLEAN qui sont les responsables de traitement conjoints. La finalit\u00e9 de cet enregistrement qui contient des donn\u00e9es personnelles (nom, pr\u00e9nom, fonction, t\u00e9l\u00e9phone, email\u2026) est la gestion de la relation-partenaire. Seuls la Direction et le personnel concern\u00e9 sont habilit\u00e9s \u00e0 avoir acc\u00e8s aux donn\u00e9es communiqu\u00e9es ou enregistr\u00e9es. Nous informons nos partenaires que nous sommes susceptibles d\u2019enrichir nos donn\u00e9es avec des informations publiques. La dur\u00e9e de conservation des donn\u00e9es personnelles est fix\u00e9e \u00e0 5 ans apr\u00e8s inactivit\u00e9. La base juridique de l\u2019utilisation et du traitement des donn\u00e9es \u00e0 caract\u00e8re personnel repose sur le consentement des interlocuteurs concern\u00e9s ou notre int\u00e9r\u00eat l\u00e9gitime en tant qu\u2019entreprise.<\/p>\n<h3>5\/ Donn\u00e9es des fournisseurs r\u00e9f\u00e9renc\u00e9s ou potentiels<\/h3>\n<p>L\u2019identit\u00e9 des interlocuteurs chez nos fournisseurs r\u00e9f\u00e9renc\u00e9s ou potentiels, tous les documents ou donn\u00e9es fournis pour devenir fournisseur ainsi que les pi\u00e8ces comptables de nos fournisseurs sont collect\u00e9s par ENYGEA, WC LOC, PSV, MOOV&amp;COOK, WATERLAB, SWITTEC et BASESCLEAN qui sont les responsables de traitement conjoints en vue de la gestion de la relation fournisseur et de la comptabilit\u00e9. Seuls la Direction, le personnel en charge des achats, des projets li\u00e9s \u00e0 un fournisseur, le service comptabilit\u00e9 sont habilit\u00e9s \u00e0 avoir acc\u00e8s aux donn\u00e9es enregistr\u00e9es ou communiqu\u00e9es. La dur\u00e9e maximale de conservation des donn\u00e9es est fix\u00e9e \u00e0 3 ans pour les fournisseurs potentiels, 5 ans apr\u00e8s le dernier achat pour les fournisseurs actifs et 10 ans pour les pi\u00e8ces comptables. La base juridique de l\u2019utilisation et du traitement de vos donn\u00e9es \u00e0 caract\u00e8re personnel est bas\u00e9e sur le consentement des interlocuteurs concern\u00e9s ou notre int\u00e9r\u00eat l\u00e9gitime en tant qu\u2019acheteur ou l\u2019ex\u00e9cution d\u2019un contrat d\u2019achat. Nous signalons que, dans de rares cas, nous sommes susceptibles d\u2019enrichir nos donn\u00e9es fournisseurs actifs ou potentiels avec des informations publiques.<\/p>\n<h3>6\/ Newsletters et invitations \u00e0 des \u00e9v\u00e9nements<\/h3>\n<p>Nos interlocuteurs professionnels (fournisseurs, financeurs, employeurs, alternants, institutionnels, partenaires, \u00e9lus, \u2026) et nos clients sont susceptibles de recevoir nos communications informatives par e-mail, t\u00e9l\u00e9phone ou courrier. Dans ce cadre, un syst\u00e8me de lettre d\u2019information ou d\u2019invitation \u00e0 des \u00e9v\u00e8nements peut \u00eatre mis en place par ENYGEA, WC LOC, PSV, MOOV&amp;COOK, WATERLAB, SWITTEC et BASESCLEAN qui sont les responsables de traitement conjoints. Vous pouvez signaler \u00e0 dpo@enygea.com que vous ne souhaitez plus recevoir nos communications. La finalit\u00e9 de cet enregistrement qui contient des donn\u00e9es personnelles (nom, pr\u00e9nom, adresse, fonction, t\u00e9l\u00e9phone, email, \u2026) est la diffusion d\u2019informations et la gestion organisationnelle et promotionnelle d\u2019\u00e9v\u00e9nements. Seuls la Direction et le personnel op\u00e9rationnel concern\u00e9 interne sont habilit\u00e9s \u00e0 avoir acc\u00e8s aux donn\u00e9es communiqu\u00e9es ou enregistr\u00e9es. Nous signalons que, dans de rares cas, nous sommes susceptibles d\u2019enrichir nos donn\u00e9es d\u2019invitation avec des informations publiques et de transf\u00e9rer des donn\u00e9es \u00e0 des soci\u00e9t\u00e9s externalis\u00e9es d\u2019organisation d\u2019\u00e9v\u00e8nement. La dur\u00e9e de conservation des donn\u00e9es personnelles est fix\u00e9e \u00e0 3 ans apr\u00e8s inactivit\u00e9 de la relation avec les invit\u00e9s ou les abonn\u00e9s. La base juridique de l\u2019utilisation et du traitement des donn\u00e9es \u00e0 caract\u00e8re personnel repose sur le consentement des interlocuteurs concern\u00e9s ou notre int\u00e9r\u00eat l\u00e9gitime en tant qu\u2019entreprise ou l\u2019int\u00e9r\u00eat l\u00e9gitime de la personne concern\u00e9e.<\/p>\n<h3>7\/ Candidature \u00e0 un emploi ou demande de stage<\/h3>\n<p>Votre CV, lettre de motivation \u00e9ventuelle ainsi tous les autres documents ou donn\u00e9es fournis lors d\u2019une candidature (spontan\u00e9es ou non) \u00e0 un emploi ainsi que les donn\u00e9es \u00e9ventuelles fournies par les anciens employeurs sont collect\u00e9s par ENYGEA, WC LOC, PSV, MOOV&amp;COOK, WATERLAB, SWITTEC et BASESCLEAN qui sont les responsables du traitement conjoints en vue d\u2019\u00e9valuer l\u2019ad\u00e9quation d\u2019un profil professionnel par rapport \u00e0 un poste \u00e9ventuel \u00e0 pourvoir. Seuls le service RH et les managers concern\u00e9s ainsi que les administrateurs des applications de recrutement sont habilit\u00e9s \u00e0 avoir acc\u00e8s aux donn\u00e9es communiqu\u00e9es. La dur\u00e9e maximale de conservation des donn\u00e9es est fix\u00e9e \u00e0 2 ans apr\u00e8s inactivit\u00e9 de la relation avec le candidat. La base juridique de l\u2019utilisation et du traitement de vos donn\u00e9es \u00e0 caract\u00e8re personnel est bas\u00e9e sur votre consentement ou votre int\u00e9r\u00eat l\u00e9gitime en tant que demandeur d\u2019emploi ou notre int\u00e9r\u00eat l\u00e9gitime en tant que recruteur. Nous signalons que, dans de rares cas, nous transf\u00e9rons des CV \u00e0 des cabinets de recrutement ou des agences d\u2019int\u00e9rim ainsi que des partenaires institutionnels ou exer\u00e7ant des activit\u00e9s similaires, connexes ou compl\u00e9mentaires. Nous signalons que nous sommes susceptibles d\u2019enrichir notre base de donn\u00e9es candidats avec des informations publiques ou de cabinets de recrutement.<\/p>\n<h3>8\/ Architecture informatique s\u00e9curis\u00e9e<\/h3>\n<p>Nos donn\u00e9es et celles de nos clients sont h\u00e9berg\u00e9es en France dans nos locaux s\u00e9curis\u00e9s et nos datacenters externalis\u00e9s majoritairement certifi\u00e9s iso27001 en Europe. Nous signalons toutefois l\u2019utilisation d\u2019outils SaaS (notamment Google Form) agr\u00e9\u00e9s Privacy Shield qui peuvent faire transiter une partie de nos donn\u00e9es hors EU de mani\u00e8re s\u00e9curis\u00e9e. Dans tous les cas, nous ne transf\u00e9rons aucune donn\u00e9e \u00e0 des pays non reconnus par l\u2019EU comme garantissant la s\u00e9curit\u00e9 et la confidentialit\u00e9 des donn\u00e9es.<\/p>\n<h3>9\/ Vos droits<\/h3>\n<p>Nous vous informons que des informations sur nos interlocuteurs de tout type (alternants, fournisseurs, partenaires, \u2026) sont susceptibles d\u2019\u00eatre transf\u00e9r\u00e9es \u00e0 des partenaires institutionnels ou de r\u00e9solution de litige voire de contr\u00f4le : commissaires aux comptes, avocats externalis\u00e9s, financeurs, cabinets comptable externalis\u00e9s, institutions\u2026 En application des lois europ\u00e9ennes et de la loi du 6 janvier 1978 (relative \u00e0 l\u2019informatique, aux fichiers et aux libert\u00e9s), vous disposez des droits d&rsquo;acc\u00e8s, de rectification, de limitation, de portabilit\u00e9 et de suppression de vos donn\u00e9es personnelles ainsi que du droit d&rsquo;opposition \u00e0 leur traitement pour des motifs l\u00e9gitimes. Vous pouvez exercer l\u2019ensemble de ces droits par email \u00e0 l\u2019adresse dpo@enygea.com ou courrier postal adress\u00e9 \u00e0 Service DPO, Enygea, 6 All\u00e9e du Progr\u00e8s, CS90072, 59481 HAUBOURDIN CEDEX<\/p>\n<p>Vous disposez par ailleurs, des droits de retirer \u00e0 tout moment vos consentements et d\u2019introduire une r\u00e9clamation aupr\u00e8s de la Commission Nationale de l\u2019Informatique et des Libert\u00e9s (CNIL), notamment sur son site internet www.cnil.fr .<\/p>\n","protected":false},"excerpt":{"rendered":"Suite \u00e0 l\u2019entr\u00e9e en vigueur de la l\u00e9gislation europ\u00e9enne RGPD, les entit\u00e9s du groupe ENYGEA vous informent de mani\u00e8re transparente sur l\u2019utilisation qui est faite de vos donn\u00e9es personnelles. 1\/ Donn\u00e9es-prospects, demande de renseignements, de devis et de rappel Des donn\u00e9es et renseignements sur nos clients potentiels sont collect\u00e9s et enregistr\u00e9s par ENYGEA, WC LOC, [&hellip;]","protected":false},"author":2,"featured_media":0,"parent":0,"menu_order":0,"comment_status":"closed","ping_status":"open","template":"","meta":{"_acf_changed":false,"footnotes":""},"class_list":["post-106447","page","type-page","status-publish","hentry"],"acf":[],"yoast_head":"<!-- This site is optimized with the Yoast SEO plugin v27.3 - https:\/\/yoast.com\/product\/yoast-seo-wordpress\/ -->\n<title>Politique de confidentialit\u00e9 - WC Loc<\/title>\n<meta name=\"robots\" content=\"index, follow, max-snippet:-1, max-image-preview:large, max-video-preview:-1\" \/>\n<link rel=\"canonical\" href=\"https:\/\/www.wcloc.com\/fr\/politique-de-confidentialite\" \/>\n<meta property=\"og:locale\" content=\"fr_FR\" \/>\n<meta property=\"og:type\" content=\"article\" \/>\n<meta property=\"og:title\" content=\"Politique de confidentialit\u00e9 - WC Loc\" \/>\n<meta property=\"og:description\" content=\"Suite \u00e0 l\u2019entr\u00e9e en vigueur de la l\u00e9gislation europ\u00e9enne RGPD, les entit\u00e9s du groupe ENYGEA vous informent de mani\u00e8re transparente sur l\u2019utilisation qui est faite de vos donn\u00e9es personnelles. 1\/ Donn\u00e9es-prospects, demande de renseignements, de devis et de rappel Des donn\u00e9es et renseignements sur nos clients potentiels sont collect\u00e9s et enregistr\u00e9s par ENYGEA, WC LOC, [&hellip;]\" \/>\n<meta property=\"og:url\" content=\"https:\/\/www.wcloc.com\/fr\/politique-de-confidentialite\" \/>\n<meta property=\"og:site_name\" content=\"WC Loc\" \/>\n<meta name=\"twitter:card\" content=\"summary_large_image\" \/>\n<meta name=\"twitter:label1\" content=\"Dur\u00e9e de lecture estim\u00e9e\" \/>\n\t<meta name=\"twitter:data1\" content=\"10 minutes\" \/>\n<script type=\"application\/ld+json\" class=\"yoast-schema-graph\">{\"@context\":\"https:\\\/\\\/schema.org\",\"@graph\":[{\"@type\":\"WebPage\",\"@id\":\"https:\\\/\\\/www.wcloc.com\\\/fr\\\/politique-de-confidentialite\",\"url\":\"https:\\\/\\\/www.wcloc.com\\\/fr\\\/politique-de-confidentialite\",\"name\":\"Politique de confidentialit\u00e9 - WC Loc\",\"isPartOf\":{\"@id\":\"https:\\\/\\\/www.wcloc.com\\\/fr\\\/#website\"},\"datePublished\":\"2019-06-12T08:48:22+00:00\",\"inLanguage\":\"fr-FR\",\"potentialAction\":[{\"@type\":\"ReadAction\",\"target\":[\"https:\\\/\\\/www.wcloc.com\\\/fr\\\/politique-de-confidentialite\"]}]},{\"@type\":\"WebSite\",\"@id\":\"https:\\\/\\\/www.wcloc.com\\\/fr\\\/#website\",\"url\":\"https:\\\/\\\/www.wcloc.com\\\/fr\\\/\",\"name\":\"WC Loc\",\"description\":\"Un site utilisant Les sites de platform.enygea.fr\",\"publisher\":{\"@id\":\"https:\\\/\\\/www.wcloc.com\\\/fr\\\/#organization\"},\"potentialAction\":[{\"@type\":\"SearchAction\",\"target\":{\"@type\":\"EntryPoint\",\"urlTemplate\":\"https:\\\/\\\/www.wcloc.com\\\/fr\\\/?s={search_term_string}\"},\"query-input\":{\"@type\":\"PropertyValueSpecification\",\"valueRequired\":true,\"valueName\":\"search_term_string\"}}],\"inLanguage\":\"fr-FR\"},{\"@type\":\"Organization\",\"@id\":\"https:\\\/\\\/www.wcloc.com\\\/fr\\\/#organization\",\"name\":\"WC Loc\",\"url\":\"https:\\\/\\\/www.wcloc.com\\\/fr\\\/\",\"logo\":{\"@type\":\"ImageObject\",\"inLanguage\":\"fr-FR\",\"@id\":\"https:\\\/\\\/www.wcloc.com\\\/fr\\\/#\\\/schema\\\/logo\\\/image\\\/\",\"url\":\"https:\\\/\\\/www.wcloc.com\\\/wp-content\\\/uploads\\\/2023\\\/04\\\/logo.png\",\"contentUrl\":\"https:\\\/\\\/www.wcloc.com\\\/wp-content\\\/uploads\\\/2023\\\/04\\\/logo.png\",\"width\":291,\"height\":71,\"caption\":\"WC Loc\"},\"image\":{\"@id\":\"https:\\\/\\\/www.wcloc.com\\\/fr\\\/#\\\/schema\\\/logo\\\/image\\\/\"}}]}<\/script>\n<!-- \/ Yoast SEO plugin. -->","yoast_head_json":{"title":"Politique de confidentialit\u00e9 - WC Loc","robots":{"index":"index","follow":"follow","max-snippet":"max-snippet:-1","max-image-preview":"max-image-preview:large","max-video-preview":"max-video-preview:-1"},"canonical":"https:\/\/www.wcloc.com\/fr\/politique-de-confidentialite","og_locale":"fr_FR","og_type":"article","og_title":"Politique de confidentialit\u00e9 - WC Loc","og_description":"Suite \u00e0 l\u2019entr\u00e9e en vigueur de la l\u00e9gislation europ\u00e9enne RGPD, les entit\u00e9s du groupe ENYGEA vous informent de mani\u00e8re transparente sur l\u2019utilisation qui est faite de vos donn\u00e9es personnelles. 1\/ Donn\u00e9es-prospects, demande de renseignements, de devis et de rappel Des donn\u00e9es et renseignements sur nos clients potentiels sont collect\u00e9s et enregistr\u00e9s par ENYGEA, WC LOC, [&hellip;]","og_url":"https:\/\/www.wcloc.com\/fr\/politique-de-confidentialite","og_site_name":"WC Loc","twitter_card":"summary_large_image","twitter_misc":{"Dur\u00e9e de lecture estim\u00e9e":"10 minutes"},"schema":{"@context":"https:\/\/schema.org","@graph":[{"@type":"WebPage","@id":"https:\/\/www.wcloc.com\/fr\/politique-de-confidentialite","url":"https:\/\/www.wcloc.com\/fr\/politique-de-confidentialite","name":"Politique de confidentialit\u00e9 - WC Loc","isPartOf":{"@id":"https:\/\/www.wcloc.com\/fr\/#website"},"datePublished":"2019-06-12T08:48:22+00:00","inLanguage":"fr-FR","potentialAction":[{"@type":"ReadAction","target":["https:\/\/www.wcloc.com\/fr\/politique-de-confidentialite"]}]},{"@type":"WebSite","@id":"https:\/\/www.wcloc.com\/fr\/#website","url":"https:\/\/www.wcloc.com\/fr\/","name":"WC Loc","description":"Un site utilisant Les sites de platform.enygea.fr","publisher":{"@id":"https:\/\/www.wcloc.com\/fr\/#organization"},"potentialAction":[{"@type":"SearchAction","target":{"@type":"EntryPoint","urlTemplate":"https:\/\/www.wcloc.com\/fr\/?s={search_term_string}"},"query-input":{"@type":"PropertyValueSpecification","valueRequired":true,"valueName":"search_term_string"}}],"inLanguage":"fr-FR"},{"@type":"Organization","@id":"https:\/\/www.wcloc.com\/fr\/#organization","name":"WC Loc","url":"https:\/\/www.wcloc.com\/fr\/","logo":{"@type":"ImageObject","inLanguage":"fr-FR","@id":"https:\/\/www.wcloc.com\/fr\/#\/schema\/logo\/image\/","url":"https:\/\/www.wcloc.com\/wp-content\/uploads\/2023\/04\/logo.png","contentUrl":"https:\/\/www.wcloc.com\/wp-content\/uploads\/2023\/04\/logo.png","width":291,"height":71,"caption":"WC Loc"},"image":{"@id":"https:\/\/www.wcloc.com\/fr\/#\/schema\/logo\/image\/"}}]}},"_links":{"self":[{"href":"https:\/\/www.wcloc.com\/fr\/wp-json\/wp\/v2\/pages\/106447","targetHints":{"allow":["GET"]}}],"collection":[{"href":"https:\/\/www.wcloc.com\/fr\/wp-json\/wp\/v2\/pages"}],"about":[{"href":"https:\/\/www.wcloc.com\/fr\/wp-json\/wp\/v2\/types\/page"}],"author":[{"embeddable":true,"href":"https:\/\/www.wcloc.com\/fr\/wp-json\/wp\/v2\/users\/2"}],"replies":[{"embeddable":true,"href":"https:\/\/www.wcloc.com\/fr\/wp-json\/wp\/v2\/comments?post=106447"}],"version-history":[{"count":0,"href":"https:\/\/www.wcloc.com\/fr\/wp-json\/wp\/v2\/pages\/106447\/revisions"}],"wp:attachment":[{"href":"https:\/\/www.wcloc.com\/fr\/wp-json\/wp\/v2\/media?parent=106447"}],"curies":[{"name":"wp","href":"https:\/\/api.w.org\/{rel}","templated":true}]}}