{"id":77546,"date":"2021-05-07T12:32:53","date_gmt":"2021-05-07T10:32:53","guid":{"rendered":"https:\/\/www.wcloc.com\/artisans-du-batiment-pensez-a-lhygiene-sur-vos-chantiers"},"modified":"2024-07-29T17:54:02","modified_gmt":"2024-07-29T15:54:02","slug":"offre-capeb-artisans","status":"publish","type":"page","link":"https:\/\/www.wcloc.com\/fr-lux\/offre-capeb-artisans","title":{"rendered":"Artisans du b\u00e2timent : Pensez \u00e0 l\u2019hygi\u00e8ne sur vos chantiers"},"content":{"rendered":"<p>&nbsp;<\/p>\n<h2 style=\"color: #008b92;text-align: center\"><img decoding=\"async\" width=\"1640\" height=\"924\" class=\"aligncenter size-full wp-image-18520\" src=\"https:\/\/www.wcloc.com\/wp-content\/uploads\/2021\/05\/Offre-speciale-1.png\" alt=\"\" srcset=\"https:\/\/www.wcloc.com\/wp-content\/uploads\/2021\/05\/Offre-speciale-1.png 1640w, https:\/\/www.wcloc.com\/wp-content\/uploads\/2021\/05\/Offre-speciale-1-300x169.png 300w, https:\/\/www.wcloc.com\/wp-content\/uploads\/2021\/05\/Offre-speciale-1-768x433.png 768w, https:\/\/www.wcloc.com\/wp-content\/uploads\/2021\/05\/Offre-speciale-1-1024x577.png 1024w, https:\/\/www.wcloc.com\/wp-content\/uploads\/2021\/05\/Offre-speciale-1-1536x865.png 1536w\" sizes=\"(max-width: 1640px) 100vw, 1640px\" \/>WC Loc : l\u2019expert en location de sanitaires mobiles au service des artisans<\/h2>\n<p style=\"text-align: center\"><span style=\"font-weight: 400\">Afin de r\u00e9pondre aux exigences de la <strong>CARSAT<\/strong> et de l\u2019Inspection du Travail sur vos chantiers, en lien avec la norme <strong>NF EN 16194<\/strong>, <\/span><span style=\"font-weight: 400\">WC LOC vous aide \u00e0 respecter ces obligations et vous garantit une exp\u00e9rience <strong>cl\u00e9 en mains<\/strong> de la livraison du mat\u00e9riel jusqu\u2019\u00e0 la revalorisation de vos effluents !\u00a0<\/span><\/p>\n<p style=\"text-align: center\"><span style=\"font-weight: 400\">Expert depuis plus de 25 ans, nous livrons, posons, raccordons et retirons rapidement vos cabines WC et autres mat\u00e9riels sanitaires. Et pour une totale tranquillit\u00e9, nous assurons \u00e9galement leurs entretiens et <strong>maintenances r\u00e9guliers<\/strong> pendant toute la dur\u00e9e de votre location (nettoyages haute pression non chimiques et <strong>d\u00e9sinfection virucide,<\/strong>\u00a0utilisation de produits respectueux de l\u2019environnement, vidanges, d\u00e9pannages \u00e9ventuels\u2026).<\/span><\/p>\n<p style=\"text-align: center\"><strong>Demandez votre devis, nous vous assurons une r\u00e9ponse en 24h !\u00a0<\/strong><\/p>\n\n<div class=\"wpcf7 no-js\" id=\"wpcf7-f18030-o1\" lang=\"fr-FR\" dir=\"ltr\" data-wpcf7-id=\"18030\">\n<div class=\"screen-reader-response\"><p role=\"status\" aria-live=\"polite\" aria-atomic=\"true\"><\/p> <ul><\/ul><\/div>\n<form action=\"\/fr-lux\/wp-json\/wp\/v2\/pages\/77546#wpcf7-f18030-o1\" method=\"post\" class=\"wpcf7-form init\" aria-label=\"Contact form\" novalidate=\"novalidate\" data-status=\"init\">\n<fieldset class=\"hidden-fields-container\"><input type=\"hidden\" name=\"_wpcf7\" value=\"18030\" \/><input type=\"hidden\" name=\"_wpcf7_version\" value=\"6.1.5\" \/><input type=\"hidden\" name=\"_wpcf7_locale\" value=\"fr_FR\" \/><input type=\"hidden\" name=\"_wpcf7_unit_tag\" value=\"wpcf7-f18030-o1\" \/><input type=\"hidden\" name=\"_wpcf7_container_post\" value=\"0\" \/><input type=\"hidden\" name=\"_wpcf7_posted_data_hash\" value=\"\" \/><input type=\"hidden\" name=\"_wpcf7cf_hidden_group_fields\" value=\"[]\" \/><input type=\"hidden\" name=\"_wpcf7cf_hidden_groups\" value=\"[]\" \/><input type=\"hidden\" name=\"_wpcf7cf_visible_groups\" value=\"[]\" \/><input type=\"hidden\" name=\"_wpcf7cf_repeaters\" value=\"[]\" \/><input type=\"hidden\" name=\"_wpcf7cf_steps\" value=\"{}\" \/><input type=\"hidden\" name=\"_wpcf7cf_options\" value=\"{&quot;form_id&quot;:18030,&quot;conditions&quot;:[],&quot;settings&quot;:{&quot;animation&quot;:&quot;yes&quot;,&quot;animation_intime&quot;:200,&quot;animation_outtime&quot;:200,&quot;conditions_ui&quot;:&quot;normal&quot;,&quot;notice_dismissed&quot;:false,&quot;notice_dismissed_rollback-cf7-5.3.2&quot;:true,&quot;notice_dismissed_rollback-cf7-5.8.3&quot;:true,&quot;notice_dismissed_rollback-cf7-5.8.6&quot;:true,&quot;notice_dismissed_rollback-cf7-5.8.7&quot;:true,&quot;notice_dismissed_rollback-cf7-5.9.5&quot;:true,&quot;notice_dismissed_rollback-cf7-5.9.6&quot;:true}}\" \/><input type=\"hidden\" name=\"_wpcf7_recaptcha_response\" value=\"\" \/>\n<\/fieldset>\n<div class=\"left\">\n\t<p>[submission_id_hidden submission_artisanscaped_id-325 id:contact-fr class:contact-fr \"10\"]<br \/>\n<span class=\"wpcf7-form-control-wrap\" data-name=\"type\"><span class=\"wpcf7-form-control wpcf7-radio\"><span class=\"wpcf7-list-item first\"><label><input type=\"radio\" name=\"type\" value=\"Entreprise\" checked=\"checked\" \/><span class=\"wpcf7-list-item-label\">Entreprise<\/span><\/label><\/span><span class=\"wpcf7-list-item last\"><label><input type=\"radio\" name=\"type\" value=\"Particulier\" \/><span class=\"wpcf7-list-item-label\">Particulier<\/span><\/label><\/span><\/span><\/span><span class=\"wpcf7-form-control-wrap\" data-name=\"societe\"><input size=\"40\" maxlength=\"400\" class=\"wpcf7-form-control wpcf7-text societe\" aria-invalid=\"false\" placeholder=\"Soci\u00e9t\u00e9\" value=\"\" type=\"text\" name=\"societe\" \/><\/span><span class=\"wpcf7-form-control-wrap\" data-name=\"nom\"><input size=\"40\" maxlength=\"400\" class=\"wpcf7-form-control wpcf7-text wpcf7-validates-as-required\" aria-required=\"true\" aria-invalid=\"false\" placeholder=\"Nom*\" value=\"\" type=\"text\" name=\"nom\" \/><\/span><span class=\"wpcf7-form-control-wrap\" data-name=\"prenom\"><input size=\"40\" maxlength=\"400\" class=\"wpcf7-form-control wpcf7-text wpcf7-validates-as-required\" aria-required=\"true\" aria-invalid=\"false\" placeholder=\"Pr\u00e9nom*\" value=\"\" type=\"text\" name=\"prenom\" \/><\/span><span class=\"wpcf7-form-control-wrap\" data-name=\"tel\"><input size=\"40\" maxlength=\"400\" class=\"wpcf7-form-control wpcf7-tel wpcf7-validates-as-required wpcf7-text wpcf7-validates-as-tel\" aria-required=\"true\" aria-invalid=\"false\" placeholder=\"T\u00e9l\u00e9phone*\" value=\"\" type=\"tel\" name=\"tel\" \/><\/span><span class=\"wpcf7-form-control-wrap\" data-name=\"mail\"><input size=\"40\" maxlength=\"400\" class=\"wpcf7-form-control wpcf7-email wpcf7-validates-as-required wpcf7-text wpcf7-validates-as-email\" aria-required=\"true\" aria-invalid=\"false\" placeholder=\"Mail*\" value=\"\" type=\"email\" name=\"mail\" \/><\/span><label for=\"cp\"><small>D\u00e9partement du projet*<\/small><\/label><span class=\"wpcf7-form-control-wrap\" data-name=\"dep\"><select class=\"wpcf7-form-control wpcf7-select wpcf7-validates-as-required\" id=\"cp\" aria-required=\"true\" aria-invalid=\"false\" name=\"dep\"><option value=\"\">&#8212;Please choose an option&#8212;<\/option><option value=\"01\">01<\/option><option value=\"02\">02<\/option><option value=\"03\">03<\/option><option value=\"04\">04<\/option><option value=\"05\">05<\/option><option value=\"06\">06<\/option><option value=\"07\">07<\/option><option value=\"08\">08<\/option><option value=\"09\">09<\/option><option value=\"10\">10<\/option><option value=\"11\">11<\/option><option value=\"12\">12<\/option><option value=\"13\">13<\/option><option value=\"14\">14<\/option><option value=\"15\">15<\/option><option value=\"16\">16<\/option><option value=\"17\">17<\/option><option value=\"18\">18<\/option><option value=\"19\">19<\/option><option value=\"20 \/ 2A\">20 \/ 2A<\/option><option value=\"20 \/ 2B\">20 \/ 2B<\/option><option value=\"21\">21<\/option><option value=\"22\">22<\/option><option value=\"23\">23<\/option><option value=\"24\">24<\/option><option value=\"25\">25<\/option><option value=\"26\">26<\/option><option value=\"27\">27<\/option><option value=\"28\">28<\/option><option value=\"29\">29<\/option><option value=\"30\">30<\/option><option value=\"31\">31<\/option><option value=\"32\">32<\/option><option value=\"33\">33<\/option><option value=\"34\">34<\/option><option value=\"35\">35<\/option><option value=\"36\">36<\/option><option value=\"37\">37<\/option><option value=\"38\">38<\/option><option value=\"39\">39<\/option><option value=\"40\">40<\/option><option value=\"41\">41<\/option><option value=\"42\">42<\/option><option value=\"43\">43<\/option><option value=\"44\">44<\/option><option value=\"45\">45<\/option><option value=\"46\">46<\/option><option value=\"47\">47<\/option><option value=\"48\">48<\/option><option value=\"49\">49<\/option><option value=\"50\">50<\/option><option value=\"51\">51<\/option><option value=\"52\">52<\/option><option value=\"53\">53<\/option><option value=\"54\">54<\/option><option value=\"55\">55<\/option><option value=\"56\">56<\/option><option value=\"57\">57<\/option><option value=\"58\">58<\/option><option value=\"59\">59<\/option><option value=\"60\">60<\/option><option value=\"61\">61<\/option><option value=\"62\">62<\/option><option value=\"63\">63<\/option><option value=\"64\">64<\/option><option value=\"65\">65<\/option><option value=\"66\">66<\/option><option value=\"67\">67<\/option><option value=\"68\">68<\/option><option value=\"69\">69<\/option><option value=\"70\">70<\/option><option value=\"71\">71<\/option><option value=\"72\">72<\/option><option value=\"73\">73<\/option><option value=\"74\">74<\/option><option value=\"75\">75<\/option><option value=\"76\">76<\/option><option value=\"77\">77<\/option><option value=\"78\">78<\/option><option value=\"79\">79<\/option><option value=\"80\">80<\/option><option value=\"81\">81<\/option><option value=\"82\">82<\/option><option value=\"83\">83<\/option><option value=\"84\">84<\/option><option value=\"85\">85<\/option><option value=\"86\">86<\/option><option value=\"87\">87<\/option><option value=\"88\">88<\/option><option value=\"89\">89<\/option><option value=\"90\">90<\/option><option value=\"91\">91<\/option><option value=\"92\">92<\/option><option value=\"93\">93<\/option><option value=\"94\">94<\/option><option value=\"95\">95<\/option><\/select><\/span>\n\t<\/p>\n<\/div>\n<div class=\"right\">\n\t<p><span class=\"wpcf7-form-control-wrap\" data-name=\"message\"><textarea cols=\"40\" rows=\"10\" maxlength=\"2000\" class=\"wpcf7-form-control wpcf7-textarea\" aria-invalid=\"false\" placeholder=\"Mon message\" name=\"message\"><\/textarea><\/span><br \/>\n<span class=\"wpcf7-form-control-wrap\" data-name=\"accept\"><span class=\"wpcf7-form-control wpcf7-checkbox accept\"><span class=\"wpcf7-list-item first last\"><label><input type=\"checkbox\" name=\"accept[]\" value=\"J&#039;accepte de recevoir les informations de WC Loc\" \/><span class=\"wpcf7-list-item-label\">J&#039;accepte de recevoir les informations de WC Loc<\/span><\/label><\/span><\/span><\/span>\n\t<\/p>\n<\/div>\n<p class=\"center\"><button id='submit' class='wpcf7-form-control wpcf7-submit button button-double'>Je r\u00e9serve !<\/button>\n<\/p>\n<p><small>*Champs Obligatoires<\/small>\n<\/p><div class=\"wpcf7-response-output\" aria-hidden=\"true\"><\/div>\n<\/form>\n<\/div>\n\n<div style=\"font-weight: 400\">\n<h2 style=\"color: #008b92;text-align: center\"><strong>Quelles solutions pour vos chantiers ?<\/strong><\/h2>\n<section class=\"chantier_categories bloc_categories\">\n<div class=\"container\">\n<article><a href=\"\/fr?gamme=cabines-wc-douches-chantier\"><br \/>\n<img decoding=\"async\" src=\"https:\/\/www.wcloc.com\/wp-content\/uploads\/2019\/08\/cabwcdou-265x266.jpg\" alt=\"\" \/> <\/a><\/p>\n<div>\n<h2 class=\"titre\">CABINES WC &amp; DOUCHES<\/h2>\n<p>Pr\u00e9curseur dans l&#8217;introduction de ces cabines sanitaires autonomes en France, elles sont les plus r\u00e9sistantes et confortables du march\u00e9 !<\/p>\n<\/div>\n<\/article>\n<article><a href=\"\/fr?gamme=bases-vie-sanitaires-chantier\"><br \/>\n<img decoding=\"async\" src=\"https:\/\/www.wcloc.com\/wp-content\/uploads\/2019\/08\/basesani-265x266.jpg\" alt=\"\" \/> <\/a><\/p>\n<div>\n<h2 class=\"titre\">BASES VIE SANITAIRES<\/h2>\n<p>WC Loc, c\u2019est aussi une gamme compl\u00e8te de roulottes de chantier avec WC et\/ou douches, ainsi que des megablocs sanitaires 8 \u00e0 12 personnes.<\/p>\n<\/div>\n<\/article>\n<article><a href=\"\/fr?gamme=cellules-modules-sanitaires-chantier\"><br \/>\n<img decoding=\"async\" src=\"https:\/\/www.wcloc.com\/wp-content\/uploads\/2019\/08\/cellmodsani-265x266.jpg\" alt=\"\" \/> <\/a><\/p>\n<div>\n<h2 class=\"titre\">CELLULES &amp; MODULES SANITAIRES<\/h2>\n<p>Pour vos \u00e9quipes de chantier mixtes, vos \u00e9quipes techniques dans les industries en maintenance ou encore vos \u00e9quipes de vendange, pensez \u00e0 nos mat\u00e9riels raccord\u00e9s tout confort.<\/p>\n<\/div>\n<\/article>\n<article><a href=\"\/fr?gamme=materiels-complementaires-chantier\"><br \/>\n<img decoding=\"async\" src=\"https:\/\/www.wcloc.com\/wp-content\/uploads\/2019\/08\/matcompl-265x266.jpg\" alt=\"\" \/> <\/a><\/p>\n<div>\n<h2 class=\"titre\">Mat\u00e9riels compl\u00e9mentaires<\/h2>\n<p>Lavabos, urinoirs, pompes de relevage, cuves de stockage &#8230; Cr\u00e9ez une zone sanitaire autonome compl\u00e8te !<\/p>\n<\/div>\n<\/article>\n<\/div>\n<div style=\"font-weight: 400\">\n<p style=\"text-align: center\"><strong>Le saviez-vous ?<\/strong><\/p>\n<p style=\"text-align: center\"><strong>La s\u00e9curit\u00e9 social recommande, notamment pour les travaux de maisons individuelles de<\/strong><\/p>\n<blockquote>\n<p style=\"text-align: center\"><em><strong> \u201cmettre en place un sanitaire (WC) autonome ou raccord\u00e9 mutualis\u00e9 pour l\u2019ensemble des entreprises intervenantes sur le chantier de maisons individuelles\u201d<\/strong><\/em><\/p>\n<\/blockquote>\n<\/div>\n<section class=\"chantier_services\">\n<h3 class=\"title\">WC Loc : on ne vous laissera jamais dans le besoin !<\/h3>\n<ul>\n<li>\n<figure><img decoding=\"async\" src=\"https:\/\/www.wcloc.com\/wp-content\/uploads\/2019\/07\/expert.png\" alt=\"\" \/><\/figure>\n<p>Des experts<br \/>\n\u00e0 votre \u00e9coute<\/li>\n<li>\n<figure><img decoding=\"async\" src=\"https:\/\/www.wcloc.com\/wp-content\/uploads\/2019\/07\/livraison.png\" alt=\"\" \/><\/figure>\n<p>Livraison, installation<br \/>\nen moins de 48h<\/li>\n<li>\n<figure><img decoding=\"async\" src=\"https:\/\/www.wcloc.com\/wp-content\/uploads\/2020\/07\/WCLOC_desinfection-e1593591052165.png\" alt=\"\" \/><\/figure>\n<p>Nettoyage<br \/>\nd\u00e9sinfection virucide<\/li>\n<li>\n<figure><img decoding=\"async\" src=\"https:\/\/www.wcloc.com\/wp-content\/uploads\/2019\/07\/vidange.png\" alt=\"\" \/><\/figure>\n<p>Vidanges<br \/>\nHebdomadaires<\/li>\n<li>\n<figure><img decoding=\"async\" src=\"https:\/\/www.wcloc.com\/wp-content\/uploads\/2019\/07\/notificatino.png\" alt=\"\" \/><\/figure>\n<p>Notification des<br \/>\nprestations en temps r\u00e9el<\/li>\n<li>\n<figure><img decoding=\"async\" src=\"https:\/\/www.wcloc.com\/wp-content\/uploads\/2019\/07\/eau-usee.png\" alt=\"\" \/><\/figure>\n<p>Traitement et recyclage<br \/>\ndes d\u00e9chets<\/li>\n<\/ul>\n<p class=\"mobile\">Experts r\u00e9actifs et \u00e0 votre \u00e9coute, livraison et installation de vos sanitaires en moins de 48h, nettoyage, entretien et vidanges hebdomadaires de vos sanitaires avec notification de nos interventions en temps r\u00e9el, traitement et recyclage&#8230; WC Loc ne vous laissera jamais dans le besoin !<\/p>\n<p><a class=\"button button-double\" href=\"https:\/\/www.wcloc.com\/fr\/nos-services#chantiers\">D\u00e9couvrez tous nos services<\/a><\/p>\n<\/section>\n<\/section>\n<\/div>\n","protected":false},"excerpt":{"rendered":"&nbsp; WC Loc : l\u2019expert en location de sanitaires mobiles au service des artisans Afin de r\u00e9pondre aux exigences de la CARSAT et de l\u2019Inspection du Travail sur vos chantiers, en lien avec la norme NF EN 16194, WC LOC vous aide \u00e0 respecter ces obligations et vous garantit une exp\u00e9rience cl\u00e9 en mains de [&hellip;]","protected":false},"author":7,"featured_media":0,"parent":0,"menu_order":0,"comment_status":"closed","ping_status":"closed","template":"","meta":{"_acf_changed":false,"footnotes":""},"class_list":["post-77546","page","type-page","status-publish","hentry"],"acf":[],"yoast_head":"<!-- This site is optimized with the Yoast SEO plugin v27.5 - https:\/\/yoast.com\/product\/yoast-seo-wordpress\/ -->\n<title>Artisans du b\u00e2timent : Pensez \u00e0 l\u2019hygi\u00e8ne sur vos chantiers - WC Loc<\/title>\n<meta name=\"robots\" content=\"index, follow, max-snippet:-1, max-image-preview:large, max-video-preview:-1\" \/>\n<link rel=\"canonical\" href=\"https:\/\/www.wcloc.com\/fr-lux\/offre-capeb-artisans\" \/>\n<meta property=\"og:locale\" content=\"fr_FR\" \/>\n<meta property=\"og:type\" content=\"article\" \/>\n<meta property=\"og:title\" content=\"Artisans du b\u00e2timent : Pensez \u00e0 l\u2019hygi\u00e8ne sur vos chantiers - WC Loc\" \/>\n<meta property=\"og:description\" content=\"&nbsp; WC Loc : l\u2019expert en location de sanitaires mobiles au service des artisans Afin de r\u00e9pondre aux exigences de la CARSAT et de l\u2019Inspection du Travail sur vos chantiers, en lien avec la norme NF EN 16194, WC LOC vous aide \u00e0 respecter ces obligations et vous garantit une exp\u00e9rience cl\u00e9 en mains de [&hellip;]\" \/>\n<meta property=\"og:url\" content=\"https:\/\/www.wcloc.com\/fr-lux\/offre-capeb-artisans\" \/>\n<meta property=\"og:site_name\" content=\"WC Loc\" \/>\n<meta property=\"article:modified_time\" content=\"2024-07-29T15:54:02+00:00\" \/>\n<meta property=\"og:image\" content=\"https:\/\/www.wcloc.com\/wp-content\/uploads\/2021\/05\/Offre-speciale-1.png\" \/>\n<meta name=\"twitter:card\" content=\"summary_large_image\" \/>\n<meta name=\"twitter:label1\" content=\"Est. reading time\" \/>\n\t<meta name=\"twitter:data1\" content=\"4 minutes\" \/>\n<script type=\"application\/ld+json\" class=\"yoast-schema-graph\">{\"@context\":\"https:\\\/\\\/schema.org\",\"@graph\":[{\"@type\":\"WebPage\",\"@id\":\"https:\\\/\\\/www.wcloc.com\\\/fr-lux\\\/offre-capeb-artisans\",\"url\":\"https:\\\/\\\/www.wcloc.com\\\/fr-lux\\\/offre-capeb-artisans\",\"name\":\"Artisans du b\u00e2timent : Pensez \u00e0 l\u2019hygi\u00e8ne sur vos chantiers - WC Loc\",\"isPartOf\":{\"@id\":\"https:\\\/\\\/www.wcloc.com\\\/fr-lux#website\"},\"primaryImageOfPage\":{\"@id\":\"https:\\\/\\\/www.wcloc.com\\\/fr-lux\\\/offre-capeb-artisans#primaryimage\"},\"image\":{\"@id\":\"https:\\\/\\\/www.wcloc.com\\\/fr-lux\\\/offre-capeb-artisans#primaryimage\"},\"thumbnailUrl\":\"https:\\\/\\\/www.wcloc.com\\\/wp-content\\\/uploads\\\/2021\\\/05\\\/Offre-speciale-1.png\",\"datePublished\":\"2021-05-07T10:32:53+00:00\",\"dateModified\":\"2024-07-29T15:54:02+00:00\",\"inLanguage\":\"fr-LUX\",\"potentialAction\":[{\"@type\":\"ReadAction\",\"target\":[\"https:\\\/\\\/www.wcloc.com\\\/fr-lux\\\/offre-capeb-artisans\"]}]},{\"@type\":\"ImageObject\",\"inLanguage\":\"fr-LUX\",\"@id\":\"https:\\\/\\\/www.wcloc.com\\\/fr-lux\\\/offre-capeb-artisans#primaryimage\",\"url\":\"https:\\\/\\\/www.wcloc.com\\\/wp-content\\\/uploads\\\/2021\\\/05\\\/Offre-speciale-1.png\",\"contentUrl\":\"https:\\\/\\\/www.wcloc.com\\\/wp-content\\\/uploads\\\/2021\\\/05\\\/Offre-speciale-1.png\"},{\"@type\":\"WebSite\",\"@id\":\"https:\\\/\\\/www.wcloc.com\\\/fr-lux#website\",\"url\":\"https:\\\/\\\/www.wcloc.com\\\/fr-lux\",\"name\":\"WC Loc\",\"description\":\"Un site utilisant Les sites de platform.enygea.fr\",\"publisher\":{\"@id\":\"https:\\\/\\\/www.wcloc.com\\\/fr-lux#organization\"},\"potentialAction\":[{\"@type\":\"SearchAction\",\"target\":{\"@type\":\"EntryPoint\",\"urlTemplate\":\"https:\\\/\\\/www.wcloc.com\\\/fr-lux?s={search_term_string}\"},\"query-input\":{\"@type\":\"PropertyValueSpecification\",\"valueRequired\":true,\"valueName\":\"search_term_string\"}}],\"inLanguage\":\"fr-LUX\"},{\"@type\":\"Organization\",\"@id\":\"https:\\\/\\\/www.wcloc.com\\\/fr-lux#organization\",\"name\":\"WC Loc\",\"url\":\"https:\\\/\\\/www.wcloc.com\\\/fr-lux\",\"logo\":{\"@type\":\"ImageObject\",\"inLanguage\":\"fr-LUX\",\"@id\":\"https:\\\/\\\/www.wcloc.com\\\/fr-lux#\\\/schema\\\/logo\\\/image\\\/\",\"url\":\"https:\\\/\\\/www.wcloc.com\\\/wp-content\\\/uploads\\\/2023\\\/04\\\/logo.png\",\"contentUrl\":\"https:\\\/\\\/www.wcloc.com\\\/wp-content\\\/uploads\\\/2023\\\/04\\\/logo.png\",\"width\":291,\"height\":71,\"caption\":\"WC Loc\"},\"image\":{\"@id\":\"https:\\\/\\\/www.wcloc.com\\\/fr-lux#\\\/schema\\\/logo\\\/image\\\/\"}}]}<\/script>\n<!-- \/ Yoast SEO plugin. -->","yoast_head_json":{"title":"Artisans du b\u00e2timent : Pensez \u00e0 l\u2019hygi\u00e8ne sur vos chantiers - WC Loc","robots":{"index":"index","follow":"follow","max-snippet":"max-snippet:-1","max-image-preview":"max-image-preview:large","max-video-preview":"max-video-preview:-1"},"canonical":"https:\/\/www.wcloc.com\/fr-lux\/offre-capeb-artisans","og_locale":"fr_FR","og_type":"article","og_title":"Artisans du b\u00e2timent : Pensez \u00e0 l\u2019hygi\u00e8ne sur vos chantiers - WC Loc","og_description":"&nbsp; WC Loc : l\u2019expert en location de sanitaires mobiles au service des artisans Afin de r\u00e9pondre aux exigences de la CARSAT et de l\u2019Inspection du Travail sur vos chantiers, en lien avec la norme NF EN 16194, WC LOC vous aide \u00e0 respecter ces obligations et vous garantit une exp\u00e9rience cl\u00e9 en mains de [&hellip;]","og_url":"https:\/\/www.wcloc.com\/fr-lux\/offre-capeb-artisans","og_site_name":"WC Loc","article_modified_time":"2024-07-29T15:54:02+00:00","og_image":[{"url":"https:\/\/www.wcloc.com\/wp-content\/uploads\/2021\/05\/Offre-speciale-1.png","type":"","width":"","height":""}],"twitter_card":"summary_large_image","twitter_misc":{"Est. reading time":"4 minutes"},"schema":{"@context":"https:\/\/schema.org","@graph":[{"@type":"WebPage","@id":"https:\/\/www.wcloc.com\/fr-lux\/offre-capeb-artisans","url":"https:\/\/www.wcloc.com\/fr-lux\/offre-capeb-artisans","name":"Artisans du b\u00e2timent : Pensez \u00e0 l\u2019hygi\u00e8ne sur vos chantiers - WC Loc","isPartOf":{"@id":"https:\/\/www.wcloc.com\/fr-lux#website"},"primaryImageOfPage":{"@id":"https:\/\/www.wcloc.com\/fr-lux\/offre-capeb-artisans#primaryimage"},"image":{"@id":"https:\/\/www.wcloc.com\/fr-lux\/offre-capeb-artisans#primaryimage"},"thumbnailUrl":"https:\/\/www.wcloc.com\/wp-content\/uploads\/2021\/05\/Offre-speciale-1.png","datePublished":"2021-05-07T10:32:53+00:00","dateModified":"2024-07-29T15:54:02+00:00","inLanguage":"fr-LUX","potentialAction":[{"@type":"ReadAction","target":["https:\/\/www.wcloc.com\/fr-lux\/offre-capeb-artisans"]}]},{"@type":"ImageObject","inLanguage":"fr-LUX","@id":"https:\/\/www.wcloc.com\/fr-lux\/offre-capeb-artisans#primaryimage","url":"https:\/\/www.wcloc.com\/wp-content\/uploads\/2021\/05\/Offre-speciale-1.png","contentUrl":"https:\/\/www.wcloc.com\/wp-content\/uploads\/2021\/05\/Offre-speciale-1.png"},{"@type":"WebSite","@id":"https:\/\/www.wcloc.com\/fr-lux#website","url":"https:\/\/www.wcloc.com\/fr-lux","name":"WC Loc","description":"Un site utilisant Les sites de platform.enygea.fr","publisher":{"@id":"https:\/\/www.wcloc.com\/fr-lux#organization"},"potentialAction":[{"@type":"SearchAction","target":{"@type":"EntryPoint","urlTemplate":"https:\/\/www.wcloc.com\/fr-lux?s={search_term_string}"},"query-input":{"@type":"PropertyValueSpecification","valueRequired":true,"valueName":"search_term_string"}}],"inLanguage":"fr-LUX"},{"@type":"Organization","@id":"https:\/\/www.wcloc.com\/fr-lux#organization","name":"WC Loc","url":"https:\/\/www.wcloc.com\/fr-lux","logo":{"@type":"ImageObject","inLanguage":"fr-LUX","@id":"https:\/\/www.wcloc.com\/fr-lux#\/schema\/logo\/image\/","url":"https:\/\/www.wcloc.com\/wp-content\/uploads\/2023\/04\/logo.png","contentUrl":"https:\/\/www.wcloc.com\/wp-content\/uploads\/2023\/04\/logo.png","width":291,"height":71,"caption":"WC Loc"},"image":{"@id":"https:\/\/www.wcloc.com\/fr-lux#\/schema\/logo\/image\/"}}]}},"_links":{"self":[{"href":"https:\/\/www.wcloc.com\/fr-lux\/wp-json\/wp\/v2\/pages\/77546","targetHints":{"allow":["GET"]}}],"collection":[{"href":"https:\/\/www.wcloc.com\/fr-lux\/wp-json\/wp\/v2\/pages"}],"about":[{"href":"https:\/\/www.wcloc.com\/fr-lux\/wp-json\/wp\/v2\/types\/page"}],"author":[{"embeddable":true,"href":"https:\/\/www.wcloc.com\/fr-lux\/wp-json\/wp\/v2\/users\/7"}],"replies":[{"embeddable":true,"href":"https:\/\/www.wcloc.com\/fr-lux\/wp-json\/wp\/v2\/comments?post=77546"}],"version-history":[{"count":2,"href":"https:\/\/www.wcloc.com\/fr-lux\/wp-json\/wp\/v2\/pages\/77546\/revisions"}],"predecessor-version":[{"id":113605,"href":"https:\/\/www.wcloc.com\/fr-lux\/wp-json\/wp\/v2\/pages\/77546\/revisions\/113605"}],"wp:attachment":[{"href":"https:\/\/www.wcloc.com\/fr-lux\/wp-json\/wp\/v2\/media?parent=77546"}],"curies":[{"name":"wp","href":"https:\/\/api.w.org\/{rel}","templated":true}]}}