{"id":55700,"date":"2022-12-06T14:17:19","date_gmt":"2022-12-06T13:17:19","guid":{"rendered":"https:\/\/www.wcloc.com\/espace-client"},"modified":"2024-11-25T14:50:18","modified_gmt":"2024-11-25T13:50:18","slug":"espace-client","status":"publish","type":"page","link":"https:\/\/www.wcloc.com\/fr-be\/espace-client","title":{"rendered":"Espace client"},"content":{"rendered":"","protected":false},"excerpt":{"rendered":"","protected":false},"author":2,"featured_media":0,"parent":0,"menu_order":0,"comment_status":"closed","ping_status":"closed","template":"template-espace.php","meta":{"_acf_changed":false,"footnotes":""},"class_list":["post-55700","page","type-page","status-publish","hentry"],"acf":[],"yoast_head":"<!-- This site is optimized with the Yoast SEO plugin v27.3 - https:\/\/yoast.com\/product\/yoast-seo-wordpress\/ -->\n<title>Espace client - WC Loc<\/title>\n<meta name=\"description\" content=\"D\u00e9couvrez l&#039;espace client WC Loc, un espace d\u00e9di\u00e9 aux acteurs du BTP pour simplifier la gestion de la location de sanitaires mobiles !\" \/>\n<meta name=\"robots\" content=\"index, follow, max-snippet:-1, max-image-preview:large, max-video-preview:-1\" \/>\n<link rel=\"canonical\" href=\"https:\/\/www.wcloc.com\/fr-be\/espace-client\" \/>\n<meta property=\"og:locale\" content=\"fr_FR\" \/>\n<meta property=\"og:type\" content=\"article\" \/>\n<meta property=\"og:title\" content=\"Espace client - WC Loc\" \/>\n<meta property=\"og:description\" content=\"D\u00e9couvrez l&#039;espace client WC Loc, un espace d\u00e9di\u00e9 aux acteurs du BTP pour simplifier la gestion de la location de sanitaires mobiles !\" \/>\n<meta property=\"og:url\" content=\"https:\/\/www.wcloc.com\/fr-be\/espace-client\" \/>\n<meta property=\"og:site_name\" content=\"WC Loc\" \/>\n<meta property=\"article:modified_time\" content=\"2024-11-25T13:50:18+00:00\" \/>\n<meta name=\"twitter:card\" content=\"summary_large_image\" \/>\n<script type=\"application\/ld+json\" class=\"yoast-schema-graph\">{\"@context\":\"https:\\\/\\\/schema.org\",\"@graph\":[{\"@type\":\"WebPage\",\"@id\":\"https:\\\/\\\/www.wcloc.com\\\/fr-be\\\/espace-client\",\"url\":\"https:\\\/\\\/www.wcloc.com\\\/fr-be\\\/espace-client\",\"name\":\"Espace client - WC Loc\",\"isPartOf\":{\"@id\":\"https:\\\/\\\/www.wcloc.com\\\/fr-be#website\"},\"datePublished\":\"2022-12-06T13:17:19+00:00\",\"dateModified\":\"2024-11-25T13:50:18+00:00\",\"description\":\"D\u00e9couvrez l'espace client WC Loc, un espace d\u00e9di\u00e9 aux acteurs du BTP pour simplifier la gestion de la location de sanitaires mobiles !\",\"inLanguage\":\"fr-BE\",\"potentialAction\":[{\"@type\":\"ReadAction\",\"target\":[\"https:\\\/\\\/www.wcloc.com\\\/fr-be\\\/espace-client\"]}]},{\"@type\":\"WebSite\",\"@id\":\"https:\\\/\\\/www.wcloc.com\\\/fr-be#website\",\"url\":\"https:\\\/\\\/www.wcloc.com\\\/fr-be\",\"name\":\"WC Loc\",\"description\":\"Un site utilisant Les sites de platform.enygea.fr\",\"publisher\":{\"@id\":\"https:\\\/\\\/www.wcloc.com\\\/fr-be#organization\"},\"potentialAction\":[{\"@type\":\"SearchAction\",\"target\":{\"@type\":\"EntryPoint\",\"urlTemplate\":\"https:\\\/\\\/www.wcloc.com\\\/fr-be?s={search_term_string}\"},\"query-input\":{\"@type\":\"PropertyValueSpecification\",\"valueRequired\":true,\"valueName\":\"search_term_string\"}}],\"inLanguage\":\"fr-BE\"},{\"@type\":\"Organization\",\"@id\":\"https:\\\/\\\/www.wcloc.com\\\/fr-be#organization\",\"name\":\"WC Loc\",\"url\":\"https:\\\/\\\/www.wcloc.com\\\/fr-be\",\"logo\":{\"@type\":\"ImageObject\",\"inLanguage\":\"fr-BE\",\"@id\":\"https:\\\/\\\/www.wcloc.com\\\/fr-be#\\\/schema\\\/logo\\\/image\\\/\",\"url\":\"https:\\\/\\\/www.wcloc.com\\\/wp-content\\\/uploads\\\/2023\\\/04\\\/logo.png\",\"contentUrl\":\"https:\\\/\\\/www.wcloc.com\\\/wp-content\\\/uploads\\\/2023\\\/04\\\/logo.png\",\"width\":291,\"height\":71,\"caption\":\"WC Loc\"},\"image\":{\"@id\":\"https:\\\/\\\/www.wcloc.com\\\/fr-be#\\\/schema\\\/logo\\\/image\\\/\"}}]}<\/script>\n<!-- \/ Yoast SEO plugin. -->","yoast_head_json":{"title":"Espace client - WC Loc","description":"D\u00e9couvrez l'espace client WC Loc, un espace d\u00e9di\u00e9 aux acteurs du BTP pour simplifier la gestion de la location de sanitaires mobiles !","robots":{"index":"index","follow":"follow","max-snippet":"max-snippet:-1","max-image-preview":"max-image-preview:large","max-video-preview":"max-video-preview:-1"},"canonical":"https:\/\/www.wcloc.com\/fr-be\/espace-client","og_locale":"fr_FR","og_type":"article","og_title":"Espace client - WC Loc","og_description":"D\u00e9couvrez l'espace client WC Loc, un espace d\u00e9di\u00e9 aux acteurs du BTP pour simplifier la gestion de la location de sanitaires mobiles !","og_url":"https:\/\/www.wcloc.com\/fr-be\/espace-client","og_site_name":"WC Loc","article_modified_time":"2024-11-25T13:50:18+00:00","twitter_card":"summary_large_image","schema":{"@context":"https:\/\/schema.org","@graph":[{"@type":"WebPage","@id":"https:\/\/www.wcloc.com\/fr-be\/espace-client","url":"https:\/\/www.wcloc.com\/fr-be\/espace-client","name":"Espace client - WC Loc","isPartOf":{"@id":"https:\/\/www.wcloc.com\/fr-be#website"},"datePublished":"2022-12-06T13:17:19+00:00","dateModified":"2024-11-25T13:50:18+00:00","description":"D\u00e9couvrez l'espace client WC Loc, un espace d\u00e9di\u00e9 aux acteurs du BTP pour simplifier la gestion de la location de sanitaires mobiles !","inLanguage":"fr-BE","potentialAction":[{"@type":"ReadAction","target":["https:\/\/www.wcloc.com\/fr-be\/espace-client"]}]},{"@type":"WebSite","@id":"https:\/\/www.wcloc.com\/fr-be#website","url":"https:\/\/www.wcloc.com\/fr-be","name":"WC Loc","description":"Un site utilisant Les sites de platform.enygea.fr","publisher":{"@id":"https:\/\/www.wcloc.com\/fr-be#organization"},"potentialAction":[{"@type":"SearchAction","target":{"@type":"EntryPoint","urlTemplate":"https:\/\/www.wcloc.com\/fr-be?s={search_term_string}"},"query-input":{"@type":"PropertyValueSpecification","valueRequired":true,"valueName":"search_term_string"}}],"inLanguage":"fr-BE"},{"@type":"Organization","@id":"https:\/\/www.wcloc.com\/fr-be#organization","name":"WC Loc","url":"https:\/\/www.wcloc.com\/fr-be","logo":{"@type":"ImageObject","inLanguage":"fr-BE","@id":"https:\/\/www.wcloc.com\/fr-be#\/schema\/logo\/image\/","url":"https:\/\/www.wcloc.com\/wp-content\/uploads\/2023\/04\/logo.png","contentUrl":"https:\/\/www.wcloc.com\/wp-content\/uploads\/2023\/04\/logo.png","width":291,"height":71,"caption":"WC Loc"},"image":{"@id":"https:\/\/www.wcloc.com\/fr-be#\/schema\/logo\/image\/"}}]}},"_links":{"self":[{"href":"https:\/\/www.wcloc.com\/fr-be\/wp-json\/wp\/v2\/pages\/55700","targetHints":{"allow":["GET"]}}],"collection":[{"href":"https:\/\/www.wcloc.com\/fr-be\/wp-json\/wp\/v2\/pages"}],"about":[{"href":"https:\/\/www.wcloc.com\/fr-be\/wp-json\/wp\/v2\/types\/page"}],"author":[{"embeddable":true,"href":"https:\/\/www.wcloc.com\/fr-be\/wp-json\/wp\/v2\/users\/2"}],"replies":[{"embeddable":true,"href":"https:\/\/www.wcloc.com\/fr-be\/wp-json\/wp\/v2\/comments?post=55700"}],"version-history":[{"count":3,"href":"https:\/\/www.wcloc.com\/fr-be\/wp-json\/wp\/v2\/pages\/55700\/revisions"}],"predecessor-version":[{"id":118849,"href":"https:\/\/www.wcloc.com\/fr-be\/wp-json\/wp\/v2\/pages\/55700\/revisions\/118849"}],"wp:attachment":[{"href":"https:\/\/www.wcloc.com\/fr-be\/wp-json\/wp\/v2\/media?parent=55700"}],"curies":[{"name":"wp","href":"https:\/\/api.w.org\/{rel}","templated":true}]}}