{"id":105577,"date":"2023-09-20T12:36:52","date_gmt":"2023-09-20T10:36:52","guid":{"rendered":"https:\/\/www.wcloc.com\/word-chauffeur-2"},"modified":"2024-03-13T14:03:54","modified_gmt":"2024-03-13T13:03:54","slug":"deviens-chauffeur","status":"publish","type":"page","link":"https:\/\/www.wcloc.com\/fr-be\/deviens-chauffeur","title":{"rendered":"Deviens chauffeur"},"content":{"rendered":"<h4><span style=\"text-decoration: underline\">Voici tes t\u00e2ches en bref !<\/span><\/h4>\n<p>Sous la direction du Responsable R\u00e9gional, les principales missions sont les suivantes :<\/p>\n<ul>\n<li>Conduire un v\u00e9hicule l\u00e9ger \u00e0 vide et\/ou un camion.<\/li>\n<li>Livrer et r\u00e9cup\u00e9rer du mat\u00e9riel sanitaire \u00e0 des fins de location.<\/li>\n<li>Participer aux contr\u00f4les et analyses du mat\u00e9riel lou\u00e9 selon les proc\u00e9dures \u00e9tablies.<\/li>\n<li>Assurer le nettoyage des cabines lou\u00e9es.<\/li>\n<\/ul>\n<h4><span style=\"text-decoration: underline\">Nous t&rsquo;offrons :<\/span><\/h4>\n<ul>\n<li>Un environnement de travail dynamique.<\/li>\n<li>L&rsquo;opportunit\u00e9 de faire partie d&rsquo;une entreprise en pleine croissance.<\/li>\n<li>Un travail vari\u00e9 avec des responsabilit\u00e9s.<\/li>\n<li>Contrat \u00e0 dur\u00e9e ind\u00e9termin\u00e9e avec une r\u00e9mun\u00e9ration attractive apr\u00e8s une p\u00e9riode d&rsquo;essai de 3 mois.<\/li>\n<\/ul>\n<h4><span style=\"text-decoration: underline\">Cela correspond-t-il \u00e0 ton profil ?<\/span><\/h4>\n<p>Si tu es capable de travailler de mani\u00e8re autonome, que tu as le sens du service et que tu poss\u00e8des un permis de conduire de cat\u00e9gorie C <span style=\"text-decoration: underline\">(les permis B sont aussi accept\u00e9s \u00e0 ce stade)<\/span>, alors ton profil nous int\u00e9resse !<\/p>\n<h4><span style=\"text-decoration: underline\">Lieu de travail :<\/span><\/h4>\n<p>Nous recherchons des chauffeurs pour nos sites \u00e0 Amay, Jumet (Charleroi) et Thimister.<\/p>\n<p>&nbsp;<\/p>\n<h2 style=\"text-align: center\">Int\u00e9ress\u00e9 par une nouvelle exp\u00e9rience ?<\/h2>\n<h2 style=\"text-align: center\">Envoie-nous ton CV via le formulaire ci-dessous.<\/h2>\n<h1 style=\"text-align: center\">\u2193<\/h1>\n\n<div class=\"wpcf7 no-js\" id=\"wpcf7-f13939-o1\" lang=\"fr-FR\" dir=\"ltr\" data-wpcf7-id=\"13939\">\n<div class=\"screen-reader-response\"><p role=\"status\" aria-live=\"polite\" aria-atomic=\"true\"><\/p> <ul><\/ul><\/div>\n<form action=\"\/fr-be\/wp-json\/wp\/v2\/pages\/105577#wpcf7-f13939-o1\" method=\"post\" class=\"wpcf7-form init\" aria-label=\"Formulaire de contact\" enctype=\"multipart\/form-data\" novalidate=\"novalidate\" data-status=\"init\">\n<fieldset class=\"hidden-fields-container\"><input type=\"hidden\" name=\"_wpcf7\" value=\"13939\" \/><input type=\"hidden\" name=\"_wpcf7_version\" value=\"6.1.5\" \/><input type=\"hidden\" name=\"_wpcf7_locale\" value=\"fr_FR\" \/><input type=\"hidden\" name=\"_wpcf7_unit_tag\" value=\"wpcf7-f13939-o1\" \/><input type=\"hidden\" name=\"_wpcf7_container_post\" value=\"0\" \/><input type=\"hidden\" name=\"_wpcf7_posted_data_hash\" value=\"\" \/><input type=\"hidden\" name=\"_wpcf7cf_hidden_group_fields\" value=\"[]\" \/><input type=\"hidden\" name=\"_wpcf7cf_hidden_groups\" value=\"[]\" \/><input type=\"hidden\" name=\"_wpcf7cf_visible_groups\" value=\"[]\" \/><input type=\"hidden\" name=\"_wpcf7cf_repeaters\" value=\"[]\" \/><input type=\"hidden\" name=\"_wpcf7cf_steps\" value=\"{}\" \/><input type=\"hidden\" name=\"_wpcf7cf_options\" value=\"{&quot;form_id&quot;:13939,&quot;conditions&quot;:[],&quot;settings&quot;:{&quot;animation&quot;:&quot;yes&quot;,&quot;animation_intime&quot;:200,&quot;animation_outtime&quot;:200,&quot;conditions_ui&quot;:&quot;normal&quot;,&quot;notice_dismissed&quot;:false,&quot;notice_dismissed_rollback-cf7-5.3.2&quot;:true,&quot;notice_dismissed_rollback-cf7-5.8.3&quot;:true,&quot;notice_dismissed_rollback-cf7-5.8.6&quot;:true,&quot;notice_dismissed_rollback-cf7-5.8.7&quot;:true,&quot;notice_dismissed_rollback-cf7-5.9.5&quot;:true,&quot;notice_dismissed_rollback-cf7-5.9.6&quot;:true}}\" \/><input type=\"hidden\" name=\"_wpcf7_recaptcha_response\" value=\"\" \/>\n<\/fieldset>\n<div class=\"content\">\n\t<p><span class=\"wpcf7-form-control-wrap\" data-name=\"nom\"><input size=\"40\" maxlength=\"400\" class=\"wpcf7-form-control wpcf7-text wpcf7-validates-as-required\" aria-required=\"true\" aria-invalid=\"false\" placeholder=\"Nom*\" value=\"\" type=\"text\" name=\"nom\" \/><\/span><span class=\"wpcf7-form-control-wrap\" data-name=\"prenom\"><input size=\"40\" maxlength=\"400\" class=\"wpcf7-form-control wpcf7-text wpcf7-validates-as-required\" aria-required=\"true\" aria-invalid=\"false\" placeholder=\"Pr\u00e9nom*\" value=\"\" type=\"text\" name=\"prenom\" \/><\/span><span class=\"wpcf7-form-control-wrap\" data-name=\"tel\"><input size=\"40\" maxlength=\"400\" class=\"wpcf7-form-control wpcf7-tel wpcf7-validates-as-required wpcf7-text wpcf7-validates-as-tel\" aria-required=\"true\" aria-invalid=\"false\" placeholder=\"T\u00e9l\u00e9phone*\" value=\"\" type=\"tel\" name=\"tel\" \/><\/span><span class=\"wpcf7-form-control-wrap\" data-name=\"mail\"><input size=\"40\" maxlength=\"400\" class=\"wpcf7-form-control wpcf7-email wpcf7-validates-as-required wpcf7-text wpcf7-validates-as-email\" aria-required=\"true\" aria-invalid=\"false\" placeholder=\"Mail*\" value=\"\" type=\"email\" name=\"mail\" \/><\/span><span class=\"wpcf7-form-control-wrap\" data-name=\"message\"><textarea cols=\"40\" rows=\"10\" maxlength=\"2000\" class=\"wpcf7-form-control wpcf7-textarea\" aria-invalid=\"false\" placeholder=\"Mon message\" name=\"message\"><\/textarea><\/span><span class=\"wpcf7-form-control-wrap\" data-name=\"accept\"><span class=\"wpcf7-form-control wpcf7-checkbox\"><span class=\"wpcf7-list-item first last\"><label><input type=\"checkbox\" name=\"accept[]\" value=\"J&#039;accepte de recevoir les informations de WC Loc\" \/><span class=\"wpcf7-list-item-label\">J&#039;accepte de recevoir les informations de WC Loc<\/span><\/label><\/span><\/span><\/span>\n\t<\/p>\n\t<p class=\"marges\"><label for=\"cv\">CV*<\/label><br \/>\nJoindre votre CV en PDF ou Word<br \/>\n<span class=\"wpcf7-form-control-wrap\" data-name=\"cv\"><input size=\"40\" class=\"wpcf7-form-control wpcf7-file wpcf7-validates-as-required\" id=\"cv\" accept=\".*,.txt,application\/pdf\" aria-required=\"true\" aria-invalid=\"false\" type=\"file\" name=\"cv\" \/><\/span>\n\t<\/p>\n\t<p class=\"center\"><button id='submit' class='wpcf7-form-control wpcf7-submit button button-white button-double'>J'envoie !<\/button>\n\t<\/p>\n<\/div>\n<p><small>*Ce champs est obligatoire<\/small>\n<\/p><div class=\"wpcf7-response-output\" aria-hidden=\"true\"><\/div>\n<\/form>\n<\/div>\n\n","protected":false},"excerpt":{"rendered":"Voici tes t\u00e2ches en bref ! Sous la direction du Responsable R\u00e9gional, les principales missions sont les suivantes : Conduire un v\u00e9hicule l\u00e9ger \u00e0 vide et\/ou un camion. Livrer et r\u00e9cup\u00e9rer du mat\u00e9riel sanitaire \u00e0 des fins de location. Participer aux contr\u00f4les et analyses du mat\u00e9riel lou\u00e9 selon les proc\u00e9dures \u00e9tablies. Assurer le nettoyage des [&hellip;]","protected":false},"author":64,"featured_media":0,"parent":0,"menu_order":0,"comment_status":"closed","ping_status":"closed","template":"","meta":{"_acf_changed":false,"footnotes":""},"class_list":["post-105577","page","type-page","status-publish","hentry"],"acf":[],"yoast_head":"<!-- This site is optimized with the Yoast SEO plugin v27.5 - https:\/\/yoast.com\/product\/yoast-seo-wordpress\/ -->\n<title>Deviens chauffeur - WC Loc<\/title>\n<meta name=\"robots\" content=\"index, follow, max-snippet:-1, max-image-preview:large, max-video-preview:-1\" \/>\n<link rel=\"canonical\" href=\"https:\/\/www.wcloc.com\/fr-be\/deviens-chauffeur\" \/>\n<meta property=\"og:locale\" content=\"fr_FR\" \/>\n<meta property=\"og:type\" content=\"article\" \/>\n<meta property=\"og:title\" content=\"Deviens chauffeur - WC Loc\" \/>\n<meta property=\"og:description\" content=\"Voici tes t\u00e2ches en bref ! Sous la direction du Responsable R\u00e9gional, les principales missions sont les suivantes : Conduire un v\u00e9hicule l\u00e9ger \u00e0 vide et\/ou un camion. Livrer et r\u00e9cup\u00e9rer du mat\u00e9riel sanitaire \u00e0 des fins de location. Participer aux contr\u00f4les et analyses du mat\u00e9riel lou\u00e9 selon les proc\u00e9dures \u00e9tablies. Assurer le nettoyage des [&hellip;]\" \/>\n<meta property=\"og:url\" content=\"https:\/\/www.wcloc.com\/fr-be\/deviens-chauffeur\" \/>\n<meta property=\"og:site_name\" content=\"WC Loc\" \/>\n<meta property=\"article:modified_time\" content=\"2024-03-13T13:03:54+00:00\" \/>\n<meta name=\"twitter:card\" content=\"summary_large_image\" \/>\n<meta name=\"twitter:label1\" content=\"Dur\u00e9e de lecture est.\" \/>\n\t<meta name=\"twitter:data1\" content=\"1 minute\" \/>\n<script type=\"application\/ld+json\" class=\"yoast-schema-graph\">{\"@context\":\"https:\\\/\\\/schema.org\",\"@graph\":[{\"@type\":\"WebPage\",\"@id\":\"https:\\\/\\\/www.wcloc.com\\\/fr-be\\\/deviens-chauffeur\",\"url\":\"https:\\\/\\\/www.wcloc.com\\\/fr-be\\\/deviens-chauffeur\",\"name\":\"Deviens chauffeur - WC Loc\",\"isPartOf\":{\"@id\":\"https:\\\/\\\/www.wcloc.com\\\/fr-be#website\"},\"datePublished\":\"2023-09-20T10:36:52+00:00\",\"dateModified\":\"2024-03-13T13:03:54+00:00\",\"inLanguage\":\"fr-BE\",\"potentialAction\":[{\"@type\":\"ReadAction\",\"target\":[\"https:\\\/\\\/www.wcloc.com\\\/fr-be\\\/deviens-chauffeur\"]}]},{\"@type\":\"WebSite\",\"@id\":\"https:\\\/\\\/www.wcloc.com\\\/fr-be#website\",\"url\":\"https:\\\/\\\/www.wcloc.com\\\/fr-be\",\"name\":\"WC Loc\",\"description\":\"Un site utilisant Les sites de platform.enygea.fr\",\"publisher\":{\"@id\":\"https:\\\/\\\/www.wcloc.com\\\/fr-be#organization\"},\"potentialAction\":[{\"@type\":\"SearchAction\",\"target\":{\"@type\":\"EntryPoint\",\"urlTemplate\":\"https:\\\/\\\/www.wcloc.com\\\/fr-be?s={search_term_string}\"},\"query-input\":{\"@type\":\"PropertyValueSpecification\",\"valueRequired\":true,\"valueName\":\"search_term_string\"}}],\"inLanguage\":\"fr-BE\"},{\"@type\":\"Organization\",\"@id\":\"https:\\\/\\\/www.wcloc.com\\\/fr-be#organization\",\"name\":\"WC Loc\",\"url\":\"https:\\\/\\\/www.wcloc.com\\\/fr-be\",\"logo\":{\"@type\":\"ImageObject\",\"inLanguage\":\"fr-BE\",\"@id\":\"https:\\\/\\\/www.wcloc.com\\\/fr-be#\\\/schema\\\/logo\\\/image\\\/\",\"url\":\"https:\\\/\\\/www.wcloc.com\\\/wp-content\\\/uploads\\\/2023\\\/04\\\/logo.png\",\"contentUrl\":\"https:\\\/\\\/www.wcloc.com\\\/wp-content\\\/uploads\\\/2023\\\/04\\\/logo.png\",\"width\":291,\"height\":71,\"caption\":\"WC Loc\"},\"image\":{\"@id\":\"https:\\\/\\\/www.wcloc.com\\\/fr-be#\\\/schema\\\/logo\\\/image\\\/\"}}]}<\/script>\n<!-- \/ Yoast SEO plugin. -->","yoast_head_json":{"title":"Deviens chauffeur - WC Loc","robots":{"index":"index","follow":"follow","max-snippet":"max-snippet:-1","max-image-preview":"max-image-preview:large","max-video-preview":"max-video-preview:-1"},"canonical":"https:\/\/www.wcloc.com\/fr-be\/deviens-chauffeur","og_locale":"fr_FR","og_type":"article","og_title":"Deviens chauffeur - WC Loc","og_description":"Voici tes t\u00e2ches en bref ! Sous la direction du Responsable R\u00e9gional, les principales missions sont les suivantes : Conduire un v\u00e9hicule l\u00e9ger \u00e0 vide et\/ou un camion. Livrer et r\u00e9cup\u00e9rer du mat\u00e9riel sanitaire \u00e0 des fins de location. Participer aux contr\u00f4les et analyses du mat\u00e9riel lou\u00e9 selon les proc\u00e9dures \u00e9tablies. Assurer le nettoyage des [&hellip;]","og_url":"https:\/\/www.wcloc.com\/fr-be\/deviens-chauffeur","og_site_name":"WC Loc","article_modified_time":"2024-03-13T13:03:54+00:00","twitter_card":"summary_large_image","twitter_misc":{"Dur\u00e9e de lecture est.":"1 minute"},"schema":{"@context":"https:\/\/schema.org","@graph":[{"@type":"WebPage","@id":"https:\/\/www.wcloc.com\/fr-be\/deviens-chauffeur","url":"https:\/\/www.wcloc.com\/fr-be\/deviens-chauffeur","name":"Deviens chauffeur - WC Loc","isPartOf":{"@id":"https:\/\/www.wcloc.com\/fr-be#website"},"datePublished":"2023-09-20T10:36:52+00:00","dateModified":"2024-03-13T13:03:54+00:00","inLanguage":"fr-BE","potentialAction":[{"@type":"ReadAction","target":["https:\/\/www.wcloc.com\/fr-be\/deviens-chauffeur"]}]},{"@type":"WebSite","@id":"https:\/\/www.wcloc.com\/fr-be#website","url":"https:\/\/www.wcloc.com\/fr-be","name":"WC Loc","description":"Un site utilisant Les sites de platform.enygea.fr","publisher":{"@id":"https:\/\/www.wcloc.com\/fr-be#organization"},"potentialAction":[{"@type":"SearchAction","target":{"@type":"EntryPoint","urlTemplate":"https:\/\/www.wcloc.com\/fr-be?s={search_term_string}"},"query-input":{"@type":"PropertyValueSpecification","valueRequired":true,"valueName":"search_term_string"}}],"inLanguage":"fr-BE"},{"@type":"Organization","@id":"https:\/\/www.wcloc.com\/fr-be#organization","name":"WC Loc","url":"https:\/\/www.wcloc.com\/fr-be","logo":{"@type":"ImageObject","inLanguage":"fr-BE","@id":"https:\/\/www.wcloc.com\/fr-be#\/schema\/logo\/image\/","url":"https:\/\/www.wcloc.com\/wp-content\/uploads\/2023\/04\/logo.png","contentUrl":"https:\/\/www.wcloc.com\/wp-content\/uploads\/2023\/04\/logo.png","width":291,"height":71,"caption":"WC Loc"},"image":{"@id":"https:\/\/www.wcloc.com\/fr-be#\/schema\/logo\/image\/"}}]}},"_links":{"self":[{"href":"https:\/\/www.wcloc.com\/fr-be\/wp-json\/wp\/v2\/pages\/105577","targetHints":{"allow":["GET"]}}],"collection":[{"href":"https:\/\/www.wcloc.com\/fr-be\/wp-json\/wp\/v2\/pages"}],"about":[{"href":"https:\/\/www.wcloc.com\/fr-be\/wp-json\/wp\/v2\/types\/page"}],"author":[{"embeddable":true,"href":"https:\/\/www.wcloc.com\/fr-be\/wp-json\/wp\/v2\/users\/64"}],"replies":[{"embeddable":true,"href":"https:\/\/www.wcloc.com\/fr-be\/wp-json\/wp\/v2\/comments?post=105577"}],"version-history":[{"count":4,"href":"https:\/\/www.wcloc.com\/fr-be\/wp-json\/wp\/v2\/pages\/105577\/revisions"}],"predecessor-version":[{"id":105819,"href":"https:\/\/www.wcloc.com\/fr-be\/wp-json\/wp\/v2\/pages\/105577\/revisions\/105819"}],"wp:attachment":[{"href":"https:\/\/www.wcloc.com\/fr-be\/wp-json\/wp\/v2\/media?parent=105577"}],"curies":[{"name":"wp","href":"https:\/\/api.w.org\/{rel}","templated":true}]}}