{"id":15639,"date":"2019-06-12T11:06:22","date_gmt":"2019-06-12T09:06:22","guid":{"rendered":"https:\/\/www.wcloc.com\/?page_id=15639"},"modified":"2025-12-18T15:51:12","modified_gmt":"2025-12-18T14:51:12","slug":"trabaja-con-nosotros","status":"publish","type":"page","link":"https:\/\/www.wcloc.com\/es\/trabaja-con-nosotros","title":{"rendered":"Trabaja con nosotros"},"content":{"rendered":"<p><strong>Se voc\u00ea \u00e9 eficiente, genu\u00edno e gosta de trabalhar em equipa, junte-se a n\u00f3s! <\/strong><\/p>\n<p>Equipamos as obras na constru\u00e7\u00e3o civil com os nossos sanit\u00e1rios limpamos e esvaziamos semanalmente, melhorando a produtividade e o bem-estar das equipas que ali trabalham.<\/p>\n<p>Tamb\u00e9m somos uma refer\u00eancia para os eventos gra\u00e7as a uma variedade de equipamentos sanit\u00e1rios, atendendo \u00e0s expectativas dos grandes festivais, bem como noutros eventos (casamentos, semin\u00e1rios, desportivos, etc.).<\/p>\n","protected":false},"excerpt":{"rendered":"Se voc\u00ea \u00e9 eficiente, genu\u00edno e gosta de trabalhar em equipa, junte-se a n\u00f3s! Equipamos as obras na constru\u00e7\u00e3o civil com os nossos sanit\u00e1rios limpamos e esvaziamos semanalmente, melhorando a produtividade e o bem-estar das equipas que ali trabalham. Tamb\u00e9m somos uma refer\u00eancia para os eventos gra\u00e7as a uma variedade de equipamentos sanit\u00e1rios, atendendo \u00e0s [&hellip;]","protected":false},"author":2,"featured_media":0,"parent":0,"menu_order":0,"comment_status":"closed","ping_status":"closed","template":"template-devis.php","meta":{"_acf_changed":false,"footnotes":""},"class_list":["post-15639","page","type-page","status-publish","hentry"],"acf":[],"yoast_head":"<!-- This site is optimized with the Yoast SEO plugin v27.5 - https:\/\/yoast.com\/product\/yoast-seo-wordpress\/ -->\n<title>Trabaja con nosotros - Especialistas en alquiler de ba\u00f1os port\u00e1tiles<\/title>\n<meta name=\"description\" content=\"Compa\u00f1\u00eda l\u00edder en alquiler y gesti\u00f3n de ba\u00f1os WC port\u00e1tiles para construcci\u00f3n y eventos. Parte del grupo Enygea, firma referente en equipos sanitarios.\" \/>\n<meta name=\"robots\" content=\"index, follow, max-snippet:-1, max-image-preview:large, max-video-preview:-1\" \/>\n<link rel=\"canonical\" href=\"https:\/\/www.wcloc.com\/es\/trabaja-con-nosotros\" \/>\n<meta property=\"og:locale\" content=\"es_ES\" \/>\n<meta property=\"og:type\" content=\"article\" \/>\n<meta property=\"og:title\" content=\"Trabaja con nosotros - Especialistas en alquiler de ba\u00f1os port\u00e1tiles\" \/>\n<meta property=\"og:description\" content=\"Compa\u00f1\u00eda l\u00edder en alquiler y gesti\u00f3n de ba\u00f1os WC port\u00e1tiles para construcci\u00f3n y eventos. Parte del grupo Enygea, firma referente en equipos sanitarios.\" \/>\n<meta property=\"og:url\" content=\"https:\/\/www.wcloc.com\/es\/trabaja-con-nosotros\" \/>\n<meta property=\"og:site_name\" content=\"WC Loc\" \/>\n<meta property=\"article:modified_time\" content=\"2025-12-18T14:51:12+00:00\" \/>\n<meta name=\"twitter:card\" content=\"summary_large_image\" \/>\n<meta name=\"twitter:label1\" content=\"Tiempo de lectura\" \/>\n\t<meta name=\"twitter:data1\" content=\"1 minuto\" \/>\n<script type=\"application\/ld+json\" class=\"yoast-schema-graph\">{\"@context\":\"https:\\\/\\\/schema.org\",\"@graph\":[{\"@type\":\"WebPage\",\"@id\":\"https:\\\/\\\/www.wcloc.com\\\/es\\\/trabaja-con-nosotros\",\"url\":\"https:\\\/\\\/www.wcloc.com\\\/es\\\/trabaja-con-nosotros\",\"name\":\"Trabaja con nosotros - Especialistas en alquiler de ba\u00f1os port\u00e1tiles\",\"isPartOf\":{\"@id\":\"https:\\\/\\\/www.wcloc.com\\\/es#website\"},\"datePublished\":\"2019-06-12T09:06:22+00:00\",\"dateModified\":\"2025-12-18T14:51:12+00:00\",\"description\":\"Compa\u00f1\u00eda l\u00edder en alquiler y gesti\u00f3n de ba\u00f1os WC port\u00e1tiles para construcci\u00f3n y eventos. Parte del grupo Enygea, firma referente en equipos sanitarios.\",\"inLanguage\":\"es\",\"potentialAction\":[{\"@type\":\"ReadAction\",\"target\":[\"https:\\\/\\\/www.wcloc.com\\\/es\\\/trabaja-con-nosotros\"]}]},{\"@type\":\"WebSite\",\"@id\":\"https:\\\/\\\/www.wcloc.com\\\/es#website\",\"url\":\"https:\\\/\\\/www.wcloc.com\\\/es\",\"name\":\"WC Loc\",\"description\":\"Un site utilisant Les sites de platform.enygea.fr\",\"publisher\":{\"@id\":\"https:\\\/\\\/www.wcloc.com\\\/es#organization\"},\"potentialAction\":[{\"@type\":\"SearchAction\",\"target\":{\"@type\":\"EntryPoint\",\"urlTemplate\":\"https:\\\/\\\/www.wcloc.com\\\/es?s={search_term_string}\"},\"query-input\":{\"@type\":\"PropertyValueSpecification\",\"valueRequired\":true,\"valueName\":\"search_term_string\"}}],\"inLanguage\":\"es\"},{\"@type\":\"Organization\",\"@id\":\"https:\\\/\\\/www.wcloc.com\\\/es#organization\",\"name\":\"WC Loc\",\"url\":\"https:\\\/\\\/www.wcloc.com\\\/es\",\"logo\":{\"@type\":\"ImageObject\",\"inLanguage\":\"es\",\"@id\":\"https:\\\/\\\/www.wcloc.com\\\/es#\\\/schema\\\/logo\\\/image\\\/\",\"url\":\"https:\\\/\\\/www.wcloc.com\\\/wp-content\\\/uploads\\\/2023\\\/04\\\/logo.png\",\"contentUrl\":\"https:\\\/\\\/www.wcloc.com\\\/wp-content\\\/uploads\\\/2023\\\/04\\\/logo.png\",\"width\":291,\"height\":71,\"caption\":\"WC Loc\"},\"image\":{\"@id\":\"https:\\\/\\\/www.wcloc.com\\\/es#\\\/schema\\\/logo\\\/image\\\/\"}}]}<\/script>\n<!-- \/ Yoast SEO plugin. -->","yoast_head_json":{"title":"Trabaja con nosotros - Especialistas en alquiler de ba\u00f1os port\u00e1tiles","description":"Compa\u00f1\u00eda l\u00edder en alquiler y gesti\u00f3n de ba\u00f1os WC port\u00e1tiles para construcci\u00f3n y eventos. Parte del grupo Enygea, firma referente en equipos sanitarios.","robots":{"index":"index","follow":"follow","max-snippet":"max-snippet:-1","max-image-preview":"max-image-preview:large","max-video-preview":"max-video-preview:-1"},"canonical":"https:\/\/www.wcloc.com\/es\/trabaja-con-nosotros","og_locale":"es_ES","og_type":"article","og_title":"Trabaja con nosotros - Especialistas en alquiler de ba\u00f1os port\u00e1tiles","og_description":"Compa\u00f1\u00eda l\u00edder en alquiler y gesti\u00f3n de ba\u00f1os WC port\u00e1tiles para construcci\u00f3n y eventos. Parte del grupo Enygea, firma referente en equipos sanitarios.","og_url":"https:\/\/www.wcloc.com\/es\/trabaja-con-nosotros","og_site_name":"WC Loc","article_modified_time":"2025-12-18T14:51:12+00:00","twitter_card":"summary_large_image","twitter_misc":{"Tiempo de lectura":"1 minuto"},"schema":{"@context":"https:\/\/schema.org","@graph":[{"@type":"WebPage","@id":"https:\/\/www.wcloc.com\/es\/trabaja-con-nosotros","url":"https:\/\/www.wcloc.com\/es\/trabaja-con-nosotros","name":"Trabaja con nosotros - Especialistas en alquiler de ba\u00f1os port\u00e1tiles","isPartOf":{"@id":"https:\/\/www.wcloc.com\/es#website"},"datePublished":"2019-06-12T09:06:22+00:00","dateModified":"2025-12-18T14:51:12+00:00","description":"Compa\u00f1\u00eda l\u00edder en alquiler y gesti\u00f3n de ba\u00f1os WC port\u00e1tiles para construcci\u00f3n y eventos. Parte del grupo Enygea, firma referente en equipos sanitarios.","inLanguage":"es","potentialAction":[{"@type":"ReadAction","target":["https:\/\/www.wcloc.com\/es\/trabaja-con-nosotros"]}]},{"@type":"WebSite","@id":"https:\/\/www.wcloc.com\/es#website","url":"https:\/\/www.wcloc.com\/es","name":"WC Loc","description":"Un site utilisant Les sites de platform.enygea.fr","publisher":{"@id":"https:\/\/www.wcloc.com\/es#organization"},"potentialAction":[{"@type":"SearchAction","target":{"@type":"EntryPoint","urlTemplate":"https:\/\/www.wcloc.com\/es?s={search_term_string}"},"query-input":{"@type":"PropertyValueSpecification","valueRequired":true,"valueName":"search_term_string"}}],"inLanguage":"es"},{"@type":"Organization","@id":"https:\/\/www.wcloc.com\/es#organization","name":"WC Loc","url":"https:\/\/www.wcloc.com\/es","logo":{"@type":"ImageObject","inLanguage":"es","@id":"https:\/\/www.wcloc.com\/es#\/schema\/logo\/image\/","url":"https:\/\/www.wcloc.com\/wp-content\/uploads\/2023\/04\/logo.png","contentUrl":"https:\/\/www.wcloc.com\/wp-content\/uploads\/2023\/04\/logo.png","width":291,"height":71,"caption":"WC Loc"},"image":{"@id":"https:\/\/www.wcloc.com\/es#\/schema\/logo\/image\/"}}]}},"_links":{"self":[{"href":"https:\/\/www.wcloc.com\/es\/wp-json\/wp\/v2\/pages\/15639","targetHints":{"allow":["GET"]}}],"collection":[{"href":"https:\/\/www.wcloc.com\/es\/wp-json\/wp\/v2\/pages"}],"about":[{"href":"https:\/\/www.wcloc.com\/es\/wp-json\/wp\/v2\/types\/page"}],"author":[{"embeddable":true,"href":"https:\/\/www.wcloc.com\/es\/wp-json\/wp\/v2\/users\/2"}],"replies":[{"embeddable":true,"href":"https:\/\/www.wcloc.com\/es\/wp-json\/wp\/v2\/comments?post=15639"}],"version-history":[{"count":4,"href":"https:\/\/www.wcloc.com\/es\/wp-json\/wp\/v2\/pages\/15639\/revisions"}],"predecessor-version":[{"id":57106,"href":"https:\/\/www.wcloc.com\/es\/wp-json\/wp\/v2\/pages\/15639\/revisions\/57106"}],"wp:attachment":[{"href":"https:\/\/www.wcloc.com\/es\/wp-json\/wp\/v2\/media?parent=15639"}],"curies":[{"name":"wp","href":"https:\/\/api.w.org\/{rel}","templated":true}]}}