{"id":13619,"date":"2020-05-11T12:21:36","date_gmt":"2020-05-11T10:21:36","guid":{"rendered":"https:\/\/www.wcloc.com\/location-lave-mains\/"},"modified":"2021-05-18T13:20:55","modified_gmt":"2021-05-18T11:20:55","slug":"alquiler-de-lavamanos","status":"publish","type":"page","link":"https:\/\/www.wcloc.com\/es\/alquiler-de-lavamanos","title":{"rendered":"Alquiler de lavamanos"},"content":{"rendered":"<p>En el contexto actual en el que <strong>las medidas de seguridad son esenciales<\/strong>, WC Loc le proporciona la soluci\u00f3n con sus <strong>lavamanos aut\u00f3nomos y conectables<\/strong>. Con nuestro servicio <strong>de alquiler de lavamanos<\/strong>, respete las medidas de seguridad y promueva una higiene constante para sus empleados o para el p\u00fablico de sus eventos.<br \/>\nWC Loc dispone de una amplia gama <strong>de alquiler de lavamanos<\/strong> para garantizar la higiene en cualquier lugar. Pueden acoger hasta 8 personas al mismo tiempo.<br \/>\nNuestros equipos especializados de<strong> instalaciones sanitarias para eventos<\/strong> est\u00e1n a su disposici\u00f3n y le guiar\u00e1n en su elecci\u00f3n. P\u00f3ngase en contacto con nosotros y opte por el <strong>lavamanos adaptado a su p\u00fablico<\/strong>.<\/p>\n<p><img decoding=\"async\" width=\"1000\" height=\"668\" class=\"size-full wp-image-9243 aligncenter\" src=\"https:\/\/www.wcloc.com\/wp-content\/uploads\/2020\/05\/lave-mains-autonomes.jpg\" alt=\"lave mains autonomes en location\" srcset=\"https:\/\/www.wcloc.com\/wp-content\/uploads\/2020\/05\/lave-mains-autonomes.jpg 1000w, https:\/\/www.wcloc.com\/wp-content\/uploads\/2020\/05\/lave-mains-autonomes-300x200.jpg 300w, https:\/\/www.wcloc.com\/wp-content\/uploads\/2020\/05\/lave-mains-autonomes-768x513.jpg 768w\" sizes=\"(max-width: 1000px) 100vw, 1000px\" \/><\/p>\n<p>&nbsp;<\/p>\n<h2 style=\"color: #008b92\">\u00bfQu\u00e9 es un lavamanos aut\u00f3nomo?<\/h2>\n<p class=\"x_MsoNormal\">El lavamanos independiente o aut\u00f3nomo ha sido especialmente dise\u00f1ado para ofrecer un punto de agua sin conexi\u00f3n. Es un lavamanos completo, ligero y con un mayor ahorro de agua, esta adaptado para la manipulaci\u00f3n frecuente. Se acciona con un pedal para evitar cualquier contacto.<br \/>\nLe recomendamos que recurra al servicio de mantenimiento de la higiene.<\/p>\n<h2 style=\"color: #008b92\">\u00bfQu\u00e9 es un lavamanos conectable?<\/h2>\n<p>Un modelo m\u00e1s tradicional pero igual de eficaz, el lavamanos conectable necesita una conexi\u00f3n a la red de agua y a un desag\u00fce (o a dep\u00f3sitos de agua limpia y aguas residuales) para funcionar. Pueden acomodar de 2 a 12 personas.<br \/>\nNuestros modelos han sido especialmente dise\u00f1ados seg\u00fan las necesidades de las obras de construcci\u00f3n: robustos y f\u00e1ciles de limpiar gracias a su material de aluminio, equipadas con separadores para respetar la distancia de seguridad entre los usuarios y con grandes dep\u00f3sitos para el lavado de los antebrazos.<\/p>\n<p style=\"text-align: center\"><img decoding=\"async\" width=\"539\" height=\"495\" class=\"alignnone size-full wp-image-14088\" src=\"https:\/\/www.wcloc.com\/wp-content\/uploads\/2021\/02\/img-lavamanos.png\" alt=\"\" srcset=\"https:\/\/www.wcloc.com\/wp-content\/uploads\/2021\/02\/img-lavamanos.png 539w, https:\/\/www.wcloc.com\/wp-content\/uploads\/2021\/02\/img-lavamanos-300x276.png 300w, https:\/\/www.wcloc.com\/wp-content\/uploads\/2021\/02\/img-lavamanos-258x237.png 258w, https:\/\/www.wcloc.com\/wp-content\/uploads\/2021\/02\/img-lavamanos-98x90.png 98w\" sizes=\"(max-width: 539px) 100vw, 539px\" \/><\/p>\n<p>&nbsp;<\/p>\n<h2 style=\"color: #008b92\">Las ventajas del lavamanos aut\u00f3nomo:<\/h2>\n<ul>\n<li>\n<p class=\"x_MsoNormal\"><strong>Higi\u00e9nico<\/strong>: Dep\u00f3sito cerrado. Funciona con un pedal para evitar cualquier contacto. Agua no potable (agua limpia y tratada).<\/p>\n<\/li>\n<li>\n<p class=\"x_MsoNormal\"><strong>Ahorro de agua<\/strong>: La reserva de agua dura m\u00e1s que con un grifo.<\/p>\n<\/li>\n<li>\n<p class=\"x_MsoNormal\"><strong>Ultra m\u00f3vil<\/strong>: Funciona sin conexi\u00f3n, \u00a1puede colocarse en cualquier lugar!<\/p>\n<\/li>\n<\/ul>\n<div id=\"attachment_9257\" style=\"width: 310px\" class=\"wp-caption aligncenter\"><a href=\"https:\/\/www.wcloc.com\/fr\/p\/lavabo-autonome-alu-mono\/\"><img decoding=\"async\" aria-describedby=\"caption-attachment-9257\" class=\"wp-image-9257 size-medium\" src=\"https:\/\/www.wcloc.com\/wp-content\/uploads\/2020\/04\/Capture-d\u2019e\u0301cran-2020-05-11-a\u0300-17.33.22-300x186.png\" alt=\"\" width=\"300\" height=\"186\" srcset=\"https:\/\/www.wcloc.com\/wp-content\/uploads\/2020\/04\/Capture-d\u2019e\u0301cran-2020-05-11-a\u0300-17.33.22-300x186.png 300w, https:\/\/www.wcloc.com\/wp-content\/uploads\/2020\/04\/Capture-d\u2019e\u0301cran-2020-05-11-a\u0300-17.33.22-768x475.png 768w, https:\/\/www.wcloc.com\/wp-content\/uploads\/2020\/04\/Capture-d\u2019e\u0301cran-2020-05-11-a\u0300-17.33.22-1024x633.png 1024w, https:\/\/www.wcloc.com\/wp-content\/uploads\/2020\/04\/Capture-d\u2019e\u0301cran-2020-05-11-a\u0300-17.33.22.png 1468w\" sizes=\"(max-width: 300px) 100vw, 300px\" \/><\/a><p id=\"caption-attachment-9257\" class=\"wp-caption-text\">Mono Aut\u00f3nomo<\/p><\/div>\n<div id=\"attachment_9243\" style=\"width: 310px\" class=\"wp-caption aligncenter\"><a href=\"https:\/\/www.wcloc.com\/fr\/p\/lavabo-autonome-duo\/\"><img decoding=\"async\" aria-describedby=\"caption-attachment-9243\" class=\"wp-image-9243 size-medium\" src=\"https:\/\/www.wcloc.com\/wp-content\/uploads\/2020\/05\/lave-mains-autonomes-300x200.jpg\" alt=\"lave mains autonomes en location\" width=\"300\" height=\"200\" srcset=\"https:\/\/www.wcloc.com\/wp-content\/uploads\/2020\/05\/lave-mains-autonomes-300x200.jpg 300w, https:\/\/www.wcloc.com\/wp-content\/uploads\/2020\/05\/lave-mains-autonomes-768x513.jpg 768w, https:\/\/www.wcloc.com\/wp-content\/uploads\/2020\/05\/lave-mains-autonomes-580x384.jpg 580w, https:\/\/www.wcloc.com\/wp-content\/uploads\/2020\/05\/lave-mains-autonomes.jpg 1000w\" sizes=\"(max-width: 300px) 100vw, 300px\" \/><\/a><p id=\"caption-attachment-9243\" class=\"wp-caption-text\">Duo Aut\u00f3nomo<\/p><\/div>\n<h2 style=\"color: #008b92\">Ventajas del lavamanos conectable:<\/h2>\n<ul>\n<li>\n<p class=\"x_MsoNormalCxSpFirst\"><strong>Compacto y resistente:\u00a0<\/strong><strong>Fabricado en metal en nuestro taller, est\u00e1 dise\u00f1ado para soportar las condiciones extremas de las obras.<\/strong><\/p>\n<\/li>\n<li>\n<p class=\"x_MsoNormalCxSpFirst\"><strong>Pr\u00e1ctico<\/strong>: Con grandes capacidades (de 2 a 12 surtidores), responde a las necesidades de las obras muy concurridas.<\/p>\n<\/li>\n<li>\n<p class=\"x_MsoNormalCxSpFirst\"><strong>Higi\u00e9nico<\/strong>: Suministro de agua clara a trav\u00e9s de su conexi\u00f3n a la red de agua. Los modelos est\u00e1n equipados con separaciones para respetar la distancia de seguridad entre los usuarios.<\/p>\n<\/li>\n<\/ul>\n<div id=\"attachment_9153\" style=\"width: 310px\" class=\"wp-caption aligncenter\"><a href=\"https:\/\/www.wcloc.com\/fr\/p\/rampe-lave-mains-raccordable-suspendue\/\"><img decoding=\"async\" aria-describedby=\"caption-attachment-9153\" class=\"wp-image-9153 size-medium\" src=\"https:\/\/www.wcloc.com\/wp-content\/uploads\/2020\/04\/20200422_120145_resized-300x169.jpg\" alt=\"\" width=\"300\" height=\"169\" srcset=\"https:\/\/www.wcloc.com\/wp-content\/uploads\/2020\/04\/20200422_120145_resized-300x169.jpg 300w, https:\/\/www.wcloc.com\/wp-content\/uploads\/2020\/04\/20200422_120145_resized-768x432.jpg 768w, https:\/\/www.wcloc.com\/wp-content\/uploads\/2020\/04\/20200422_120145_resized-1024x576.jpg 1024w, https:\/\/www.wcloc.com\/wp-content\/uploads\/2020\/04\/20200422_120145_resized-1536x864.jpg 1536w, https:\/\/www.wcloc.com\/wp-content\/uploads\/2020\/04\/20200422_120145_resized.jpg 2016w\" sizes=\"(max-width: 300px) 100vw, 300px\" \/><\/a><p id=\"caption-attachment-9153\" class=\"wp-caption-text\">LAVAMANOS R2<\/p><\/div>\n<div id=\"attachment_9145\" style=\"width: 310px\" class=\"wp-caption aligncenter\"><a href=\"https:\/\/www.wcloc.com\/fr\/p\/rampe-lave-mains-raccordable-4-postes-sur-pieds\/\"><img decoding=\"async\" aria-describedby=\"caption-attachment-9145\" class=\"wp-image-9145 size-medium\" src=\"https:\/\/www.wcloc.com\/wp-content\/uploads\/2020\/04\/RAMPE-LAVABO-4-POSTES-SUR-PIED-2-300x225.jpg\" alt=\"\" width=\"300\" height=\"225\" srcset=\"https:\/\/www.wcloc.com\/wp-content\/uploads\/2020\/04\/RAMPE-LAVABO-4-POSTES-SUR-PIED-2-300x225.jpg 300w, https:\/\/www.wcloc.com\/wp-content\/uploads\/2020\/04\/RAMPE-LAVABO-4-POSTES-SUR-PIED-2-768x576.jpg 768w, https:\/\/www.wcloc.com\/wp-content\/uploads\/2020\/04\/RAMPE-LAVABO-4-POSTES-SUR-PIED-2.jpg 1024w\" sizes=\"(max-width: 300px) 100vw, 300px\" \/><\/a><p id=\"caption-attachment-9145\" class=\"wp-caption-text\">LAVAMANOS R4<\/p><\/div>\n<h2>Reserve su lavamanos<\/h2>\n\n<div class=\"wpcf7 no-js\" id=\"wpcf7-f12937-o1\" lang=\"fr-FR\" dir=\"ltr\" data-wpcf7-id=\"12937\">\n<div class=\"screen-reader-response\"><p role=\"status\" aria-live=\"polite\" aria-atomic=\"true\"><\/p> <ul><\/ul><\/div>\n<form action=\"\/es\/wp-json\/wp\/v2\/pages\/13619#wpcf7-f12937-o1\" method=\"post\" class=\"wpcf7-form init\" aria-label=\"Formulaire de contact\" novalidate=\"novalidate\" data-status=\"init\">\n<fieldset class=\"hidden-fields-container\"><input type=\"hidden\" name=\"_wpcf7\" value=\"12937\" \/><input type=\"hidden\" name=\"_wpcf7_version\" value=\"6.1.5\" \/><input type=\"hidden\" name=\"_wpcf7_locale\" value=\"fr_FR\" \/><input type=\"hidden\" name=\"_wpcf7_unit_tag\" value=\"wpcf7-f12937-o1\" \/><input type=\"hidden\" name=\"_wpcf7_container_post\" value=\"0\" \/><input type=\"hidden\" name=\"_wpcf7_posted_data_hash\" value=\"\" \/><input type=\"hidden\" name=\"_wpcf7cf_hidden_group_fields\" value=\"[]\" \/><input type=\"hidden\" name=\"_wpcf7cf_hidden_groups\" value=\"[]\" \/><input type=\"hidden\" name=\"_wpcf7cf_visible_groups\" value=\"[]\" \/><input type=\"hidden\" name=\"_wpcf7cf_repeaters\" value=\"[]\" \/><input type=\"hidden\" name=\"_wpcf7cf_steps\" value=\"{}\" \/><input type=\"hidden\" name=\"_wpcf7cf_options\" value=\"{&quot;form_id&quot;:12937,&quot;conditions&quot;:[],&quot;settings&quot;:{&quot;animation&quot;:&quot;yes&quot;,&quot;animation_intime&quot;:200,&quot;animation_outtime&quot;:200,&quot;conditions_ui&quot;:&quot;normal&quot;,&quot;notice_dismissed&quot;:false,&quot;notice_dismissed_rollback-cf7-5.3.2&quot;:true,&quot;notice_dismissed_rollback-cf7-5.8.3&quot;:true,&quot;notice_dismissed_rollback-cf7-5.8.6&quot;:true,&quot;notice_dismissed_rollback-cf7-5.8.7&quot;:true,&quot;notice_dismissed_rollback-cf7-5.9.5&quot;:true,&quot;notice_dismissed_rollback-cf7-5.9.6&quot;:true}}\" \/><input type=\"hidden\" name=\"_wpcf7_recaptcha_response\" value=\"\" \/>\n<\/fieldset>\n<div class=\"left\">\n\t<p>[submission_id_hidden submission_id-302]<br \/>\n<span class=\"wpcf7-form-control-wrap\" data-name=\"radio-653\"><span class=\"wpcf7-form-control wpcf7-radio\" id=\"ccev\"><span class=\"wpcf7-list-item first\"><label><input type=\"radio\" name=\"radio-653\" value=\"Construcci\u00f3n\" checked=\"checked\" \/><span class=\"wpcf7-list-item-label\">Construcci\u00f3n<\/span><\/label><\/span><span class=\"wpcf7-list-item last\"><label><input type=\"radio\" name=\"radio-653\" value=\"Evento\" \/><span class=\"wpcf7-list-item-label\">Evento<\/span><\/label><\/span><\/span><\/span>\n\t<\/p>\n\t<div class=\"flex\">\n\t\t<p class=\"demi\"><span class=\"wpcf7-form-control-wrap\" data-name=\"nom\"><input size=\"40\" maxlength=\"400\" class=\"wpcf7-form-control wpcf7-text wpcf7-validates-as-required\" aria-required=\"true\" aria-invalid=\"false\" placeholder=\"Nombre*\" value=\"\" type=\"text\" name=\"nom\" \/><\/span>\n\t\t<\/p>\n\t\t<p class=\"demi\"><span class=\"wpcf7-form-control-wrap\" data-name=\"prenom\"><input size=\"40\" maxlength=\"400\" class=\"wpcf7-form-control wpcf7-text wpcf7-validates-as-required\" aria-required=\"true\" aria-invalid=\"false\" placeholder=\"Apellidos*\" value=\"\" type=\"text\" name=\"prenom\" \/><\/span>\n\t\t<\/p>\n\t<\/div>\n\t<p><span class=\"wpcf7-form-control-wrap\" data-name=\"tel\"><input size=\"40\" maxlength=\"400\" class=\"wpcf7-form-control wpcf7-tel wpcf7-validates-as-required wpcf7-text wpcf7-validates-as-tel\" aria-required=\"true\" aria-invalid=\"false\" placeholder=\"Tel\u00e9fono*\" value=\"\" type=\"tel\" name=\"tel\" \/><\/span><span class=\"wpcf7-form-control-wrap\" data-name=\"mail\"><input size=\"40\" maxlength=\"400\" class=\"wpcf7-form-control wpcf7-email wpcf7-validates-as-required wpcf7-text wpcf7-validates-as-email\" aria-required=\"true\" aria-invalid=\"false\" placeholder=\"Correo electr\u00f3nico*\" value=\"\" type=\"email\" name=\"mail\" \/><\/span><label for=\"cp\"><small>Departamento de Proyectos*<\/small><\/label>\n\t<\/p>\n<\/div>\n<div class=\"right\">\n\t<p><span class=\"wpcf7-form-control-wrap\" data-name=\"message\"><textarea cols=\"40\" rows=\"10\" maxlength=\"2000\" class=\"wpcf7-form-control wpcf7-textarea\" aria-invalid=\"false\" placeholder=\"Mensaje\" name=\"message\"><\/textarea><\/span><br \/>\n<span class=\"wpcf7-form-control-wrap\" data-name=\"accept\"><span class=\"wpcf7-form-control wpcf7-checkbox wpcf7-validates-as-required\"><span class=\"wpcf7-list-item first last\"><label><input type=\"checkbox\" name=\"accept[]\" value=\"*Acepto recibir informaci\u00f3n del WC Loc\" \/><span class=\"wpcf7-list-item-label\">*Acepto recibir informaci\u00f3n del WC Loc<\/span><\/label><\/span><\/span><\/span>\n\t<\/p>\n<\/div>\n<p class=\"center\"><button id='submit' class='wpcf7-form-control wpcf7-submit button button-double'>Enviar !<\/button>\n<\/p>\n<p><small>*Campos obligatorios<\/small>\n<\/p><div class=\"wpcf7-response-output\" aria-hidden=\"true\"><\/div>\n<\/form>\n<\/div>\n\n<p>&nbsp;<\/p>\n<h2 style=\"color: #008b92\"><strong>Reservar un lavamanos aut\u00f3nomo nunca ha sido tan f\u00e1cil.<\/strong><\/h2>\n<p><img decoding=\"async\" width=\"141\" height=\"132\" class=\"size-full wp-image-8935 alignleft\" src=\"https:\/\/www.wcloc.com\/wp-content\/uploads\/2020\/04\/Logo_lavemains_wcloc-e1587370866746.png\" alt=\"\" \/><\/p>\n<p>Le presentamos nuestro servicio completo de mantenimiento de la higiene. Vaciar y llenar el lavamanos con agua limpia, a\u00f1adir una pastilla de desinfecci\u00f3n, adem\u00e1s de reponer el jab\u00f3n o el gel hidroalcoh\u00f3lico seg\u00fan el modelo alquilado. Todo lo que necesita para alquilar su lavamanos con total tranquilidad, nosotros nos encargamos de todo.<br \/>\nWC Loc ofrece un servicio completo en Espa\u00f1a, Francia, Portugal y B\u00e9lgica.<\/p>\n<p>\u00a1Para encontrar la agencia m\u00e1s cercana, consulte nuestra <a href=\"\/es\/agencias\/\" target=\"_blank\" rel=\"noopener noreferrer\" data-auth=\"NotApplicable\">lista de agencias de WC Loc<\/a>!<\/p>\n","protected":false},"excerpt":{"rendered":"En el contexto actual en el que las medidas de seguridad son esenciales, WC Loc le proporciona la soluci\u00f3n con sus lavamanos aut\u00f3nomos y conectables. Con nuestro servicio de alquiler de lavamanos, respete las medidas de seguridad y promueva una higiene constante para sus empleados o para el p\u00fablico de sus eventos. WC Loc dispone [&hellip;]","protected":false},"author":50,"featured_media":0,"parent":0,"menu_order":0,"comment_status":"closed","ping_status":"closed","template":"","meta":{"_acf_changed":false,"footnotes":""},"class_list":["post-13619","page","type-page","status-publish","hentry"],"acf":[],"yoast_head":"<!-- This site is optimized with the Yoast SEO plugin v27.5 - https:\/\/yoast.com\/product\/yoast-seo-wordpress\/ -->\n<title>Alquiler de Lavamanos port\u00e1tiles y m\u00f3viles para obra y eventos WC Loc<\/title>\n<meta name=\"description\" content=\"Servicio de alquiler de lavamanos port\u00e1tiles. Lavamanos m\u00f3viles para eventos y obras o grandes construcciones. Servicio integral instalaci\u00f3n y recogida.\" \/>\n<meta name=\"robots\" content=\"index, follow, max-snippet:-1, max-image-preview:large, max-video-preview:-1\" \/>\n<link rel=\"canonical\" href=\"https:\/\/www.wcloc.com\/es\/alquiler-de-lavamanos\" \/>\n<meta property=\"og:locale\" content=\"es_ES\" \/>\n<meta property=\"og:type\" content=\"article\" \/>\n<meta property=\"og:title\" content=\"Alquiler de Lavamanos port\u00e1tiles y m\u00f3viles para obra y eventos WC Loc\" \/>\n<meta property=\"og:description\" content=\"Servicio de alquiler de lavamanos port\u00e1tiles. Lavamanos m\u00f3viles para eventos y obras o grandes construcciones. Servicio integral instalaci\u00f3n y recogida.\" \/>\n<meta property=\"og:url\" content=\"https:\/\/www.wcloc.com\/es\/alquiler-de-lavamanos\" \/>\n<meta property=\"og:site_name\" content=\"WC Loc\" \/>\n<meta property=\"article:modified_time\" content=\"2021-05-18T11:20:55+00:00\" \/>\n<meta property=\"og:image\" content=\"https:\/\/www.wcloc.com\/wp-content\/uploads\/2020\/05\/lave-mains-autonomes.jpg\" \/>\n<meta name=\"twitter:card\" content=\"summary_large_image\" \/>\n<meta name=\"twitter:label1\" content=\"Tiempo de lectura\" \/>\n\t<meta name=\"twitter:data1\" content=\"4 minutos\" \/>\n<script type=\"application\/ld+json\" class=\"yoast-schema-graph\">{\"@context\":\"https:\\\/\\\/schema.org\",\"@graph\":[{\"@type\":\"WebPage\",\"@id\":\"https:\\\/\\\/www.wcloc.com\\\/es\\\/alquiler-de-lavamanos\",\"url\":\"https:\\\/\\\/www.wcloc.com\\\/es\\\/alquiler-de-lavamanos\",\"name\":\"Alquiler de Lavamanos port\u00e1tiles y m\u00f3viles para obra y eventos WC Loc\",\"isPartOf\":{\"@id\":\"https:\\\/\\\/www.wcloc.com\\\/es#website\"},\"primaryImageOfPage\":{\"@id\":\"https:\\\/\\\/www.wcloc.com\\\/es\\\/alquiler-de-lavamanos#primaryimage\"},\"image\":{\"@id\":\"https:\\\/\\\/www.wcloc.com\\\/es\\\/alquiler-de-lavamanos#primaryimage\"},\"thumbnailUrl\":\"https:\\\/\\\/www.wcloc.com\\\/wp-content\\\/uploads\\\/2020\\\/05\\\/lave-mains-autonomes.jpg\",\"datePublished\":\"2020-05-11T10:21:36+00:00\",\"dateModified\":\"2021-05-18T11:20:55+00:00\",\"description\":\"Servicio de alquiler de lavamanos port\u00e1tiles. Lavamanos m\u00f3viles para eventos y obras o grandes construcciones. Servicio integral instalaci\u00f3n y recogida.\",\"inLanguage\":\"es\",\"potentialAction\":[{\"@type\":\"ReadAction\",\"target\":[\"https:\\\/\\\/www.wcloc.com\\\/es\\\/alquiler-de-lavamanos\"]}]},{\"@type\":\"ImageObject\",\"inLanguage\":\"es\",\"@id\":\"https:\\\/\\\/www.wcloc.com\\\/es\\\/alquiler-de-lavamanos#primaryimage\",\"url\":\"https:\\\/\\\/www.wcloc.com\\\/wp-content\\\/uploads\\\/2020\\\/05\\\/lave-mains-autonomes.jpg\",\"contentUrl\":\"https:\\\/\\\/www.wcloc.com\\\/wp-content\\\/uploads\\\/2020\\\/05\\\/lave-mains-autonomes.jpg\"},{\"@type\":\"WebSite\",\"@id\":\"https:\\\/\\\/www.wcloc.com\\\/es#website\",\"url\":\"https:\\\/\\\/www.wcloc.com\\\/es\",\"name\":\"WC Loc\",\"description\":\"Un site utilisant Les sites de platform.enygea.fr\",\"publisher\":{\"@id\":\"https:\\\/\\\/www.wcloc.com\\\/es#organization\"},\"potentialAction\":[{\"@type\":\"SearchAction\",\"target\":{\"@type\":\"EntryPoint\",\"urlTemplate\":\"https:\\\/\\\/www.wcloc.com\\\/es?s={search_term_string}\"},\"query-input\":{\"@type\":\"PropertyValueSpecification\",\"valueRequired\":true,\"valueName\":\"search_term_string\"}}],\"inLanguage\":\"es\"},{\"@type\":\"Organization\",\"@id\":\"https:\\\/\\\/www.wcloc.com\\\/es#organization\",\"name\":\"WC Loc\",\"url\":\"https:\\\/\\\/www.wcloc.com\\\/es\",\"logo\":{\"@type\":\"ImageObject\",\"inLanguage\":\"es\",\"@id\":\"https:\\\/\\\/www.wcloc.com\\\/es#\\\/schema\\\/logo\\\/image\\\/\",\"url\":\"https:\\\/\\\/www.wcloc.com\\\/wp-content\\\/uploads\\\/2023\\\/04\\\/logo.png\",\"contentUrl\":\"https:\\\/\\\/www.wcloc.com\\\/wp-content\\\/uploads\\\/2023\\\/04\\\/logo.png\",\"width\":291,\"height\":71,\"caption\":\"WC Loc\"},\"image\":{\"@id\":\"https:\\\/\\\/www.wcloc.com\\\/es#\\\/schema\\\/logo\\\/image\\\/\"}}]}<\/script>\n<!-- \/ Yoast SEO plugin. -->","yoast_head_json":{"title":"Alquiler de Lavamanos port\u00e1tiles y m\u00f3viles para obra y eventos WC Loc","description":"Servicio de alquiler de lavamanos port\u00e1tiles. Lavamanos m\u00f3viles para eventos y obras o grandes construcciones. Servicio integral instalaci\u00f3n y recogida.","robots":{"index":"index","follow":"follow","max-snippet":"max-snippet:-1","max-image-preview":"max-image-preview:large","max-video-preview":"max-video-preview:-1"},"canonical":"https:\/\/www.wcloc.com\/es\/alquiler-de-lavamanos","og_locale":"es_ES","og_type":"article","og_title":"Alquiler de Lavamanos port\u00e1tiles y m\u00f3viles para obra y eventos WC Loc","og_description":"Servicio de alquiler de lavamanos port\u00e1tiles. Lavamanos m\u00f3viles para eventos y obras o grandes construcciones. Servicio integral instalaci\u00f3n y recogida.","og_url":"https:\/\/www.wcloc.com\/es\/alquiler-de-lavamanos","og_site_name":"WC Loc","article_modified_time":"2021-05-18T11:20:55+00:00","og_image":[{"url":"https:\/\/www.wcloc.com\/wp-content\/uploads\/2020\/05\/lave-mains-autonomes.jpg","type":"","width":"","height":""}],"twitter_card":"summary_large_image","twitter_misc":{"Tiempo de lectura":"4 minutos"},"schema":{"@context":"https:\/\/schema.org","@graph":[{"@type":"WebPage","@id":"https:\/\/www.wcloc.com\/es\/alquiler-de-lavamanos","url":"https:\/\/www.wcloc.com\/es\/alquiler-de-lavamanos","name":"Alquiler de Lavamanos port\u00e1tiles y m\u00f3viles para obra y eventos WC Loc","isPartOf":{"@id":"https:\/\/www.wcloc.com\/es#website"},"primaryImageOfPage":{"@id":"https:\/\/www.wcloc.com\/es\/alquiler-de-lavamanos#primaryimage"},"image":{"@id":"https:\/\/www.wcloc.com\/es\/alquiler-de-lavamanos#primaryimage"},"thumbnailUrl":"https:\/\/www.wcloc.com\/wp-content\/uploads\/2020\/05\/lave-mains-autonomes.jpg","datePublished":"2020-05-11T10:21:36+00:00","dateModified":"2021-05-18T11:20:55+00:00","description":"Servicio de alquiler de lavamanos port\u00e1tiles. Lavamanos m\u00f3viles para eventos y obras o grandes construcciones. Servicio integral instalaci\u00f3n y recogida.","inLanguage":"es","potentialAction":[{"@type":"ReadAction","target":["https:\/\/www.wcloc.com\/es\/alquiler-de-lavamanos"]}]},{"@type":"ImageObject","inLanguage":"es","@id":"https:\/\/www.wcloc.com\/es\/alquiler-de-lavamanos#primaryimage","url":"https:\/\/www.wcloc.com\/wp-content\/uploads\/2020\/05\/lave-mains-autonomes.jpg","contentUrl":"https:\/\/www.wcloc.com\/wp-content\/uploads\/2020\/05\/lave-mains-autonomes.jpg"},{"@type":"WebSite","@id":"https:\/\/www.wcloc.com\/es#website","url":"https:\/\/www.wcloc.com\/es","name":"WC Loc","description":"Un site utilisant Les sites de platform.enygea.fr","publisher":{"@id":"https:\/\/www.wcloc.com\/es#organization"},"potentialAction":[{"@type":"SearchAction","target":{"@type":"EntryPoint","urlTemplate":"https:\/\/www.wcloc.com\/es?s={search_term_string}"},"query-input":{"@type":"PropertyValueSpecification","valueRequired":true,"valueName":"search_term_string"}}],"inLanguage":"es"},{"@type":"Organization","@id":"https:\/\/www.wcloc.com\/es#organization","name":"WC Loc","url":"https:\/\/www.wcloc.com\/es","logo":{"@type":"ImageObject","inLanguage":"es","@id":"https:\/\/www.wcloc.com\/es#\/schema\/logo\/image\/","url":"https:\/\/www.wcloc.com\/wp-content\/uploads\/2023\/04\/logo.png","contentUrl":"https:\/\/www.wcloc.com\/wp-content\/uploads\/2023\/04\/logo.png","width":291,"height":71,"caption":"WC Loc"},"image":{"@id":"https:\/\/www.wcloc.com\/es#\/schema\/logo\/image\/"}}]}},"_links":{"self":[{"href":"https:\/\/www.wcloc.com\/es\/wp-json\/wp\/v2\/pages\/13619","targetHints":{"allow":["GET"]}}],"collection":[{"href":"https:\/\/www.wcloc.com\/es\/wp-json\/wp\/v2\/pages"}],"about":[{"href":"https:\/\/www.wcloc.com\/es\/wp-json\/wp\/v2\/types\/page"}],"author":[{"embeddable":true,"href":"https:\/\/www.wcloc.com\/es\/wp-json\/wp\/v2\/users\/50"}],"replies":[{"embeddable":true,"href":"https:\/\/www.wcloc.com\/es\/wp-json\/wp\/v2\/comments?post=13619"}],"version-history":[{"count":3,"href":"https:\/\/www.wcloc.com\/es\/wp-json\/wp\/v2\/pages\/13619\/revisions"}],"predecessor-version":[{"id":19069,"href":"https:\/\/www.wcloc.com\/es\/wp-json\/wp\/v2\/pages\/13619\/revisions\/19069"}],"wp:attachment":[{"href":"https:\/\/www.wcloc.com\/es\/wp-json\/wp\/v2\/media?parent=13619"}],"curies":[{"name":"wp","href":"https:\/\/api.w.org\/{rel}","templated":true}]}}