{"id":13567,"date":"2019-06-17T18:15:29","date_gmt":"2019-06-17T16:15:29","guid":{"rendered":"https:\/\/www.wcloc.com\/demande-devis\/"},"modified":"2023-06-21T17:07:02","modified_gmt":"2023-06-21T15:07:02","slug":"presupuesto","status":"publish","type":"page","link":"https:\/\/www.wcloc.com\/es\/presupuesto","title":{"rendered":"Presupuesto"},"content":{"rendered":"","protected":false},"excerpt":{"rendered":"","protected":false},"author":2,"featured_media":0,"parent":0,"menu_order":0,"comment_status":"closed","ping_status":"closed","template":"template-devis.php","meta":{"_acf_changed":false,"footnotes":""},"class_list":["post-13567","page","type-page","status-publish","hentry"],"acf":[],"yoast_head":"<!-- This site is optimized with the Yoast SEO plugin v27.4 - https:\/\/yoast.com\/product\/yoast-seo-wordpress\/ -->\n<title>Solicite Presupuesto WC Loc ba\u00f1os WC port\u00e1tiles para obra y eventos<\/title>\n<meta name=\"description\" content=\"WcLoc a su disposici\u00f3n: \u00a1Solicite Presupuesto! Alquiler de ba\u00f1os WC port\u00e1tiles para obra y wc port\u00e1tiles y de lujo para eventos. Agencias en toda Espa\u00f1a.\" \/>\n<meta name=\"robots\" content=\"index, follow, max-snippet:-1, max-image-preview:large, max-video-preview:-1\" \/>\n<link rel=\"canonical\" href=\"https:\/\/www.wcloc.com\/es\/presupuesto\" \/>\n<meta property=\"og:locale\" content=\"es_ES\" \/>\n<meta property=\"og:type\" content=\"article\" \/>\n<meta property=\"og:title\" content=\"Solicite Presupuesto WC Loc ba\u00f1os WC port\u00e1tiles para obra y eventos\" \/>\n<meta property=\"og:description\" content=\"WcLoc a su disposici\u00f3n: \u00a1Solicite Presupuesto! Alquiler de ba\u00f1os WC port\u00e1tiles para obra y wc port\u00e1tiles y de lujo para eventos. Agencias en toda Espa\u00f1a.\" \/>\n<meta property=\"og:url\" content=\"https:\/\/www.wcloc.com\/es\/presupuesto\" \/>\n<meta property=\"og:site_name\" content=\"WC Loc\" \/>\n<meta property=\"article:modified_time\" content=\"2023-06-21T15:07:02+00:00\" \/>\n<meta name=\"twitter:card\" content=\"summary_large_image\" \/>\n<script type=\"application\/ld+json\" class=\"yoast-schema-graph\">{\"@context\":\"https:\\\/\\\/schema.org\",\"@graph\":[{\"@type\":\"WebPage\",\"@id\":\"https:\\\/\\\/www.wcloc.com\\\/es\\\/presupuesto\",\"url\":\"https:\\\/\\\/www.wcloc.com\\\/es\\\/presupuesto\",\"name\":\"Solicite Presupuesto WC Loc ba\u00f1os WC port\u00e1tiles para obra y eventos\",\"isPartOf\":{\"@id\":\"https:\\\/\\\/www.wcloc.com\\\/es#website\"},\"datePublished\":\"2019-06-17T16:15:29+00:00\",\"dateModified\":\"2023-06-21T15:07:02+00:00\",\"description\":\"WcLoc a su disposici\u00f3n: \u00a1Solicite Presupuesto! Alquiler de ba\u00f1os WC port\u00e1tiles para obra y wc port\u00e1tiles y de lujo para eventos. Agencias en toda Espa\u00f1a.\",\"inLanguage\":\"es\",\"potentialAction\":[{\"@type\":\"ReadAction\",\"target\":[\"https:\\\/\\\/www.wcloc.com\\\/es\\\/presupuesto\"]}]},{\"@type\":\"WebSite\",\"@id\":\"https:\\\/\\\/www.wcloc.com\\\/es#website\",\"url\":\"https:\\\/\\\/www.wcloc.com\\\/es\",\"name\":\"WC Loc\",\"description\":\"Un site utilisant Les sites de platform.enygea.fr\",\"publisher\":{\"@id\":\"https:\\\/\\\/www.wcloc.com\\\/es#organization\"},\"potentialAction\":[{\"@type\":\"SearchAction\",\"target\":{\"@type\":\"EntryPoint\",\"urlTemplate\":\"https:\\\/\\\/www.wcloc.com\\\/es?s={search_term_string}\"},\"query-input\":{\"@type\":\"PropertyValueSpecification\",\"valueRequired\":true,\"valueName\":\"search_term_string\"}}],\"inLanguage\":\"es\"},{\"@type\":\"Organization\",\"@id\":\"https:\\\/\\\/www.wcloc.com\\\/es#organization\",\"name\":\"WC Loc\",\"url\":\"https:\\\/\\\/www.wcloc.com\\\/es\",\"logo\":{\"@type\":\"ImageObject\",\"inLanguage\":\"es\",\"@id\":\"https:\\\/\\\/www.wcloc.com\\\/es#\\\/schema\\\/logo\\\/image\\\/\",\"url\":\"https:\\\/\\\/www.wcloc.com\\\/wp-content\\\/uploads\\\/2023\\\/04\\\/logo.png\",\"contentUrl\":\"https:\\\/\\\/www.wcloc.com\\\/wp-content\\\/uploads\\\/2023\\\/04\\\/logo.png\",\"width\":291,\"height\":71,\"caption\":\"WC Loc\"},\"image\":{\"@id\":\"https:\\\/\\\/www.wcloc.com\\\/es#\\\/schema\\\/logo\\\/image\\\/\"}}]}<\/script>\n<!-- \/ Yoast SEO plugin. -->","yoast_head_json":{"title":"Solicite Presupuesto WC Loc ba\u00f1os WC port\u00e1tiles para obra y eventos","description":"WcLoc a su disposici\u00f3n: \u00a1Solicite Presupuesto! Alquiler de ba\u00f1os WC port\u00e1tiles para obra y wc port\u00e1tiles y de lujo para eventos. Agencias en toda Espa\u00f1a.","robots":{"index":"index","follow":"follow","max-snippet":"max-snippet:-1","max-image-preview":"max-image-preview:large","max-video-preview":"max-video-preview:-1"},"canonical":"https:\/\/www.wcloc.com\/es\/presupuesto","og_locale":"es_ES","og_type":"article","og_title":"Solicite Presupuesto WC Loc ba\u00f1os WC port\u00e1tiles para obra y eventos","og_description":"WcLoc a su disposici\u00f3n: \u00a1Solicite Presupuesto! Alquiler de ba\u00f1os WC port\u00e1tiles para obra y wc port\u00e1tiles y de lujo para eventos. Agencias en toda Espa\u00f1a.","og_url":"https:\/\/www.wcloc.com\/es\/presupuesto","og_site_name":"WC Loc","article_modified_time":"2023-06-21T15:07:02+00:00","twitter_card":"summary_large_image","schema":{"@context":"https:\/\/schema.org","@graph":[{"@type":"WebPage","@id":"https:\/\/www.wcloc.com\/es\/presupuesto","url":"https:\/\/www.wcloc.com\/es\/presupuesto","name":"Solicite Presupuesto WC Loc ba\u00f1os WC port\u00e1tiles para obra y eventos","isPartOf":{"@id":"https:\/\/www.wcloc.com\/es#website"},"datePublished":"2019-06-17T16:15:29+00:00","dateModified":"2023-06-21T15:07:02+00:00","description":"WcLoc a su disposici\u00f3n: \u00a1Solicite Presupuesto! Alquiler de ba\u00f1os WC port\u00e1tiles para obra y wc port\u00e1tiles y de lujo para eventos. Agencias en toda Espa\u00f1a.","inLanguage":"es","potentialAction":[{"@type":"ReadAction","target":["https:\/\/www.wcloc.com\/es\/presupuesto"]}]},{"@type":"WebSite","@id":"https:\/\/www.wcloc.com\/es#website","url":"https:\/\/www.wcloc.com\/es","name":"WC Loc","description":"Un site utilisant Les sites de platform.enygea.fr","publisher":{"@id":"https:\/\/www.wcloc.com\/es#organization"},"potentialAction":[{"@type":"SearchAction","target":{"@type":"EntryPoint","urlTemplate":"https:\/\/www.wcloc.com\/es?s={search_term_string}"},"query-input":{"@type":"PropertyValueSpecification","valueRequired":true,"valueName":"search_term_string"}}],"inLanguage":"es"},{"@type":"Organization","@id":"https:\/\/www.wcloc.com\/es#organization","name":"WC Loc","url":"https:\/\/www.wcloc.com\/es","logo":{"@type":"ImageObject","inLanguage":"es","@id":"https:\/\/www.wcloc.com\/es#\/schema\/logo\/image\/","url":"https:\/\/www.wcloc.com\/wp-content\/uploads\/2023\/04\/logo.png","contentUrl":"https:\/\/www.wcloc.com\/wp-content\/uploads\/2023\/04\/logo.png","width":291,"height":71,"caption":"WC Loc"},"image":{"@id":"https:\/\/www.wcloc.com\/es#\/schema\/logo\/image\/"}}]}},"_links":{"self":[{"href":"https:\/\/www.wcloc.com\/es\/wp-json\/wp\/v2\/pages\/13567","targetHints":{"allow":["GET"]}}],"collection":[{"href":"https:\/\/www.wcloc.com\/es\/wp-json\/wp\/v2\/pages"}],"about":[{"href":"https:\/\/www.wcloc.com\/es\/wp-json\/wp\/v2\/types\/page"}],"author":[{"embeddable":true,"href":"https:\/\/www.wcloc.com\/es\/wp-json\/wp\/v2\/users\/2"}],"replies":[{"embeddable":true,"href":"https:\/\/www.wcloc.com\/es\/wp-json\/wp\/v2\/comments?post=13567"}],"version-history":[{"count":4,"href":"https:\/\/www.wcloc.com\/es\/wp-json\/wp\/v2\/pages\/13567\/revisions"}],"predecessor-version":[{"id":87150,"href":"https:\/\/www.wcloc.com\/es\/wp-json\/wp\/v2\/pages\/13567\/revisions\/87150"}],"wp:attachment":[{"href":"https:\/\/www.wcloc.com\/es\/wp-json\/wp\/v2\/media?parent=13567"}],"curies":[{"name":"wp","href":"https:\/\/api.w.org\/{rel}","templated":true}]}}