{"id":13548,"date":"2021-10-15T15:11:31","date_gmt":"2021-10-15T13:11:31","guid":{"rendered":"https:\/\/www.wcloc.com\/?page_id=13548"},"modified":"2024-01-08T08:45:36","modified_gmt":"2024-01-08T07:45:36","slug":"politica-privacidad","status":"publish","type":"page","link":"https:\/\/www.wcloc.com\/es\/politica-privacidad","title":{"rendered":"Pol\u00edtica Privacidad"},"content":{"rendered":"<h3>IDENTIFICACI\u00d3N<\/h3>\n<p>Titular: <em>WCLOC ESPA\u00d1A, S.L.<\/em><br \/>\nNIF: B85849925<br \/>\nDomicilio social: C. ORO, 17 &#8211; POL.IND. AIMAYR &#8211; 28330 SAN MART\u00cdN DE LA VEGA (MADRID)<br \/>\nCorreo electr\u00f3nico:<a href=\"mailto:info@wcloc.es\" target=\"_blank\" rel=\"noopener\"> info@wcloc.es<\/a><\/p>\n<p><strong><u>POL\u00cdTICA DE PRIVACIDAD Y PROTECCI\u00d3N DE DATOS DEL SITIO WEB<\/u><\/strong><\/p>\n<p><em>WCLOC ESPA\u00d1A, S.L.<\/em> es una empresa en la que la transparencia en la informaci\u00f3n es fundamental para establecer una relaci\u00f3n de confianza con las personas que forman nuestro proyecto y con nuestros proveedores y clientes, siendo la protecci\u00f3n de los datos personales de las personas que conf\u00edan en nosotros de vital importancia, por lo que queremos mediante la presente Pol\u00edtica de privacidad y protecci\u00f3n de datos personales, informarte de c\u00f3mo recabamos y c\u00f3mo tratamos o utilizamos dichos datos.<\/p>\n<p>En esta pol\u00edtica de privacidad y protecci\u00f3n de datos personales se establecen las bases sobre las que <em>WCLOC ESPA\u00d1A, S.L.<\/em>, con domicilio en C. ORO, 17 &#8211; POL.IND. AIMAYR &#8211; 28330 SAN MART\u00cdN DE LA VEGA (MADRID), trata los datos de car\u00e1cter personal que voluntariamente nos facilitan nuestros usuarios a trav\u00e9s de la p\u00e1gina web.<\/p>\n<p>Esta Pol\u00edtica siempre ser\u00e1 aplicable cuando se faciliten datos a <em>WCLOC ESPA\u00d1A, S.L.<\/em>, el cual ser\u00e1 responsable de sus datos (Responsable del Tratamiento de los Datos), y a trav\u00e9s de cualquiera de los formularios de contacto o suscripci\u00f3n donde se recojan datos de car\u00e1cter personal (nombre, email, etc.).<\/p>\n<p><strong><u>A QU\u00c9 NOS COMPROMETEMOS<\/u><\/strong><\/p>\n<ul>\n<li>A respetar la privacidad de nuestros usuarios y tratar los datos personales con el consentimiento de los mismos.<\/li>\n<li>A tratar los datos personales que estrictamente necesitemos para dar el servicio solicitado, y tratarlos de forma segura y confidencial, tomando las medidas necesarias para evitar el acceso no autorizado y el uso indebido de los mismos.<\/li>\n<li>A no utilizar los datos personales para finalidades para las que no hemos obtenido previamente el consentimiento.<\/li>\n<li>A no dar los datos personales a terceros ni compartirlos.<\/li>\n<li>A conservar los datos personales durante el tiempo estrictamente necesario para la finalidad concreta para la que han sido proporcionados.<\/li>\n<\/ul>\n<p><strong><u>QU\u00c9 DATOS PERSONALES UTILIZAMOS<\/u><\/strong><\/p>\n<p>A trav\u00e9s de nuestra p\u00e1gina web podemos recabar datos personales para diferentes finalidades:<\/p>\n<ul>\n<li>Solicitud de informaci\u00f3n por parte del usuario<\/li>\n<\/ul>\n<p>Dependiendo de la finalidad para la que se aportan los datos, ser\u00e1n requeridos los datos estrictamente necesarios.<\/p>\n<p>Es importante que el usuario sea consciente de los datos que aporta y la finalidad para la que lo hace porque en el momento que los facilita, est\u00e1 aceptando que recopilemos, almacenemos y usemos dichos datos para la finalidad requerida, pudiendo en cualquier momento retirar el consentimiento prestado por los cauces oportunos siendo el consentimiento del interesado la base legal y legitimaci\u00f3n para el tratamiento de sus datos personales.<\/p>\n<p><strong><u>EXACTITUD Y VERACIDAD DE LOS DATOS<\/u><\/strong><\/p>\n<p>El usuario, al aportar los datos requeridos en los formularios es el \u00fanico responsable de la veracidad de los datos remitidos, garantizando y respondiendo de la exactitud, vigencia y autenticidad de los datos personales facilitados, comprometi\u00e9ndose a mantenerlos debidamente actualizados.<\/p>\n<p><strong><u>QU\u00c9 DERECHOS TIENE SOBRE LOS DATOS PERSONALES APORTADOS<\/u><\/strong><\/p>\n<p>Una vez aportados los datos personales tendr\u00e1 derecho a:<\/p>\n<ul>\n<li>consultar cualquier duda y a que se le informe de c\u00f3mo usamos los datos y a obtener <strong>ACCESO<\/strong> a los mismos.<\/li>\n<li>que se <strong>RECTIFIQUE<\/strong> o borre su informaci\u00f3n o a imponer <strong>LIMITACIONES <\/strong>en el tratamiento de la misma.<\/li>\n<li><strong>CANCELACI\u00d3N <\/strong>de los datos.<\/li>\n<li><strong>OPONERSE<\/strong> al tratamiento de sus datos.<\/li>\n<li><strong>PORTABILIDAD<\/strong> de los datos.<\/li>\n<\/ul>\n<p>En cualquier momento, podr\u00e1 ejercitar estos Derechos, mediante un escrito y acreditando su personalidad dirigido a <em>WCLOC ESPA\u00d1A, S.L.<\/em>, en C. ORO, 17 &#8211; POL.IND. AIMAYR &#8211; 28330 SAN MART\u00cdN DE LA VEGA (MADRID), o a trav\u00e9s de la direcci\u00f3n de correo electr\u00f3nico: toni@wcloc.es.<\/p>\n<p>Adem\u00e1s, podr\u00e1 presentar una reclamaci\u00f3n ante la autoridad de control, en este caso, la Agencia Espa\u00f1ola de Protecci\u00f3n de Datos, si considera que el tratamiento de datos personales infringe la legislaci\u00f3n aplicable.<\/p>\n<p><strong><u>SEGURIDAD Y ALMACENAMIENTO DE LOS DATOS<\/u><\/strong><\/p>\n<p>Mantendremos los datos durante el tiempo estrictamente necesario para la prestaci\u00f3n del servicio solicitado y mientras el titular no solicite su eliminaci\u00f3n, adoptando las medidas adecuadas de car\u00e1cter t\u00e9cnico y organizativo contra el tratamiento no autorizado o il\u00edcito y contra su p\u00e9rdida, destrucci\u00f3n o da\u00f1o accidentales, haciendo todo lo posible por protegerlos y mantenerlos de forma segura.<\/p>\n<p><strong><u>QU\u00c9 DATOS PERSONALES COMPARTIMOS CON TERCEROS<\/u><\/strong><\/p>\n<p>No se prev\u00e9n cesiones de datos salvo en aquellos casos en que exista una obligaci\u00f3n legal. No hay previsi\u00f3n de transferencias de datos internacionales.<\/p>\n","protected":false},"excerpt":{"rendered":"IDENTIFICACI\u00d3N Titular: WCLOC ESPA\u00d1A, S.L. NIF: B85849925 Domicilio social: C. ORO, 17 &#8211; POL.IND. AIMAYR &#8211; 28330 SAN MART\u00cdN DE LA VEGA (MADRID) Correo electr\u00f3nico: info@wcloc.es POL\u00cdTICA DE PRIVACIDAD Y PROTECCI\u00d3N DE DATOS DEL SITIO WEB WCLOC ESPA\u00d1A, S.L. es una empresa en la que la transparencia en la informaci\u00f3n es fundamental para establecer una [&hellip;]","protected":false},"author":2,"featured_media":0,"parent":0,"menu_order":0,"comment_status":"closed","ping_status":"open","template":"","meta":{"_acf_changed":false,"footnotes":""},"class_list":["post-13548","page","type-page","status-publish","hentry"],"acf":[],"yoast_head":"<!-- This site is optimized with the Yoast SEO plugin v27.5 - https:\/\/yoast.com\/product\/yoast-seo-wordpress\/ -->\n<title>Pol\u00edtica Privacidad - WC Loc<\/title>\n<meta name=\"robots\" content=\"index, follow, max-snippet:-1, max-image-preview:large, max-video-preview:-1\" \/>\n<link rel=\"canonical\" href=\"https:\/\/www.wcloc.com\/es\/politica-privacidad\" \/>\n<meta property=\"og:locale\" content=\"es_ES\" \/>\n<meta property=\"og:type\" content=\"article\" \/>\n<meta property=\"og:title\" content=\"Pol\u00edtica Privacidad - WC Loc\" \/>\n<meta property=\"og:description\" content=\"IDENTIFICACI\u00d3N Titular: WCLOC ESPA\u00d1A, S.L. NIF: B85849925 Domicilio social: C. ORO, 17 &#8211; POL.IND. AIMAYR &#8211; 28330 SAN MART\u00cdN DE LA VEGA (MADRID) Correo electr\u00f3nico: info@wcloc.es POL\u00cdTICA DE PRIVACIDAD Y PROTECCI\u00d3N DE DATOS DEL SITIO WEB WCLOC ESPA\u00d1A, S.L. es una empresa en la que la transparencia en la informaci\u00f3n es fundamental para establecer una [&hellip;]\" \/>\n<meta property=\"og:url\" content=\"https:\/\/www.wcloc.com\/es\/politica-privacidad\" \/>\n<meta property=\"og:site_name\" content=\"WC Loc\" \/>\n<meta property=\"article:modified_time\" content=\"2024-01-08T07:45:36+00:00\" \/>\n<meta name=\"twitter:card\" content=\"summary_large_image\" \/>\n<meta name=\"twitter:label1\" content=\"Tiempo de lectura\" \/>\n\t<meta name=\"twitter:data1\" content=\"7 minutos\" \/>\n<script type=\"application\/ld+json\" class=\"yoast-schema-graph\">{\"@context\":\"https:\\\/\\\/schema.org\",\"@graph\":[{\"@type\":\"WebPage\",\"@id\":\"https:\\\/\\\/www.wcloc.com\\\/es\\\/politica-privacidad\",\"url\":\"https:\\\/\\\/www.wcloc.com\\\/es\\\/politica-privacidad\",\"name\":\"Pol\u00edtica Privacidad - WC Loc\",\"isPartOf\":{\"@id\":\"https:\\\/\\\/www.wcloc.com\\\/es#website\"},\"datePublished\":\"2021-10-15T13:11:31+00:00\",\"dateModified\":\"2024-01-08T07:45:36+00:00\",\"inLanguage\":\"es\",\"potentialAction\":[{\"@type\":\"ReadAction\",\"target\":[\"https:\\\/\\\/www.wcloc.com\\\/es\\\/politica-privacidad\"]}]},{\"@type\":\"WebSite\",\"@id\":\"https:\\\/\\\/www.wcloc.com\\\/es#website\",\"url\":\"https:\\\/\\\/www.wcloc.com\\\/es\",\"name\":\"WC Loc\",\"description\":\"Un site utilisant Les sites de platform.enygea.fr\",\"publisher\":{\"@id\":\"https:\\\/\\\/www.wcloc.com\\\/es#organization\"},\"potentialAction\":[{\"@type\":\"SearchAction\",\"target\":{\"@type\":\"EntryPoint\",\"urlTemplate\":\"https:\\\/\\\/www.wcloc.com\\\/es?s={search_term_string}\"},\"query-input\":{\"@type\":\"PropertyValueSpecification\",\"valueRequired\":true,\"valueName\":\"search_term_string\"}}],\"inLanguage\":\"es\"},{\"@type\":\"Organization\",\"@id\":\"https:\\\/\\\/www.wcloc.com\\\/es#organization\",\"name\":\"WC Loc\",\"url\":\"https:\\\/\\\/www.wcloc.com\\\/es\",\"logo\":{\"@type\":\"ImageObject\",\"inLanguage\":\"es\",\"@id\":\"https:\\\/\\\/www.wcloc.com\\\/es#\\\/schema\\\/logo\\\/image\\\/\",\"url\":\"https:\\\/\\\/www.wcloc.com\\\/wp-content\\\/uploads\\\/2023\\\/04\\\/logo.png\",\"contentUrl\":\"https:\\\/\\\/www.wcloc.com\\\/wp-content\\\/uploads\\\/2023\\\/04\\\/logo.png\",\"width\":291,\"height\":71,\"caption\":\"WC Loc\"},\"image\":{\"@id\":\"https:\\\/\\\/www.wcloc.com\\\/es#\\\/schema\\\/logo\\\/image\\\/\"}}]}<\/script>\n<!-- \/ Yoast SEO plugin. -->","yoast_head_json":{"title":"Pol\u00edtica Privacidad - WC Loc","robots":{"index":"index","follow":"follow","max-snippet":"max-snippet:-1","max-image-preview":"max-image-preview:large","max-video-preview":"max-video-preview:-1"},"canonical":"https:\/\/www.wcloc.com\/es\/politica-privacidad","og_locale":"es_ES","og_type":"article","og_title":"Pol\u00edtica Privacidad - WC Loc","og_description":"IDENTIFICACI\u00d3N Titular: WCLOC ESPA\u00d1A, S.L. NIF: B85849925 Domicilio social: C. ORO, 17 &#8211; POL.IND. AIMAYR &#8211; 28330 SAN MART\u00cdN DE LA VEGA (MADRID) Correo electr\u00f3nico: info@wcloc.es POL\u00cdTICA DE PRIVACIDAD Y PROTECCI\u00d3N DE DATOS DEL SITIO WEB WCLOC ESPA\u00d1A, S.L. es una empresa en la que la transparencia en la informaci\u00f3n es fundamental para establecer una [&hellip;]","og_url":"https:\/\/www.wcloc.com\/es\/politica-privacidad","og_site_name":"WC Loc","article_modified_time":"2024-01-08T07:45:36+00:00","twitter_card":"summary_large_image","twitter_misc":{"Tiempo de lectura":"7 minutos"},"schema":{"@context":"https:\/\/schema.org","@graph":[{"@type":"WebPage","@id":"https:\/\/www.wcloc.com\/es\/politica-privacidad","url":"https:\/\/www.wcloc.com\/es\/politica-privacidad","name":"Pol\u00edtica Privacidad - WC Loc","isPartOf":{"@id":"https:\/\/www.wcloc.com\/es#website"},"datePublished":"2021-10-15T13:11:31+00:00","dateModified":"2024-01-08T07:45:36+00:00","inLanguage":"es","potentialAction":[{"@type":"ReadAction","target":["https:\/\/www.wcloc.com\/es\/politica-privacidad"]}]},{"@type":"WebSite","@id":"https:\/\/www.wcloc.com\/es#website","url":"https:\/\/www.wcloc.com\/es","name":"WC Loc","description":"Un site utilisant Les sites de platform.enygea.fr","publisher":{"@id":"https:\/\/www.wcloc.com\/es#organization"},"potentialAction":[{"@type":"SearchAction","target":{"@type":"EntryPoint","urlTemplate":"https:\/\/www.wcloc.com\/es?s={search_term_string}"},"query-input":{"@type":"PropertyValueSpecification","valueRequired":true,"valueName":"search_term_string"}}],"inLanguage":"es"},{"@type":"Organization","@id":"https:\/\/www.wcloc.com\/es#organization","name":"WC Loc","url":"https:\/\/www.wcloc.com\/es","logo":{"@type":"ImageObject","inLanguage":"es","@id":"https:\/\/www.wcloc.com\/es#\/schema\/logo\/image\/","url":"https:\/\/www.wcloc.com\/wp-content\/uploads\/2023\/04\/logo.png","contentUrl":"https:\/\/www.wcloc.com\/wp-content\/uploads\/2023\/04\/logo.png","width":291,"height":71,"caption":"WC Loc"},"image":{"@id":"https:\/\/www.wcloc.com\/es#\/schema\/logo\/image\/"}}]}},"_links":{"self":[{"href":"https:\/\/www.wcloc.com\/es\/wp-json\/wp\/v2\/pages\/13548","targetHints":{"allow":["GET"]}}],"collection":[{"href":"https:\/\/www.wcloc.com\/es\/wp-json\/wp\/v2\/pages"}],"about":[{"href":"https:\/\/www.wcloc.com\/es\/wp-json\/wp\/v2\/types\/page"}],"author":[{"embeddable":true,"href":"https:\/\/www.wcloc.com\/es\/wp-json\/wp\/v2\/users\/2"}],"replies":[{"embeddable":true,"href":"https:\/\/www.wcloc.com\/es\/wp-json\/wp\/v2\/comments?post=13548"}],"version-history":[{"count":4,"href":"https:\/\/www.wcloc.com\/es\/wp-json\/wp\/v2\/pages\/13548\/revisions"}],"predecessor-version":[{"id":102166,"href":"https:\/\/www.wcloc.com\/es\/wp-json\/wp\/v2\/pages\/13548\/revisions\/102166"}],"wp:attachment":[{"href":"https:\/\/www.wcloc.com\/es\/wp-json\/wp\/v2\/media?parent=13548"}],"curies":[{"name":"wp","href":"https:\/\/api.w.org\/{rel}","templated":true}]}}