{"id":13535,"date":"2019-11-14T15:22:10","date_gmt":"2019-11-14T14:22:10","guid":{"rendered":"https:\/\/www.wcloc.com\/politique-de-cookie\/"},"modified":"2021-05-18T13:18:18","modified_gmt":"2021-05-18T11:18:18","slug":"politica-cookies","status":"publish","type":"page","link":"https:\/\/www.wcloc.com\/es\/politica-cookies","title":{"rendered":"Pol\u00edtica Cookies"},"content":{"rendered":"<p>Debido a la entrada en vigor de la referente modificaci\u00f3n de la \u201cLey de Servicios de la Sociedad de la Informaci\u00f3n\u201d (LSSICE) establecida por el Real Decreto 13\/2012, es de obligaci\u00f3n obtener el consentimiento expreso del usuario de todas las p\u00e1ginas web que usan cookies prescindibles, antes de que \u00e9ste navegue por ellas.<\/p>\n<p>Las \u00abcookies\u00bb permiten a los prestadores de servicios relacionados con Internet almacenar y recuperar datos sobre los usuarios almacenados en sus equipos.<\/p>\n<p>Cuando los prestadores de servicios relacionados con Internet empleen cookies deben recabar el consentimiento de los usuarios despu\u00e9s de que los mismos hayan sido informados de manera clara y completa sobre su utilizaci\u00f3n y finalidad (en particular sobre los fines del tratamiento de los datos, con arreglo a lo dispuesto tanto en la Ley Org\u00e1nica 15\/1999, de 13 de diciembre, de Protecci\u00f3n de Datos de Car\u00e1cter Personal como en el RGPD (UE) 2016\/679).<\/p>\n<p>Cuando sea t\u00e9cnicamente posible y eficaz, el consentimiento del destinatario para aceptar el tratamiento de los datos podr\u00e1 facilitarse mediante la configuraci\u00f3n del navegador de Internet (u otra aplicaci\u00f3n) que se est\u00e9 utilizando.<\/p>\n<p>Lo anterior no impedir\u00e1 el posible almacenamiento o acceso de \u00edndole t\u00e9cnica con el solo fin de efectuar la transmisi\u00f3n de una comunicaci\u00f3n por una red de comunicaciones electr\u00f3nicas o, en la medida que resulte estrictamente necesario, para la prestaci\u00f3n de un servicio de la sociedad de la informaci\u00f3n expresamente solicitado por el destinatario. Ej:_, las cookies de autenticaci\u00f3n para identificar al usuario una vez registrado, o el carrito de la compra en una p\u00e1gina de internet donde se van almacenando los art\u00edculos que vamos comprando antes de proceder al pago final.<\/p>\n<p>\u00bfQu\u00e9 son las cookies?<br \/>\nLas cookies son herramientas utilizadas en los sitios Web para:, asegurar el correcto funcionamiento del sitio y almacenar y recuperar informaci\u00f3n de sus visitantes.<\/p>\n<p>Mediante el uso de estas herramientas el servidor Web podr\u00e1 recordar algunos datos concernientes al usuario, sus preferencias para la visualizaci\u00f3n de sus p\u00e1ginas, nombres, contrase\u00f1as, productos que m\u00e1s interesan, carritos de compra, etc.<\/p>\n<p><strong>CLASIFICACI\u00d3N Y TIPOS DE COOKIES<\/strong><\/p>\n<p>Cookies t\u00e9cnicas:<br \/>\nSon aqu\u00e9llas que permiten al usuario la navegaci\u00f3n a trav\u00e9s de la p\u00e1gina web o aplicaci\u00f3n y la utilizaci\u00f3n de las diferentes opciones o servicios que en ella existen. Por ejemplo, controlar el tr\u00e1fico y la comunicaci\u00f3n de datos, identificar la sesi\u00f3n, acceder a las partes web de acceso restringido, recordar los elementos que integran un pedido, realizar la solicitud de inscripci\u00f3n o participaci\u00f3n en un evento, utilizar elementos de seguridad durante la navegaci\u00f3n y almacenar contenidos para la difusi\u00f3n de videos o sonido<\/p>\n<p>Cookies anal\u00edticas:<br \/>\nSon aqu\u00e9llas que permiten realizar el seguimiento y an\u00e1lisis del comportamiento de los usuarios en los sitios web. La informaci\u00f3n recogida mediante este tipo de \u2018cookies\u2019 se utiliza en la medici\u00f3n de la actividad de los sitios web, aplicaci\u00f3n o plataforma y para la elaboraci\u00f3n de perfiles de navegaci\u00f3n de los usuarios de dichos sitios, con el fin de introducir mejoras en el servicio en funci\u00f3n de los datos de uso que hacen los usuarios.<\/p>\n<p>Cookies de personalizaci\u00f3n:<br \/>\nSon aqu\u00e9llas que permiten al usuario acceder al servicio con algunas caracter\u00edsticas de car\u00e1cter general predefinidas en su terminal o que el propio usuario defina. Por ejemplo, el idioma, el tipo de navegador a trav\u00e9s del cual accede al servicio, el dise\u00f1o de contenidos seleccionado, geolocalizaci\u00f3n del terminal y la configuraci\u00f3n regional desde donde se accede al servicio.<\/p>\n<p>Cookies sociales:<br \/>\nLas necesarias para enlazar el sitio web con sus redes sociales<\/p>\n<p>Cookies de Publicidad y preferencias:<br \/>\nSon aqu\u00e9llas que permiten la gesti\u00f3n eficaz de los espacios publicitarios que se han incluido en la p\u00e1gina web o aplicaci\u00f3n desde la que se presta el servicio. Permiten adecuar el contenido de la publicidad para que esta sea relevante para el usuario y para evitar mostrar anuncios que el usuario ya haya visto<\/p>\n<p>Cookies de Afiliados:<br \/>\nPermiten saber de d\u00f3nde proceden las visitas al sitio web<\/p>\n<p>Cookies de terceros:<br \/>\nEn algunas p\u00e1ginas web se pueden instalar \u2018cookies\u2019 de terceros que permiten gestionar y mejorar los servicios ofrecidos. Como por ejemplo, servicios estad\u00edsticos de Google Analytics y Comscor<\/p>\n<p>En funci\u00f3n de su durabilidad pueden ser:<br \/>\nCookies de sesi\u00f3n: Su vigencia expira al cerrar el navegador<br \/>\nCookies permanentes: Su vigencia puede ser variable, una vez que han cumplido el objetivo que motiv\u00f3 su instalaci\u00f3n o cuando el usuario procede a su borrado manual.<\/p>\n<p><strong>COOKIES AFECTADAS POR LA NORMATIVA Y COOKIES EXCEPTUADAS<\/strong><\/p>\n<p>Seg\u00fan directiva de la UE, las cookies que requieren el consentimiento informado y expreso por parte del usuario son las cookies de anal\u00edticas, publicidad y afiliaci\u00f3n.<\/p>\n<p>Quedan exceptuadas aquellas que sean de car\u00e1cter t\u00e9cnico y necesario para el funcionamiento del sitio web o la prestaci\u00f3n de servicios expresamente solicitados por el usuario.<\/p>\n<p>Permitir, bloquear o eliminar las cookies<br \/>\nPuede usted permitir, bloquear o eliminar las cookies instaladas en su equipo mediante la configuraci\u00f3n de las opciones del navegador instalado en su ordenador.<br \/>\nPuede obtener m\u00e1s informaci\u00f3n sobre c\u00f3mo eliminar o bloquear las cookies de su navegador en:<\/p>\n<ul>\n<li>Desactivar cookies en Chrome:<br \/>\n<a href=\"https:\/\/support.google.com\/chrome\/answer\/95647?hl=es\" target=\"_blank\" rel=\"noopener\">https:\/\/support.google.com\/chrome\/answer\/95647?hl=es<\/a><\/li>\n<li>Desactivar cookies en Firefox:<br \/>\n<a href=\"https:\/\/support.mozilla.org\/es\/kb\/habilitar-y-deshabilitar-cookies-sitios-web-rastrear-preferencias\" target=\"_blank\" rel=\"noopener\">https:\/\/support.mozilla.org\/es\/kb\/habilitar-y-deshabilitar-cookies-sitios-web-rastrear-preferencias<\/a><\/li>\n<li>Desactivar cookies en Internet Explorer:<br \/>\n<a href=\"https:\/\/windows.microsoft.com\/es-es\/windows-vista\/block-or-allow-cookies\" target=\"_blank\" rel=\"noopener\">https:\/\/windows.microsoft.com\/es-es\/windows-vista\/block-or-allow-cookies<\/a><\/li>\n<\/ul>\n<p><strong><a href=\"\/Cookies-afectadas.pdf\" target=\"_blank\" rel=\"noopener\">COOKIES AFECTADAS POR LA NORMATIVA Y COOKIES EXCEPTUADAS<\/a><\/strong><\/p>\n","protected":false},"excerpt":{"rendered":"Debido a la entrada en vigor de la referente modificaci\u00f3n de la \u201cLey de Servicios de la Sociedad de la Informaci\u00f3n\u201d (LSSICE) establecida por el Real Decreto 13\/2012, es de obligaci\u00f3n obtener el consentimiento expreso del usuario de todas las p\u00e1ginas web que usan cookies prescindibles, antes de que \u00e9ste navegue por ellas. Las \u00abcookies\u00bb [&hellip;]","protected":false},"author":1,"featured_media":0,"parent":0,"menu_order":0,"comment_status":"closed","ping_status":"closed","template":"","meta":{"_acf_changed":false,"footnotes":""},"class_list":["post-13535","page","type-page","status-publish","hentry"],"acf":[],"yoast_head":"<!-- This site is optimized with the Yoast SEO plugin v27.5 - https:\/\/yoast.com\/product\/yoast-seo-wordpress\/ -->\n<title>Pol\u00edtica Cookies WC Loc WC port\u00e1tiles para obra y para eventos<\/title>\n<meta name=\"description\" content=\"Pol\u00edtica de Cookies WcLoc, especialista en alquiler de ba\u00f1os WC port\u00e1tiles, lavamanos, remolques, ba\u00f1os WC de lujo para eventos y construcci\u00f3n.\" \/>\n<meta name=\"robots\" content=\"index, follow, max-snippet:-1, max-image-preview:large, max-video-preview:-1\" \/>\n<link rel=\"canonical\" href=\"https:\/\/www.wcloc.com\/es\/politica-cookies\" \/>\n<meta property=\"og:locale\" content=\"es_ES\" \/>\n<meta property=\"og:type\" content=\"article\" \/>\n<meta property=\"og:title\" content=\"Pol\u00edtica Cookies WC Loc WC port\u00e1tiles para obra y para eventos\" \/>\n<meta property=\"og:description\" content=\"Pol\u00edtica de Cookies WcLoc, especialista en alquiler de ba\u00f1os WC port\u00e1tiles, lavamanos, remolques, ba\u00f1os WC de lujo para eventos y construcci\u00f3n.\" \/>\n<meta property=\"og:url\" content=\"https:\/\/www.wcloc.com\/es\/politica-cookies\" \/>\n<meta property=\"og:site_name\" content=\"WC Loc\" \/>\n<meta property=\"article:modified_time\" content=\"2021-05-18T11:18:18+00:00\" \/>\n<meta name=\"twitter:card\" content=\"summary_large_image\" \/>\n<meta name=\"twitter:label1\" content=\"Tiempo de lectura\" \/>\n\t<meta name=\"twitter:data1\" content=\"4 minutos\" \/>\n<script type=\"application\/ld+json\" class=\"yoast-schema-graph\">{\"@context\":\"https:\\\/\\\/schema.org\",\"@graph\":[{\"@type\":\"WebPage\",\"@id\":\"https:\\\/\\\/www.wcloc.com\\\/es\\\/politica-cookies\",\"url\":\"https:\\\/\\\/www.wcloc.com\\\/es\\\/politica-cookies\",\"name\":\"Pol\u00edtica Cookies WC Loc WC port\u00e1tiles para obra y para eventos\",\"isPartOf\":{\"@id\":\"https:\\\/\\\/www.wcloc.com\\\/es#website\"},\"datePublished\":\"2019-11-14T14:22:10+00:00\",\"dateModified\":\"2021-05-18T11:18:18+00:00\",\"description\":\"Pol\u00edtica de Cookies WcLoc, especialista en alquiler de ba\u00f1os WC port\u00e1tiles, lavamanos, remolques, ba\u00f1os WC de lujo para eventos y construcci\u00f3n.\",\"inLanguage\":\"es\",\"potentialAction\":[{\"@type\":\"ReadAction\",\"target\":[\"https:\\\/\\\/www.wcloc.com\\\/es\\\/politica-cookies\"]}]},{\"@type\":\"WebSite\",\"@id\":\"https:\\\/\\\/www.wcloc.com\\\/es#website\",\"url\":\"https:\\\/\\\/www.wcloc.com\\\/es\",\"name\":\"WC Loc\",\"description\":\"Un site utilisant Les sites de platform.enygea.fr\",\"publisher\":{\"@id\":\"https:\\\/\\\/www.wcloc.com\\\/es#organization\"},\"potentialAction\":[{\"@type\":\"SearchAction\",\"target\":{\"@type\":\"EntryPoint\",\"urlTemplate\":\"https:\\\/\\\/www.wcloc.com\\\/es?s={search_term_string}\"},\"query-input\":{\"@type\":\"PropertyValueSpecification\",\"valueRequired\":true,\"valueName\":\"search_term_string\"}}],\"inLanguage\":\"es\"},{\"@type\":\"Organization\",\"@id\":\"https:\\\/\\\/www.wcloc.com\\\/es#organization\",\"name\":\"WC Loc\",\"url\":\"https:\\\/\\\/www.wcloc.com\\\/es\",\"logo\":{\"@type\":\"ImageObject\",\"inLanguage\":\"es\",\"@id\":\"https:\\\/\\\/www.wcloc.com\\\/es#\\\/schema\\\/logo\\\/image\\\/\",\"url\":\"https:\\\/\\\/www.wcloc.com\\\/wp-content\\\/uploads\\\/2023\\\/04\\\/logo.png\",\"contentUrl\":\"https:\\\/\\\/www.wcloc.com\\\/wp-content\\\/uploads\\\/2023\\\/04\\\/logo.png\",\"width\":291,\"height\":71,\"caption\":\"WC Loc\"},\"image\":{\"@id\":\"https:\\\/\\\/www.wcloc.com\\\/es#\\\/schema\\\/logo\\\/image\\\/\"}}]}<\/script>\n<!-- \/ Yoast SEO plugin. -->","yoast_head_json":{"title":"Pol\u00edtica Cookies WC Loc WC port\u00e1tiles para obra y para eventos","description":"Pol\u00edtica de Cookies WcLoc, especialista en alquiler de ba\u00f1os WC port\u00e1tiles, lavamanos, remolques, ba\u00f1os WC de lujo para eventos y construcci\u00f3n.","robots":{"index":"index","follow":"follow","max-snippet":"max-snippet:-1","max-image-preview":"max-image-preview:large","max-video-preview":"max-video-preview:-1"},"canonical":"https:\/\/www.wcloc.com\/es\/politica-cookies","og_locale":"es_ES","og_type":"article","og_title":"Pol\u00edtica Cookies WC Loc WC port\u00e1tiles para obra y para eventos","og_description":"Pol\u00edtica de Cookies WcLoc, especialista en alquiler de ba\u00f1os WC port\u00e1tiles, lavamanos, remolques, ba\u00f1os WC de lujo para eventos y construcci\u00f3n.","og_url":"https:\/\/www.wcloc.com\/es\/politica-cookies","og_site_name":"WC Loc","article_modified_time":"2021-05-18T11:18:18+00:00","twitter_card":"summary_large_image","twitter_misc":{"Tiempo de lectura":"4 minutos"},"schema":{"@context":"https:\/\/schema.org","@graph":[{"@type":"WebPage","@id":"https:\/\/www.wcloc.com\/es\/politica-cookies","url":"https:\/\/www.wcloc.com\/es\/politica-cookies","name":"Pol\u00edtica Cookies WC Loc WC port\u00e1tiles para obra y para eventos","isPartOf":{"@id":"https:\/\/www.wcloc.com\/es#website"},"datePublished":"2019-11-14T14:22:10+00:00","dateModified":"2021-05-18T11:18:18+00:00","description":"Pol\u00edtica de Cookies WcLoc, especialista en alquiler de ba\u00f1os WC port\u00e1tiles, lavamanos, remolques, ba\u00f1os WC de lujo para eventos y construcci\u00f3n.","inLanguage":"es","potentialAction":[{"@type":"ReadAction","target":["https:\/\/www.wcloc.com\/es\/politica-cookies"]}]},{"@type":"WebSite","@id":"https:\/\/www.wcloc.com\/es#website","url":"https:\/\/www.wcloc.com\/es","name":"WC Loc","description":"Un site utilisant Les sites de platform.enygea.fr","publisher":{"@id":"https:\/\/www.wcloc.com\/es#organization"},"potentialAction":[{"@type":"SearchAction","target":{"@type":"EntryPoint","urlTemplate":"https:\/\/www.wcloc.com\/es?s={search_term_string}"},"query-input":{"@type":"PropertyValueSpecification","valueRequired":true,"valueName":"search_term_string"}}],"inLanguage":"es"},{"@type":"Organization","@id":"https:\/\/www.wcloc.com\/es#organization","name":"WC Loc","url":"https:\/\/www.wcloc.com\/es","logo":{"@type":"ImageObject","inLanguage":"es","@id":"https:\/\/www.wcloc.com\/es#\/schema\/logo\/image\/","url":"https:\/\/www.wcloc.com\/wp-content\/uploads\/2023\/04\/logo.png","contentUrl":"https:\/\/www.wcloc.com\/wp-content\/uploads\/2023\/04\/logo.png","width":291,"height":71,"caption":"WC Loc"},"image":{"@id":"https:\/\/www.wcloc.com\/es#\/schema\/logo\/image\/"}}]}},"_links":{"self":[{"href":"https:\/\/www.wcloc.com\/es\/wp-json\/wp\/v2\/pages\/13535","targetHints":{"allow":["GET"]}}],"collection":[{"href":"https:\/\/www.wcloc.com\/es\/wp-json\/wp\/v2\/pages"}],"about":[{"href":"https:\/\/www.wcloc.com\/es\/wp-json\/wp\/v2\/types\/page"}],"author":[{"embeddable":true,"href":"https:\/\/www.wcloc.com\/es\/wp-json\/wp\/v2\/users\/1"}],"replies":[{"embeddable":true,"href":"https:\/\/www.wcloc.com\/es\/wp-json\/wp\/v2\/comments?post=13535"}],"version-history":[{"count":4,"href":"https:\/\/www.wcloc.com\/es\/wp-json\/wp\/v2\/pages\/13535\/revisions"}],"predecessor-version":[{"id":13547,"href":"https:\/\/www.wcloc.com\/es\/wp-json\/wp\/v2\/pages\/13535\/revisions\/13547"}],"wp:attachment":[{"href":"https:\/\/www.wcloc.com\/es\/wp-json\/wp\/v2\/media?parent=13535"}],"curies":[{"name":"wp","href":"https:\/\/api.w.org\/{rel}","templated":true}]}}