{"id":12550,"date":"2020-01-03T15:23:31","date_gmt":"2020-01-03T14:23:31","guid":{"rendered":"https:\/\/www.wcloc.com\/o-nosso-grupo\/"},"modified":"2023-01-03T16:04:57","modified_gmt":"2023-01-03T15:04:57","slug":"grupo","status":"publish","type":"page","link":"https:\/\/www.wcloc.com\/es\/grupo","title":{"rendered":"Grupo"},"content":{"rendered":"<p>Desde 2011 no Portugal, a Wc Lo \u00e9 o seu <strong>parceiro privilegiado<\/strong> para o aluguer de sanit\u00e1rios port\u00e1teis nos seus eventos ou obras. <strong>O \u00fanico especialista presente<\/strong> em todo o pais, Colocamos a nossa <strong>experi\u00eancia ao vosso servi\u00e7o<\/strong> para vos aconselhar de uma forma personalizada para vos oferecer a tranquilidade de um <strong>servi\u00e7o completo e de qualidade<\/strong>.<\/p>\n<p><strong>Reativos<\/strong>, temos a capacidade para lidar com as suas \u00e1reas sanit\u00e1rias em Portugal.. e ainda no estrangeiro!<\/p>\n","protected":false},"excerpt":{"rendered":"Desde 2011 no Portugal, a Wc Lo \u00e9 o seu parceiro privilegiado para o aluguer de sanit\u00e1rios port\u00e1teis nos seus eventos ou obras. O \u00fanico especialista presente em todo o pais, Colocamos a nossa experi\u00eancia ao vosso servi\u00e7o para vos aconselhar de uma forma personalizada para vos oferecer a tranquilidade de um servi\u00e7o completo e [&hellip;]","protected":false},"author":1,"featured_media":0,"parent":0,"menu_order":0,"comment_status":"closed","ping_status":"closed","template":"template-groupe.php","meta":{"_acf_changed":false,"footnotes":""},"class_list":["post-12550","page","type-page","status-publish","hentry"],"acf":[],"yoast_head":"<!-- This site is optimized with the Yoast SEO plugin v27.5 - https:\/\/yoast.com\/product\/yoast-seo-wordpress\/ -->\n<title>WC Loc Especialistas en alquiler de sanitarios WC port\u00e1tiles en Europa<\/title>\n<meta name=\"description\" content=\"WC Loc l\u00edder en el mercado franc\u00e9s, ahora con delegacion en Espa\u00f1a. Ofrece el mejor servicio de alquiler de ba\u00f1os WC port\u00e1tiles para obra y evento.\" \/>\n<meta name=\"robots\" content=\"index, follow, max-snippet:-1, max-image-preview:large, max-video-preview:-1\" \/>\n<link rel=\"canonical\" href=\"https:\/\/www.wcloc.com\/es\/grupo\" \/>\n<meta property=\"og:locale\" content=\"es_ES\" \/>\n<meta property=\"og:type\" content=\"article\" \/>\n<meta property=\"og:title\" content=\"WC Loc Especialistas en alquiler de sanitarios WC port\u00e1tiles en Europa\" \/>\n<meta property=\"og:description\" content=\"WC Loc l\u00edder en el mercado franc\u00e9s, ahora con delegacion en Espa\u00f1a. Ofrece el mejor servicio de alquiler de ba\u00f1os WC port\u00e1tiles para obra y evento.\" \/>\n<meta property=\"og:url\" content=\"https:\/\/www.wcloc.com\/es\/grupo\" \/>\n<meta property=\"og:site_name\" content=\"WC Loc\" \/>\n<meta property=\"article:modified_time\" content=\"2023-01-03T15:04:57+00:00\" \/>\n<meta property=\"og:image\" content=\"https:\/\/www.wcloc.com\/wp-content\/uploads\/2020\/05\/wcloc_portugal.jpg\" \/>\n\t<meta property=\"og:image:width\" content=\"900\" \/>\n\t<meta property=\"og:image:height\" content=\"600\" \/>\n\t<meta property=\"og:image:type\" content=\"image\/jpeg\" \/>\n<meta name=\"twitter:card\" content=\"summary_large_image\" \/>\n<meta name=\"twitter:image\" content=\"https:\/\/www.wcloc.com\/wp-content\/uploads\/2020\/05\/wcloc_portugal.jpg\" \/>\n<script type=\"application\/ld+json\" class=\"yoast-schema-graph\">{\"@context\":\"https:\\\/\\\/schema.org\",\"@graph\":[{\"@type\":\"WebPage\",\"@id\":\"https:\\\/\\\/www.wcloc.com\\\/es\\\/grupo\",\"url\":\"https:\\\/\\\/www.wcloc.com\\\/es\\\/grupo\",\"name\":\"WC Loc Especialistas en alquiler de sanitarios WC port\u00e1tiles en Europa\",\"isPartOf\":{\"@id\":\"https:\\\/\\\/www.wcloc.com\\\/es#website\"},\"datePublished\":\"2020-01-03T14:23:31+00:00\",\"dateModified\":\"2023-01-03T15:04:57+00:00\",\"description\":\"WC Loc l\u00edder en el mercado franc\u00e9s, ahora con delegacion en Espa\u00f1a. Ofrece el mejor servicio de alquiler de ba\u00f1os WC port\u00e1tiles para obra y evento.\",\"inLanguage\":\"es\",\"potentialAction\":[{\"@type\":\"ReadAction\",\"target\":[\"https:\\\/\\\/www.wcloc.com\\\/es\\\/grupo\"]}]},{\"@type\":\"WebSite\",\"@id\":\"https:\\\/\\\/www.wcloc.com\\\/es#website\",\"url\":\"https:\\\/\\\/www.wcloc.com\\\/es\",\"name\":\"WC Loc\",\"description\":\"Un site utilisant Les sites de platform.enygea.fr\",\"publisher\":{\"@id\":\"https:\\\/\\\/www.wcloc.com\\\/es#organization\"},\"potentialAction\":[{\"@type\":\"SearchAction\",\"target\":{\"@type\":\"EntryPoint\",\"urlTemplate\":\"https:\\\/\\\/www.wcloc.com\\\/es?s={search_term_string}\"},\"query-input\":{\"@type\":\"PropertyValueSpecification\",\"valueRequired\":true,\"valueName\":\"search_term_string\"}}],\"inLanguage\":\"es\"},{\"@type\":\"Organization\",\"@id\":\"https:\\\/\\\/www.wcloc.com\\\/es#organization\",\"name\":\"WC Loc\",\"url\":\"https:\\\/\\\/www.wcloc.com\\\/es\",\"logo\":{\"@type\":\"ImageObject\",\"inLanguage\":\"es\",\"@id\":\"https:\\\/\\\/www.wcloc.com\\\/es#\\\/schema\\\/logo\\\/image\\\/\",\"url\":\"https:\\\/\\\/www.wcloc.com\\\/wp-content\\\/uploads\\\/2023\\\/04\\\/logo.png\",\"contentUrl\":\"https:\\\/\\\/www.wcloc.com\\\/wp-content\\\/uploads\\\/2023\\\/04\\\/logo.png\",\"width\":291,\"height\":71,\"caption\":\"WC Loc\"},\"image\":{\"@id\":\"https:\\\/\\\/www.wcloc.com\\\/es#\\\/schema\\\/logo\\\/image\\\/\"}}]}<\/script>\n<!-- \/ Yoast SEO plugin. -->","yoast_head_json":{"title":"WC Loc Especialistas en alquiler de sanitarios WC port\u00e1tiles en Europa","description":"WC Loc l\u00edder en el mercado franc\u00e9s, ahora con delegacion en Espa\u00f1a. Ofrece el mejor servicio de alquiler de ba\u00f1os WC port\u00e1tiles para obra y evento.","robots":{"index":"index","follow":"follow","max-snippet":"max-snippet:-1","max-image-preview":"max-image-preview:large","max-video-preview":"max-video-preview:-1"},"canonical":"https:\/\/www.wcloc.com\/es\/grupo","og_locale":"es_ES","og_type":"article","og_title":"WC Loc Especialistas en alquiler de sanitarios WC port\u00e1tiles en Europa","og_description":"WC Loc l\u00edder en el mercado franc\u00e9s, ahora con delegacion en Espa\u00f1a. Ofrece el mejor servicio de alquiler de ba\u00f1os WC port\u00e1tiles para obra y evento.","og_url":"https:\/\/www.wcloc.com\/es\/grupo","og_site_name":"WC Loc","article_modified_time":"2023-01-03T15:04:57+00:00","og_image":[{"width":900,"height":600,"url":"https:\/\/www.wcloc.com\/wp-content\/uploads\/2020\/05\/wcloc_portugal.jpg","type":"image\/jpeg"}],"twitter_card":"summary_large_image","twitter_image":"https:\/\/www.wcloc.com\/wp-content\/uploads\/2020\/05\/wcloc_portugal.jpg","schema":{"@context":"https:\/\/schema.org","@graph":[{"@type":"WebPage","@id":"https:\/\/www.wcloc.com\/es\/grupo","url":"https:\/\/www.wcloc.com\/es\/grupo","name":"WC Loc Especialistas en alquiler de sanitarios WC port\u00e1tiles en Europa","isPartOf":{"@id":"https:\/\/www.wcloc.com\/es#website"},"datePublished":"2020-01-03T14:23:31+00:00","dateModified":"2023-01-03T15:04:57+00:00","description":"WC Loc l\u00edder en el mercado franc\u00e9s, ahora con delegacion en Espa\u00f1a. Ofrece el mejor servicio de alquiler de ba\u00f1os WC port\u00e1tiles para obra y evento.","inLanguage":"es","potentialAction":[{"@type":"ReadAction","target":["https:\/\/www.wcloc.com\/es\/grupo"]}]},{"@type":"WebSite","@id":"https:\/\/www.wcloc.com\/es#website","url":"https:\/\/www.wcloc.com\/es","name":"WC Loc","description":"Un site utilisant Les sites de platform.enygea.fr","publisher":{"@id":"https:\/\/www.wcloc.com\/es#organization"},"potentialAction":[{"@type":"SearchAction","target":{"@type":"EntryPoint","urlTemplate":"https:\/\/www.wcloc.com\/es?s={search_term_string}"},"query-input":{"@type":"PropertyValueSpecification","valueRequired":true,"valueName":"search_term_string"}}],"inLanguage":"es"},{"@type":"Organization","@id":"https:\/\/www.wcloc.com\/es#organization","name":"WC Loc","url":"https:\/\/www.wcloc.com\/es","logo":{"@type":"ImageObject","inLanguage":"es","@id":"https:\/\/www.wcloc.com\/es#\/schema\/logo\/image\/","url":"https:\/\/www.wcloc.com\/wp-content\/uploads\/2023\/04\/logo.png","contentUrl":"https:\/\/www.wcloc.com\/wp-content\/uploads\/2023\/04\/logo.png","width":291,"height":71,"caption":"WC Loc"},"image":{"@id":"https:\/\/www.wcloc.com\/es#\/schema\/logo\/image\/"}}]}},"_links":{"self":[{"href":"https:\/\/www.wcloc.com\/es\/wp-json\/wp\/v2\/pages\/12550","targetHints":{"allow":["GET"]}}],"collection":[{"href":"https:\/\/www.wcloc.com\/es\/wp-json\/wp\/v2\/pages"}],"about":[{"href":"https:\/\/www.wcloc.com\/es\/wp-json\/wp\/v2\/types\/page"}],"author":[{"embeddable":true,"href":"https:\/\/www.wcloc.com\/es\/wp-json\/wp\/v2\/users\/1"}],"replies":[{"embeddable":true,"href":"https:\/\/www.wcloc.com\/es\/wp-json\/wp\/v2\/comments?post=12550"}],"version-history":[{"count":4,"href":"https:\/\/www.wcloc.com\/es\/wp-json\/wp\/v2\/pages\/12550\/revisions"}],"predecessor-version":[{"id":57102,"href":"https:\/\/www.wcloc.com\/es\/wp-json\/wp\/v2\/pages\/12550\/revisions\/57102"}],"wp:attachment":[{"href":"https:\/\/www.wcloc.com\/es\/wp-json\/wp\/v2\/media?parent=12550"}],"curies":[{"name":"wp","href":"https:\/\/api.w.org\/{rel}","templated":true}]}}