{"id":12516,"date":"2020-01-06T11:30:28","date_gmt":"2020-01-06T10:30:28","guid":{"rendered":"https:\/\/www.wcloc.com\/?page_id=12516"},"modified":"2024-10-17T11:07:03","modified_gmt":"2024-10-17T09:07:03","slug":"compromisos","status":"publish","type":"page","link":"https:\/\/www.wcloc.com\/es\/compromisos","title":{"rendered":"Compromisos"},"content":{"rendered":"","protected":false},"excerpt":{"rendered":"","protected":false},"author":1,"featured_media":0,"parent":0,"menu_order":0,"comment_status":"closed","ping_status":"closed","template":"template-engagements.php","meta":{"_acf_changed":false,"footnotes":""},"class_list":["post-12516","page","type-page","status-publish","hentry"],"acf":[],"yoast_head":"<!-- This site is optimized with the Yoast SEO plugin v27.3 - https:\/\/yoast.com\/product\/yoast-seo-wordpress\/ -->\n<title>WC Loc Comprometidos con un entorno mejor y un mundo m\u00e1s limpio<\/title>\n<meta name=\"description\" content=\"WC Loc ofrece soluciones en ba\u00f1os WC port\u00e1tiles, lavamanos, ba\u00f1os WC de lujo para un mundo m\u00e1s sostenible y eficiente. Eco-responsabilidad certificada.\" \/>\n<meta name=\"robots\" content=\"index, follow, max-snippet:-1, max-image-preview:large, max-video-preview:-1\" \/>\n<link rel=\"canonical\" href=\"https:\/\/www.wcloc.com\/es\/compromisos\" \/>\n<meta property=\"og:locale\" content=\"es_ES\" \/>\n<meta property=\"og:type\" content=\"article\" \/>\n<meta property=\"og:title\" content=\"WC Loc Comprometidos con un entorno mejor y un mundo m\u00e1s limpio\" \/>\n<meta property=\"og:description\" content=\"WC Loc ofrece soluciones en ba\u00f1os WC port\u00e1tiles, lavamanos, ba\u00f1os WC de lujo para un mundo m\u00e1s sostenible y eficiente. Eco-responsabilidad certificada.\" \/>\n<meta property=\"og:url\" content=\"https:\/\/www.wcloc.com\/es\/compromisos\" \/>\n<meta property=\"og:site_name\" content=\"WC Loc\" \/>\n<meta property=\"article:modified_time\" content=\"2024-10-17T09:07:03+00:00\" \/>\n<meta property=\"og:image\" content=\"https:\/\/www.wcloc.com\/wp-content\/uploads\/2020\/05\/wcloc_portugal.jpg\" \/>\n\t<meta property=\"og:image:width\" content=\"900\" \/>\n\t<meta property=\"og:image:height\" content=\"600\" \/>\n\t<meta property=\"og:image:type\" content=\"image\/jpeg\" \/>\n<meta name=\"twitter:card\" content=\"summary_large_image\" \/>\n<meta name=\"twitter:image\" content=\"https:\/\/www.wcloc.com\/wp-content\/uploads\/2020\/05\/wcloc_portugal.jpg\" \/>\n<script type=\"application\/ld+json\" class=\"yoast-schema-graph\">{\"@context\":\"https:\\\/\\\/schema.org\",\"@graph\":[{\"@type\":\"WebPage\",\"@id\":\"https:\\\/\\\/www.wcloc.com\\\/es\\\/compromisos\",\"url\":\"https:\\\/\\\/www.wcloc.com\\\/es\\\/compromisos\",\"name\":\"WC Loc Comprometidos con un entorno mejor y un mundo m\u00e1s limpio\",\"isPartOf\":{\"@id\":\"https:\\\/\\\/www.wcloc.com\\\/es#website\"},\"datePublished\":\"2020-01-06T10:30:28+00:00\",\"dateModified\":\"2024-10-17T09:07:03+00:00\",\"description\":\"WC Loc ofrece soluciones en ba\u00f1os WC port\u00e1tiles, lavamanos, ba\u00f1os WC de lujo para un mundo m\u00e1s sostenible y eficiente. Eco-responsabilidad certificada.\",\"inLanguage\":\"es\",\"potentialAction\":[{\"@type\":\"ReadAction\",\"target\":[\"https:\\\/\\\/www.wcloc.com\\\/es\\\/compromisos\"]}]},{\"@type\":\"WebSite\",\"@id\":\"https:\\\/\\\/www.wcloc.com\\\/es#website\",\"url\":\"https:\\\/\\\/www.wcloc.com\\\/es\",\"name\":\"WC Loc\",\"description\":\"Un site utilisant Les sites de platform.enygea.fr\",\"publisher\":{\"@id\":\"https:\\\/\\\/www.wcloc.com\\\/es#organization\"},\"potentialAction\":[{\"@type\":\"SearchAction\",\"target\":{\"@type\":\"EntryPoint\",\"urlTemplate\":\"https:\\\/\\\/www.wcloc.com\\\/es?s={search_term_string}\"},\"query-input\":{\"@type\":\"PropertyValueSpecification\",\"valueRequired\":true,\"valueName\":\"search_term_string\"}}],\"inLanguage\":\"es\"},{\"@type\":\"Organization\",\"@id\":\"https:\\\/\\\/www.wcloc.com\\\/es#organization\",\"name\":\"WC Loc\",\"url\":\"https:\\\/\\\/www.wcloc.com\\\/es\",\"logo\":{\"@type\":\"ImageObject\",\"inLanguage\":\"es\",\"@id\":\"https:\\\/\\\/www.wcloc.com\\\/es#\\\/schema\\\/logo\\\/image\\\/\",\"url\":\"https:\\\/\\\/www.wcloc.com\\\/wp-content\\\/uploads\\\/2023\\\/04\\\/logo.png\",\"contentUrl\":\"https:\\\/\\\/www.wcloc.com\\\/wp-content\\\/uploads\\\/2023\\\/04\\\/logo.png\",\"width\":291,\"height\":71,\"caption\":\"WC Loc\"},\"image\":{\"@id\":\"https:\\\/\\\/www.wcloc.com\\\/es#\\\/schema\\\/logo\\\/image\\\/\"}}]}<\/script>\n<!-- \/ Yoast SEO plugin. -->","yoast_head_json":{"title":"WC Loc Comprometidos con un entorno mejor y un mundo m\u00e1s limpio","description":"WC Loc ofrece soluciones en ba\u00f1os WC port\u00e1tiles, lavamanos, ba\u00f1os WC de lujo para un mundo m\u00e1s sostenible y eficiente. Eco-responsabilidad certificada.","robots":{"index":"index","follow":"follow","max-snippet":"max-snippet:-1","max-image-preview":"max-image-preview:large","max-video-preview":"max-video-preview:-1"},"canonical":"https:\/\/www.wcloc.com\/es\/compromisos","og_locale":"es_ES","og_type":"article","og_title":"WC Loc Comprometidos con un entorno mejor y un mundo m\u00e1s limpio","og_description":"WC Loc ofrece soluciones en ba\u00f1os WC port\u00e1tiles, lavamanos, ba\u00f1os WC de lujo para un mundo m\u00e1s sostenible y eficiente. Eco-responsabilidad certificada.","og_url":"https:\/\/www.wcloc.com\/es\/compromisos","og_site_name":"WC Loc","article_modified_time":"2024-10-17T09:07:03+00:00","og_image":[{"width":900,"height":600,"url":"https:\/\/www.wcloc.com\/wp-content\/uploads\/2020\/05\/wcloc_portugal.jpg","type":"image\/jpeg"}],"twitter_card":"summary_large_image","twitter_image":"https:\/\/www.wcloc.com\/wp-content\/uploads\/2020\/05\/wcloc_portugal.jpg","schema":{"@context":"https:\/\/schema.org","@graph":[{"@type":"WebPage","@id":"https:\/\/www.wcloc.com\/es\/compromisos","url":"https:\/\/www.wcloc.com\/es\/compromisos","name":"WC Loc Comprometidos con un entorno mejor y un mundo m\u00e1s limpio","isPartOf":{"@id":"https:\/\/www.wcloc.com\/es#website"},"datePublished":"2020-01-06T10:30:28+00:00","dateModified":"2024-10-17T09:07:03+00:00","description":"WC Loc ofrece soluciones en ba\u00f1os WC port\u00e1tiles, lavamanos, ba\u00f1os WC de lujo para un mundo m\u00e1s sostenible y eficiente. Eco-responsabilidad certificada.","inLanguage":"es","potentialAction":[{"@type":"ReadAction","target":["https:\/\/www.wcloc.com\/es\/compromisos"]}]},{"@type":"WebSite","@id":"https:\/\/www.wcloc.com\/es#website","url":"https:\/\/www.wcloc.com\/es","name":"WC Loc","description":"Un site utilisant Les sites de platform.enygea.fr","publisher":{"@id":"https:\/\/www.wcloc.com\/es#organization"},"potentialAction":[{"@type":"SearchAction","target":{"@type":"EntryPoint","urlTemplate":"https:\/\/www.wcloc.com\/es?s={search_term_string}"},"query-input":{"@type":"PropertyValueSpecification","valueRequired":true,"valueName":"search_term_string"}}],"inLanguage":"es"},{"@type":"Organization","@id":"https:\/\/www.wcloc.com\/es#organization","name":"WC Loc","url":"https:\/\/www.wcloc.com\/es","logo":{"@type":"ImageObject","inLanguage":"es","@id":"https:\/\/www.wcloc.com\/es#\/schema\/logo\/image\/","url":"https:\/\/www.wcloc.com\/wp-content\/uploads\/2023\/04\/logo.png","contentUrl":"https:\/\/www.wcloc.com\/wp-content\/uploads\/2023\/04\/logo.png","width":291,"height":71,"caption":"WC Loc"},"image":{"@id":"https:\/\/www.wcloc.com\/es#\/schema\/logo\/image\/"}}]}},"_links":{"self":[{"href":"https:\/\/www.wcloc.com\/es\/wp-json\/wp\/v2\/pages\/12516","targetHints":{"allow":["GET"]}}],"collection":[{"href":"https:\/\/www.wcloc.com\/es\/wp-json\/wp\/v2\/pages"}],"about":[{"href":"https:\/\/www.wcloc.com\/es\/wp-json\/wp\/v2\/types\/page"}],"author":[{"embeddable":true,"href":"https:\/\/www.wcloc.com\/es\/wp-json\/wp\/v2\/users\/1"}],"replies":[{"embeddable":true,"href":"https:\/\/www.wcloc.com\/es\/wp-json\/wp\/v2\/comments?post=12516"}],"version-history":[{"count":3,"href":"https:\/\/www.wcloc.com\/es\/wp-json\/wp\/v2\/pages\/12516\/revisions"}],"predecessor-version":[{"id":116508,"href":"https:\/\/www.wcloc.com\/es\/wp-json\/wp\/v2\/pages\/12516\/revisions\/116508"}],"wp:attachment":[{"href":"https:\/\/www.wcloc.com\/es\/wp-json\/wp\/v2\/media?parent=12516"}],"curies":[{"name":"wp","href":"https:\/\/api.w.org\/{rel}","templated":true}]}}