{"id":106444,"date":"2019-06-12T11:11:33","date_gmt":"2019-06-12T09:11:33","guid":{"rendered":"https:\/\/www.wcloc.com\/politique-cookie"},"modified":"2024-03-14T15:17:39","modified_gmt":"2024-03-14T14:17:39","slug":"politique-cookie","status":"publish","type":"page","link":"https:\/\/www.wcloc.com\/de-lux\/politique-cookie","title":{"rendered":"Politique cookie"},"content":{"rendered":"<p>Ce site utilise des cookies \u2013 de petits fichiers texte qui sont plac\u00e9s sur votre machine pour aider le site \u00e0 fournir une meilleure exp\u00e9rience utilisateur. En g\u00e9n\u00e9ral, les cookies sont utilis\u00e9s pour conserver les pr\u00e9f\u00e9rences de l\u2019utilisateur et fournir des donn\u00e9es de suivi anonymis\u00e9es \u00e0 des applications tierces comme Google Analytics.<br \/>\nLes cookies rendront votre exp\u00e9rience de navigation meilleure.<br \/>\nToutefois, vous pouvez pr\u00e9f\u00e9rer d\u00e9sactiver les cookies sur ce site et sur d\u2019autres.<br \/>\nLe moyen le plus efficace consiste \u00e0 d\u00e9sactiver les cookies dans votre navigateur.<\/p>\n<p>Accepter ou refuser les cookies<\/p>\n<p>Vous disposez de diff\u00e9rents moyens pour g\u00e9rer les cookies.<\/p>\n<ol>\n<li><strong><strong>Le param\u00e9trage de votre navigateur internet. <\/strong><\/strong>Vous pouvez \u00e0 tout moment choisir de d\u00e9sactiver ces cookies. Votre navigateur peut \u00e9galement \u00eatre param\u00e9tr\u00e9 pour vous signaler les cookies qui sont d\u00e9pos\u00e9s dans votre ordinateur et vous demander de les accepter ou non. Vous pouvez accepter ou refuser les cookies au cas par cas ou bien les refuser syst\u00e9matiquement une fois pour toutes. Nous vous rappelons que le param\u00e9trage est susceptible de modifier vos conditions d\u2019acc\u00e8s \u00e0 nos services n\u00e9cessitant l\u2019utilisation de cookies.Afin de g\u00e9rer les cookies au plus pr\u00e8s de vos attentes nous vous invitons \u00e0 param\u00e9trer votre navigateur en tenant compte de la finalit\u00e9 des cookies telle que mentionn\u00e9e ci-avant.Voici comment contr\u00f4ler ou emp\u00eacher l\u2019enregistrement des cookies.La configuration de chaque navigateur est diff\u00e9rente. Elle est d\u00e9crite dans le menu d\u2019aide de votre navigateur, qui vous permettra de savoir de quelle mani\u00e8re modifier vos souhaits en mati\u00e8re de cookies.<\/li>\n<li><strong>Vous pouvez d\u00e9sactiver les cookies en suivant les instructions comme suit :<\/strong>\n<ul>\n<li>&#8211; si vous utilisez le navigateur Internet Explorer\n<ol>\n<li>Dans Internet Explorer, cliquez sur le bouton Outils, puis sur Options Internet.<\/li>\n<li>Sous l\u2019onglet G\u00e9n\u00e9ral, sous Historique de navigation, cliquez sur Param\u00e8tres.<\/li>\n<li>Cliquez sur le bouton Afficher les fichiers.<\/li>\n<li>Cliquez sur l\u2019en-t\u00eate de colonne Nom pour trier tous les fichiers dans l\u2019ordre alphab\u00e9tique, puis parcourez la liste jusqu\u2019\u00e0 ce que vous voyez des fichiers commen\u00e7ant par \u00ab Cookie \u00bb. (tous les cookies poss\u00e8dent ce pr\u00e9fixe et contiennent habituellement le nom du site Web qui a cr\u00e9\u00e9 le cookie).<\/li>\n<li>S\u00e9lectionnez le ou les cookies comprenant le nom \u00ab WCLOC \u00bb et supprimez-les.<br \/>\nFermez la fen\u00eatre qui contient la liste des fichiers, puis cliquez deux fois sur OK pour retourner dans Internet Explorer.<\/li>\n<\/ol>\n<\/li>\n<li>&#8211; si vous utilisez le navigateur Firefox\n<ol>\n<li>Allez dans l\u2019onglet \u00ab Outils \u00bb du navigateur puis s\u00e9lectionnez le menu \u00ab Options \u00bb<\/li>\n<li>Dans la fen\u00eatre qui s\u2019affiche, choisissez \u00ab Vie priv\u00e9e \u00bb et cliquez sur \u00ab Affichez les cookies \u00bb<\/li>\n<li>Rep\u00e9rez les fichiers qui contiennent le nom \u00ab WCLOC \u00bb S\u00e9lectionnez-les et supprimez-les.<\/li>\n<\/ol>\n<\/li>\n<li>&#8211; si vous utilisez le navigateur Safari\n<ol>\n<li>Dans votre navigateur, choisissez le menu \u00c9dition &gt; Pr\u00e9f\u00e9rences.<\/li>\n<li>Cliquez sur S\u00e9curit\u00e9.<\/li>\n<li>Cliquez sur Afficher les cookies.<\/li>\n<li>S\u00e9lectionnez les cookies qui contiennent le nom \u00ab WCLOC \u00bb et cliquez sur Effacer ou sur Tout effacer.<\/li>\n<li>Apr\u00e8s avoir supprim\u00e9 les cookies, cliquez sur Termin\u00e9.<\/li>\n<\/ol>\n<\/li>\n<li>&#8211; si vous utilisez le navigateur Google Chrome\n<ol>\n<li>Cliquez sur l\u2019ic\u00f4ne du menu Outils.<\/li>\n<li>S\u00e9lectionnez Options.<\/li>\n<li>Cliquez sur l\u2019onglet Options avanc\u00e9es et acc\u00e9dez \u00e0 la section \u00ab Confidentialit\u00e9 \u00bb.<\/li>\n<li>Cliquez sur le bouton Afficher les cookies.<\/li>\n<li>Rep\u00e9rez les fichiers qui contiennent le nom \u00ab WCLOC \u00bb. S\u00e9lectionnez-les et supprimez-les.<\/li>\n<li>Cliquez sur \u00ab Fermer \u00bb pour revenir \u00e0 votre navigateur.<\/li>\n<\/ol>\n<\/li>\n<\/ul>\n<\/li>\n<li><strong>Le param\u00e9trage sur une plateforme de gestion des cookies<br \/>\n<\/strong>Vous pouvez g\u00e9rer vos cookies en vous rendant sur des plateformes de gestion des cookies propos\u00e9es par les professionnels de la publicit\u00e9.<br \/>\nPour en savoir plus sur les cookies et leur gestion, visitez <a href=\"http:\/\/www.cnil.fr\" target=\"_blank\" rel=\"noopener noreferrer\">www.cnil.fr<\/a> ou cliquez sur l\u2019option \u00abAide\u00bb du menu de votre navigateur.<\/li>\n<\/ol>\n","protected":false},"excerpt":{"rendered":"Ce site utilise des cookies \u2013 de petits fichiers texte qui sont plac\u00e9s sur votre machine pour aider le site \u00e0 fournir une meilleure exp\u00e9rience utilisateur. En g\u00e9n\u00e9ral, les cookies sont utilis\u00e9s pour conserver les pr\u00e9f\u00e9rences de l\u2019utilisateur et fournir des donn\u00e9es de suivi anonymis\u00e9es \u00e0 des applications tierces comme Google Analytics. Les cookies rendront [&hellip;]","protected":false},"author":2,"featured_media":0,"parent":0,"menu_order":0,"comment_status":"closed","ping_status":"closed","template":"","meta":{"_acf_changed":false,"footnotes":""},"class_list":["post-106444","page","type-page","status-publish","hentry"],"acf":[],"yoast_head":"<!-- This site is optimized with the Yoast SEO plugin v27.3 - https:\/\/yoast.com\/product\/yoast-seo-wordpress\/ -->\n<title>Politique cookie - WC Loc<\/title>\n<meta name=\"description\" content=\"Le respect de vos donn\u00e9es est une priorit\u00e9. D\u00e9couvrez la politique de cookies utilis\u00e9e. WC Loc votre expert en location de WC et sanitaires mobiles !\" \/>\n<meta name=\"robots\" content=\"index, follow, max-snippet:-1, max-image-preview:large, max-video-preview:-1\" \/>\n<link rel=\"canonical\" href=\"https:\/\/www.wcloc.com\/de-lux\/politique-cookie\" \/>\n<meta property=\"og:locale\" content=\"de_DE\" \/>\n<meta property=\"og:type\" content=\"article\" \/>\n<meta property=\"og:title\" content=\"Politique cookie - WC Loc\" \/>\n<meta property=\"og:description\" content=\"Le respect de vos donn\u00e9es est une priorit\u00e9. D\u00e9couvrez la politique de cookies utilis\u00e9e. WC Loc votre expert en location de WC et sanitaires mobiles !\" \/>\n<meta property=\"og:url\" content=\"https:\/\/www.wcloc.com\/de-lux\/politique-cookie\" \/>\n<meta property=\"og:site_name\" content=\"WC Loc\" \/>\n<meta property=\"article:modified_time\" content=\"2024-03-14T14:17:39+00:00\" \/>\n<meta name=\"twitter:card\" content=\"summary_large_image\" \/>\n<meta name=\"twitter:label1\" content=\"Est. reading time\" \/>\n\t<meta name=\"twitter:data1\" content=\"3 minutes\" \/>\n<script type=\"application\/ld+json\" class=\"yoast-schema-graph\">{\"@context\":\"https:\\\/\\\/schema.org\",\"@graph\":[{\"@type\":\"WebPage\",\"@id\":\"https:\\\/\\\/www.wcloc.com\\\/de-lux\\\/politique-cookie\",\"url\":\"https:\\\/\\\/www.wcloc.com\\\/de-lux\\\/politique-cookie\",\"name\":\"Politique cookie - WC Loc\",\"isPartOf\":{\"@id\":\"https:\\\/\\\/www.wcloc.com\\\/de-lux#website\"},\"datePublished\":\"2019-06-12T09:11:33+00:00\",\"dateModified\":\"2024-03-14T14:17:39+00:00\",\"description\":\"Le respect de vos donn\u00e9es est une priorit\u00e9. D\u00e9couvrez la politique de cookies utilis\u00e9e. WC Loc votre expert en location de WC et sanitaires mobiles !\",\"inLanguage\":\"de-LUX\",\"potentialAction\":[{\"@type\":\"ReadAction\",\"target\":[\"https:\\\/\\\/www.wcloc.com\\\/de-lux\\\/politique-cookie\"]}]},{\"@type\":\"WebSite\",\"@id\":\"https:\\\/\\\/www.wcloc.com\\\/de-lux#website\",\"url\":\"https:\\\/\\\/www.wcloc.com\\\/de-lux\",\"name\":\"WC Loc\",\"description\":\"Un site utilisant Les sites de platform.enygea.fr\",\"publisher\":{\"@id\":\"https:\\\/\\\/www.wcloc.com\\\/de-lux#organization\"},\"potentialAction\":[{\"@type\":\"SearchAction\",\"target\":{\"@type\":\"EntryPoint\",\"urlTemplate\":\"https:\\\/\\\/www.wcloc.com\\\/de-lux?s={search_term_string}\"},\"query-input\":{\"@type\":\"PropertyValueSpecification\",\"valueRequired\":true,\"valueName\":\"search_term_string\"}}],\"inLanguage\":\"de-LUX\"},{\"@type\":\"Organization\",\"@id\":\"https:\\\/\\\/www.wcloc.com\\\/de-lux#organization\",\"name\":\"WC Loc\",\"url\":\"https:\\\/\\\/www.wcloc.com\\\/de-lux\",\"logo\":{\"@type\":\"ImageObject\",\"inLanguage\":\"de-LUX\",\"@id\":\"https:\\\/\\\/www.wcloc.com\\\/de-lux#\\\/schema\\\/logo\\\/image\\\/\",\"url\":\"https:\\\/\\\/www.wcloc.com\\\/wp-content\\\/uploads\\\/2023\\\/04\\\/logo.png\",\"contentUrl\":\"https:\\\/\\\/www.wcloc.com\\\/wp-content\\\/uploads\\\/2023\\\/04\\\/logo.png\",\"width\":291,\"height\":71,\"caption\":\"WC Loc\"},\"image\":{\"@id\":\"https:\\\/\\\/www.wcloc.com\\\/de-lux#\\\/schema\\\/logo\\\/image\\\/\"}}]}<\/script>\n<!-- \/ Yoast SEO plugin. -->","yoast_head_json":{"title":"Politique cookie - WC Loc","description":"Le respect de vos donn\u00e9es est une priorit\u00e9. D\u00e9couvrez la politique de cookies utilis\u00e9e. WC Loc votre expert en location de WC et sanitaires mobiles !","robots":{"index":"index","follow":"follow","max-snippet":"max-snippet:-1","max-image-preview":"max-image-preview:large","max-video-preview":"max-video-preview:-1"},"canonical":"https:\/\/www.wcloc.com\/de-lux\/politique-cookie","og_locale":"de_DE","og_type":"article","og_title":"Politique cookie - WC Loc","og_description":"Le respect de vos donn\u00e9es est une priorit\u00e9. D\u00e9couvrez la politique de cookies utilis\u00e9e. WC Loc votre expert en location de WC et sanitaires mobiles !","og_url":"https:\/\/www.wcloc.com\/de-lux\/politique-cookie","og_site_name":"WC Loc","article_modified_time":"2024-03-14T14:17:39+00:00","twitter_card":"summary_large_image","twitter_misc":{"Est. reading time":"3 minutes"},"schema":{"@context":"https:\/\/schema.org","@graph":[{"@type":"WebPage","@id":"https:\/\/www.wcloc.com\/de-lux\/politique-cookie","url":"https:\/\/www.wcloc.com\/de-lux\/politique-cookie","name":"Politique cookie - WC Loc","isPartOf":{"@id":"https:\/\/www.wcloc.com\/de-lux#website"},"datePublished":"2019-06-12T09:11:33+00:00","dateModified":"2024-03-14T14:17:39+00:00","description":"Le respect de vos donn\u00e9es est une priorit\u00e9. D\u00e9couvrez la politique de cookies utilis\u00e9e. WC Loc votre expert en location de WC et sanitaires mobiles !","inLanguage":"de-LUX","potentialAction":[{"@type":"ReadAction","target":["https:\/\/www.wcloc.com\/de-lux\/politique-cookie"]}]},{"@type":"WebSite","@id":"https:\/\/www.wcloc.com\/de-lux#website","url":"https:\/\/www.wcloc.com\/de-lux","name":"WC Loc","description":"Un site utilisant Les sites de platform.enygea.fr","publisher":{"@id":"https:\/\/www.wcloc.com\/de-lux#organization"},"potentialAction":[{"@type":"SearchAction","target":{"@type":"EntryPoint","urlTemplate":"https:\/\/www.wcloc.com\/de-lux?s={search_term_string}"},"query-input":{"@type":"PropertyValueSpecification","valueRequired":true,"valueName":"search_term_string"}}],"inLanguage":"de-LUX"},{"@type":"Organization","@id":"https:\/\/www.wcloc.com\/de-lux#organization","name":"WC Loc","url":"https:\/\/www.wcloc.com\/de-lux","logo":{"@type":"ImageObject","inLanguage":"de-LUX","@id":"https:\/\/www.wcloc.com\/de-lux#\/schema\/logo\/image\/","url":"https:\/\/www.wcloc.com\/wp-content\/uploads\/2023\/04\/logo.png","contentUrl":"https:\/\/www.wcloc.com\/wp-content\/uploads\/2023\/04\/logo.png","width":291,"height":71,"caption":"WC Loc"},"image":{"@id":"https:\/\/www.wcloc.com\/de-lux#\/schema\/logo\/image\/"}}]}},"_links":{"self":[{"href":"https:\/\/www.wcloc.com\/de-lux\/wp-json\/wp\/v2\/pages\/106444","targetHints":{"allow":["GET"]}}],"collection":[{"href":"https:\/\/www.wcloc.com\/de-lux\/wp-json\/wp\/v2\/pages"}],"about":[{"href":"https:\/\/www.wcloc.com\/de-lux\/wp-json\/wp\/v2\/types\/page"}],"author":[{"embeddable":true,"href":"https:\/\/www.wcloc.com\/de-lux\/wp-json\/wp\/v2\/users\/2"}],"replies":[{"embeddable":true,"href":"https:\/\/www.wcloc.com\/de-lux\/wp-json\/wp\/v2\/comments?post=106444"}],"version-history":[{"count":1,"href":"https:\/\/www.wcloc.com\/de-lux\/wp-json\/wp\/v2\/pages\/106444\/revisions"}],"predecessor-version":[{"id":106445,"href":"https:\/\/www.wcloc.com\/de-lux\/wp-json\/wp\/v2\/pages\/106444\/revisions\/106445"}],"wp:attachment":[{"href":"https:\/\/www.wcloc.com\/de-lux\/wp-json\/wp\/v2\/media?parent=106444"}],"curies":[{"name":"wp","href":"https:\/\/api.w.org\/{rel}","templated":true}]}}