{"id":106441,"date":"2021-09-09T17:07:07","date_gmt":"2021-09-09T15:07:07","guid":{"rendered":"https:\/\/www.wcloc.com\/faq-event"},"modified":"2024-03-14T15:16:51","modified_gmt":"2024-03-14T14:16:51","slug":"faq-event","status":"publish","type":"page","link":"https:\/\/www.wcloc.com\/de-lux\/faq-event","title":{"rendered":"FAQ Event"},"content":{"rendered":"","protected":false},"excerpt":{"rendered":"","protected":false},"author":7,"featured_media":0,"parent":0,"menu_order":0,"comment_status":"closed","ping_status":"closed","template":"template-espace.php","meta":{"_acf_changed":false,"footnotes":""},"class_list":["post-106441","page","type-page","status-publish","hentry"],"acf":[],"yoast_head":"<!-- This site is optimized with the Yoast SEO plugin v27.3 - https:\/\/yoast.com\/product\/yoast-seo-wordpress\/ -->\n<title>FAQ Event - WC Loc Luxembourg<\/title>\n<meta name=\"description\" content=\"Notre FAQ r\u00e9pond \u00e0 la plupart des questions concernant la location de sanitaires mobiles pour l&#039;\u00e9v\u00e9nementiel : quantit\u00e9s, r\u00e9glementations...\" \/>\n<meta name=\"robots\" content=\"index, follow, max-snippet:-1, max-image-preview:large, max-video-preview:-1\" \/>\n<link rel=\"canonical\" href=\"https:\/\/www.wcloc.com\/de-lux\/faq-event\" \/>\n<meta property=\"og:locale\" content=\"de_DE\" \/>\n<meta property=\"og:type\" content=\"article\" \/>\n<meta property=\"og:title\" content=\"FAQ Event - WC Loc Luxembourg\" \/>\n<meta property=\"og:description\" content=\"Notre FAQ r\u00e9pond \u00e0 la plupart des questions concernant la location de sanitaires mobiles pour l&#039;\u00e9v\u00e9nementiel : quantit\u00e9s, r\u00e9glementations...\" \/>\n<meta property=\"og:url\" content=\"https:\/\/www.wcloc.com\/de-lux\/faq-event\" \/>\n<meta property=\"og:site_name\" content=\"WC Loc\" \/>\n<meta property=\"article:modified_time\" content=\"2024-03-14T14:16:51+00:00\" \/>\n<meta name=\"twitter:card\" content=\"summary_large_image\" \/>\n<script type=\"application\/ld+json\" class=\"yoast-schema-graph\">{\"@context\":\"https:\\\/\\\/schema.org\",\"@graph\":[{\"@type\":\"WebPage\",\"@id\":\"https:\\\/\\\/www.wcloc.com\\\/de-lux\\\/faq-event\",\"url\":\"https:\\\/\\\/www.wcloc.com\\\/de-lux\\\/faq-event\",\"name\":\"FAQ Event - WC Loc Luxembourg\",\"isPartOf\":{\"@id\":\"https:\\\/\\\/www.wcloc.com\\\/de-lux#website\"},\"datePublished\":\"2021-09-09T15:07:07+00:00\",\"dateModified\":\"2024-03-14T14:16:51+00:00\",\"description\":\"Notre FAQ r\u00e9pond \u00e0 la plupart des questions concernant la location de sanitaires mobiles pour l'\u00e9v\u00e9nementiel : quantit\u00e9s, r\u00e9glementations...\",\"inLanguage\":\"de-LUX\",\"potentialAction\":[{\"@type\":\"ReadAction\",\"target\":[\"https:\\\/\\\/www.wcloc.com\\\/de-lux\\\/faq-event\"]}]},{\"@type\":\"WebSite\",\"@id\":\"https:\\\/\\\/www.wcloc.com\\\/de-lux#website\",\"url\":\"https:\\\/\\\/www.wcloc.com\\\/de-lux\",\"name\":\"WC Loc\",\"description\":\"Un site utilisant Les sites de platform.enygea.fr\",\"publisher\":{\"@id\":\"https:\\\/\\\/www.wcloc.com\\\/de-lux#organization\"},\"potentialAction\":[{\"@type\":\"SearchAction\",\"target\":{\"@type\":\"EntryPoint\",\"urlTemplate\":\"https:\\\/\\\/www.wcloc.com\\\/de-lux?s={search_term_string}\"},\"query-input\":{\"@type\":\"PropertyValueSpecification\",\"valueRequired\":true,\"valueName\":\"search_term_string\"}}],\"inLanguage\":\"de-LUX\"},{\"@type\":\"Organization\",\"@id\":\"https:\\\/\\\/www.wcloc.com\\\/de-lux#organization\",\"name\":\"WC Loc\",\"url\":\"https:\\\/\\\/www.wcloc.com\\\/de-lux\",\"logo\":{\"@type\":\"ImageObject\",\"inLanguage\":\"de-LUX\",\"@id\":\"https:\\\/\\\/www.wcloc.com\\\/de-lux#\\\/schema\\\/logo\\\/image\\\/\",\"url\":\"https:\\\/\\\/www.wcloc.com\\\/wp-content\\\/uploads\\\/2023\\\/04\\\/logo.png\",\"contentUrl\":\"https:\\\/\\\/www.wcloc.com\\\/wp-content\\\/uploads\\\/2023\\\/04\\\/logo.png\",\"width\":291,\"height\":71,\"caption\":\"WC Loc\"},\"image\":{\"@id\":\"https:\\\/\\\/www.wcloc.com\\\/de-lux#\\\/schema\\\/logo\\\/image\\\/\"}}]}<\/script>\n<!-- \/ Yoast SEO plugin. -->","yoast_head_json":{"title":"FAQ Event - WC Loc Luxembourg","description":"Notre FAQ r\u00e9pond \u00e0 la plupart des questions concernant la location de sanitaires mobiles pour l'\u00e9v\u00e9nementiel : quantit\u00e9s, r\u00e9glementations...","robots":{"index":"index","follow":"follow","max-snippet":"max-snippet:-1","max-image-preview":"max-image-preview:large","max-video-preview":"max-video-preview:-1"},"canonical":"https:\/\/www.wcloc.com\/de-lux\/faq-event","og_locale":"de_DE","og_type":"article","og_title":"FAQ Event - WC Loc Luxembourg","og_description":"Notre FAQ r\u00e9pond \u00e0 la plupart des questions concernant la location de sanitaires mobiles pour l'\u00e9v\u00e9nementiel : quantit\u00e9s, r\u00e9glementations...","og_url":"https:\/\/www.wcloc.com\/de-lux\/faq-event","og_site_name":"WC Loc","article_modified_time":"2024-03-14T14:16:51+00:00","twitter_card":"summary_large_image","schema":{"@context":"https:\/\/schema.org","@graph":[{"@type":"WebPage","@id":"https:\/\/www.wcloc.com\/de-lux\/faq-event","url":"https:\/\/www.wcloc.com\/de-lux\/faq-event","name":"FAQ Event - WC Loc Luxembourg","isPartOf":{"@id":"https:\/\/www.wcloc.com\/de-lux#website"},"datePublished":"2021-09-09T15:07:07+00:00","dateModified":"2024-03-14T14:16:51+00:00","description":"Notre FAQ r\u00e9pond \u00e0 la plupart des questions concernant la location de sanitaires mobiles pour l'\u00e9v\u00e9nementiel : quantit\u00e9s, r\u00e9glementations...","inLanguage":"de-LUX","potentialAction":[{"@type":"ReadAction","target":["https:\/\/www.wcloc.com\/de-lux\/faq-event"]}]},{"@type":"WebSite","@id":"https:\/\/www.wcloc.com\/de-lux#website","url":"https:\/\/www.wcloc.com\/de-lux","name":"WC Loc","description":"Un site utilisant Les sites de platform.enygea.fr","publisher":{"@id":"https:\/\/www.wcloc.com\/de-lux#organization"},"potentialAction":[{"@type":"SearchAction","target":{"@type":"EntryPoint","urlTemplate":"https:\/\/www.wcloc.com\/de-lux?s={search_term_string}"},"query-input":{"@type":"PropertyValueSpecification","valueRequired":true,"valueName":"search_term_string"}}],"inLanguage":"de-LUX"},{"@type":"Organization","@id":"https:\/\/www.wcloc.com\/de-lux#organization","name":"WC Loc","url":"https:\/\/www.wcloc.com\/de-lux","logo":{"@type":"ImageObject","inLanguage":"de-LUX","@id":"https:\/\/www.wcloc.com\/de-lux#\/schema\/logo\/image\/","url":"https:\/\/www.wcloc.com\/wp-content\/uploads\/2023\/04\/logo.png","contentUrl":"https:\/\/www.wcloc.com\/wp-content\/uploads\/2023\/04\/logo.png","width":291,"height":71,"caption":"WC Loc"},"image":{"@id":"https:\/\/www.wcloc.com\/de-lux#\/schema\/logo\/image\/"}}]}},"_links":{"self":[{"href":"https:\/\/www.wcloc.com\/de-lux\/wp-json\/wp\/v2\/pages\/106441","targetHints":{"allow":["GET"]}}],"collection":[{"href":"https:\/\/www.wcloc.com\/de-lux\/wp-json\/wp\/v2\/pages"}],"about":[{"href":"https:\/\/www.wcloc.com\/de-lux\/wp-json\/wp\/v2\/types\/page"}],"author":[{"embeddable":true,"href":"https:\/\/www.wcloc.com\/de-lux\/wp-json\/wp\/v2\/users\/7"}],"replies":[{"embeddable":true,"href":"https:\/\/www.wcloc.com\/de-lux\/wp-json\/wp\/v2\/comments?post=106441"}],"version-history":[{"count":1,"href":"https:\/\/www.wcloc.com\/de-lux\/wp-json\/wp\/v2\/pages\/106441\/revisions"}],"predecessor-version":[{"id":106442,"href":"https:\/\/www.wcloc.com\/de-lux\/wp-json\/wp\/v2\/pages\/106441\/revisions\/106442"}],"wp:attachment":[{"href":"https:\/\/www.wcloc.com\/de-lux\/wp-json\/wp\/v2\/media?parent=106441"}],"curies":[{"name":"wp","href":"https:\/\/api.w.org\/{rel}","templated":true}]}}